{"id":6582,"date":"2023-10-29T21:08:55","date_gmt":"2023-10-29T21:08:55","guid":{"rendered":"https:\/\/www.eurotrader.eu\/demo-account\/"},"modified":"2025-01-07T13:31:00","modified_gmt":"2025-01-07T13:31:00","slug":"demo-account","status":"publish","type":"page","link":"https:\/\/eurotrader.eu\/de\/demo-account\/","title":{"rendered":"Demo-Konto"},"content":{"rendered":"\t\t<div data-elementor-type=\"wp-page\" data-elementor-id=\"6582\" class=\"elementor elementor-6582 elementor-1038\" data-elementor-post-type=\"page\">\n\t\t\t\t<div class=\"elementor-element elementor-element-3eb522a6 e-flex e-con-boxed e-con e-parent\" data-id=\"3eb522a6\" data-element_type=\"container\">\n\t\t\t\t\t<div class=\"e-con-inner\">\n\t\t\t\t<div class=\"elementor-element elementor-element-5ba02fb0 elementor-widget elementor-widget-heading\" data-id=\"5ba02fb0\" data-element_type=\"widget\" data-widget_type=\"heading.default\">\n\t\t\t\t<div class=\"elementor-widget-container\">\n\t\t\t\t\t<h1 class=\"elementor-heading-title elementor-size-default\">Probieren Sie unser risikofreies Demo-Konto<\/h1>\t\t\t\t<\/div>\n\t\t\t\t<\/div>\n\t\t\t\t<div class=\"elementor-element elementor-element-2952e64f small-width-content  center-content  elementor-widget elementor-widget-text-editor\" data-id=\"2952e64f\" data-element_type=\"widget\" data-widget_type=\"text-editor.default\">\n\t\t\t\t<div class=\"elementor-widget-container\">\n\t\t\t\t\t\t\t\t\t<p>Beginnen Sie mit dem Handel der M\u00e4rkte mit einem kostenlosen virtuellen Konto von Eurotrader. Unser Demo-Konto stellt $100.000 virtuelle Mittel zur Verf\u00fcgung, damit Sie Strategien in einer Live-Marktumgebung testen k\u00f6nnen, ohne echtes Geld zu riskieren.<\/p>\n\t\t\t\t\t\t\t\t<\/div>\n\t\t\t\t<\/div>\n\t\t\t\t\t<\/div>\n\t\t\t\t<\/div>\n\t\t<div class=\"elementor-element elementor-element-799e5228 e-flex e-con-boxed e-con e-parent\" data-id=\"799e5228\" data-element_type=\"container\" data-settings=\"{&quot;background_background&quot;:&quot;classic&quot;}\">\n\t\t\t\t\t<div class=\"e-con-inner\">\n\t\t<div class=\"elementor-element elementor-element-12572aa e-flex e-con-boxed e-con e-child\" data-id=\"12572aa\" data-element_type=\"container\" data-settings=\"{&quot;background_background&quot;:&quot;classic&quot;}\">\n\t\t\t\t\t<div class=\"e-con-inner\">\n\t\t\t\t<div class=\"elementor-element elementor-element-5a6ad8c6 elementor-widget elementor-widget-heading\" data-id=\"5a6ad8c6\" data-element_type=\"widget\" data-widget_type=\"heading.default\">\n\t\t\t\t<div class=\"elementor-widget-container\">\n\t\t\t\t\t<h2 class=\"elementor-heading-title elementor-size-default\">Starten Sie mit unserem <br> Demo-Handelskonto<\/h2>\t\t\t\t<\/div>\n\t\t\t\t<\/div>\n\t\t<div class=\"elementor-element elementor-element-4da130db e-flex e-con-boxed e-con e-child\" data-id=\"4da130db\" data-element_type=\"container\">\n\t\t\t\t\t<div class=\"e-con-inner\">\n\t\t<div class=\"elementor-element elementor-element-775b1095 e-flex e-con-boxed e-con e-child\" data-id=\"775b1095\" data-element_type=\"container\">\n\t\t\t\t\t<div class=\"e-con-inner\">\n\t\t\t\t<div class=\"elementor-element elementor-element-6e17d33f elementor-widget elementor-widget-text-editor\" data-id=\"6e17d33f\" data-element_type=\"widget\" data-widget_type=\"text-editor.default\">\n\t\t\t\t<div class=\"elementor-widget-container\">\n\t\t\t\t\t\t\t\t\t<p>Bereit, Ihre Handelserfahrung zu starten? Mit unserem Demo-Konto k\u00f6nnen Sie die Triebwerke z\u00fcnden und risikofrei abheben.<\/p>\n\t\t\t\t\t\t\t\t<\/div>\n\t\t\t\t<\/div>\n\t\t\t\t<div class=\"elementor-element elementor-element-5e561f14 elementor-widget elementor-widget-text-editor\" data-id=\"5e561f14\" data-element_type=\"widget\" data-widget_type=\"text-editor.default\">\n\t\t\t\t<div class=\"elementor-widget-container\">\n\t\t\t\t\t\t\t\t\t<p>Erleben Sie unsere hochmoderne Plattform mit virtuellen Mitteln. Meistern Sie Ihre Checkliste vor dem Start:<\/p>\n\t\t\t\t\t\t\t\t<\/div>\n\t\t\t\t<\/div>\n\t\t\t\t<div class=\"elementor-element elementor-element-385911cf elementor-icon-list--layout-traditional elementor-list-item-link-full_width elementor-widget elementor-widget-icon-list\" data-id=\"385911cf\" data-element_type=\"widget\" data-widget_type=\"icon-list.default\">\n\t\t\t\t<div class=\"elementor-widget-container\">\n\t\t\t\t\t\t\t<ul class=\"elementor-icon-list-items\">\n\t\t\t\t\t\t\t<li class=\"elementor-icon-list-item\">\n\t\t\t\t\t\t\t\t\t\t\t<span class=\"elementor-icon-list-icon\">\n\t\t\t\t\t\t\t<i aria-hidden=\"true\" class=\"fas fa-check\"><\/i>\t\t\t\t\t\t<\/span>\n\t\t\t\t\t\t\t\t\t\t<span class=\"elementor-icon-list-text\">Erfahren Sie, wie Sie sich mit unserer benutzerfreundlichen Oberfl\u00e4che zurechtfinden<\/span>\n\t\t\t\t\t\t\t\t\t<\/li>\n\t\t\t\t\t\t\t\t<li class=\"elementor-icon-list-item\">\n\t\t\t\t\t\t\t\t\t\t\t<span class=\"elementor-icon-list-icon\">\n\t\t\t\t\t\t\t<i aria-hidden=\"true\" class=\"fas fa-check\"><\/i>\t\t\t\t\t\t<\/span>\n\t\t\t\t\t\t\t\t\t\t<span class=\"elementor-icon-list-text\">Testen und entdecken Sie Handelsstrategien<\/span>\n\t\t\t\t\t\t\t\t\t<\/li>\n\t\t\t\t\t\t\t\t<li class=\"elementor-icon-list-item\">\n\t\t\t\t\t\t\t\t\t\t\t<span class=\"elementor-icon-list-icon\">\n\t\t\t\t\t\t\t<i aria-hidden=\"true\" class=\"fas fa-check\"><\/i>\t\t\t\t\t\t<\/span>\n\t\t\t\t\t\t\t\t\t\t<span class=\"elementor-icon-list-text\">Arbeitsabl\u00e4ufe einrichten, die Ihrem Stil entsprechen <\/span>\n\t\t\t\t\t\t\t\t\t<\/li>\n\t\t\t\t\t\t\t\t<li class=\"elementor-icon-list-item\">\n\t\t\t\t\t\t\t\t\t\t\t<span class=\"elementor-icon-list-icon\">\n\t\t\t\t\t\t\t<i aria-hidden=\"true\" class=\"fas fa-check\"><\/i>\t\t\t\t\t\t<\/span>\n\t\t\t\t\t\t\t\t\t\t<span class=\"elementor-icon-list-text\">Entdecken Sie, welche M\u00e4rkte Ihr Potenzial er\u00f6ffnen<\/span>\n\t\t\t\t\t\t\t\t\t<\/li>\n\t\t\t\t\t\t<\/ul>\n\t\t\t\t\t\t<\/div>\n\t\t\t\t<\/div>\n\t\t\t\t\t<\/div>\n\t\t\t\t<\/div>\n\t\t<div class=\"elementor-element elementor-element-448d87c0 e-flex e-con-boxed e-con e-child\" data-id=\"448d87c0\" data-element_type=\"container\">\n\t\t\t\t\t<div class=\"e-con-inner\">\n\t\t\t\t<div class=\"elementor-element elementor-element-713bdcc7 elementor-widget elementor-widget-image\" data-id=\"713bdcc7\" data-element_type=\"widget\" data-widget_type=\"image.default\">\n\t\t\t\t<div class=\"elementor-widget-container\">\n\t\t\t\t\t\t\t\t\t\t\t\t\t\t\t<img fetchpriority=\"high\" decoding=\"async\" width=\"555\" height=\"292\" src=\"https:\/\/eurotrader.eu\/wp-content\/uploads\/demo-account.png\" class=\"attachment-large size-large wp-image-1034\" alt=\"Demo account\" \/>\t\t\t\t\t\t\t\t\t\t\t\t\t\t\t<\/div>\n\t\t\t\t<\/div>\n\t\t\t\t\t<\/div>\n\t\t\t\t<\/div>\n\t\t\t\t\t<\/div>\n\t\t\t\t<\/div>\n\t\t\t\t<div class=\"elementor-element elementor-element-12e0574a elementor-align-center btn gold-btn elementor-widget elementor-widget-button\" data-id=\"12e0574a\" data-element_type=\"widget\" data-widget_type=\"button.default\">\n\t\t\t\t<div class=\"elementor-widget-container\">\n\t\t\t\t\t\t\t\t\t<div class=\"elementor-button-wrapper\">\n\t\t\t\t\t<a class=\"elementor-button elementor-size-sm\" role=\"button\">\n\t\t\t\t\t\t<span class=\"elementor-button-content-wrapper\">\n\t\t\t\t\t\t\t\t\t<span class=\"elementor-button-text\">Demo ausprobieren<\/span>\n\t\t\t\t\t<\/span>\n\t\t\t\t\t<\/a>\n\t\t\t\t<\/div>\n\t\t\t\t\t\t\t\t<\/div>\n\t\t\t\t<\/div>\n\t\t\t\t\t<\/div>\n\t\t\t\t<\/div>\n\t\t\t\t\t<\/div>\n\t\t\t\t<\/div>\n\t\t<div class=\"elementor-element elementor-element-257debbe e-flex e-con-boxed e-con e-parent\" data-id=\"257debbe\" data-element_type=\"container\" id=\"education-boxes-section\">\n\t\t\t\t\t<div class=\"e-con-inner\">\n\t\t<div class=\"elementor-element elementor-element-3bfd5385 e-con-full e-flex e-con e-child\" data-id=\"3bfd5385\" data-element_type=\"container\">\n\t\t\t\t<\/div>\n\t\t<div class=\"elementor-element elementor-element-123a5265 e-con-full e-flex e-con e-child\" data-id=\"123a5265\" data-element_type=\"container\">\n\t\t\t\t<div class=\"elementor-element elementor-element-253256d8 elementor-widget elementor-widget-heading\" data-id=\"253256d8\" data-element_type=\"widget\" data-widget_type=\"heading.default\">\n\t\t\t\t<div class=\"elementor-widget-container\">\n\t\t\t\t\t<h2 class=\"elementor-heading-title elementor-size-default\">Eurotrader <br> Akademie<\/h2>\t\t\t\t<\/div>\n\t\t\t\t<\/div>\n\t\t\t\t<div class=\"elementor-element elementor-element-4530c960 elementor-widget elementor-widget-text-editor\" data-id=\"4530c960\" data-element_type=\"widget\" data-widget_type=\"text-editor.default\">\n\t\t\t\t<div class=\"elementor-widget-container\">\n\t\t\t\t\t\t\t\t\t<p>Wie das alte Sprichwort sagt: \u201eEine Investition in Wissen bringt die besten Zinsen\u201c \u2013 und bei Eurotrader dreht sich alles um gute Investitionen.<\/p>\n\t\t\t\t\t\t\t\t<\/div>\n\t\t\t\t<\/div>\n\t\t\t\t<div class=\"elementor-element elementor-element-123de418 elementor-widget elementor-widget-text-editor\" data-id=\"123de418\" data-element_type=\"widget\" data-widget_type=\"text-editor.default\">\n\t\t\t\t<div class=\"elementor-widget-container\">\n\t\t\t\t\t\t\t\t\t<p>Lernen Sie zu handeln und entwickeln Sie Ihre F\u00e4higkeiten mit der Eurotrader Akademie. Wir haben eine Menge, die Sie ansehen und lesen k\u00f6nnen, damit Sie die M\u00e4rkte meistern und besser informierte Handelsentscheidungen treffen k\u00f6nnen.<\/p>\n\t\t\t\t\t\t\t\t<\/div>\n\t\t\t\t<\/div>\n\t\t\t\t<div class=\"elementor-element elementor-element-e38463d elementor-widget elementor-widget-spacer\" data-id=\"e38463d\" data-element_type=\"widget\" data-widget_type=\"spacer.default\">\n\t\t\t\t<div class=\"elementor-widget-container\">\n\t\t\t\t\t\t\t<div class=\"elementor-spacer\">\n\t\t\t<div class=\"elementor-spacer-inner\"><\/div>\n\t\t<\/div>\n\t\t\t\t\t\t<\/div>\n\t\t\t\t<\/div>\n\t\t<div class=\"elementor-element elementor-element-3a4996a e-flex e-con-boxed e-con e-child\" data-id=\"3a4996a\" data-element_type=\"container\">\n\t\t\t\t\t<div class=\"e-con-inner\">\n\t\t\t\t<div class=\"elementor-element elementor-element-5bec7006 education-box elementor-position-top elementor-widget elementor-widget-image-box\" data-id=\"5bec7006\" data-element_type=\"widget\" data-widget_type=\"image-box.default\">\n\t\t\t\t<div class=\"elementor-widget-container\">\n\t\t\t\t\t<div class=\"elementor-image-box-wrapper\"><figure class=\"elementor-image-box-img\"><a href=\"https:\/\/eurotrader.eu\/ebooks\/\" tabindex=\"-1\"><img decoding=\"async\" width=\"67\" height=\"47\" src=\"https:\/\/eurotrader.eu\/wp-content\/uploads\/trading-ebooks.png\" class=\"attachment-full size-full wp-image-994\" alt=\"\" \/><\/a><\/figure><div class=\"elementor-image-box-content\"><h3 class=\"elementor-image-box-title\"><a href=\"https:\/\/eurotrader.eu\/ebooks\/\">eBooks<\/a><\/h3><\/div><\/div>\t\t\t\t<\/div>\n\t\t\t\t<\/div>\n\t\t\t\t<div class=\"elementor-element elementor-element-31bdf6ed education-box elementor-position-top elementor-widget elementor-widget-image-box\" data-id=\"31bdf6ed\" data-element_type=\"widget\" data-widget_type=\"image-box.default\">\n\t\t\t\t<div class=\"elementor-widget-container\">\n\t\t\t\t\t<div class=\"elementor-image-box-wrapper\"><figure class=\"elementor-image-box-img\"><a href=\"https:\/\/eurotrader.eu\/video-courses\/\" tabindex=\"-1\"><img decoding=\"async\" width=\"65\" height=\"49\" src=\"https:\/\/eurotrader.eu\/wp-content\/uploads\/video-courses.png\" class=\"attachment-full size-full wp-image-995\" alt=\"\" \/><\/a><\/figure><div class=\"elementor-image-box-content\"><h3 class=\"elementor-image-box-title\"><a href=\"https:\/\/eurotrader.eu\/video-courses\/\">Videokurse<\/a><\/h3><\/div><\/div>\t\t\t\t<\/div>\n\t\t\t\t<\/div>\n\t\t\t\t\t<\/div>\n\t\t\t\t<\/div>\n\t\t\t\t<\/div>\n\t\t<div class=\"elementor-element elementor-element-1d15ead3 e-con-full e-flex e-con e-child\" data-id=\"1d15ead3\" data-element_type=\"container\">\n\t\t\t\t<\/div>\n\t\t\t\t\t<\/div>\n\t\t\t\t<\/div>\n\t\t<div class=\"elementor-element elementor-element-7087c2ee e-con-full e-flex e-con e-parent\" data-id=\"7087c2ee\" data-element_type=\"container\" data-settings=\"{&quot;background_background&quot;:&quot;classic&quot;}\">\n\t\t\t\t<div class=\"elementor-element elementor-element-6e252313 elementor-widget elementor-widget-shortcode\" data-id=\"6e252313\" data-element_type=\"widget\" data-widget_type=\"shortcode.default\">\n\t\t\t\t<div class=\"elementor-widget-container\">\n\t\t\t\t\t\t\t<div class=\"elementor-shortcode\"><div class=\"trading-in-action flex-d container\"><div><h2 class=\"white-c mobile-text-center\">Ready to experience low-cost trading in action?<\/h2><p class=\"white-c mobile-text-center\">Open a risk-free demo account to practice trading with leverage and margin. Then trade live markets flexibly.<\/p><\/div><div class=\"flex-d\"><div class=\"gold-btn btn\"><a href=\"\" target=\"_blank\">Start Trading<\/a><\/div><\/div><\/div><\/div>\n\t\t\t\t\t\t<\/div>\n\t\t\t\t<\/div>\n\t\t\t\t<\/div>\n\t\t\t\t<\/div>\n\t\t","protected":false},"excerpt":{"rendered":"<p>Probieren Sie unser risikofreies Demo-Konto Beginnen Sie mit dem Handel der M\u00e4rkte mit einem kostenlosen virtuellen Konto von Eurotrader. Unser Demo-Konto stellt $100.000 virtuelle Mittel zur Verf\u00fcgung, damit Sie Strategien in einer Live-Marktumgebung testen k\u00f6nnen, ohne echtes Geld zu riskieren. Starten Sie mit unserem Demo-Handelskonto Bereit, Ihre Handelserfahrung zu starten? Mit unserem Demo-Konto k\u00f6nnen Sie [&hellip;]<\/p>\n","protected":false},"author":14,"featured_media":0,"parent":0,"menu_order":0,"comment_status":"closed","ping_status":"closed","template":"","meta":{"_acf_changed":false,"footnotes":""},"class_list":["post-6582","page","type-page","status-publish","hentry"],"acf":[],"yoast_head":"<!-- This site is optimized with the Yoast SEO plugin v26.4 - https:\/\/yoast.com\/wordpress\/plugins\/seo\/ -->\n<title>Demo-Konto - Eurotrader<\/title>\n<meta name=\"robots\" content=\"index, follow, max-snippet:-1, max-image-preview:large, max-video-preview:-1\" \/>\n<meta property=\"og:locale\" content=\"de_DE\" \/>\n<meta property=\"og:type\" content=\"article\" \/>\n<meta property=\"og:title\" content=\"Demo-Konto - Eurotrader\" \/>\n<meta property=\"og:description\" content=\"Probieren Sie unser risikofreies Demo-Konto Beginnen Sie mit dem Handel der M\u00e4rkte mit einem kostenlosen virtuellen Konto von Eurotrader. Unser Demo-Konto stellt $100.000 virtuelle Mittel zur Verf\u00fcgung, damit Sie Strategien in einer Live-Marktumgebung testen k\u00f6nnen, ohne echtes Geld zu riskieren. Starten Sie mit unserem Demo-Handelskonto Bereit, Ihre Handelserfahrung zu starten? Mit unserem Demo-Konto k\u00f6nnen Sie [&hellip;]\" \/>\n<meta property=\"og:url\" content=\"https:\/\/eurotrader.eu\/demo-account\/\" \/>\n<meta property=\"og:site_name\" content=\"Eurotrader\" \/>\n<meta property=\"article:modified_time\" content=\"2025-01-07T13:31:00+00:00\" \/>\n<meta property=\"og:image\" content=\"https:\/\/eurotrader.eu\/wp-content\/uploads\/demo-account.png\" \/>\n<meta name=\"twitter:card\" content=\"summary_large_image\" \/>\n<meta name=\"twitter:label1\" content=\"Gesch\u00e4tzte Lesezeit\" \/>\n\t<meta name=\"twitter:data1\" content=\"1\u00a0Minute\" \/>\n<script type=\"application\/ld+json\" class=\"yoast-schema-graph\">{\"@context\":\"https:\/\/schema.org\",\"@graph\":[{\"@type\":\"WebPage\",\"@id\":\"https:\/\/eurotrader.eu\/demo-account\/\",\"url\":\"https:\/\/eurotrader.eu\/demo-account\/\",\"name\":\"Demo-Konto - Eurotrader\",\"isPartOf\":{\"@id\":\"https:\/\/sienna-spider-789091.hostingersite.com\/#website\"},\"primaryImageOfPage\":{\"@id\":\"https:\/\/eurotrader.eu\/demo-account\/#primaryimage\"},\"image\":{\"@id\":\"https:\/\/eurotrader.eu\/demo-account\/#primaryimage\"},\"thumbnailUrl\":\"https:\/\/eurotrader.eu\/wp-content\/uploads\/demo-account.png\",\"datePublished\":\"2023-10-29T21:08:55+00:00\",\"dateModified\":\"2025-01-07T13:31:00+00:00\",\"breadcrumb\":{\"@id\":\"https:\/\/eurotrader.eu\/demo-account\/#breadcrumb\"},\"inLanguage\":\"de\",\"potentialAction\":[{\"@type\":\"ReadAction\",\"target\":[\"https:\/\/eurotrader.eu\/demo-account\/\"]}]},{\"@type\":\"ImageObject\",\"inLanguage\":\"de\",\"@id\":\"https:\/\/eurotrader.eu\/demo-account\/#primaryimage\",\"url\":\"https:\/\/eurotrader.eu\/wp-content\/uploads\/demo-account.png\",\"contentUrl\":\"https:\/\/eurotrader.eu\/wp-content\/uploads\/demo-account.png\"},{\"@type\":\"BreadcrumbList\",\"@id\":\"https:\/\/eurotrader.eu\/demo-account\/#breadcrumb\",\"itemListElement\":[{\"@type\":\"ListItem\",\"position\":1,\"name\":\"Home\",\"item\":\"https:\/\/eurotrader.eu\/de\/\"},{\"@type\":\"ListItem\",\"position\":2,\"name\":\"Demo-Konto\"}]},{\"@type\":\"WebSite\",\"@id\":\"https:\/\/sienna-spider-789091.hostingersite.com\/#website\",\"url\":\"https:\/\/sienna-spider-789091.hostingersite.com\/\",\"name\":\"Eurotrader\",\"description\":\"\",\"publisher\":{\"@id\":\"https:\/\/sienna-spider-789091.hostingersite.com\/#organization\"},\"potentialAction\":[{\"@type\":\"SearchAction\",\"target\":{\"@type\":\"EntryPoint\",\"urlTemplate\":\"https:\/\/sienna-spider-789091.hostingersite.com\/?s={search_term_string}\"},\"query-input\":{\"@type\":\"PropertyValueSpecification\",\"valueRequired\":true,\"valueName\":\"search_term_string\"}}],\"inLanguage\":\"de\"},{\"@type\":\"Organization\",\"@id\":\"https:\/\/sienna-spider-789091.hostingersite.com\/#organization\",\"name\":\"Eurotrader\",\"url\":\"https:\/\/sienna-spider-789091.hostingersite.com\/\",\"logo\":{\"@type\":\"ImageObject\",\"inLanguage\":\"de\",\"@id\":\"https:\/\/sienna-spider-789091.hostingersite.com\/#\/schema\/logo\/image\/\",\"url\":\"https:\/\/eurotrader.eu\/wp-content\/uploads\/header-logo.svg\",\"contentUrl\":\"https:\/\/eurotrader.eu\/wp-content\/uploads\/header-logo.svg\",\"width\":184,\"height\":28,\"caption\":\"Eurotrader\"},\"image\":{\"@id\":\"https:\/\/sienna-spider-789091.hostingersite.com\/#\/schema\/logo\/image\/\"}}]}<\/script>\n<!-- \/ Yoast SEO plugin. -->","yoast_head_json":{"title":"Demo-Konto - Eurotrader","robots":{"index":"index","follow":"follow","max-snippet":"max-snippet:-1","max-image-preview":"max-image-preview:large","max-video-preview":"max-video-preview:-1"},"og_locale":"de_DE","og_type":"article","og_title":"Demo-Konto - Eurotrader","og_description":"Probieren Sie unser risikofreies Demo-Konto Beginnen Sie mit dem Handel der M\u00e4rkte mit einem kostenlosen virtuellen Konto von Eurotrader. Unser Demo-Konto stellt $100.000 virtuelle Mittel zur Verf\u00fcgung, damit Sie Strategien in einer Live-Marktumgebung testen k\u00f6nnen, ohne echtes Geld zu riskieren. Starten Sie mit unserem Demo-Handelskonto Bereit, Ihre Handelserfahrung zu starten? Mit unserem Demo-Konto k\u00f6nnen Sie [&hellip;]","og_url":"https:\/\/eurotrader.eu\/demo-account\/","og_site_name":"Eurotrader","article_modified_time":"2025-01-07T13:31:00+00:00","og_image":[{"url":"https:\/\/eurotrader.eu\/wp-content\/uploads\/demo-account.png","type":"","width":"","height":""}],"twitter_card":"summary_large_image","twitter_misc":{"Gesch\u00e4tzte Lesezeit":"1\u00a0Minute"},"schema":{"@context":"https:\/\/schema.org","@graph":[{"@type":"WebPage","@id":"https:\/\/eurotrader.eu\/demo-account\/","url":"https:\/\/eurotrader.eu\/demo-account\/","name":"Demo-Konto - Eurotrader","isPartOf":{"@id":"https:\/\/sienna-spider-789091.hostingersite.com\/#website"},"primaryImageOfPage":{"@id":"https:\/\/eurotrader.eu\/demo-account\/#primaryimage"},"image":{"@id":"https:\/\/eurotrader.eu\/demo-account\/#primaryimage"},"thumbnailUrl":"https:\/\/eurotrader.eu\/wp-content\/uploads\/demo-account.png","datePublished":"2023-10-29T21:08:55+00:00","dateModified":"2025-01-07T13:31:00+00:00","breadcrumb":{"@id":"https:\/\/eurotrader.eu\/demo-account\/#breadcrumb"},"inLanguage":"de","potentialAction":[{"@type":"ReadAction","target":["https:\/\/eurotrader.eu\/demo-account\/"]}]},{"@type":"ImageObject","inLanguage":"de","@id":"https:\/\/eurotrader.eu\/demo-account\/#primaryimage","url":"https:\/\/eurotrader.eu\/wp-content\/uploads\/demo-account.png","contentUrl":"https:\/\/eurotrader.eu\/wp-content\/uploads\/demo-account.png"},{"@type":"BreadcrumbList","@id":"https:\/\/eurotrader.eu\/demo-account\/#breadcrumb","itemListElement":[{"@type":"ListItem","position":1,"name":"Home","item":"https:\/\/eurotrader.eu\/de\/"},{"@type":"ListItem","position":2,"name":"Demo-Konto"}]},{"@type":"WebSite","@id":"https:\/\/sienna-spider-789091.hostingersite.com\/#website","url":"https:\/\/sienna-spider-789091.hostingersite.com\/","name":"Eurotrader","description":"","publisher":{"@id":"https:\/\/sienna-spider-789091.hostingersite.com\/#organization"},"potentialAction":[{"@type":"SearchAction","target":{"@type":"EntryPoint","urlTemplate":"https:\/\/sienna-spider-789091.hostingersite.com\/?s={search_term_string}"},"query-input":{"@type":"PropertyValueSpecification","valueRequired":true,"valueName":"search_term_string"}}],"inLanguage":"de"},{"@type":"Organization","@id":"https:\/\/sienna-spider-789091.hostingersite.com\/#organization","name":"Eurotrader","url":"https:\/\/sienna-spider-789091.hostingersite.com\/","logo":{"@type":"ImageObject","inLanguage":"de","@id":"https:\/\/sienna-spider-789091.hostingersite.com\/#\/schema\/logo\/image\/","url":"https:\/\/eurotrader.eu\/wp-content\/uploads\/header-logo.svg","contentUrl":"https:\/\/eurotrader.eu\/wp-content\/uploads\/header-logo.svg","width":184,"height":28,"caption":"Eurotrader"},"image":{"@id":"https:\/\/sienna-spider-789091.hostingersite.com\/#\/schema\/logo\/image\/"}}]}},"_hostinger_reach_plugin_has_subscription_block":false,"_hostinger_reach_plugin_is_elementor":false,"_links":{"self":[{"href":"https:\/\/eurotrader.eu\/de\/wp-json\/wp\/v2\/pages\/6582","targetHints":{"allow":["GET"]}}],"collection":[{"href":"https:\/\/eurotrader.eu\/de\/wp-json\/wp\/v2\/pages"}],"about":[{"href":"https:\/\/eurotrader.eu\/de\/wp-json\/wp\/v2\/types\/page"}],"author":[{"embeddable":true,"href":"https:\/\/eurotrader.eu\/de\/wp-json\/wp\/v2\/users\/14"}],"replies":[{"embeddable":true,"href":"https:\/\/eurotrader.eu\/de\/wp-json\/wp\/v2\/comments?post=6582"}],"version-history":[{"count":1,"href":"https:\/\/eurotrader.eu\/de\/wp-json\/wp\/v2\/pages\/6582\/revisions"}],"predecessor-version":[{"id":6583,"href":"https:\/\/eurotrader.eu\/de\/wp-json\/wp\/v2\/pages\/6582\/revisions\/6583"}],"wp:attachment":[{"href":"https:\/\/eurotrader.eu\/de\/wp-json\/wp\/v2\/media?parent=6582"}],"curies":[{"name":"wp","href":"https:\/\/api.w.org\/{rel}","templated":true}]}}