{"id":6584,"date":"2023-11-12T21:26:12","date_gmt":"2023-11-12T21:26:12","guid":{"rendered":"https:\/\/www.eurotrader.eu\/ebooks\/"},"modified":"2025-01-07T13:33:09","modified_gmt":"2025-01-07T13:33:09","slug":"ebooks","status":"publish","type":"page","link":"https:\/\/eurotrader.eu\/de\/ebooks\/","title":{"rendered":"eBooks"},"content":{"rendered":"\t\t<div data-elementor-type=\"wp-page\" data-elementor-id=\"6584\" class=\"elementor elementor-6584 elementor-1831\" data-elementor-post-type=\"page\">\n\t\t\t\t<div class=\"elementor-element elementor-element-7f41e47e e-flex e-con-boxed e-con e-parent\" data-id=\"7f41e47e\" data-element_type=\"container\">\n\t\t\t\t\t<div class=\"e-con-inner\">\n\t\t\t\t<div class=\"elementor-element elementor-element-e3d6ce8 elementor-widget elementor-widget-heading\" data-id=\"e3d6ce8\" data-element_type=\"widget\" data-widget_type=\"heading.default\">\n\t\t\t\t<div class=\"elementor-widget-container\">\n\t\t\t\t\t<h1 class=\"elementor-heading-title elementor-size-default\"> E-b\u00fccher - Kostenlose <br> e Tradingsausbildung<\/h1>\t\t\t\t<\/div>\n\t\t\t\t<\/div>\n\t\t\t\t<div class=\"elementor-element elementor-element-6689fd86 large-width-content  center-content  elementor-widget elementor-widget-text-editor\" data-id=\"6689fd86\" data-element_type=\"widget\" data-widget_type=\"text-editor.default\">\n\t\t\t\t<div class=\"elementor-widget-container\">\n\t\t\t\t\t\t\t\t\t<p>Verbessern Sie Ihre Handelskenntnisse mit unserer Bibliothek mit kostenloser E-b\u00fcchern.<\/p>\n<p>Erhalten Sie umfassende Anleitungen zu Strategien, Analysen, Psychologie und mehr von f\u00fchrenden Branchenexperten.<\/p>\n\t\t\t\t\t\t\t\t<\/div>\n\t\t\t\t<\/div>\n\t\t\t\t<div class=\"elementor-element elementor-element-7d63c037 elementor-hidden-mobile elementor-widget elementor-widget-spacer\" data-id=\"7d63c037\" data-element_type=\"widget\" data-widget_type=\"spacer.default\">\n\t\t\t\t<div class=\"elementor-widget-container\">\n\t\t\t\t\t\t\t<div class=\"elementor-spacer\">\n\t\t\t<div class=\"elementor-spacer-inner\"><\/div>\n\t\t<\/div>\n\t\t\t\t\t\t<\/div>\n\t\t\t\t<\/div>\n\t\t\t\t\t<\/div>\n\t\t\t\t<\/div>\n\t\t<div class=\"elementor-element elementor-element-3a021017 e-book-container e-flex e-con-boxed e-con e-parent\" data-id=\"3a021017\" data-element_type=\"container\">\n\t\t\t\t\t<div class=\"e-con-inner\">\n\t\t<div class=\"elementor-element elementor-element-44f7d58a e-con-full e-book-img-column e-flex e-con e-child\" data-id=\"44f7d58a\" data-element_type=\"container\">\n\t\t\t\t<div class=\"elementor-element elementor-element-70a036fe elementor-widget elementor-widget-image\" data-id=\"70a036fe\" data-element_type=\"widget\" data-widget_type=\"image.default\">\n\t\t\t\t<div class=\"elementor-widget-container\">\n\t\t\t\t\t\t\t\t\t\t\t\t\t\t\t<img fetchpriority=\"high\" decoding=\"async\" width=\"202\" height=\"309\" src=\"https:\/\/eurotrader.eu\/wp-content\/uploads\/Introduction_to_financial_markets-3.png\" class=\"attachment-large size-large wp-image-3118\" alt=\"Introduction to Financial Markets\" \/>\t\t\t\t\t\t\t\t\t\t\t\t\t\t\t<\/div>\n\t\t\t\t<\/div>\n\t\t\t\t<\/div>\n\t\t<div class=\"elementor-element elementor-element-3839f9db e-con-full e-flex e-con e-child\" data-id=\"3839f9db\" data-element_type=\"container\">\n\t\t<div class=\"elementor-element elementor-element-48fe3a7b e-flex e-con-boxed e-con e-child\" data-id=\"48fe3a7b\" data-element_type=\"container\">\n\t\t\t\t\t<div class=\"e-con-inner\">\n\t\t<div class=\"elementor-element elementor-element-ec21dea box-with-shadow-column-1 e-book e-flex e-con-boxed e-con e-child\" data-id=\"ec21dea\" data-element_type=\"container\">\n\t\t\t\t\t<div class=\"e-con-inner\">\n\t\t\t\t<div class=\"elementor-element elementor-element-2a3061e4 elementor-widget elementor-widget-heading\" data-id=\"2a3061e4\" data-element_type=\"widget\" data-widget_type=\"heading.default\">\n\t\t\t\t<div class=\"elementor-widget-container\">\n\t\t\t\t\t<h4 class=\"elementor-heading-title elementor-size-default\">Einf\u00fchrung in die Finanzm\u00e4rkte<\/h4>\t\t\t\t<\/div>\n\t\t\t\t<\/div>\n\t\t\t\t<div class=\"elementor-element elementor-element-6659bb13 elementor-widget elementor-widget-text-editor\" data-id=\"6659bb13\" data-element_type=\"widget\" data-widget_type=\"text-editor.default\">\n\t\t\t\t<div class=\"elementor-widget-container\">\n\t\t\t\t\t\t\t\t\t<p>Die Grundlagen der M\u00e4rkte, des Handels und der Terminologie f\u00fcr Anf\u00e4nger.<\/p>\n\t\t\t\t\t\t\t\t<\/div>\n\t\t\t\t<\/div>\n\t\t\t\t<div class=\"elementor-element elementor-element-91687b0 btn gold-btn elementor-widget elementor-widget-button\" data-id=\"91687b0\" data-element_type=\"widget\" data-widget_type=\"button.default\">\n\t\t\t\t<div class=\"elementor-widget-container\">\n\t\t\t\t\t\t\t\t\t<div class=\"elementor-button-wrapper\">\n\t\t\t\t\t<a class=\"elementor-button elementor-button-link elementor-size-sm\" href=\"\/wp-content\/uploads\/Introduction-to-Financial-Markets.pdf\" target=\"_blank\">\n\t\t\t\t\t\t<span class=\"elementor-button-content-wrapper\">\n\t\t\t\t\t\t\t\t\t<span class=\"elementor-button-text\">Jetzt lesen<\/span>\n\t\t\t\t\t<\/span>\n\t\t\t\t\t<\/a>\n\t\t\t\t<\/div>\n\t\t\t\t\t\t\t\t<\/div>\n\t\t\t\t<\/div>\n\t\t\t\t\t<\/div>\n\t\t\t\t<\/div>\n\t\t\t\t\t<\/div>\n\t\t\t\t<\/div>\n\t\t\t\t<\/div>\n\t\t\t\t\t<\/div>\n\t\t\t\t<\/div>\n\t\t<div class=\"elementor-element elementor-element-6f89178b e-book-container e-flex e-con-boxed e-con e-parent\" data-id=\"6f89178b\" data-element_type=\"container\">\n\t\t\t\t\t<div class=\"e-con-inner\">\n\t\t<div class=\"elementor-element elementor-element-2ee71aa e-con-full e-flex e-con e-child\" data-id=\"2ee71aa\" data-element_type=\"container\">\n\t\t<div class=\"elementor-element elementor-element-69c4ab78 e-flex e-con-boxed e-con e-child\" data-id=\"69c4ab78\" data-element_type=\"container\">\n\t\t\t\t\t<div class=\"e-con-inner\">\n\t\t<div class=\"elementor-element elementor-element-3f20233f box-with-shadow-column-1 e-book e-flex e-con-boxed e-con e-child\" data-id=\"3f20233f\" data-element_type=\"container\">\n\t\t\t\t\t<div class=\"e-con-inner\">\n\t\t\t\t<div class=\"elementor-element elementor-element-55405f39 elementor-widget elementor-widget-heading\" data-id=\"55405f39\" data-element_type=\"widget\" data-widget_type=\"heading.default\">\n\t\t\t\t<div class=\"elementor-widget-container\">\n\t\t\t\t\t<h4 class=\"elementor-heading-title elementor-size-default\">Grundlagen der technischen Analyse<\/h4>\t\t\t\t<\/div>\n\t\t\t\t<\/div>\n\t\t\t\t<div class=\"elementor-element elementor-element-407b5051 elementor-widget elementor-widget-text-editor\" data-id=\"407b5051\" data-element_type=\"widget\" data-widget_type=\"text-editor.default\">\n\t\t\t\t<div class=\"elementor-widget-container\">\n\t\t\t\t\t\t\t\t\t<p>Kernkonzepte der technischen Analyse, Charts und Techniken.<\/p>\n\t\t\t\t\t\t\t\t<\/div>\n\t\t\t\t<\/div>\n\t\t\t\t<div class=\"elementor-element elementor-element-45bd91d1 btn gold-btn elementor-widget elementor-widget-button\" data-id=\"45bd91d1\" data-element_type=\"widget\" data-widget_type=\"button.default\">\n\t\t\t\t<div class=\"elementor-widget-container\">\n\t\t\t\t\t\t\t\t\t<div class=\"elementor-button-wrapper\">\n\t\t\t\t\t<a class=\"elementor-button elementor-button-link elementor-size-sm\" href=\"\/wp-content\/uploads\/Technical-Analysis-Essentials.pdf\" target=\"_blank\">\n\t\t\t\t\t\t<span class=\"elementor-button-content-wrapper\">\n\t\t\t\t\t\t\t\t\t<span class=\"elementor-button-text\">Jetzt lesen<\/span>\n\t\t\t\t\t<\/span>\n\t\t\t\t\t<\/a>\n\t\t\t\t<\/div>\n\t\t\t\t\t\t\t\t<\/div>\n\t\t\t\t<\/div>\n\t\t\t\t\t<\/div>\n\t\t\t\t<\/div>\n\t\t\t\t\t<\/div>\n\t\t\t\t<\/div>\n\t\t\t\t<\/div>\n\t\t<div class=\"elementor-element elementor-element-5be43510 e-con-full e-book-img-column e-flex e-con e-child\" data-id=\"5be43510\" data-element_type=\"container\">\n\t\t\t\t<div class=\"elementor-element elementor-element-60fdbc6 elementor-widget elementor-widget-image\" data-id=\"60fdbc6\" data-element_type=\"widget\" data-widget_type=\"image.default\">\n\t\t\t\t<div class=\"elementor-widget-container\">\n\t\t\t\t\t\t\t\t\t\t\t\t\t\t\t<img decoding=\"async\" width=\"202\" height=\"309\" src=\"https:\/\/eurotrader.eu\/wp-content\/uploads\/technical_analysis_essentials_mob-1.png\" class=\"attachment-large size-large wp-image-3112\" alt=\"Technical Analysis Essentials\" \/>\t\t\t\t\t\t\t\t\t\t\t\t\t\t\t<\/div>\n\t\t\t\t<\/div>\n\t\t\t\t<\/div>\n\t\t\t\t\t<\/div>\n\t\t\t\t<\/div>\n\t\t<div class=\"elementor-element elementor-element-3706e1a5 e-book-container e-flex e-con-boxed e-con e-parent\" data-id=\"3706e1a5\" data-element_type=\"container\">\n\t\t\t\t\t<div class=\"e-con-inner\">\n\t\t<div class=\"elementor-element elementor-element-16a0f2f8 e-con-full e-book-img-column e-flex e-con e-child\" data-id=\"16a0f2f8\" data-element_type=\"container\">\n\t\t\t\t<div class=\"elementor-element elementor-element-75b7d20 elementor-widget elementor-widget-image\" data-id=\"75b7d20\" data-element_type=\"widget\" data-widget_type=\"image.default\">\n\t\t\t\t<div class=\"elementor-widget-container\">\n\t\t\t\t\t\t\t\t\t\t\t\t\t\t\t<img decoding=\"async\" width=\"202\" height=\"309\" src=\"https:\/\/eurotrader.eu\/wp-content\/uploads\/advanced_technical_analysis-2.png\" class=\"attachment-large size-large wp-image-3106\" alt=\"Advanced Technical Analysis\" \/>\t\t\t\t\t\t\t\t\t\t\t\t\t\t\t<\/div>\n\t\t\t\t<\/div>\n\t\t\t\t<\/div>\n\t\t<div class=\"elementor-element elementor-element-33dfd914 e-con-full e-flex e-con e-child\" data-id=\"33dfd914\" data-element_type=\"container\">\n\t\t<div class=\"elementor-element elementor-element-108c0849 e-flex e-con-boxed e-con e-child\" data-id=\"108c0849\" data-element_type=\"container\">\n\t\t\t\t\t<div class=\"e-con-inner\">\n\t\t<div class=\"elementor-element elementor-element-18a70e42 box-with-shadow-column-1 e-book e-flex e-con-boxed e-con e-child\" data-id=\"18a70e42\" data-element_type=\"container\">\n\t\t\t\t\t<div class=\"e-con-inner\">\n\t\t\t\t<div class=\"elementor-element elementor-element-1de76dd9 elementor-widget elementor-widget-heading\" data-id=\"1de76dd9\" data-element_type=\"widget\" data-widget_type=\"heading.default\">\n\t\t\t\t<div class=\"elementor-widget-container\">\n\t\t\t\t\t<h4 class=\"elementor-heading-title elementor-size-default\">Fortgeschrittene technische Analyse<\/h4>\t\t\t\t<\/div>\n\t\t\t\t<\/div>\n\t\t\t\t<div class=\"elementor-element elementor-element-352d4380 elementor-widget elementor-widget-text-editor\" data-id=\"352d4380\" data-element_type=\"widget\" data-widget_type=\"text-editor.default\">\n\t\t\t\t<div class=\"elementor-widget-container\">\n\t\t\t\t\t\t\t\t\t<p>Komplexe technische Strategien und Indikatoren f\u00fcr erfahrene H\u00e4ndler.<\/p>\n\t\t\t\t\t\t\t\t<\/div>\n\t\t\t\t<\/div>\n\t\t\t\t<div class=\"elementor-element elementor-element-5241427e btn gold-btn elementor-widget elementor-widget-button\" data-id=\"5241427e\" data-element_type=\"widget\" data-widget_type=\"button.default\">\n\t\t\t\t<div class=\"elementor-widget-container\">\n\t\t\t\t\t\t\t\t\t<div class=\"elementor-button-wrapper\">\n\t\t\t\t\t<a class=\"elementor-button elementor-button-link elementor-size-sm\" href=\"\/wp-content\/uploads\/Advance-Technical-Analysis.pdf\" target=\"_blank\">\n\t\t\t\t\t\t<span class=\"elementor-button-content-wrapper\">\n\t\t\t\t\t\t\t\t\t<span class=\"elementor-button-text\">Jetzt lesen<\/span>\n\t\t\t\t\t<\/span>\n\t\t\t\t\t<\/a>\n\t\t\t\t<\/div>\n\t\t\t\t\t\t\t\t<\/div>\n\t\t\t\t<\/div>\n\t\t\t\t\t<\/div>\n\t\t\t\t<\/div>\n\t\t\t\t\t<\/div>\n\t\t\t\t<\/div>\n\t\t\t\t<\/div>\n\t\t\t\t\t<\/div>\n\t\t\t\t<\/div>\n\t\t<div class=\"elementor-element elementor-element-5c4dc85b e-book-container e-flex e-con-boxed e-con e-parent\" data-id=\"5c4dc85b\" data-element_type=\"container\">\n\t\t\t\t\t<div class=\"e-con-inner\">\n\t\t<div class=\"elementor-element elementor-element-23981f55 e-con-full e-flex e-con e-child\" data-id=\"23981f55\" data-element_type=\"container\">\n\t\t<div class=\"elementor-element elementor-element-c600e0e e-flex e-con-boxed e-con e-child\" data-id=\"c600e0e\" data-element_type=\"container\">\n\t\t\t\t\t<div class=\"e-con-inner\">\n\t\t<div class=\"elementor-element elementor-element-5ff543d2 box-with-shadow-column-1 e-book e-flex e-con-boxed e-con e-child\" data-id=\"5ff543d2\" data-element_type=\"container\">\n\t\t\t\t\t<div class=\"e-con-inner\">\n\t\t\t\t<div class=\"elementor-element elementor-element-4c59a7a3 elementor-widget elementor-widget-heading\" data-id=\"4c59a7a3\" data-element_type=\"widget\" data-widget_type=\"heading.default\">\n\t\t\t\t<div class=\"elementor-widget-container\">\n\t\t\t\t\t<h4 class=\"elementor-heading-title elementor-size-default\">Grundlagen der Kryptow\u00e4hrungen<\/h4>\t\t\t\t<\/div>\n\t\t\t\t<\/div>\n\t\t\t\t<div class=\"elementor-element elementor-element-1dcd19c7 elementor-widget elementor-widget-text-editor\" data-id=\"1dcd19c7\" data-element_type=\"widget\" data-widget_type=\"text-editor.default\">\n\t\t\t\t<div class=\"elementor-widget-container\">\n\t\t\t\t\t\t\t\t\t<p>Blockchain, Krypto-Geschichte, Arten und Grundlagen.<\/p>\n\t\t\t\t\t\t\t\t<\/div>\n\t\t\t\t<\/div>\n\t\t\t\t<div class=\"elementor-element elementor-element-364959c2 btn gold-btn elementor-widget elementor-widget-button\" data-id=\"364959c2\" data-element_type=\"widget\" data-widget_type=\"button.default\">\n\t\t\t\t<div class=\"elementor-widget-container\">\n\t\t\t\t\t\t\t\t\t<div class=\"elementor-button-wrapper\">\n\t\t\t\t\t<a class=\"elementor-button elementor-button-link elementor-size-sm\" href=\"\/wp-content\/uploads\/Cryptocurrency-Fundamentals.pdf\" target=\"_blank\">\n\t\t\t\t\t\t<span class=\"elementor-button-content-wrapper\">\n\t\t\t\t\t\t\t\t\t<span class=\"elementor-button-text\">Jetzt lesen<\/span>\n\t\t\t\t\t<\/span>\n\t\t\t\t\t<\/a>\n\t\t\t\t<\/div>\n\t\t\t\t\t\t\t\t<\/div>\n\t\t\t\t<\/div>\n\t\t\t\t\t<\/div>\n\t\t\t\t<\/div>\n\t\t\t\t\t<\/div>\n\t\t\t\t<\/div>\n\t\t\t\t<\/div>\n\t\t<div class=\"elementor-element elementor-element-78aafa80 e-con-full e-book-img-column e-flex e-con e-child\" data-id=\"78aafa80\" data-element_type=\"container\">\n\t\t\t\t<div class=\"elementor-element elementor-element-4f0c236f elementor-widget elementor-widget-image\" data-id=\"4f0c236f\" data-element_type=\"widget\" data-widget_type=\"image.default\">\n\t\t\t\t<div class=\"elementor-widget-container\">\n\t\t\t\t\t\t\t\t\t\t\t\t\t\t\t<img loading=\"lazy\" decoding=\"async\" width=\"202\" height=\"309\" src=\"https:\/\/eurotrader.eu\/wp-content\/uploads\/cryptocurrency_fundamentals-mob-1-1.png\" class=\"attachment-large size-large wp-image-3100\" alt=\"Cryptocurrency Fundamentals\" \/>\t\t\t\t\t\t\t\t\t\t\t\t\t\t\t<\/div>\n\t\t\t\t<\/div>\n\t\t\t\t<\/div>\n\t\t\t\t\t<\/div>\n\t\t\t\t<\/div>\n\t\t<div class=\"elementor-element elementor-element-7400666d e-book-container e-flex e-con-boxed e-con e-parent\" data-id=\"7400666d\" data-element_type=\"container\">\n\t\t\t\t\t<div class=\"e-con-inner\">\n\t\t<div class=\"elementor-element elementor-element-79b271d9 e-con-full e-book-img-column e-flex e-con e-child\" data-id=\"79b271d9\" data-element_type=\"container\">\n\t\t\t\t<div class=\"elementor-element elementor-element-713ad7b3 elementor-widget elementor-widget-image\" data-id=\"713ad7b3\" data-element_type=\"widget\" data-widget_type=\"image.default\">\n\t\t\t\t<div class=\"elementor-widget-container\">\n\t\t\t\t\t\t\t\t\t\t\t\t\t\t\t<img loading=\"lazy\" decoding=\"async\" width=\"202\" height=\"309\" src=\"https:\/\/eurotrader.eu\/wp-content\/uploads\/crypto_trading_investing-2.png\" class=\"attachment-large size-large wp-image-3094\" alt=\"Crypto Trading and Investing\" \/>\t\t\t\t\t\t\t\t\t\t\t\t\t\t\t<\/div>\n\t\t\t\t<\/div>\n\t\t\t\t<\/div>\n\t\t<div class=\"elementor-element elementor-element-6bfe614c e-con-full e-flex e-con e-child\" data-id=\"6bfe614c\" data-element_type=\"container\">\n\t\t<div class=\"elementor-element elementor-element-6ea28ce8 e-flex e-con-boxed e-con e-child\" data-id=\"6ea28ce8\" data-element_type=\"container\">\n\t\t\t\t\t<div class=\"e-con-inner\">\n\t\t<div class=\"elementor-element elementor-element-695f21eb box-with-shadow-column-1 e-book e-flex e-con-boxed e-con e-child\" data-id=\"695f21eb\" data-element_type=\"container\">\n\t\t\t\t\t<div class=\"e-con-inner\">\n\t\t\t\t<div class=\"elementor-element elementor-element-79abb6d2 elementor-widget elementor-widget-heading\" data-id=\"79abb6d2\" data-element_type=\"widget\" data-widget_type=\"heading.default\">\n\t\t\t\t<div class=\"elementor-widget-container\">\n\t\t\t\t\t<h4 class=\"elementor-heading-title elementor-size-default\">Krypto-Handel und Investieren<\/h4>\t\t\t\t<\/div>\n\t\t\t\t<\/div>\n\t\t\t\t<div class=\"elementor-element elementor-element-61215370 elementor-widget elementor-widget-text-editor\" data-id=\"61215370\" data-element_type=\"widget\" data-widget_type=\"text-editor.default\">\n\t\t\t\t<div class=\"elementor-widget-container\">\n\t\t\t\t\t\t\t\t\t<p>Tradingsstrategien und langfristiges Investieren in Kryptow\u00e4hrungen.<\/p>\n\t\t\t\t\t\t\t\t<\/div>\n\t\t\t\t<\/div>\n\t\t\t\t<div class=\"elementor-element elementor-element-4b24206c btn gold-btn elementor-widget elementor-widget-button\" data-id=\"4b24206c\" data-element_type=\"widget\" data-widget_type=\"button.default\">\n\t\t\t\t<div class=\"elementor-widget-container\">\n\t\t\t\t\t\t\t\t\t<div class=\"elementor-button-wrapper\">\n\t\t\t\t\t<a class=\"elementor-button elementor-button-link elementor-size-sm\" href=\"\/wp-content\/uploads\/Crypto-Trading-and-Investing.pdf\" target=\"_blank\">\n\t\t\t\t\t\t<span class=\"elementor-button-content-wrapper\">\n\t\t\t\t\t\t\t\t\t<span class=\"elementor-button-text\">Jetzt lesen<\/span>\n\t\t\t\t\t<\/span>\n\t\t\t\t\t<\/a>\n\t\t\t\t<\/div>\n\t\t\t\t\t\t\t\t<\/div>\n\t\t\t\t<\/div>\n\t\t\t\t\t<\/div>\n\t\t\t\t<\/div>\n\t\t\t\t\t<\/div>\n\t\t\t\t<\/div>\n\t\t\t\t<\/div>\n\t\t\t\t\t<\/div>\n\t\t\t\t<\/div>\n\t\t\t\t<\/div>\n\t\t","protected":false},"excerpt":{"rendered":"<p>E-b\u00fccher &#8211; Kostenlose e Tradingsausbildung Verbessern Sie Ihre Handelskenntnisse mit unserer Bibliothek mit kostenloser E-b\u00fcchern. Erhalten Sie umfassende Anleitungen zu Strategien, Analysen, Psychologie und mehr von f\u00fchrenden Branchenexperten. Einf\u00fchrung in die Finanzm\u00e4rkte Die Grundlagen der M\u00e4rkte, des Handels und der Terminologie f\u00fcr Anf\u00e4nger. Jetzt lesen Grundlagen der technischen Analyse Kernkonzepte der technischen Analyse, Charts und [&hellip;]<\/p>\n","protected":false},"author":14,"featured_media":0,"parent":0,"menu_order":0,"comment_status":"closed","ping_status":"closed","template":"","meta":{"_acf_changed":false,"footnotes":""},"class_list":["post-6584","page","type-page","status-publish","hentry"],"acf":[],"yoast_head":"<!-- This site is optimized with the Yoast SEO plugin v26.4 - https:\/\/yoast.com\/wordpress\/plugins\/seo\/ -->\n<title>eBooks - Eurotrader<\/title>\n<meta name=\"robots\" content=\"index, follow, max-snippet:-1, max-image-preview:large, max-video-preview:-1\" \/>\n<meta property=\"og:locale\" content=\"de_DE\" \/>\n<meta property=\"og:type\" content=\"article\" \/>\n<meta property=\"og:title\" content=\"eBooks - Eurotrader\" \/>\n<meta property=\"og:description\" content=\"E-b\u00fccher &#8211; Kostenlose e Tradingsausbildung Verbessern Sie Ihre Handelskenntnisse mit unserer Bibliothek mit kostenloser E-b\u00fcchern. Erhalten Sie umfassende Anleitungen zu Strategien, Analysen, Psychologie und mehr von f\u00fchrenden Branchenexperten. Einf\u00fchrung in die Finanzm\u00e4rkte Die Grundlagen der M\u00e4rkte, des Handels und der Terminologie f\u00fcr Anf\u00e4nger. Jetzt lesen Grundlagen der technischen Analyse Kernkonzepte der technischen Analyse, Charts und [&hellip;]\" \/>\n<meta property=\"og:url\" content=\"https:\/\/eurotrader.eu\/ebooks\/\" \/>\n<meta property=\"og:site_name\" content=\"Eurotrader\" \/>\n<meta property=\"article:modified_time\" content=\"2025-01-07T13:33:09+00:00\" \/>\n<meta property=\"og:image\" content=\"https:\/\/eurotrader.eu\/wp-content\/uploads\/Introduction_to_financial_markets-3.png\" \/>\n<meta name=\"twitter:card\" content=\"summary_large_image\" \/>\n<meta name=\"twitter:label1\" content=\"Gesch\u00e4tzte Lesezeit\" \/>\n\t<meta name=\"twitter:data1\" content=\"1\u00a0Minute\" \/>\n<script type=\"application\/ld+json\" class=\"yoast-schema-graph\">{\"@context\":\"https:\/\/schema.org\",\"@graph\":[{\"@type\":\"WebPage\",\"@id\":\"https:\/\/eurotrader.eu\/ebooks\/\",\"url\":\"https:\/\/eurotrader.eu\/ebooks\/\",\"name\":\"eBooks - Eurotrader\",\"isPartOf\":{\"@id\":\"https:\/\/sienna-spider-789091.hostingersite.com\/#website\"},\"primaryImageOfPage\":{\"@id\":\"https:\/\/eurotrader.eu\/ebooks\/#primaryimage\"},\"image\":{\"@id\":\"https:\/\/eurotrader.eu\/ebooks\/#primaryimage\"},\"thumbnailUrl\":\"https:\/\/eurotrader.eu\/wp-content\/uploads\/Introduction_to_financial_markets-3.png\",\"datePublished\":\"2023-11-12T21:26:12+00:00\",\"dateModified\":\"2025-01-07T13:33:09+00:00\",\"breadcrumb\":{\"@id\":\"https:\/\/eurotrader.eu\/ebooks\/#breadcrumb\"},\"inLanguage\":\"de\",\"potentialAction\":[{\"@type\":\"ReadAction\",\"target\":[\"https:\/\/eurotrader.eu\/ebooks\/\"]}]},{\"@type\":\"ImageObject\",\"inLanguage\":\"de\",\"@id\":\"https:\/\/eurotrader.eu\/ebooks\/#primaryimage\",\"url\":\"https:\/\/eurotrader.eu\/wp-content\/uploads\/Introduction_to_financial_markets-3.png\",\"contentUrl\":\"https:\/\/eurotrader.eu\/wp-content\/uploads\/Introduction_to_financial_markets-3.png\"},{\"@type\":\"BreadcrumbList\",\"@id\":\"https:\/\/eurotrader.eu\/ebooks\/#breadcrumb\",\"itemListElement\":[{\"@type\":\"ListItem\",\"position\":1,\"name\":\"Home\",\"item\":\"https:\/\/eurotrader.eu\/de\/\"},{\"@type\":\"ListItem\",\"position\":2,\"name\":\"eBooks\"}]},{\"@type\":\"WebSite\",\"@id\":\"https:\/\/sienna-spider-789091.hostingersite.com\/#website\",\"url\":\"https:\/\/sienna-spider-789091.hostingersite.com\/\",\"name\":\"Eurotrader\",\"description\":\"\",\"publisher\":{\"@id\":\"https:\/\/sienna-spider-789091.hostingersite.com\/#organization\"},\"potentialAction\":[{\"@type\":\"SearchAction\",\"target\":{\"@type\":\"EntryPoint\",\"urlTemplate\":\"https:\/\/sienna-spider-789091.hostingersite.com\/?s={search_term_string}\"},\"query-input\":{\"@type\":\"PropertyValueSpecification\",\"valueRequired\":true,\"valueName\":\"search_term_string\"}}],\"inLanguage\":\"de\"},{\"@type\":\"Organization\",\"@id\":\"https:\/\/sienna-spider-789091.hostingersite.com\/#organization\",\"name\":\"Eurotrader\",\"url\":\"https:\/\/sienna-spider-789091.hostingersite.com\/\",\"logo\":{\"@type\":\"ImageObject\",\"inLanguage\":\"de\",\"@id\":\"https:\/\/sienna-spider-789091.hostingersite.com\/#\/schema\/logo\/image\/\",\"url\":\"https:\/\/eurotrader.eu\/wp-content\/uploads\/header-logo.svg\",\"contentUrl\":\"https:\/\/eurotrader.eu\/wp-content\/uploads\/header-logo.svg\",\"width\":184,\"height\":28,\"caption\":\"Eurotrader\"},\"image\":{\"@id\":\"https:\/\/sienna-spider-789091.hostingersite.com\/#\/schema\/logo\/image\/\"}}]}<\/script>\n<!-- \/ Yoast SEO plugin. -->","yoast_head_json":{"title":"eBooks - Eurotrader","robots":{"index":"index","follow":"follow","max-snippet":"max-snippet:-1","max-image-preview":"max-image-preview:large","max-video-preview":"max-video-preview:-1"},"og_locale":"de_DE","og_type":"article","og_title":"eBooks - Eurotrader","og_description":"E-b\u00fccher &#8211; Kostenlose e Tradingsausbildung Verbessern Sie Ihre Handelskenntnisse mit unserer Bibliothek mit kostenloser E-b\u00fcchern. Erhalten Sie umfassende Anleitungen zu Strategien, Analysen, Psychologie und mehr von f\u00fchrenden Branchenexperten. Einf\u00fchrung in die Finanzm\u00e4rkte Die Grundlagen der M\u00e4rkte, des Handels und der Terminologie f\u00fcr Anf\u00e4nger. Jetzt lesen Grundlagen der technischen Analyse Kernkonzepte der technischen Analyse, Charts und [&hellip;]","og_url":"https:\/\/eurotrader.eu\/ebooks\/","og_site_name":"Eurotrader","article_modified_time":"2025-01-07T13:33:09+00:00","og_image":[{"url":"https:\/\/eurotrader.eu\/wp-content\/uploads\/Introduction_to_financial_markets-3.png","type":"","width":"","height":""}],"twitter_card":"summary_large_image","twitter_misc":{"Gesch\u00e4tzte Lesezeit":"1\u00a0Minute"},"schema":{"@context":"https:\/\/schema.org","@graph":[{"@type":"WebPage","@id":"https:\/\/eurotrader.eu\/ebooks\/","url":"https:\/\/eurotrader.eu\/ebooks\/","name":"eBooks - Eurotrader","isPartOf":{"@id":"https:\/\/sienna-spider-789091.hostingersite.com\/#website"},"primaryImageOfPage":{"@id":"https:\/\/eurotrader.eu\/ebooks\/#primaryimage"},"image":{"@id":"https:\/\/eurotrader.eu\/ebooks\/#primaryimage"},"thumbnailUrl":"https:\/\/eurotrader.eu\/wp-content\/uploads\/Introduction_to_financial_markets-3.png","datePublished":"2023-11-12T21:26:12+00:00","dateModified":"2025-01-07T13:33:09+00:00","breadcrumb":{"@id":"https:\/\/eurotrader.eu\/ebooks\/#breadcrumb"},"inLanguage":"de","potentialAction":[{"@type":"ReadAction","target":["https:\/\/eurotrader.eu\/ebooks\/"]}]},{"@type":"ImageObject","inLanguage":"de","@id":"https:\/\/eurotrader.eu\/ebooks\/#primaryimage","url":"https:\/\/eurotrader.eu\/wp-content\/uploads\/Introduction_to_financial_markets-3.png","contentUrl":"https:\/\/eurotrader.eu\/wp-content\/uploads\/Introduction_to_financial_markets-3.png"},{"@type":"BreadcrumbList","@id":"https:\/\/eurotrader.eu\/ebooks\/#breadcrumb","itemListElement":[{"@type":"ListItem","position":1,"name":"Home","item":"https:\/\/eurotrader.eu\/de\/"},{"@type":"ListItem","position":2,"name":"eBooks"}]},{"@type":"WebSite","@id":"https:\/\/sienna-spider-789091.hostingersite.com\/#website","url":"https:\/\/sienna-spider-789091.hostingersite.com\/","name":"Eurotrader","description":"","publisher":{"@id":"https:\/\/sienna-spider-789091.hostingersite.com\/#organization"},"potentialAction":[{"@type":"SearchAction","target":{"@type":"EntryPoint","urlTemplate":"https:\/\/sienna-spider-789091.hostingersite.com\/?s={search_term_string}"},"query-input":{"@type":"PropertyValueSpecification","valueRequired":true,"valueName":"search_term_string"}}],"inLanguage":"de"},{"@type":"Organization","@id":"https:\/\/sienna-spider-789091.hostingersite.com\/#organization","name":"Eurotrader","url":"https:\/\/sienna-spider-789091.hostingersite.com\/","logo":{"@type":"ImageObject","inLanguage":"de","@id":"https:\/\/sienna-spider-789091.hostingersite.com\/#\/schema\/logo\/image\/","url":"https:\/\/eurotrader.eu\/wp-content\/uploads\/header-logo.svg","contentUrl":"https:\/\/eurotrader.eu\/wp-content\/uploads\/header-logo.svg","width":184,"height":28,"caption":"Eurotrader"},"image":{"@id":"https:\/\/sienna-spider-789091.hostingersite.com\/#\/schema\/logo\/image\/"}}]}},"_hostinger_reach_plugin_has_subscription_block":false,"_hostinger_reach_plugin_is_elementor":false,"_links":{"self":[{"href":"https:\/\/eurotrader.eu\/de\/wp-json\/wp\/v2\/pages\/6584","targetHints":{"allow":["GET"]}}],"collection":[{"href":"https:\/\/eurotrader.eu\/de\/wp-json\/wp\/v2\/pages"}],"about":[{"href":"https:\/\/eurotrader.eu\/de\/wp-json\/wp\/v2\/types\/page"}],"author":[{"embeddable":true,"href":"https:\/\/eurotrader.eu\/de\/wp-json\/wp\/v2\/users\/14"}],"replies":[{"embeddable":true,"href":"https:\/\/eurotrader.eu\/de\/wp-json\/wp\/v2\/comments?post=6584"}],"version-history":[{"count":1,"href":"https:\/\/eurotrader.eu\/de\/wp-json\/wp\/v2\/pages\/6584\/revisions"}],"predecessor-version":[{"id":6595,"href":"https:\/\/eurotrader.eu\/de\/wp-json\/wp\/v2\/pages\/6584\/revisions\/6595"}],"wp:attachment":[{"href":"https:\/\/eurotrader.eu\/de\/wp-json\/wp\/v2\/media?parent=6584"}],"curies":[{"name":"wp","href":"https:\/\/api.w.org\/{rel}","templated":true}]}}