{"id":6630,"date":"2023-11-14T19:36:45","date_gmt":"2023-11-14T19:36:45","guid":{"rendered":"https:\/\/www.eurotrader.eu\/leverage-and-margin-requirements\/"},"modified":"2025-01-08T07:50:24","modified_gmt":"2025-01-08T07:50:24","slug":"leverage-and-margin-requirements","status":"publish","type":"page","link":"https:\/\/eurotrader.eu\/de\/leverage-and-margin-requirements\/","title":{"rendered":"Hebel und Margin-Anforderungen"},"content":{"rendered":"\t\t<div data-elementor-type=\"wp-page\" data-elementor-id=\"6630\" class=\"elementor elementor-6630 elementor-2085\" data-elementor-post-type=\"page\">\n\t\t\t\t<div class=\"elementor-element elementor-element-20d7e951 e-flex e-con-boxed e-con e-parent\" data-id=\"20d7e951\" data-element_type=\"container\">\n\t\t\t\t\t<div class=\"e-con-inner\">\n\t\t\t\t<div class=\"elementor-element elementor-element-70ba4906 elementor-widget elementor-widget-heading\" data-id=\"70ba4906\" data-element_type=\"widget\" data-widget_type=\"heading.default\">\n\t\t\t\t<div class=\"elementor-widget-container\">\n\t\t\t\t\t<h1 class=\"elementor-heading-title elementor-size-default\">Hebel und <br> Margin-Anforderungen<\/h1>\t\t\t\t<\/div>\n\t\t\t\t<\/div>\n\t\t\t\t<div class=\"elementor-element elementor-element-bbf3132 elementor-widget elementor-widget-text-editor\" data-id=\"bbf3132\" data-element_type=\"widget\" data-widget_type=\"text-editor.default\">\n\t\t\t\t<div class=\"elementor-widget-container\">\n\t\t\t\t\t\t\t\t\t<p>Verst\u00e4rken Sie Ihre Handelsergebnisse mit dem Hebel<\/p>\n\t\t\t\t\t\t\t\t<\/div>\n\t\t\t\t<\/div>\n\t\t\t\t<div class=\"elementor-element elementor-element-17bccaf elementor-widget elementor-widget-shortcode\" data-id=\"17bccaf\" data-element_type=\"widget\" data-widget_type=\"shortcode.default\">\n\t\t\t\t<div class=\"elementor-widget-container\">\n\t\t\t\t\t\t\t<div class=\"elementor-shortcode\">EuroTrader bietet eine Hebelwirkung an .<\/div>\n\t\t\t\t\t\t<\/div>\n\t\t\t\t<\/div>\n\t\t\t\t\t<\/div>\n\t\t\t\t<\/div>\n\t\t<div class=\"elementor-element elementor-element-283567dd e-flex e-con-boxed e-con e-parent\" data-id=\"283567dd\" data-element_type=\"container\">\n\t\t\t\t\t<div class=\"e-con-inner\">\n\t\t<div class=\"elementor-element elementor-element-ecf2afa e-flex e-con-boxed e-con e-child\" data-id=\"ecf2afa\" data-element_type=\"container\">\n\t\t\t\t\t<div class=\"e-con-inner\">\n\t\t<div class=\"elementor-element elementor-element-77bbfd69 box-with-shadow-column-1 e-flex e-con-boxed e-con e-child\" data-id=\"77bbfd69\" data-element_type=\"container\" data-settings=\"{&quot;background_background&quot;:&quot;classic&quot;}\">\n\t\t\t\t\t<div class=\"e-con-inner\">\n\t\t<div class=\"elementor-element elementor-element-ae160dd e-con-full e-flex e-con e-child\" data-id=\"ae160dd\" data-element_type=\"container\">\n\t\t\t\t<div class=\"elementor-element elementor-element-6e215622 elementor-widget elementor-widget-heading\" data-id=\"6e215622\" data-element_type=\"widget\" data-widget_type=\"heading.default\">\n\t\t\t\t<div class=\"elementor-widget-container\">\n\t\t\t\t\t<h4 class=\"elementor-heading-title elementor-size-default\">Was ist ein Hebel?<\/h4>\t\t\t\t<\/div>\n\t\t\t\t<\/div>\n\t\t\t\t<div class=\"elementor-element elementor-element-2653ec21 elementor-widget elementor-widget-text-editor\" data-id=\"2653ec21\" data-element_type=\"widget\" data-widget_type=\"text-editor.default\">\n\t\t\t\t<div class=\"elementor-widget-container\">\n\t\t\t\t\t\t\t\t\t<p>Ein Hebel erm\u00f6glicht Ihnen, viel gr\u00f6\u00dfere Positionen zu er\u00f6ffnen, als es Ihr Kontostand normalerweise zulassen w\u00fcrde, indem Sie bei Ihrem Broker leihen. Zum Beispiel bedeutet ein Hebel von 1:100, dass Ihr Broker Kapital bis zum 100-fachen Ihrer Margin-Einzahlung bereitstellt f\u00fcr Sie.<\/p>\n\t\t\t\t\t\t\t\t<\/div>\n\t\t\t\t<\/div>\n\t\t\t\t<div class=\"elementor-element elementor-element-242a3d20 elementor-widget elementor-widget-text-editor\" data-id=\"242a3d20\" data-element_type=\"widget\" data-widget_type=\"text-editor.default\">\n\t\t\t\t<div class=\"elementor-widget-container\">\n\t\t\t\t\t\t\t\t\t<p>Dies verst\u00e4rkt sowohl Gewinne als auch Verluste bei Ihren Trades. W\u00e4hrend der Hebel die Risiken erh\u00f6ht, bietet er Flexibilit\u00e4t, die Positionen zu handeln, die Sie m\u00f6chten.<\/p>\n\t\t\t\t\t\t\t\t<\/div>\n\t\t\t\t<\/div>\n\t\t\t\t<\/div>\n\t\t<div class=\"elementor-element elementor-element-3a9c030b e-con-full e-flex e-con e-child\" data-id=\"3a9c030b\" data-element_type=\"container\">\n\t\t\t\t<div class=\"elementor-element elementor-element-11b2ef07 elementor-widget elementor-widget-image\" data-id=\"11b2ef07\" data-element_type=\"widget\" data-widget_type=\"image.default\">\n\t\t\t\t<div class=\"elementor-widget-container\">\n\t\t\t\t\t\t\t\t\t\t\t\t\t\t\t<img fetchpriority=\"high\" decoding=\"async\" width=\"632\" height=\"274\" src=\"https:\/\/eurotrader.eu\/wp-content\/uploads\/Leverage-1.png\" class=\"attachment-large size-large wp-image-2089\" alt=\"\" \/>\t\t\t\t\t\t\t\t\t\t\t\t\t\t\t<\/div>\n\t\t\t\t<\/div>\n\t\t\t\t<\/div>\n\t\t\t\t\t<\/div>\n\t\t\t\t<\/div>\n\t\t\t\t\t<\/div>\n\t\t\t\t<\/div>\n\t\t\t\t\t<\/div>\n\t\t\t\t<\/div>\n\t\t<div class=\"elementor-element elementor-element-7ae92be6 e-flex e-con-boxed e-con e-parent\" data-id=\"7ae92be6\" data-element_type=\"container\">\n\t\t\t\t\t<div class=\"e-con-inner\">\n\t\t<div class=\"elementor-element elementor-element-6ff1dd54 e-flex e-con-boxed e-con e-child\" data-id=\"6ff1dd54\" data-element_type=\"container\">\n\t\t\t\t\t<div class=\"e-con-inner\">\n\t\t<div class=\"elementor-element elementor-element-16d708ff box-with-shadow-column-1 e-con-full e-flex e-con e-child\" data-id=\"16d708ff\" data-element_type=\"container\" data-settings=\"{&quot;background_background&quot;:&quot;classic&quot;}\">\n\t\t\t\t<div class=\"elementor-element elementor-element-1b9dc9fc elementor-widget elementor-widget-heading\" data-id=\"1b9dc9fc\" data-element_type=\"widget\" data-widget_type=\"heading.default\">\n\t\t\t\t<div class=\"elementor-widget-container\">\n\t\t\t\t\t<h4 class=\"elementor-heading-title elementor-size-default\">Margin-Anforderungen:<\/h4>\t\t\t\t<\/div>\n\t\t\t\t<\/div>\n\t\t\t\t<div class=\"elementor-element elementor-element-3c5b3c93 elementor-widget elementor-widget-text-editor\" data-id=\"3c5b3c93\" data-element_type=\"widget\" data-widget_type=\"text-editor.default\">\n\t\t\t\t<div class=\"elementor-widget-container\">\n\t\t\t\t\t\t\t\t\t<p>Die Margin ist der Betrag an Kapital, der auf Ihrem Konto erforderlich ist, um eine gehebelte Position zu er\u00f6ffnen. Zum Beispiel betr\u00e4gt bei einem Hebel von 1:100 die Margin-Anforderung in der Regel 1 % der Positionsgr\u00f6\u00dfe.<\/p>\n\t\t\t\t\t\t\t\t<\/div>\n\t\t\t\t<\/div>\n\t\t\t\t<div class=\"elementor-element elementor-element-3189004 elementor-widget elementor-widget-shortcode\" data-id=\"3189004\" data-element_type=\"widget\" data-widget_type=\"shortcode.default\">\n\t\t\t\t<div class=\"elementor-widget-container\">\n\t\t\t\t\t\t\t<div class=\"elementor-shortcode\">Wir bieten einen Hebel an. Nutzen Sie unsere niedrigeren anf\u00e4nglichen Margin-S\u00e4tze, um Ihr Kapital effektiver einsetzen zu k\u00f6nnen.<\/div>\n\t\t\t\t\t\t<\/div>\n\t\t\t\t<\/div>\n\t\t\t\t<div class=\"elementor-element elementor-element-4f8c7945 btn gold-btn elementor-widget elementor-widget-button\" data-id=\"4f8c7945\" data-element_type=\"widget\" data-widget_type=\"button.default\">\n\t\t\t\t<div class=\"elementor-widget-container\">\n\t\t\t\t\t\t\t\t\t<div class=\"elementor-button-wrapper\">\n\t\t\t\t\t<a class=\"elementor-button elementor-button-link elementor-size-sm\" href=\"https:\/\/eurotrader.eu\/de\/all-in-one-calculator\/\">\n\t\t\t\t\t\t<span class=\"elementor-button-content-wrapper\">\n\t\t\t\t\t\t\t\t\t<span class=\"elementor-button-text\">Rechnen<\/span>\n\t\t\t\t\t<\/span>\n\t\t\t\t\t<\/a>\n\t\t\t\t<\/div>\n\t\t\t\t\t\t\t\t<\/div>\n\t\t\t\t<\/div>\n\t\t\t\t<\/div>\n\t\t<div class=\"elementor-element elementor-element-26a1ed12 box-with-shadow-column-1 e-con-full e-flex e-con e-child\" data-id=\"26a1ed12\" data-element_type=\"container\" data-settings=\"{&quot;background_background&quot;:&quot;classic&quot;}\">\n\t\t\t\t<div class=\"elementor-element elementor-element-7d68278b elementor-widget elementor-widget-heading\" data-id=\"7d68278b\" data-element_type=\"widget\" data-widget_type=\"heading.default\">\n\t\t\t\t<div class=\"elementor-widget-container\">\n\t\t\t\t\t<h4 class=\"elementor-heading-title elementor-size-default\">Verantwortungsbewusstes Handeln:<\/h4>\t\t\t\t<\/div>\n\t\t\t\t<\/div>\n\t\t\t\t<div class=\"elementor-element elementor-element-c38d3b3 elementor-widget elementor-widget-text-editor\" data-id=\"c38d3b3\" data-element_type=\"widget\" data-widget_type=\"text-editor.default\">\n\t\t\t\t<div class=\"elementor-widget-container\">\n\t\t\t\t\t\t\t\t\t<p>W\u00e4hrend der Hebel mehr Handelsflexibilit\u00e4t bietet, erh\u00f6hen sich auch die Risiken. \u00dcberwachen Sie Ihr Eigenkapital genau und verwenden Sie den Stop-Loss. Risikieren Sie niemals mehr Kapital, als Sie sich leisten k\u00f6nnen zu verlieren.<\/p>\n\t\t\t\t\t\t\t\t<\/div>\n\t\t\t\t<\/div>\n\t\t\t\t<\/div>\n\t\t\t\t\t<\/div>\n\t\t\t\t<\/div>\n\t\t\t\t\t<\/div>\n\t\t\t\t<\/div>\n\t\t<div class=\"elementor-element elementor-element-51d671f1 e-flex e-con-boxed e-con e-parent\" data-id=\"51d671f1\" data-element_type=\"container\">\n\t\t\t\t\t<div class=\"e-con-inner\">\n\t\t<div class=\"elementor-element elementor-element-7bae4179 e-flex e-con-boxed e-con e-child\" data-id=\"7bae4179\" data-element_type=\"container\">\n\t\t\t\t\t<div class=\"e-con-inner\">\n\t\t<div class=\"elementor-element elementor-element-5d0f8496 box-with-shadow-column-1 contact-for-support e-flex e-con-boxed e-con e-child\" data-id=\"5d0f8496\" data-element_type=\"container\" data-settings=\"{&quot;background_background&quot;:&quot;classic&quot;}\">\n\t\t\t\t\t<div class=\"e-con-inner\">\n\t\t<div class=\"elementor-element elementor-element-640c6e9d e-flex e-con-boxed e-con e-child\" data-id=\"640c6e9d\" data-element_type=\"container\">\n\t\t\t\t\t<div class=\"e-con-inner\">\n\t\t\t\t<div class=\"elementor-element elementor-element-4df486df elementor-widget elementor-widget-text-editor\" data-id=\"4df486df\" data-element_type=\"widget\" data-widget_type=\"text-editor.default\">\n\t\t\t\t<div class=\"elementor-widget-container\">\n\t\t\t\t\t\t\t\t\t<p>Haben Sie Fragen? <a href=\"https:\/\/eurotrader.eu\/de\/contact\/\">Wenden Sie sich an unser Support-Team<\/a> wenn Sie Fragen zur Auftragsausf\u00fchrung, zu Slippage oder zu unseren Handelsplattformen im Allgemeinen haben.<\/p>\n\t\t\t\t\t\t\t\t<\/div>\n\t\t\t\t<\/div>\n\t\t\t\t\t<\/div>\n\t\t\t\t<\/div>\n\t\t\t\t\t<\/div>\n\t\t\t\t<\/div>\n\t\t\t\t\t<\/div>\n\t\t\t\t<\/div>\n\t\t\t\t\t<\/div>\n\t\t\t\t<\/div>\n\t\t<div class=\"elementor-element elementor-element-8e4b2ec e-flex e-con-boxed e-con e-parent\" data-id=\"8e4b2ec\" data-element_type=\"container\">\n\t\t\t\t\t<div class=\"e-con-inner\">\n\t\t\t\t<div class=\"elementor-element elementor-element-92e555b elementor-widget elementor-widget-shortcode\" data-id=\"92e555b\" data-element_type=\"widget\" data-widget_type=\"shortcode.default\">\n\t\t\t\t<div class=\"elementor-widget-container\">\n\t\t\t\t\t\t\t<div class=\"elementor-shortcode\"><\/div>\n\t\t\t\t\t\t<\/div>\n\t\t\t\t<\/div>\n\t\t\t\t\t<\/div>\n\t\t\t\t<\/div>\n\t\t<div class=\"elementor-element elementor-element-76568bcb e-con-full e-flex e-con e-parent\" data-id=\"76568bcb\" data-element_type=\"container\" data-settings=\"{&quot;background_background&quot;:&quot;classic&quot;}\">\n\t\t\t\t<div class=\"elementor-element elementor-element-6760db67 elementor-widget elementor-widget-shortcode\" data-id=\"6760db67\" data-element_type=\"widget\" data-widget_type=\"shortcode.default\">\n\t\t\t\t<div class=\"elementor-widget-container\">\n\t\t\t\t\t\t\t<div class=\"elementor-shortcode\"><div class=\"trading-in-action flex-d container\"><div><h2 class=\"white-c mobile-text-center\">Ready to experience low-cost trading in action?<\/h2><p class=\"white-c mobile-text-center\">Open a risk-free demo account to practice trading with leverage and margin. Then trade live markets flexibly.<\/p><\/div><div class=\"flex-d\"><div class=\"gold-btn btn\"><a href=\"\" target=\"_blank\">Start Trading<\/a><\/div><\/div><\/div><\/div>\n\t\t\t\t\t\t<\/div>\n\t\t\t\t<\/div>\n\t\t\t\t<\/div>\n\t\t\t\t<\/div>\n\t\t","protected":false},"excerpt":{"rendered":"<p>Hebel und Margin-Anforderungen Verst\u00e4rken Sie Ihre Handelsergebnisse mit dem Hebel EuroTrader bietet eine Hebelwirkung an . Was ist ein Hebel? Ein Hebel erm\u00f6glicht Ihnen, viel gr\u00f6\u00dfere Positionen zu er\u00f6ffnen, als es Ihr Kontostand normalerweise zulassen w\u00fcrde, indem Sie bei Ihrem Broker leihen. Zum Beispiel bedeutet ein Hebel von 1:100, dass Ihr Broker Kapital bis zum [&hellip;]<\/p>\n","protected":false},"author":14,"featured_media":0,"parent":0,"menu_order":0,"comment_status":"closed","ping_status":"closed","template":"","meta":{"_acf_changed":false,"footnotes":""},"class_list":["post-6630","page","type-page","status-publish","hentry"],"acf":[],"yoast_head":"<!-- This site is optimized with the Yoast SEO plugin v26.4 - https:\/\/yoast.com\/wordpress\/plugins\/seo\/ -->\n<title>Hebel und Margin-Anforderungen - Eurotrader<\/title>\n<meta name=\"robots\" content=\"index, follow, max-snippet:-1, max-image-preview:large, max-video-preview:-1\" \/>\n<meta property=\"og:locale\" content=\"de_DE\" \/>\n<meta property=\"og:type\" content=\"article\" \/>\n<meta property=\"og:title\" content=\"Hebel und Margin-Anforderungen - Eurotrader\" \/>\n<meta property=\"og:description\" content=\"Hebel und Margin-Anforderungen Verst\u00e4rken Sie Ihre Handelsergebnisse mit dem Hebel EuroTrader bietet eine Hebelwirkung an . Was ist ein Hebel? Ein Hebel erm\u00f6glicht Ihnen, viel gr\u00f6\u00dfere Positionen zu er\u00f6ffnen, als es Ihr Kontostand normalerweise zulassen w\u00fcrde, indem Sie bei Ihrem Broker leihen. Zum Beispiel bedeutet ein Hebel von 1:100, dass Ihr Broker Kapital bis zum [&hellip;]\" \/>\n<meta property=\"og:url\" content=\"https:\/\/eurotrader.eu\/leverage-and-margin-requirements\/\" \/>\n<meta property=\"og:site_name\" content=\"Eurotrader\" \/>\n<meta property=\"article:modified_time\" content=\"2025-01-08T07:50:24+00:00\" \/>\n<meta property=\"og:image\" content=\"https:\/\/eurotrader.eu\/wp-content\/uploads\/Leverage-1.png\" \/>\n<meta name=\"twitter:card\" content=\"summary_large_image\" \/>\n<meta name=\"twitter:label1\" content=\"Gesch\u00e4tzte Lesezeit\" \/>\n\t<meta name=\"twitter:data1\" content=\"1\u00a0Minute\" \/>\n<script type=\"application\/ld+json\" class=\"yoast-schema-graph\">{\"@context\":\"https:\/\/schema.org\",\"@graph\":[{\"@type\":\"WebPage\",\"@id\":\"https:\/\/eurotrader.eu\/leverage-and-margin-requirements\/\",\"url\":\"https:\/\/eurotrader.eu\/leverage-and-margin-requirements\/\",\"name\":\"Hebel und Margin-Anforderungen - Eurotrader\",\"isPartOf\":{\"@id\":\"https:\/\/sienna-spider-789091.hostingersite.com\/#website\"},\"primaryImageOfPage\":{\"@id\":\"https:\/\/eurotrader.eu\/leverage-and-margin-requirements\/#primaryimage\"},\"image\":{\"@id\":\"https:\/\/eurotrader.eu\/leverage-and-margin-requirements\/#primaryimage\"},\"thumbnailUrl\":\"https:\/\/eurotrader.eu\/wp-content\/uploads\/Leverage-1.png\",\"datePublished\":\"2023-11-14T19:36:45+00:00\",\"dateModified\":\"2025-01-08T07:50:24+00:00\",\"breadcrumb\":{\"@id\":\"https:\/\/eurotrader.eu\/leverage-and-margin-requirements\/#breadcrumb\"},\"inLanguage\":\"de\",\"potentialAction\":[{\"@type\":\"ReadAction\",\"target\":[\"https:\/\/eurotrader.eu\/leverage-and-margin-requirements\/\"]}]},{\"@type\":\"ImageObject\",\"inLanguage\":\"de\",\"@id\":\"https:\/\/eurotrader.eu\/leverage-and-margin-requirements\/#primaryimage\",\"url\":\"https:\/\/eurotrader.eu\/wp-content\/uploads\/Leverage-1.png\",\"contentUrl\":\"https:\/\/eurotrader.eu\/wp-content\/uploads\/Leverage-1.png\"},{\"@type\":\"BreadcrumbList\",\"@id\":\"https:\/\/eurotrader.eu\/leverage-and-margin-requirements\/#breadcrumb\",\"itemListElement\":[{\"@type\":\"ListItem\",\"position\":1,\"name\":\"Home\",\"item\":\"https:\/\/eurotrader.eu\/de\/\"},{\"@type\":\"ListItem\",\"position\":2,\"name\":\"Hebel und Margin-Anforderungen\"}]},{\"@type\":\"WebSite\",\"@id\":\"https:\/\/sienna-spider-789091.hostingersite.com\/#website\",\"url\":\"https:\/\/sienna-spider-789091.hostingersite.com\/\",\"name\":\"Eurotrader\",\"description\":\"\",\"publisher\":{\"@id\":\"https:\/\/sienna-spider-789091.hostingersite.com\/#organization\"},\"potentialAction\":[{\"@type\":\"SearchAction\",\"target\":{\"@type\":\"EntryPoint\",\"urlTemplate\":\"https:\/\/sienna-spider-789091.hostingersite.com\/?s={search_term_string}\"},\"query-input\":{\"@type\":\"PropertyValueSpecification\",\"valueRequired\":true,\"valueName\":\"search_term_string\"}}],\"inLanguage\":\"de\"},{\"@type\":\"Organization\",\"@id\":\"https:\/\/sienna-spider-789091.hostingersite.com\/#organization\",\"name\":\"Eurotrader\",\"url\":\"https:\/\/sienna-spider-789091.hostingersite.com\/\",\"logo\":{\"@type\":\"ImageObject\",\"inLanguage\":\"de\",\"@id\":\"https:\/\/sienna-spider-789091.hostingersite.com\/#\/schema\/logo\/image\/\",\"url\":\"https:\/\/eurotrader.eu\/wp-content\/uploads\/header-logo.svg\",\"contentUrl\":\"https:\/\/eurotrader.eu\/wp-content\/uploads\/header-logo.svg\",\"width\":184,\"height\":28,\"caption\":\"Eurotrader\"},\"image\":{\"@id\":\"https:\/\/sienna-spider-789091.hostingersite.com\/#\/schema\/logo\/image\/\"}}]}<\/script>\n<!-- \/ Yoast SEO plugin. -->","yoast_head_json":{"title":"Hebel und Margin-Anforderungen - Eurotrader","robots":{"index":"index","follow":"follow","max-snippet":"max-snippet:-1","max-image-preview":"max-image-preview:large","max-video-preview":"max-video-preview:-1"},"og_locale":"de_DE","og_type":"article","og_title":"Hebel und Margin-Anforderungen - Eurotrader","og_description":"Hebel und Margin-Anforderungen Verst\u00e4rken Sie Ihre Handelsergebnisse mit dem Hebel EuroTrader bietet eine Hebelwirkung an . Was ist ein Hebel? Ein Hebel erm\u00f6glicht Ihnen, viel gr\u00f6\u00dfere Positionen zu er\u00f6ffnen, als es Ihr Kontostand normalerweise zulassen w\u00fcrde, indem Sie bei Ihrem Broker leihen. Zum Beispiel bedeutet ein Hebel von 1:100, dass Ihr Broker Kapital bis zum [&hellip;]","og_url":"https:\/\/eurotrader.eu\/leverage-and-margin-requirements\/","og_site_name":"Eurotrader","article_modified_time":"2025-01-08T07:50:24+00:00","og_image":[{"url":"https:\/\/eurotrader.eu\/wp-content\/uploads\/Leverage-1.png","type":"","width":"","height":""}],"twitter_card":"summary_large_image","twitter_misc":{"Gesch\u00e4tzte Lesezeit":"1\u00a0Minute"},"schema":{"@context":"https:\/\/schema.org","@graph":[{"@type":"WebPage","@id":"https:\/\/eurotrader.eu\/leverage-and-margin-requirements\/","url":"https:\/\/eurotrader.eu\/leverage-and-margin-requirements\/","name":"Hebel und Margin-Anforderungen - Eurotrader","isPartOf":{"@id":"https:\/\/sienna-spider-789091.hostingersite.com\/#website"},"primaryImageOfPage":{"@id":"https:\/\/eurotrader.eu\/leverage-and-margin-requirements\/#primaryimage"},"image":{"@id":"https:\/\/eurotrader.eu\/leverage-and-margin-requirements\/#primaryimage"},"thumbnailUrl":"https:\/\/eurotrader.eu\/wp-content\/uploads\/Leverage-1.png","datePublished":"2023-11-14T19:36:45+00:00","dateModified":"2025-01-08T07:50:24+00:00","breadcrumb":{"@id":"https:\/\/eurotrader.eu\/leverage-and-margin-requirements\/#breadcrumb"},"inLanguage":"de","potentialAction":[{"@type":"ReadAction","target":["https:\/\/eurotrader.eu\/leverage-and-margin-requirements\/"]}]},{"@type":"ImageObject","inLanguage":"de","@id":"https:\/\/eurotrader.eu\/leverage-and-margin-requirements\/#primaryimage","url":"https:\/\/eurotrader.eu\/wp-content\/uploads\/Leverage-1.png","contentUrl":"https:\/\/eurotrader.eu\/wp-content\/uploads\/Leverage-1.png"},{"@type":"BreadcrumbList","@id":"https:\/\/eurotrader.eu\/leverage-and-margin-requirements\/#breadcrumb","itemListElement":[{"@type":"ListItem","position":1,"name":"Home","item":"https:\/\/eurotrader.eu\/de\/"},{"@type":"ListItem","position":2,"name":"Hebel und Margin-Anforderungen"}]},{"@type":"WebSite","@id":"https:\/\/sienna-spider-789091.hostingersite.com\/#website","url":"https:\/\/sienna-spider-789091.hostingersite.com\/","name":"Eurotrader","description":"","publisher":{"@id":"https:\/\/sienna-spider-789091.hostingersite.com\/#organization"},"potentialAction":[{"@type":"SearchAction","target":{"@type":"EntryPoint","urlTemplate":"https:\/\/sienna-spider-789091.hostingersite.com\/?s={search_term_string}"},"query-input":{"@type":"PropertyValueSpecification","valueRequired":true,"valueName":"search_term_string"}}],"inLanguage":"de"},{"@type":"Organization","@id":"https:\/\/sienna-spider-789091.hostingersite.com\/#organization","name":"Eurotrader","url":"https:\/\/sienna-spider-789091.hostingersite.com\/","logo":{"@type":"ImageObject","inLanguage":"de","@id":"https:\/\/sienna-spider-789091.hostingersite.com\/#\/schema\/logo\/image\/","url":"https:\/\/eurotrader.eu\/wp-content\/uploads\/header-logo.svg","contentUrl":"https:\/\/eurotrader.eu\/wp-content\/uploads\/header-logo.svg","width":184,"height":28,"caption":"Eurotrader"},"image":{"@id":"https:\/\/sienna-spider-789091.hostingersite.com\/#\/schema\/logo\/image\/"}}]}},"_hostinger_reach_plugin_has_subscription_block":false,"_hostinger_reach_plugin_is_elementor":false,"_links":{"self":[{"href":"https:\/\/eurotrader.eu\/de\/wp-json\/wp\/v2\/pages\/6630","targetHints":{"allow":["GET"]}}],"collection":[{"href":"https:\/\/eurotrader.eu\/de\/wp-json\/wp\/v2\/pages"}],"about":[{"href":"https:\/\/eurotrader.eu\/de\/wp-json\/wp\/v2\/types\/page"}],"author":[{"embeddable":true,"href":"https:\/\/eurotrader.eu\/de\/wp-json\/wp\/v2\/users\/14"}],"replies":[{"embeddable":true,"href":"https:\/\/eurotrader.eu\/de\/wp-json\/wp\/v2\/comments?post=6630"}],"version-history":[{"count":1,"href":"https:\/\/eurotrader.eu\/de\/wp-json\/wp\/v2\/pages\/6630\/revisions"}],"predecessor-version":[{"id":6632,"href":"https:\/\/eurotrader.eu\/de\/wp-json\/wp\/v2\/pages\/6630\/revisions\/6632"}],"wp:attachment":[{"href":"https:\/\/eurotrader.eu\/de\/wp-json\/wp\/v2\/media?parent=6630"}],"curies":[{"name":"wp","href":"https:\/\/api.w.org\/{rel}","templated":true}]}}