{"id":6633,"date":"2024-01-22T13:31:27","date_gmt":"2024-01-22T13:31:27","guid":{"rendered":"https:\/\/www.eurotrader.eu\/margin-calculator\/"},"modified":"2025-01-08T07:50:35","modified_gmt":"2025-01-08T07:50:35","slug":"margin-calculator","status":"publish","type":"page","link":"https:\/\/eurotrader.eu\/de\/margin-calculator\/","title":{"rendered":"Margenrechner"},"content":{"rendered":"\t\t<div data-elementor-type=\"wp-page\" data-elementor-id=\"6633\" class=\"elementor elementor-6633 elementor-4330\" data-elementor-post-type=\"page\">\n\t\t\t\t<div class=\"elementor-element elementor-element-1571fe6d e-flex e-con-boxed e-con e-parent\" data-id=\"1571fe6d\" data-element_type=\"container\">\n\t\t\t\t\t<div class=\"e-con-inner\">\n\t\t<div class=\"elementor-element elementor-element-3ff8795a e-flex e-con-boxed e-con e-child\" data-id=\"3ff8795a\" data-element_type=\"container\">\n\t\t\t\t\t<div class=\"e-con-inner\">\n\t\t\t\t<div class=\"elementor-element elementor-element-355fcdd4 elementor-widget elementor-widget-heading\" data-id=\"355fcdd4\" data-element_type=\"widget\" data-widget_type=\"heading.default\">\n\t\t\t\t<div class=\"elementor-widget-container\">\n\t\t\t\t\t<h1 class=\"elementor-heading-title elementor-size-default\">Margenrechner<\/h1>\t\t\t\t<\/div>\n\t\t\t\t<\/div>\n\t\t\t\t<div class=\"elementor-element elementor-element-5e360586 small-width-content  center-content  elementor-widget elementor-widget-text-editor\" data-id=\"5e360586\" data-element_type=\"widget\" data-widget_type=\"text-editor.default\">\n\t\t\t\t<div class=\"elementor-widget-container\">\n\t\t\t\t\t\t\t\t\t<p>Die Kenntnis der Marge ist f\u00fcr Ihre Risikomanagementstrategie unerl\u00e4sslich. Nutzen Sie unseren Margenrechner, um den Mindestbetrag zu ermitteln, den Sie ben\u00f6tigen, um eine neue Position zu er\u00f6ffnen und zu halten.<\/p>\n\t\t\t\t\t\t\t\t<\/div>\n\t\t\t\t<\/div>\n\t\t\t\t\t<\/div>\n\t\t\t\t<\/div>\n\t\t\t\t\t<\/div>\n\t\t\t\t<\/div>\n\t\t<div class=\"elementor-element elementor-element-23352f9 e-flex e-con-boxed e-con e-parent\" data-id=\"23352f9\" data-element_type=\"container\">\n\t\t\t\t\t<div class=\"e-con-inner\">\n\t\t\t\t<div class=\"elementor-element elementor-element-7f781344 elementor-widget elementor-widget-shortcode\" data-id=\"7f781344\" data-element_type=\"widget\" data-widget_type=\"shortcode.default\">\n\t\t\t\t<div class=\"elementor-widget-container\">\n\t\t\t\t\t    <form id=\"allInOneCalculator-form\" class=\"calculator\"> \n        <div class=\"calculator-fields\">\n            <div class=\"form-group\"><label for=\"instruments\">Instruments<\/label><select class=\"form-control\" id=\"instruments\" name=\"Instruments\" required><option><\/option><option value='AUDCAD' max-leverage='1:20' swapLong='-0.92' swapShort='-2.80' symbolSpread='2.60' >AUDCAD<\/option><option value='AUDCHF' max-leverage='1:20' swapLong='3.87' swapShort='-7.83' symbolSpread='2.70' >AUDCHF<\/option><option value='AUDJPY' max-leverage='1:20' swapLong='8.33' swapShort='-16.20' symbolSpread='1.70' >AUDJPY<\/option><option value='AUDNZD' max-leverage='1:20' swapLong='-3.42' swapShort='-1.22' symbolSpread='2.00' >AUDNZD<\/option><option value='AUDUSD' max-leverage='1:20' swapLong='-2.38' swapShort='0.12' symbolSpread='1.20' >AUDUSD<\/option><option value='CADCHF' max-leverage='1:20' swapLong='3.90' swapShort='-7.50' symbolSpread='3.40' >CADCHF<\/option><option value='CADJPY' max-leverage='1:20' swapLong='8.52' swapShort='-16.41' symbolSpread='3.00' >CADJPY<\/option><option value='CHFJPY' max-leverage='1:20' swapLong='0.99' swapShort='-7.46' symbolSpread='2.80' >CHFJPY<\/option><option value='EURAUD' max-leverage='1:20' swapLong='-7.73' swapShort='1.11' symbolSpread='3.10' >EURAUD<\/option><option value='EURCAD' max-leverage='1:20' swapLong='-5.78' swapShort='0.20' symbolSpread='4.20' >EURCAD<\/option><option value='EURCHF' max-leverage='1:20' swapLong='4.45' swapShort='-9.98' symbolSpread='2.60' >EURCHF<\/option><option value='EURCZK' max-leverage='' swapLong='-12.88' swapShort='-1.97' symbolSpread='252.00' >EURCZK<\/option><option value='EURDKK' max-leverage='' swapLong='-14.67' swapShort='-32.50' symbolSpread='9.50' >EURDKK<\/option><option value='EURGBP' max-leverage='1:30' swapLong='-5.74' swapShort='1.85' symbolSpread='1.60' >EURGBP<\/option><option value='EURHUF' max-leverage='' swapLong='-57.64' swapShort='16.52' symbolSpread='3170.00' >EURHUF<\/option><option value='EURJPY' max-leverage='1:20' swapLong='10.67' swapShort='-21.33' symbolSpread='2.90' >EURJPY<\/option><option value='EURNOK' max-leverage='' swapLong='-75.00' swapShort='6.80' symbolSpread='160.00' >EURNOK<\/option><option value='EURNZD' max-leverage='1:20' swapLong='-10.60' swapShort='2.32' symbolSpread='6.30' >EURNZD<\/option><option value='EURPLN' max-leverage='' swapLong='-60.27' swapShort='11.86' symbolSpread='29.00' >EURPLN<\/option><option value='EURSEK' max-leverage='' swapLong='-19.15' swapShort='-36.18' symbolSpread='111.00' >EURSEK<\/option><option value='EURSGD' max-leverage='' swapLong='-2.93' swapShort='-6.77' symbolSpread='21.00' >EURSGD<\/option><option value='EURTRY' max-leverage='' swapLong='-2884.12' swapShort='202.56' symbolSpread='1828.80' >EURTRY<\/option><option value='EURUSD' max-leverage='1:30' swapLong='-6.71' swapShort='2.48' symbolSpread='1.00' >EURUSD<\/option><option value='EURZAR' max-leverage='' swapLong='-346.38' swapShort='132.07' symbolSpread='104.00' >EURZAR<\/option><option value='GBPAUD' max-leverage='1:20' swapLong='0.40' swapShort='-7.22' symbolSpread='3.60' >GBPAUD<\/option><option value='GBPCAD' max-leverage='1:20' swapLong='1.48' swapShort='-8.34' symbolSpread='3.20' >GBPCAD<\/option><option value='GBPCHF' max-leverage='1:20' swapLong='9.16' swapShort='-17.38' symbolSpread='4.30' >GBPCHF<\/option><option value='GBPHUF' max-leverage='' swapLong='-39.39' swapShort='5.93' symbolSpread='5815.00' >GBPHUF<\/option><option value='GBPJPY' max-leverage='1:20' swapLong='19.08' swapShort='-34.91' symbolSpread='3.40' >GBPJPY<\/option><option value='GBPNOK' max-leverage='' swapLong='-6.58' swapShort='-63.86' symbolSpread='136.55' >GBPNOK<\/option><option value='GBPNZD' max-leverage='1:20' swapLong='-1.93' swapShort='-6.17' symbolSpread='7.20' >GBPNZD<\/option><option value='GBPPLN' max-leverage='' swapLong='-24.98' swapShort='4.40' symbolSpread='50.30' >GBPPLN<\/option><option value='GBPSEK' max-leverage='' swapLong='27.63' swapShort='-120.88' symbolSpread='96.15' >GBPSEK<\/option><option value='GBPSGD' max-leverage='' swapLong='3.26' swapShort='-17.05' symbolSpread='33.80' >GBPSGD<\/option><option value='GBPTRY' max-leverage='' swapLong='-3189.03' swapShort='120.02' symbolSpread='2277.90' >GBPTRY<\/option><option value='GBPUSD' max-leverage='1:30' swapLong='-1.57' swapShort='-1.93' symbolSpread='1.40' >GBPUSD<\/option><option value='NOKSEK' max-leverage='' swapLong='0.49' swapShort='-7.67' symbolSpread='35.00' >NOKSEK<\/option><option value='NZDCAD' max-leverage='1:20' swapLong='-0.04' swapShort='-3.40' symbolSpread='4.50' >NZDCAD<\/option><option value='NZDCHF' max-leverage='1:20' swapLong='3.81' swapShort='-7.71' symbolSpread='3.50' >NZDCHF<\/option><option value='NZDJPY' max-leverage='1:20' swapLong='8.21' swapShort='-15.68' symbolSpread='3.20' >NZDJPY<\/option><option value='NZDUSD' max-leverage='1:30' swapLong='-1.73' swapShort='-0.62' symbolSpread='1.60' >NZDUSD<\/option><option value='USDCAD' max-leverage='1:30' swapLong='1.17' swapShort='-5.88' symbolSpread='1.80' >USDCAD<\/option><option value='USDCHF' max-leverage='1:30' swapLong='6.93' swapShort='-13.03' symbolSpread='1.50' >USDCHF<\/option><option value='USDCNH' max-leverage='' swapLong='26.42' swapShort='-121.71' symbolSpread='15.20' >USDCNH<\/option><option value='USDCZK' max-leverage='' swapLong='-0.02' swapShort='-1.23' symbolSpread='233.00' >USDCZK<\/option><option value='USDDKK' max-leverage='' swapLong='12.02' swapShort='-69.56' symbolSpread='9.10' >USDDKK<\/option><option value='USDHKD' max-leverage='' swapLong='-6.97' swapShort='-42.61' symbolSpread='14.90' >USDHKD<\/option><option value='USDHUF' max-leverage='' swapLong='-30.94' swapShort='5.27' symbolSpread='3600.00' >USDHUF<\/option><option value='USDILS' max-leverage='' swapLong='-8.70' swapShort='-13.90' symbolSpread='80.00' >USDILS<\/option><option value='USDJPY' max-leverage='1:30' swapLong='15.10' swapShort='-25.76' symbolSpread='1.20' >USDJPY<\/option><option value='USDMXN' max-leverage='' swapLong='-528.33' swapShort='226.99' symbolSpread='103.70' >USDMXN<\/option><option value='USDNOK' max-leverage='' swapLong='-7.21' swapShort='-45.55' symbolSpread='112.00' >USDNOK<\/option><option value='USDPLN' max-leverage='' swapLong='-20.02' swapShort='4.02' symbolSpread='29.00' >USDPLN<\/option><option value='USDRON' max-leverage='' swapLong='-426.77' swapShort='-257.37' symbolSpread='44.45' >USDRON<\/option><option value='USDRUB' max-leverage='' swapLong='-1134.98' swapShort='-668.92' symbolSpread='8261.00' >USDRUB<\/option><option value='USDSEK' max-leverage='' swapLong='20.27' swapShort='-89.56' symbolSpread='74.90' >USDSEK<\/option><option value='USDSGD' max-leverage='' swapLong='2.37' swapShort='-12.73' symbolSpread='5.00' >USDSGD<\/option><option value='USDTRY' max-leverage='' swapLong='-2461.69' swapShort='97.88' symbolSpread='1634.25' >USDTRY<\/option><option value='USDZAR' max-leverage='' swapLong='-245.62' swapShort='66.52' symbolSpread='123.00' >USDZAR<\/option><\/select><\/div><div class=\"form-group\"><label for=\"baseAccountCurrency\">Account Currency<\/label><select class=\"form-control\" id=\"baseAccountCurrency\" name=\"AccountCurrency\" required><option><\/option><option value='EUR'>EUR <\/option><option value='GBP'>GBP <\/option><option value='USD'>USD <\/option><\/select><\/div><div class=\"form-group\"><label for=\"leverage\"> Leverage for Margin <\/label><select class=\"form-control\" id=\"leverage\" name=\"AvailableLeverages\" required><option><\/option><option value='1'>1 <\/option><option value='10'>10 <\/option><option value='20'>20 <\/option><option value='30'>30 <\/option><\/select><\/div><div class=\"form-group\"><label for=\"AllInOneCalculator_tradeSize\">Position Size (In Units):<\/label><input class=\"form-control number-separator\" value=\"100000\" maxlength=\"15\" name=\"AllInOneCalculator[tradeSize]\" id=\"AllInOneCalculator_tradeSize\" type=\"number\" required><\/div>        <\/div>\n\n        <div class=\"calculator-fields\">\n            <div class=\"items\"> <div class=\"item\"><span class=\"label\">Swap Long:<\/span><strong class=\"swap-long\"><\/strong><\/div><div class=\"item\"><span class=\"label\">Swap Short:<\/span><strong class=\"swap-short\"><\/strong><\/div> <\/div>\n            <div class=\"items\"> <div class=\"item\"><span class=\"label\">Median Spread:<\/span><strong class=\"symbol-spread\"><\/strong><\/div> <\/div>\n        <\/div>\n    \n        <div class=\"btn-container\">\n            <input class=\"btn gold-btn\" type=\"submit\" value=\"Calculate\">\n        <\/div>\n    <\/form>\n\n\n\n    <div id=\"form-result\" class=\"calculator-results four-results\">\n        <div class=\"result-container\">\n            <div class=\"list-item result-margin\">\n                <span class=\"label\">Required margin:<\/span>\n                <div class=\"resettable-field\">0.00<\/div>\n            <\/div>\n        <\/div>\n        <div class=\"result-container\">\n            <div class=\"list-item result-pip\">\n                <span class=\"label\">Pip Value:<\/span>\n                <div class=\"resettable-field\">0.00<\/div>\n            <\/div>\n        <\/div>\n        <div class=\"result-container\">\n            <div class=\"list-item result-swap-long\">\n                <span class=\"label\">Swap Long:<\/span>\n                <div class=\"resettable-field\">0.00<\/div>\n            <\/div>\n        <\/div>\n        <div class=\"result-container\">\n            <div class=\"list-item result-swap-short\">\n                <span class=\"label\">Swap Short:<\/span>\n                <div class=\"resettable-field\">0.00<\/div>\n            <\/div>\n        <\/div>\n    <\/div>\n\n    \t\t<div class=\"elementor-shortcode\"><\/div>\n\t\t\t\t\t\t<\/div>\n\t\t\t\t<\/div>\n\t\t\t\t\t<\/div>\n\t\t\t\t<\/div>\n\t\t\t\t<\/div>\n\t\t","protected":false},"excerpt":{"rendered":"<p>Margenrechner Die Kenntnis der Marge ist f\u00fcr Ihre Risikomanagementstrategie unerl\u00e4sslich. Nutzen Sie unseren Margenrechner, um den Mindestbetrag zu ermitteln, den Sie ben\u00f6tigen, um eine neue Position zu er\u00f6ffnen und zu halten.<\/p>\n","protected":false},"author":14,"featured_media":0,"parent":0,"menu_order":0,"comment_status":"closed","ping_status":"closed","template":"","meta":{"_acf_changed":false,"footnotes":""},"class_list":["post-6633","page","type-page","status-publish","hentry"],"acf":[],"yoast_head":"<!-- This site is optimized with the Yoast SEO plugin v26.4 - https:\/\/yoast.com\/wordpress\/plugins\/seo\/ -->\n<title>Margenrechner - Eurotrader<\/title>\n<meta name=\"robots\" content=\"index, follow, max-snippet:-1, max-image-preview:large, max-video-preview:-1\" \/>\n<meta property=\"og:locale\" content=\"de_DE\" \/>\n<meta property=\"og:type\" content=\"article\" \/>\n<meta property=\"og:title\" content=\"Margenrechner - Eurotrader\" \/>\n<meta property=\"og:description\" content=\"Margenrechner Die Kenntnis der Marge ist f\u00fcr Ihre Risikomanagementstrategie unerl\u00e4sslich. Nutzen Sie unseren Margenrechner, um den Mindestbetrag zu ermitteln, den Sie ben\u00f6tigen, um eine neue Position zu er\u00f6ffnen und zu halten.\" \/>\n<meta property=\"og:url\" content=\"https:\/\/eurotrader.eu\/margin-calculator\/\" \/>\n<meta property=\"og:site_name\" content=\"Eurotrader\" \/>\n<meta property=\"article:modified_time\" content=\"2025-01-08T07:50:35+00:00\" \/>\n<meta name=\"twitter:card\" content=\"summary_large_image\" \/>\n<script type=\"application\/ld+json\" class=\"yoast-schema-graph\">{\"@context\":\"https:\/\/schema.org\",\"@graph\":[{\"@type\":\"WebPage\",\"@id\":\"https:\/\/eurotrader.eu\/margin-calculator\/\",\"url\":\"https:\/\/eurotrader.eu\/margin-calculator\/\",\"name\":\"Margenrechner - Eurotrader\",\"isPartOf\":{\"@id\":\"https:\/\/sienna-spider-789091.hostingersite.com\/#website\"},\"datePublished\":\"2024-01-22T13:31:27+00:00\",\"dateModified\":\"2025-01-08T07:50:35+00:00\",\"breadcrumb\":{\"@id\":\"https:\/\/eurotrader.eu\/margin-calculator\/#breadcrumb\"},\"inLanguage\":\"de\",\"potentialAction\":[{\"@type\":\"ReadAction\",\"target\":[\"https:\/\/eurotrader.eu\/margin-calculator\/\"]}]},{\"@type\":\"BreadcrumbList\",\"@id\":\"https:\/\/eurotrader.eu\/margin-calculator\/#breadcrumb\",\"itemListElement\":[{\"@type\":\"ListItem\",\"position\":1,\"name\":\"Home\",\"item\":\"https:\/\/eurotrader.eu\/de\/\"},{\"@type\":\"ListItem\",\"position\":2,\"name\":\"Margenrechner\"}]},{\"@type\":\"WebSite\",\"@id\":\"https:\/\/sienna-spider-789091.hostingersite.com\/#website\",\"url\":\"https:\/\/sienna-spider-789091.hostingersite.com\/\",\"name\":\"Eurotrader\",\"description\":\"\",\"publisher\":{\"@id\":\"https:\/\/sienna-spider-789091.hostingersite.com\/#organization\"},\"potentialAction\":[{\"@type\":\"SearchAction\",\"target\":{\"@type\":\"EntryPoint\",\"urlTemplate\":\"https:\/\/sienna-spider-789091.hostingersite.com\/?s={search_term_string}\"},\"query-input\":{\"@type\":\"PropertyValueSpecification\",\"valueRequired\":true,\"valueName\":\"search_term_string\"}}],\"inLanguage\":\"de\"},{\"@type\":\"Organization\",\"@id\":\"https:\/\/sienna-spider-789091.hostingersite.com\/#organization\",\"name\":\"Eurotrader\",\"url\":\"https:\/\/sienna-spider-789091.hostingersite.com\/\",\"logo\":{\"@type\":\"ImageObject\",\"inLanguage\":\"de\",\"@id\":\"https:\/\/sienna-spider-789091.hostingersite.com\/#\/schema\/logo\/image\/\",\"url\":\"https:\/\/eurotrader.eu\/wp-content\/uploads\/header-logo.svg\",\"contentUrl\":\"https:\/\/eurotrader.eu\/wp-content\/uploads\/header-logo.svg\",\"width\":184,\"height\":28,\"caption\":\"Eurotrader\"},\"image\":{\"@id\":\"https:\/\/sienna-spider-789091.hostingersite.com\/#\/schema\/logo\/image\/\"}}]}<\/script>\n<!-- \/ Yoast SEO plugin. -->","yoast_head_json":{"title":"Margenrechner - Eurotrader","robots":{"index":"index","follow":"follow","max-snippet":"max-snippet:-1","max-image-preview":"max-image-preview:large","max-video-preview":"max-video-preview:-1"},"og_locale":"de_DE","og_type":"article","og_title":"Margenrechner - Eurotrader","og_description":"Margenrechner Die Kenntnis der Marge ist f\u00fcr Ihre Risikomanagementstrategie unerl\u00e4sslich. Nutzen Sie unseren Margenrechner, um den Mindestbetrag zu ermitteln, den Sie ben\u00f6tigen, um eine neue Position zu er\u00f6ffnen und zu halten.","og_url":"https:\/\/eurotrader.eu\/margin-calculator\/","og_site_name":"Eurotrader","article_modified_time":"2025-01-08T07:50:35+00:00","twitter_card":"summary_large_image","schema":{"@context":"https:\/\/schema.org","@graph":[{"@type":"WebPage","@id":"https:\/\/eurotrader.eu\/margin-calculator\/","url":"https:\/\/eurotrader.eu\/margin-calculator\/","name":"Margenrechner - Eurotrader","isPartOf":{"@id":"https:\/\/sienna-spider-789091.hostingersite.com\/#website"},"datePublished":"2024-01-22T13:31:27+00:00","dateModified":"2025-01-08T07:50:35+00:00","breadcrumb":{"@id":"https:\/\/eurotrader.eu\/margin-calculator\/#breadcrumb"},"inLanguage":"de","potentialAction":[{"@type":"ReadAction","target":["https:\/\/eurotrader.eu\/margin-calculator\/"]}]},{"@type":"BreadcrumbList","@id":"https:\/\/eurotrader.eu\/margin-calculator\/#breadcrumb","itemListElement":[{"@type":"ListItem","position":1,"name":"Home","item":"https:\/\/eurotrader.eu\/de\/"},{"@type":"ListItem","position":2,"name":"Margenrechner"}]},{"@type":"WebSite","@id":"https:\/\/sienna-spider-789091.hostingersite.com\/#website","url":"https:\/\/sienna-spider-789091.hostingersite.com\/","name":"Eurotrader","description":"","publisher":{"@id":"https:\/\/sienna-spider-789091.hostingersite.com\/#organization"},"potentialAction":[{"@type":"SearchAction","target":{"@type":"EntryPoint","urlTemplate":"https:\/\/sienna-spider-789091.hostingersite.com\/?s={search_term_string}"},"query-input":{"@type":"PropertyValueSpecification","valueRequired":true,"valueName":"search_term_string"}}],"inLanguage":"de"},{"@type":"Organization","@id":"https:\/\/sienna-spider-789091.hostingersite.com\/#organization","name":"Eurotrader","url":"https:\/\/sienna-spider-789091.hostingersite.com\/","logo":{"@type":"ImageObject","inLanguage":"de","@id":"https:\/\/sienna-spider-789091.hostingersite.com\/#\/schema\/logo\/image\/","url":"https:\/\/eurotrader.eu\/wp-content\/uploads\/header-logo.svg","contentUrl":"https:\/\/eurotrader.eu\/wp-content\/uploads\/header-logo.svg","width":184,"height":28,"caption":"Eurotrader"},"image":{"@id":"https:\/\/sienna-spider-789091.hostingersite.com\/#\/schema\/logo\/image\/"}}]}},"_hostinger_reach_plugin_has_subscription_block":false,"_hostinger_reach_plugin_is_elementor":false,"_links":{"self":[{"href":"https:\/\/eurotrader.eu\/de\/wp-json\/wp\/v2\/pages\/6633","targetHints":{"allow":["GET"]}}],"collection":[{"href":"https:\/\/eurotrader.eu\/de\/wp-json\/wp\/v2\/pages"}],"about":[{"href":"https:\/\/eurotrader.eu\/de\/wp-json\/wp\/v2\/types\/page"}],"author":[{"embeddable":true,"href":"https:\/\/eurotrader.eu\/de\/wp-json\/wp\/v2\/users\/14"}],"replies":[{"embeddable":true,"href":"https:\/\/eurotrader.eu\/de\/wp-json\/wp\/v2\/comments?post=6633"}],"version-history":[{"count":1,"href":"https:\/\/eurotrader.eu\/de\/wp-json\/wp\/v2\/pages\/6633\/revisions"}],"predecessor-version":[{"id":6634,"href":"https:\/\/eurotrader.eu\/de\/wp-json\/wp\/v2\/pages\/6633\/revisions\/6634"}],"wp:attachment":[{"href":"https:\/\/eurotrader.eu\/de\/wp-json\/wp\/v2\/media?parent=6633"}],"curies":[{"name":"wp","href":"https:\/\/api.w.org\/{rel}","templated":true}]}}