{"id":2060,"date":"2023-10-24T21:54:57","date_gmt":"2023-10-24T20:54:57","guid":{"rendered":"http:\/\/website-stage.eurotrader.com\/contactenos\/"},"modified":"2026-03-02T10:30:32","modified_gmt":"2026-03-02T10:30:32","slug":"contactenos","status":"publish","type":"page","link":"https:\/\/eurotrader.eu\/es\/contactenos\/","title":{"rendered":"Cont\u00e1ctenos"},"content":{"rendered":"\t\t<div data-elementor-type=\"wp-page\" data-elementor-id=\"2060\" class=\"elementor elementor-2060 elementor-936\" data-elementor-post-type=\"page\">\n\t\t\t\t<div class=\"elementor-element elementor-element-71bdd197 e-flex e-con-boxed e-con e-parent\" data-id=\"71bdd197\" data-element_type=\"container\" data-settings=\"{&quot;background_background&quot;:&quot;classic&quot;}\">\n\t\t\t\t\t<div class=\"e-con-inner\">\n\t\t<div class=\"elementor-element elementor-element-15ef3864 e-flex e-con-boxed e-con e-child\" data-id=\"15ef3864\" data-element_type=\"container\">\n\t\t\t\t\t<div class=\"e-con-inner\">\n\t\t\t\t<div class=\"elementor-element elementor-element-4f7fd80e elementor-widget elementor-widget-spacer\" data-id=\"4f7fd80e\" data-element_type=\"widget\" data-widget_type=\"spacer.default\">\n\t\t\t\t<div class=\"elementor-widget-container\">\n\t\t\t\t\t\t\t<div class=\"elementor-spacer\">\n\t\t\t<div class=\"elementor-spacer-inner\"><\/div>\n\t\t<\/div>\n\t\t\t\t\t\t<\/div>\n\t\t\t\t<\/div>\n\t\t\t\t<div class=\"elementor-element elementor-element-17de4bd elementor-widget elementor-widget-heading\" data-id=\"17de4bd\" data-element_type=\"widget\" data-widget_type=\"heading.default\">\n\t\t\t\t<div class=\"elementor-widget-container\">\n\t\t\t\t\t<h1 class=\"elementor-heading-title elementor-size-default\">Cont\u00e1ctenos<\/h1>\t\t\t\t<\/div>\n\t\t\t\t<\/div>\n\t\t\t\t<div class=\"elementor-element elementor-element-455ca409 elementor-widget elementor-widget-text-editor\" data-id=\"455ca409\" data-element_type=\"widget\" data-widget_type=\"text-editor.default\">\n\t\t\t\t<div class=\"elementor-widget-container\">\n\t\t\t\t\t\t\t\t\t<p><strong>Tu servicio de atenci\u00f3n al cliente 5 estrellas<\/strong><\/p>\n\t\t\t\t\t\t\t\t<\/div>\n\t\t\t\t<\/div>\n\t\t\t\t<div class=\"elementor-element elementor-element-69bd57e6 medium-width-content center-content elementor-widget elementor-widget-text-editor\" data-id=\"69bd57e6\" data-element_type=\"widget\" data-widget_type=\"text-editor.default\">\n\t\t\t\t<div class=\"elementor-widget-container\">\n\t\t\t\t\t\t\t\t\t<p>\u00bf Tienes alguna pregunta o requieres asistencia especializada? Contacta con nuestro dedicado<br \/>\nequipo de atenci\u00f3n al cliente que est\u00e1 disponible 24\/5 para asistirte.<\/p>\n\t\t\t\t\t\t\t\t<\/div>\n\t\t\t\t<\/div>\n\t\t\t\t\t<\/div>\n\t\t\t\t<\/div>\n\t\t\t\t\t<\/div>\n\t\t\t\t<\/div>\n\t\t<div class=\"elementor-element elementor-element-3aef9e78 e-flex e-con-boxed e-con e-parent\" data-id=\"3aef9e78\" data-element_type=\"container\" id=\"contact-boxes-section\">\n\t\t\t\t\t<div class=\"e-con-inner\">\n\t\t\t\t<div class=\"elementor-element elementor-element-7bc6d2ef contact-box elementor-position-top elementor-widget elementor-widget-image-box\" data-id=\"7bc6d2ef\" data-element_type=\"widget\" data-widget_type=\"image-box.default\">\n\t\t\t\t<div class=\"elementor-widget-container\">\n\t\t\t\t\t<div class=\"elementor-image-box-wrapper\"><figure class=\"elementor-image-box-img\"><img decoding=\"async\" width=\"60\" height=\"58\" src=\"https:\/\/eurotrader.eu\/wp-content\/uploads\/live-chat.png\" class=\"attachment-full size-full wp-image-944\" alt=\"\" \/><\/figure><div class=\"elementor-image-box-content\"><h3 class=\"elementor-image-box-title\">Chat de soporte en vivo<\/h3><p class=\"elementor-image-box-description\">Ayuda inmediata desde nuestro equipo soporte<\/p><\/div><\/div>\t\t\t\t<\/div>\n\t\t\t\t<\/div>\n\t\t\t\t<div class=\"elementor-element elementor-element-1cb138ed contact-box elementor-hidden-desktop elementor-hidden-tablet elementor-hidden-mobile elementor-position-top elementor-widget elementor-widget-image-box\" data-id=\"1cb138ed\" data-element_type=\"widget\" data-widget_type=\"image-box.default\">\n\t\t\t\t<div class=\"elementor-widget-container\">\n\t\t\t\t\t<div class=\"elementor-image-box-wrapper\"><figure class=\"elementor-image-box-img\"><img decoding=\"async\" width=\"47\" height=\"46\" src=\"https:\/\/eurotrader.eu\/wp-content\/uploads\/call-request.png\" class=\"attachment-full size-full wp-image-943\" alt=\"Call request\" \/><\/figure><div class=\"elementor-image-box-content\"><h3 class=\"elementor-image-box-title\"> Solicita una llamada<\/h3><p class=\"elementor-image-box-description\">Habla con nosotros a tu conveniencia<\/p><\/div><\/div>\t\t\t\t<\/div>\n\t\t\t\t<\/div>\n\t\t\t\t<div class=\"elementor-element elementor-element-2d6956f0 contact-box elementor-position-top elementor-widget elementor-widget-image-box\" data-id=\"2d6956f0\" data-element_type=\"widget\" data-widget_type=\"image-box.default\">\n\t\t\t\t<div class=\"elementor-widget-container\">\n\t\t\t\t\t<div class=\"elementor-image-box-wrapper\"><figure class=\"elementor-image-box-img\"><a href=\"mailto:support@eurotrader.com\" tabindex=\"-1\"><img decoding=\"async\" width=\"57\" height=\"40\" src=\"https:\/\/eurotrader.eu\/wp-content\/uploads\/email.png\" class=\"attachment-full size-full wp-image-942\" alt=\"Email\" \/><\/a><\/figure><div class=\"elementor-image-box-content\"><h3 class=\"elementor-image-box-title\"><a href=\"mailto:support@eurotrader.com\">Support@eurotrader.com<\/a><\/h3><p class=\"elementor-image-box-description\">Escr\u00edbenos<\/p><\/div><\/div>\t\t\t\t<\/div>\n\t\t\t\t<\/div>\n\t\t\t\t\t<\/div>\n\t\t\t\t<\/div>\n\t\t<div class=\"elementor-element elementor-element-30ac3bdf e-flex e-con-boxed e-con e-parent\" data-id=\"30ac3bdf\" data-element_type=\"container\">\n\t\t\t\t\t<div class=\"e-con-inner\">\n\t\t<div class=\"elementor-element elementor-element-474d3840 e-flex e-con-boxed e-con e-child\" data-id=\"474d3840\" data-element_type=\"container\">\n\t\t\t\t\t<div class=\"e-con-inner\">\n\t\t<div class=\"elementor-element elementor-element-213d8997 box-with-shadow-column-1 contact-info e-con-full e-flex e-con e-child\" data-id=\"213d8997\" data-element_type=\"container\" data-settings=\"{&quot;background_background&quot;:&quot;classic&quot;}\">\n\t\t\t\t<div class=\"elementor-element elementor-element-3e8ff812 elementor-widget elementor-widget-heading\" data-id=\"3e8ff812\" data-element_type=\"widget\" data-widget_type=\"heading.default\">\n\t\t\t\t<div class=\"elementor-widget-container\">\n\t\t\t\t\t<h3 class=\"elementor-heading-title elementor-size-default\">Infomaci\u00f3n de contacto<\/h3>\t\t\t\t<\/div>\n\t\t\t\t<\/div>\n\t\t\t\t<div class=\"elementor-element elementor-element-13ed38f9 elementor-widget elementor-widget-heading\" data-id=\"13ed38f9\" data-element_type=\"widget\" data-widget_type=\"heading.default\">\n\t\t\t\t<div class=\"elementor-widget-container\">\n\t\t\t\t\t<h4 class=\"elementor-heading-title elementor-size-default\">Direcci\u00f2n<\/h4>\t\t\t\t<\/div>\n\t\t\t\t<\/div>\n\t\t\t\t<div class=\"elementor-element elementor-element-4ac996c elementor-widget elementor-widget-heading\" data-id=\"4ac996c\" data-element_type=\"widget\" data-widget_type=\"heading.default\">\n\t\t\t\t<div class=\"elementor-widget-container\">\n\t\t\t\t\t<h4 class=\"elementor-heading-title elementor-size-default\">Tel\u00e9fono de soporte<\/h4>\t\t\t\t<\/div>\n\t\t\t\t<\/div>\n\t\t\t\t<div class=\"elementor-element elementor-element-7fa2476a elementor-widget elementor-widget-text-editor\" data-id=\"7fa2476a\" data-element_type=\"widget\" data-widget_type=\"text-editor.default\">\n\t\t\t\t<div class=\"elementor-widget-container\">\n\t\t\t\t\t\t\t\t\t+448001026038\t\t\t\t\t\t\t\t<\/div>\n\t\t\t\t<\/div>\n\t\t\t\t<div class=\"elementor-element elementor-element-5a514498 elementor-widget elementor-widget-heading\" data-id=\"5a514498\" data-element_type=\"widget\" data-widget_type=\"heading.default\">\n\t\t\t\t<div class=\"elementor-widget-container\">\n\t\t\t\t\t<h4 class=\"elementor-heading-title elementor-size-default\">Correo electr\u00f3nico de soporte<\/h4>\t\t\t\t<\/div>\n\t\t\t\t<\/div>\n\t\t\t\t<div class=\"elementor-element elementor-element-10089ada elementor-widget elementor-widget-text-editor\" data-id=\"10089ada\" data-element_type=\"widget\" data-widget_type=\"text-editor.default\">\n\t\t\t\t<div class=\"elementor-widget-container\">\n\t\t\t\t\t\t\t\t\t<p>support@eurotrader.com<\/p>\n\t\t\t\t\t\t\t\t<\/div>\n\t\t\t\t<\/div>\n\t\t\t\t<\/div>\n\t\t<div class=\"elementor-element elementor-element-3a02fd56 box-with-shadow-column-1 customer-support e-con-full e-flex e-con e-child\" data-id=\"3a02fd56\" data-element_type=\"container\" data-settings=\"{&quot;background_background&quot;:&quot;classic&quot;}\">\n\t\t\t\t<div class=\"elementor-element elementor-element-690542d8 elementor-widget elementor-widget-heading\" data-id=\"690542d8\" data-element_type=\"widget\" data-widget_type=\"heading.default\">\n\t\t\t\t<div class=\"elementor-widget-container\">\n\t\t\t\t\t<h3 class=\"elementor-heading-title elementor-size-default\">Soporte al cliente<\/h3>\t\t\t\t<\/div>\n\t\t\t\t<\/div>\n\t\t\t\t<div class=\"elementor-element elementor-element-61a9d88c elementor-icon-list--layout-traditional elementor-list-item-link-full_width elementor-widget elementor-widget-icon-list\" data-id=\"61a9d88c\" data-element_type=\"widget\" data-widget_type=\"icon-list.default\">\n\t\t\t\t<div class=\"elementor-widget-container\">\n\t\t\t\t\t\t\t<ul class=\"elementor-icon-list-items\">\n\t\t\t\t\t\t\t<li class=\"elementor-icon-list-item\">\n\t\t\t\t\t\t\t\t\t\t\t<span class=\"elementor-icon-list-icon\">\n\t\t\t\t\t\t\t<i aria-hidden=\"true\" class=\"fas fa-check\"><\/i>\t\t\t\t\t\t<\/span>\n\t\t\t\t\t\t\t\t\t\t<span class=\"elementor-icon-list-text\">Chat de asistencia en tiempo real en ingl\u00e9s, espa\u00f1ol, italiano, alem\u00e1n y m\u00e1s...<\/span>\n\t\t\t\t\t\t\t\t\t<\/li>\n\t\t\t\t\t\t\t\t<li class=\"elementor-icon-list-item\">\n\t\t\t\t\t\t\t\t\t\t\t<span class=\"elementor-icon-list-icon\">\n\t\t\t\t\t\t\t<i aria-hidden=\"true\" class=\"fas fa-check\"><\/i>\t\t\t\t\t\t<\/span>\n\t\t\t\t\t\t\t\t\t\t<span class=\"elementor-icon-list-text\">24\/4 equipo de soporte en m\u00faltiples idiomas<\/span>\n\t\t\t\t\t\t\t\t\t<\/li>\n\t\t\t\t\t\t\t\t<li class=\"elementor-icon-list-item\">\n\t\t\t\t\t\t\t\t\t\t\t<span class=\"elementor-icon-list-icon\">\n\t\t\t\t\t\t\t<i aria-hidden=\"true\" class=\"fas fa-check\"><\/i>\t\t\t\t\t\t<\/span>\n\t\t\t\t\t\t\t\t\t\t<span class=\"elementor-icon-list-text\">Soporte al cliente para ayudarlo en cada paso<\/span>\n\t\t\t\t\t\t\t\t\t<\/li>\n\t\t\t\t\t\t<\/ul>\n\t\t\t\t\t\t<\/div>\n\t\t\t\t<\/div>\n\t\t\t\t<\/div>\n\t\t\t\t\t<\/div>\n\t\t\t\t<\/div>\n\t\t\t\t\t<\/div>\n\t\t\t\t<\/div>\n\t\t<div class=\"elementor-element elementor-element-79811e96 e-flex e-con-boxed e-con e-parent\" data-id=\"79811e96\" data-element_type=\"container\">\n\t\t\t\t\t<div class=\"e-con-inner\">\n\t\t\t\t<div class=\"elementor-element elementor-element-a5773fc elementor-widget elementor-widget-heading\" data-id=\"a5773fc\" data-element_type=\"widget\" data-widget_type=\"heading.default\">\n\t\t\t\t<div class=\"elementor-widget-container\">\n\t\t\t\t\t<h2 class=\"elementor-heading-title elementor-size-default\">Preguntas frecuentes:<\/h2>\t\t\t\t<\/div>\n\t\t\t\t<\/div>\n\t\t<div class=\"elementor-element elementor-element-2955cdec faq-box e-flex e-con-boxed e-con e-child\" data-id=\"2955cdec\" data-element_type=\"container\">\n\t\t\t\t\t<div class=\"e-con-inner\">\n\t\t\t\t<div class=\"elementor-element elementor-element-2fde448a elementor-widget elementor-widget-shortcode\" data-id=\"2fde448a\" data-element_type=\"widget\" data-widget_type=\"shortcode.default\">\n\t\t\t\t<div class=\"elementor-widget-container\">\n\t\t\t\t\t\t\t<div class=\"elementor-shortcode\"><div id=\"accordion-selected\" class=\"accordion container\"><div class=\"accordion-item\"><h4 class=\"accordion-header\" id=\"heading-selected-1\"><a class=\"accordion-button collapsed\" data-bs-toggle=\"collapse\" data-bs-target=\"#selected-1\" aria-expanded=\"true\" aria-controls=\"selected-1\">\u00bfCu\u00e1l es el requisito de margen para operar?<\/a><\/h4><div id=\"selected-1\" class=\"accordion-collapse collapse\" aria-labelledby=\"heading-selected-1\">Los requisitos de margen pueden diferir seg\u00fan el instrumento y si est\u00e1 clasificado como cliente profesional.\r\n\r\nPara conocer los \u00faltimos requisitos de margen, consulte la tabla haciendo clic aqu\u00ed.<\/div><\/div><div class=\"accordion-item\"><h4 class=\"accordion-header\" id=\"heading-selected-2\"><a class=\"accordion-button collapsed\" data-bs-toggle=\"collapse\" data-bs-target=\"#selected-2\" aria-expanded=\"true\" aria-controls=\"selected-2\">\u00bfC\u00f3mo puedo encontrar mi cuenta?<\/a><\/h4><div id=\"selected-2\" class=\"accordion-collapse collapse\" aria-labelledby=\"heading-selected-2\">Puede encontrar su cuenta de Euro Trader siguiendo estos pasos:\r\n<ol>\r\n \t<li>Inicie sesi\u00f3n con su cuenta de Euro Trader con su correo electr\u00f3nico y contrase\u00f1a registrados.<\/li>\r\n \t<li>Vaya a la secci\u00f3n\" Billetera \"y elija la opci\u00f3n\" Dep\u00f3sito\".<\/li>\r\n \t<li>Encontrar\u00e1 una variedad de m\u00e9todos de pago para elegir. Tenga en cuenta que Euro trader no impone ninguna comisi\u00f3n por dep\u00f3sitos o retiros.<\/li>\r\n \t<li>Elija su m\u00e9todo de pago preferido e indique el monto del dep\u00f3sito deseado.<\/li>\r\n \t<li>Complete los detalles de pago requeridos y siga las instrucciones en pantalla para confirmar la transacci\u00f3n.<\/li>\r\n \t<li>Una vez aprobado, el monto depositado ser\u00e1 visible en su Billetera Autotrader y se registrar\u00e1 en su Historial de transacciones.<\/li>\r\n<\/ol>\r\nCon sus fondos disponibles, ahora puede transferirlos a su cuenta de operaciones y comenzar sus actividades de negociaci\u00f3n.<\/div><\/div><div class=\"accordion-item\"><h4 class=\"accordion-header\" id=\"heading-selected-3\"><a class=\"accordion-button collapsed\" data-bs-toggle=\"collapse\" data-bs-target=\"#selected-3\" aria-expanded=\"true\" aria-controls=\"selected-3\">\u00bfEn qu\u00e9 Monedas puedo tener mi billetera?<\/a><\/h4><div id=\"selected-3\" class=\"accordion-collapse collapse\" aria-labelledby=\"heading-selected-3\">Euro trader ofrece las siguientes monedas de billetera: EUR, USD y GBP. Eurotrader recomienda que la moneda de su billetera coincida con la moneda que planea depositar para evitar incurrir en tarifas de conversi\u00f3n.\r\n\r\nCualquier transferencia de su Billetera Autotrader a sus cuentas de operaciones en una moneda diferente se convertir\u00e1 en funci\u00f3n de las tarifas de nuestra plataforma.<\/div><\/div><\/div><\/div>\n\t\t\t\t\t\t<\/div>\n\t\t\t\t<\/div>\n\t\t\t\t\t<\/div>\n\t\t\t\t<\/div>\n\t\t\t\t<div class=\"elementor-element elementor-element-65e4643a elementor-align-center btn black-btn elementor-widget elementor-widget-button\" data-id=\"65e4643a\" data-element_type=\"widget\" data-widget_type=\"button.default\">\n\t\t\t\t<div class=\"elementor-widget-container\">\n\t\t\t\t\t\t\t\t\t<div class=\"elementor-button-wrapper\">\n\t\t\t\t\t<a class=\"elementor-button elementor-button-link elementor-size-sm\" href=\"https:\/\/eurotrader.eu\/es\/faq\/\">\n\t\t\t\t\t\t<span class=\"elementor-button-content-wrapper\">\n\t\t\t\t\t\t\t\t\t<span class=\"elementor-button-text\">Revisa todas las preguntas frecuentes<\/span>\n\t\t\t\t\t<\/span>\n\t\t\t\t\t<\/a>\n\t\t\t\t<\/div>\n\t\t\t\t\t\t\t\t<\/div>\n\t\t\t\t<\/div>\n\t\t\t\t\t<\/div>\n\t\t\t\t<\/div>\n\t\t\t\t<\/div>\n\t\t","protected":false},"excerpt":{"rendered":"<p>Cont\u00e1ctenos Tu servicio de atenci\u00f3n al cliente 5 estrellas \u00bf Tienes alguna pregunta o requieres asistencia especializada? Contacta con nuestro dedicado equipo de atenci\u00f3n al cliente que est\u00e1 disponible 24\/5 para asistirte. Chat de soporte en vivo Ayuda inmediata desde nuestro equipo soporte Solicita una llamada Habla con nosotros a tu conveniencia Support@eurotrader.com Escr\u00edbenos Infomaci\u00f3n [&hellip;]<\/p>\n","protected":false},"author":14,"featured_media":0,"parent":0,"menu_order":0,"comment_status":"closed","ping_status":"closed","template":"","meta":{"_acf_changed":false,"footnotes":""},"class_list":["post-2060","page","type-page","status-publish","hentry"],"acf":[],"yoast_head":"<!-- This site is optimized with the Yoast SEO plugin v26.4 - https:\/\/yoast.com\/wordpress\/plugins\/seo\/ -->\n<title>Cont\u00e1ctenos - Eurotrader<\/title>\n<meta name=\"robots\" content=\"index, follow, max-snippet:-1, max-image-preview:large, max-video-preview:-1\" \/>\n<meta property=\"og:locale\" content=\"es_ES\" \/>\n<meta property=\"og:type\" content=\"article\" \/>\n<meta property=\"og:title\" content=\"Cont\u00e1ctenos - Eurotrader\" \/>\n<meta property=\"og:description\" content=\"Cont\u00e1ctenos Tu servicio de atenci\u00f3n al cliente 5 estrellas \u00bf Tienes alguna pregunta o requieres asistencia especializada? Contacta con nuestro dedicado equipo de atenci\u00f3n al cliente que est\u00e1 disponible 24\/5 para asistirte. Chat de soporte en vivo Ayuda inmediata desde nuestro equipo soporte Solicita una llamada Habla con nosotros a tu conveniencia Support@eurotrader.com Escr\u00edbenos Infomaci\u00f3n [&hellip;]\" \/>\n<meta property=\"og:url\" content=\"https:\/\/eurotrader.eu\/contact\/\" \/>\n<meta property=\"og:site_name\" content=\"Eurotrader\" \/>\n<meta property=\"article:modified_time\" content=\"2026-03-02T10:30:32+00:00\" \/>\n<meta property=\"og:image\" content=\"https:\/\/eurotrader.eu\/wp-content\/uploads\/live-chat.png\" \/>\n\t<meta property=\"og:image:width\" content=\"60\" \/>\n\t<meta property=\"og:image:height\" content=\"58\" \/>\n\t<meta property=\"og:image:type\" content=\"image\/png\" \/>\n<meta name=\"twitter:card\" content=\"summary_large_image\" \/>\n<script type=\"application\/ld+json\" class=\"yoast-schema-graph\">{\"@context\":\"https:\/\/schema.org\",\"@graph\":[{\"@type\":\"WebPage\",\"@id\":\"https:\/\/eurotrader.eu\/contact\/\",\"url\":\"https:\/\/eurotrader.eu\/contact\/\",\"name\":\"Cont\u00e1ctenos - Eurotrader\",\"isPartOf\":{\"@id\":\"https:\/\/sienna-spider-789091.hostingersite.com\/#website\"},\"primaryImageOfPage\":{\"@id\":\"https:\/\/eurotrader.eu\/contact\/#primaryimage\"},\"image\":{\"@id\":\"https:\/\/eurotrader.eu\/contact\/#primaryimage\"},\"thumbnailUrl\":\"https:\/\/eurotrader.eu\/wp-content\/uploads\/live-chat.png\",\"datePublished\":\"2023-10-24T20:54:57+00:00\",\"dateModified\":\"2026-03-02T10:30:32+00:00\",\"breadcrumb\":{\"@id\":\"https:\/\/eurotrader.eu\/contact\/#breadcrumb\"},\"inLanguage\":\"es\",\"potentialAction\":[{\"@type\":\"ReadAction\",\"target\":[\"https:\/\/eurotrader.eu\/contact\/\"]}]},{\"@type\":\"ImageObject\",\"inLanguage\":\"es\",\"@id\":\"https:\/\/eurotrader.eu\/contact\/#primaryimage\",\"url\":\"https:\/\/eurotrader.eu\/wp-content\/uploads\/live-chat.png\",\"contentUrl\":\"https:\/\/eurotrader.eu\/wp-content\/uploads\/live-chat.png\"},{\"@type\":\"BreadcrumbList\",\"@id\":\"https:\/\/eurotrader.eu\/contact\/#breadcrumb\",\"itemListElement\":[{\"@type\":\"ListItem\",\"position\":1,\"name\":\"Home\",\"item\":\"https:\/\/eurotrader.eu\/es\/\"},{\"@type\":\"ListItem\",\"position\":2,\"name\":\"Cont\u00e1ctenos\"}]},{\"@type\":\"WebSite\",\"@id\":\"https:\/\/sienna-spider-789091.hostingersite.com\/#website\",\"url\":\"https:\/\/sienna-spider-789091.hostingersite.com\/\",\"name\":\"Eurotrader\",\"description\":\"\",\"publisher\":{\"@id\":\"https:\/\/sienna-spider-789091.hostingersite.com\/#organization\"},\"potentialAction\":[{\"@type\":\"SearchAction\",\"target\":{\"@type\":\"EntryPoint\",\"urlTemplate\":\"https:\/\/sienna-spider-789091.hostingersite.com\/?s={search_term_string}\"},\"query-input\":{\"@type\":\"PropertyValueSpecification\",\"valueRequired\":true,\"valueName\":\"search_term_string\"}}],\"inLanguage\":\"es\"},{\"@type\":\"Organization\",\"@id\":\"https:\/\/sienna-spider-789091.hostingersite.com\/#organization\",\"name\":\"Eurotrader\",\"url\":\"https:\/\/sienna-spider-789091.hostingersite.com\/\",\"logo\":{\"@type\":\"ImageObject\",\"inLanguage\":\"es\",\"@id\":\"https:\/\/sienna-spider-789091.hostingersite.com\/#\/schema\/logo\/image\/\",\"url\":\"https:\/\/eurotrader.eu\/wp-content\/uploads\/header-logo.svg\",\"contentUrl\":\"https:\/\/eurotrader.eu\/wp-content\/uploads\/header-logo.svg\",\"width\":184,\"height\":28,\"caption\":\"Eurotrader\"},\"image\":{\"@id\":\"https:\/\/sienna-spider-789091.hostingersite.com\/#\/schema\/logo\/image\/\"}}]}<\/script>\n<!-- \/ Yoast SEO plugin. -->","yoast_head_json":{"title":"Cont\u00e1ctenos - Eurotrader","robots":{"index":"index","follow":"follow","max-snippet":"max-snippet:-1","max-image-preview":"max-image-preview:large","max-video-preview":"max-video-preview:-1"},"og_locale":"es_ES","og_type":"article","og_title":"Cont\u00e1ctenos - Eurotrader","og_description":"Cont\u00e1ctenos Tu servicio de atenci\u00f3n al cliente 5 estrellas \u00bf Tienes alguna pregunta o requieres asistencia especializada? Contacta con nuestro dedicado equipo de atenci\u00f3n al cliente que est\u00e1 disponible 24\/5 para asistirte. Chat de soporte en vivo Ayuda inmediata desde nuestro equipo soporte Solicita una llamada Habla con nosotros a tu conveniencia Support@eurotrader.com Escr\u00edbenos Infomaci\u00f3n [&hellip;]","og_url":"https:\/\/eurotrader.eu\/contact\/","og_site_name":"Eurotrader","article_modified_time":"2026-03-02T10:30:32+00:00","og_image":[{"width":60,"height":58,"url":"https:\/\/eurotrader.eu\/wp-content\/uploads\/live-chat.png","type":"image\/png"}],"twitter_card":"summary_large_image","schema":{"@context":"https:\/\/schema.org","@graph":[{"@type":"WebPage","@id":"https:\/\/eurotrader.eu\/contact\/","url":"https:\/\/eurotrader.eu\/contact\/","name":"Cont\u00e1ctenos - Eurotrader","isPartOf":{"@id":"https:\/\/sienna-spider-789091.hostingersite.com\/#website"},"primaryImageOfPage":{"@id":"https:\/\/eurotrader.eu\/contact\/#primaryimage"},"image":{"@id":"https:\/\/eurotrader.eu\/contact\/#primaryimage"},"thumbnailUrl":"https:\/\/eurotrader.eu\/wp-content\/uploads\/live-chat.png","datePublished":"2023-10-24T20:54:57+00:00","dateModified":"2026-03-02T10:30:32+00:00","breadcrumb":{"@id":"https:\/\/eurotrader.eu\/contact\/#breadcrumb"},"inLanguage":"es","potentialAction":[{"@type":"ReadAction","target":["https:\/\/eurotrader.eu\/contact\/"]}]},{"@type":"ImageObject","inLanguage":"es","@id":"https:\/\/eurotrader.eu\/contact\/#primaryimage","url":"https:\/\/eurotrader.eu\/wp-content\/uploads\/live-chat.png","contentUrl":"https:\/\/eurotrader.eu\/wp-content\/uploads\/live-chat.png"},{"@type":"BreadcrumbList","@id":"https:\/\/eurotrader.eu\/contact\/#breadcrumb","itemListElement":[{"@type":"ListItem","position":1,"name":"Home","item":"https:\/\/eurotrader.eu\/es\/"},{"@type":"ListItem","position":2,"name":"Cont\u00e1ctenos"}]},{"@type":"WebSite","@id":"https:\/\/sienna-spider-789091.hostingersite.com\/#website","url":"https:\/\/sienna-spider-789091.hostingersite.com\/","name":"Eurotrader","description":"","publisher":{"@id":"https:\/\/sienna-spider-789091.hostingersite.com\/#organization"},"potentialAction":[{"@type":"SearchAction","target":{"@type":"EntryPoint","urlTemplate":"https:\/\/sienna-spider-789091.hostingersite.com\/?s={search_term_string}"},"query-input":{"@type":"PropertyValueSpecification","valueRequired":true,"valueName":"search_term_string"}}],"inLanguage":"es"},{"@type":"Organization","@id":"https:\/\/sienna-spider-789091.hostingersite.com\/#organization","name":"Eurotrader","url":"https:\/\/sienna-spider-789091.hostingersite.com\/","logo":{"@type":"ImageObject","inLanguage":"es","@id":"https:\/\/sienna-spider-789091.hostingersite.com\/#\/schema\/logo\/image\/","url":"https:\/\/eurotrader.eu\/wp-content\/uploads\/header-logo.svg","contentUrl":"https:\/\/eurotrader.eu\/wp-content\/uploads\/header-logo.svg","width":184,"height":28,"caption":"Eurotrader"},"image":{"@id":"https:\/\/sienna-spider-789091.hostingersite.com\/#\/schema\/logo\/image\/"}}]}},"_hostinger_reach_plugin_has_subscription_block":false,"_hostinger_reach_plugin_is_elementor":false,"_links":{"self":[{"href":"https:\/\/eurotrader.eu\/es\/wp-json\/wp\/v2\/pages\/2060","targetHints":{"allow":["GET"]}}],"collection":[{"href":"https:\/\/eurotrader.eu\/es\/wp-json\/wp\/v2\/pages"}],"about":[{"href":"https:\/\/eurotrader.eu\/es\/wp-json\/wp\/v2\/types\/page"}],"author":[{"embeddable":true,"href":"https:\/\/eurotrader.eu\/es\/wp-json\/wp\/v2\/users\/14"}],"replies":[{"embeddable":true,"href":"https:\/\/eurotrader.eu\/es\/wp-json\/wp\/v2\/comments?post=2060"}],"version-history":[{"count":7,"href":"https:\/\/eurotrader.eu\/es\/wp-json\/wp\/v2\/pages\/2060\/revisions"}],"predecessor-version":[{"id":7480,"href":"https:\/\/eurotrader.eu\/es\/wp-json\/wp\/v2\/pages\/2060\/revisions\/7480"}],"wp:attachment":[{"href":"https:\/\/eurotrader.eu\/es\/wp-json\/wp\/v2\/media?parent=2060"}],"curies":[{"name":"wp","href":"https:\/\/api.w.org\/{rel}","templated":true}]}}