{"id":2064,"date":"2023-10-26T20:16:00","date_gmt":"2023-10-26T19:16:00","guid":{"rendered":"http:\/\/website-stage.eurotrader.com\/centro-educativo-eurotrader\/"},"modified":"2024-12-18T10:27:28","modified_gmt":"2024-12-18T10:27:28","slug":"eurotrader-education-hub","status":"publish","type":"page","link":"https:\/\/eurotrader.eu\/es\/eurotrader-education-hub\/","title":{"rendered":"Centro Educativo Eurotrader"},"content":{"rendered":"\t\t<div data-elementor-type=\"wp-page\" data-elementor-id=\"2064\" class=\"elementor elementor-2064 elementor-972\" data-elementor-post-type=\"page\">\n\t\t\t\t<div class=\"elementor-element elementor-element-73c3fe57 e-flex e-con-boxed e-con e-parent\" data-id=\"73c3fe57\" data-element_type=\"container\">\n\t\t\t\t\t<div class=\"e-con-inner\">\n\t\t\t\t<div class=\"elementor-element elementor-element-6dc44c49 elementor-widget elementor-widget-heading\" data-id=\"6dc44c49\" data-element_type=\"widget\" data-widget_type=\"heading.default\">\n\t\t\t\t<div class=\"elementor-widget-container\">\n\t\t\t\t\t<h1 class=\"elementor-heading-title elementor-size-default\">Centro Educativo Eurotrader<\/h1>\t\t\t\t<\/div>\n\t\t\t\t<\/div>\n\t\t\t\t<div class=\"elementor-element elementor-element-1d16232b large-width-content  center-content  elementor-widget elementor-widget-text-editor\" data-id=\"1d16232b\" data-element_type=\"widget\" data-widget_type=\"text-editor.default\">\n\t\t\t\t<div class=\"elementor-widget-container\">\n\t\t\t\t\t\t\t\t\t<p>En EuroTrader, ofrecemos un conjunto de recursos educativos para ayudarlo a acelerar sus habilidades comerciales.<br \/>\nDesde libros electr\u00f3nicos y cursos en v\u00eddeo hasta tutoriales de plataformas, nuestras herramientas de aprendizaje brindan educaci\u00f3n pr\u00e1ctica para operadores de todos los niveles<\/p>\n\t\t\t\t\t\t\t\t<\/div>\n\t\t\t\t<\/div>\n\t\t\t\t\t<\/div>\n\t\t\t\t<\/div>\n\t\t<div class=\"elementor-element elementor-element-1a43adbd e-flex e-con-boxed e-con e-parent\" data-id=\"1a43adbd\" data-element_type=\"container\" id=\"education-boxes-section\">\n\t\t\t\t\t<div class=\"e-con-inner\">\n\t\t\t\t<div class=\"elementor-element elementor-element-4493e9a education-box elementor-position-top elementor-widget elementor-widget-image-box\" data-id=\"4493e9a\" data-element_type=\"widget\" data-widget_type=\"image-box.default\">\n\t\t\t\t<div class=\"elementor-widget-container\">\n\t\t\t\t\t<div class=\"elementor-image-box-wrapper\"><figure class=\"elementor-image-box-img\"><a href=\"https:\/\/eurotrader.eu\/es\/ebooks\/\" tabindex=\"-1\"><img decoding=\"async\" width=\"67\" height=\"47\" src=\"https:\/\/eurotrader.eu\/wp-content\/uploads\/trading-ebooks.png\" class=\"attachment-full size-full wp-image-994\" alt=\"\" \/><\/a><\/figure><div class=\"elementor-image-box-content\"><h3 class=\"elementor-image-box-title\"><a href=\"https:\/\/eurotrader.eu\/es\/ebooks\/\">Libros electr\u00f3nico de Trading<\/a><\/h3><p class=\"elementor-image-box-description\">Acceda a nuestra biblioteca de gu\u00edas de libros electr\u00f3nicos que cubren todo, desde fundamentos comerciales hasta estrategias avanzadas. Nuestros libros electr\u00f3nicos ofrecen t\u00e9cnicas respaldadas por investigaciones explicadas a trav\u00e9s de ejemplos de operaciones reales, gr\u00e1ficos y an\u00e1lisis.<\/p><\/div><\/div>\t\t\t\t<\/div>\n\t\t\t\t<\/div>\n\t\t\t\t<div class=\"elementor-element elementor-element-e80797a education-box elementor-position-top elementor-widget elementor-widget-image-box\" data-id=\"e80797a\" data-element_type=\"widget\" data-widget_type=\"image-box.default\">\n\t\t\t\t<div class=\"elementor-widget-container\">\n\t\t\t\t\t<div class=\"elementor-image-box-wrapper\"><figure class=\"elementor-image-box-img\"><a href=\"https:\/\/eurotrader.eu\/es\/video-courses\/\" tabindex=\"-1\"><img decoding=\"async\" width=\"65\" height=\"49\" src=\"https:\/\/eurotrader.eu\/wp-content\/uploads\/video-courses.png\" class=\"attachment-full size-full wp-image-995\" alt=\"\" \/><\/a><\/figure><div class=\"elementor-image-box-content\"><h3 class=\"elementor-image-box-title\"><a href=\"https:\/\/eurotrader.eu\/es\/video-courses\/\">Video de cursos<\/a><\/h3><p class=\"elementor-image-box-description\">Aprenda de entrenadores de trading experimentados a trav\u00e9s de lecciones en v\u00eddeo a la carta. Nuestros cursos cubren forex, criptodivisas, acciones, an\u00e1lisis t\u00e9cnico y mucho m\u00e1s. Vea v\u00eddeos breves en cualquier momento y lugar.<\/p><\/div><\/div>\t\t\t\t<\/div>\n\t\t\t\t<\/div>\n\t\t\t\t<div class=\"elementor-element elementor-element-35f390c education-box elementor-position-top elementor-widget elementor-widget-image-box\" data-id=\"35f390c\" data-element_type=\"widget\" data-widget_type=\"image-box.default\">\n\t\t\t\t<div class=\"elementor-widget-container\">\n\t\t\t\t\t<div class=\"elementor-image-box-wrapper\"><figure class=\"elementor-image-box-img\"><a href=\"https:\/\/eurotrader.eu\/es\/platform-tutorials\/\" tabindex=\"-1\"><img decoding=\"async\" width=\"61\" height=\"56\" src=\"https:\/\/eurotrader.eu\/wp-content\/uploads\/platform-tutorials.png\" class=\"attachment-full size-full wp-image-984\" alt=\"\" \/><\/a><\/figure><div class=\"elementor-image-box-content\"><h3 class=\"elementor-image-box-title\"><a href=\"https:\/\/eurotrader.eu\/es\/platform-tutorials\/\">Tutoriales de plataformas<\/a><\/h3><p class=\"elementor-image-box-description\">Domine nuestras plataformas de negociaci\u00f3n l\u00edderes en el sector, como MetaTrader, con tutoriales en v\u00eddeo paso a paso dentro del propio software. Los tutoriales te guiar\u00e1n a trav\u00e9s de las funciones clave para que puedas operar con confianza.<\/p><\/div><\/div>\t\t\t\t<\/div>\n\t\t\t\t<\/div>\n\t\t\t\t<div class=\"elementor-element elementor-element-2a20eb15 education-box elementor-hidden-desktop elementor-hidden-tablet elementor-hidden-mobile elementor-position-top elementor-widget elementor-widget-image-box\" data-id=\"2a20eb15\" data-element_type=\"widget\" data-widget_type=\"image-box.default\">\n\t\t\t\t<div class=\"elementor-widget-container\">\n\t\t\t\t\t<div class=\"elementor-image-box-wrapper\"><figure class=\"elementor-image-box-img\"><a href=\"https:\/\/eurotrader.eu\/es\/daily-market-news\/\" tabindex=\"-1\"><img loading=\"lazy\" decoding=\"async\" width=\"64\" height=\"62\" src=\"https:\/\/eurotrader.eu\/wp-content\/uploads\/daily-market.png\" class=\"attachment-full size-full wp-image-986\" alt=\"\" \/><\/a><\/figure><div class=\"elementor-image-box-content\"><h3 class=\"elementor-image-box-title\"><a href=\"https:\/\/eurotrader.eu\/es\/daily-market-news\/\">Comentario diario del mercado<\/a><\/h3><p class=\"elementor-image-box-description\">Mant\u00e9ngase al d\u00eda de los mercados con nuestro Comentario diario del mercado. Este informe esencial re\u00fane en un solo lugar los conocimientos necesarios sobre las principales clases de activos.<\/p><\/div><\/div>\t\t\t\t<\/div>\n\t\t\t\t<\/div>\n\t\t\t\t\t<\/div>\n\t\t\t\t<\/div>\n\t\t<div class=\"elementor-element elementor-element-6c7d5287 e-flex e-con-boxed e-con e-parent\" data-id=\"6c7d5287\" data-element_type=\"container\" id=\"learn-boxes-section\" data-settings=\"{&quot;background_background&quot;:&quot;classic&quot;}\">\n\t\t\t\t\t<div class=\"e-con-inner\">\n\t\t<div class=\"elementor-element elementor-element-4ed3cd8e e-flex e-con-boxed e-con e-child\" data-id=\"4ed3cd8e\" data-element_type=\"container\" data-settings=\"{&quot;background_background&quot;:&quot;classic&quot;}\">\n\t\t\t\t\t<div class=\"e-con-inner\">\n\t\t\t\t<div class=\"elementor-element elementor-element-7083815 elementor-widget elementor-widget-heading\" data-id=\"7083815\" data-element_type=\"widget\" data-widget_type=\"heading.default\">\n\t\t\t\t<div class=\"elementor-widget-container\">\n\t\t\t\t\t<h2 class=\"elementor-heading-title elementor-size-default\">\u00bfQue aprender\u00e1s?<\/h2>\t\t\t\t<\/div>\n\t\t\t\t<\/div>\n\t\t<div class=\"elementor-element elementor-element-766944c4 e-flex e-con-boxed e-con e-child\" data-id=\"766944c4\" data-element_type=\"container\">\n\t\t\t\t\t<div class=\"e-con-inner\">\n\t\t\t\t<div class=\"elementor-element elementor-element-5ffecfa8 box-with-shadow-column-1 elementor-position-top elementor-widget elementor-widget-image-box\" data-id=\"5ffecfa8\" data-element_type=\"widget\" data-widget_type=\"image-box.default\">\n\t\t\t\t<div class=\"elementor-widget-container\">\n\t\t\t\t\t<div class=\"elementor-image-box-wrapper\"><figure class=\"elementor-image-box-img\"><img loading=\"lazy\" decoding=\"async\" width=\"48\" height=\"48\" src=\"https:\/\/eurotrader.eu\/wp-content\/uploads\/forex-education.png\" class=\"attachment-full size-full wp-image-985\" alt=\"\" \/><\/figure><div class=\"elementor-image-box-content\"><h3 class=\"elementor-image-box-title\">Trading de divisas<\/h3><\/div><\/div>\t\t\t\t<\/div>\n\t\t\t\t<\/div>\n\t\t\t\t<div class=\"elementor-element elementor-element-53e31007 box-with-shadow-column-1 elementor-position-top elementor-widget elementor-widget-image-box\" data-id=\"53e31007\" data-element_type=\"widget\" data-widget_type=\"image-box.default\">\n\t\t\t\t<div class=\"elementor-widget-container\">\n\t\t\t\t\t<div class=\"elementor-image-box-wrapper\"><figure class=\"elementor-image-box-img\"><img loading=\"lazy\" decoding=\"async\" width=\"61\" height=\"52\" src=\"https:\/\/eurotrader.eu\/wp-content\/uploads\/terminology-education.png\" class=\"attachment-full size-full wp-image-987\" alt=\"\" \/><\/figure><div class=\"elementor-image-box-content\"><h3 class=\"elementor-image-box-title\"> Terminologia<\/h3><\/div><\/div>\t\t\t\t<\/div>\n\t\t\t\t<\/div>\n\t\t\t\t<div class=\"elementor-element elementor-element-7cc86ddf box-with-shadow-column-1 elementor-position-top elementor-widget elementor-widget-image-box\" data-id=\"7cc86ddf\" data-element_type=\"widget\" data-widget_type=\"image-box.default\">\n\t\t\t\t<div class=\"elementor-widget-container\">\n\t\t\t\t\t<div class=\"elementor-image-box-wrapper\"><figure class=\"elementor-image-box-img\"><img loading=\"lazy\" decoding=\"async\" width=\"48\" height=\"48\" src=\"https:\/\/eurotrader.eu\/wp-content\/uploads\/crypto-education.png\" class=\"attachment-full size-full wp-image-990\" alt=\"\" \/><\/figure><div class=\"elementor-image-box-content\"><h3 class=\"elementor-image-box-title\">Trading de Criptomonedas<\/h3><\/div><\/div>\t\t\t\t<\/div>\n\t\t\t\t<\/div>\n\t\t\t\t\t<\/div>\n\t\t\t\t<\/div>\n\t\t<div class=\"elementor-element elementor-element-50a4eba0 e-flex e-con-boxed e-con e-child\" data-id=\"50a4eba0\" data-element_type=\"container\">\n\t\t\t\t\t<div class=\"e-con-inner\">\n\t\t\t\t<div class=\"elementor-element elementor-element-2ac77f89 box-with-shadow-column-1 elementor-position-top elementor-widget elementor-widget-image-box\" data-id=\"2ac77f89\" data-element_type=\"widget\" data-widget_type=\"image-box.default\">\n\t\t\t\t<div class=\"elementor-widget-container\">\n\t\t\t\t\t<div class=\"elementor-image-box-wrapper\"><figure class=\"elementor-image-box-img\"><img loading=\"lazy\" decoding=\"async\" width=\"44\" height=\"60\" src=\"https:\/\/eurotrader.eu\/wp-content\/uploads\/technical-education.png\" class=\"attachment-full size-full wp-image-988\" alt=\"\" \/><\/figure><div class=\"elementor-image-box-content\"><h3 class=\"elementor-image-box-title\">Trading T\u00e9cnico<\/h3><\/div><\/div>\t\t\t\t<\/div>\n\t\t\t\t<\/div>\n\t\t\t\t<div class=\"elementor-element elementor-element-3ccdae2a box-with-shadow-column-1 elementor-position-top elementor-widget elementor-widget-image-box\" data-id=\"3ccdae2a\" data-element_type=\"widget\" data-widget_type=\"image-box.default\">\n\t\t\t\t<div class=\"elementor-widget-container\">\n\t\t\t\t\t<div class=\"elementor-image-box-wrapper\"><figure class=\"elementor-image-box-img\"><img loading=\"lazy\" decoding=\"async\" width=\"38\" height=\"59\" src=\"https:\/\/eurotrader.eu\/wp-content\/uploads\/strategic-trading-education.png\" class=\"attachment-full size-full wp-image-989\" alt=\"\" \/><\/figure><div class=\"elementor-image-box-content\"><h3 class=\"elementor-image-box-title\">Trading estrat\u00e9gico<\/h3><\/div><\/div>\t\t\t\t<\/div>\n\t\t\t\t<\/div>\n\t\t\t\t<div class=\"elementor-element elementor-element-1167c6d8 box-with-shadow-column-1 elementor-position-top elementor-widget elementor-widget-image-box\" data-id=\"1167c6d8\" data-element_type=\"widget\" data-widget_type=\"image-box.default\">\n\t\t\t\t<div class=\"elementor-widget-container\">\n\t\t\t\t\t<div class=\"elementor-image-box-wrapper\"><figure class=\"elementor-image-box-img\"><img loading=\"lazy\" decoding=\"async\" width=\"76\" height=\"56\" src=\"https:\/\/eurotrader.eu\/wp-content\/uploads\/analysis-education.png\" class=\"attachment-full size-full wp-image-991\" alt=\"\" \/><\/figure><div class=\"elementor-image-box-content\"><h3 class=\"elementor-image-box-title\">An\u00e1lisis fundamental<\/h3><\/div><\/div>\t\t\t\t<\/div>\n\t\t\t\t<\/div>\n\t\t\t\t\t<\/div>\n\t\t\t\t<\/div>\n\t\t\t\t\t<\/div>\n\t\t\t\t<\/div>\n\t\t\t\t\t<\/div>\n\t\t\t\t<\/div>\n\t\t<div class=\"elementor-element elementor-element-2095ef79 e-con-full e-flex e-con e-parent\" data-id=\"2095ef79\" data-element_type=\"container\" data-settings=\"{&quot;background_background&quot;:&quot;classic&quot;}\">\n\t\t\t\t<div class=\"elementor-element elementor-element-6636a534 elementor-widget elementor-widget-shortcode\" data-id=\"6636a534\" data-element_type=\"widget\" data-widget_type=\"shortcode.default\">\n\t\t\t\t<div class=\"elementor-widget-container\">\n\t\t\t\t\t\t\t<div class=\"elementor-shortcode\"><div class=\"trading-in-action flex-d container\"><div><h2 class=\"white-c mobile-text-center\">\u00bfListo para experimentar trading de bajo costo?<\/h2><p class=\"white-c mobile-text-center\">Abra una cuenta de demostraci\u00f3n sin riesgos para practicar el trading con apalancamiento y margen.\nLuego opere en mercados reales con flexibilidad.<\/p><\/div><div class=\"flex-d\"><div class=\"gold-btn btn\"><a href=\"\" target=\"_blank\">Comienza a operar<\/a><\/div><\/div><\/div><\/div>\n\t\t\t\t\t\t<\/div>\n\t\t\t\t<\/div>\n\t\t\t\t<\/div>\n\t\t\t\t<\/div>\n\t\t","protected":false},"excerpt":{"rendered":"<p>Centro Educativo Eurotrader En EuroTrader, ofrecemos un conjunto de recursos educativos para ayudarlo a acelerar sus habilidades comerciales. Desde libros electr\u00f3nicos y cursos en v\u00eddeo hasta tutoriales de plataformas, nuestras herramientas de aprendizaje brindan educaci\u00f3n pr\u00e1ctica para operadores de todos los niveles Libros electr\u00f3nico de Trading Acceda a nuestra biblioteca de gu\u00edas de libros electr\u00f3nicos [&hellip;]<\/p>\n","protected":false},"author":14,"featured_media":0,"parent":0,"menu_order":0,"comment_status":"closed","ping_status":"closed","template":"","meta":{"_acf_changed":false,"footnotes":""},"class_list":["post-2064","page","type-page","status-publish","hentry"],"acf":[],"yoast_head":"<!-- This site is optimized with the Yoast SEO plugin v26.4 - https:\/\/yoast.com\/wordpress\/plugins\/seo\/ -->\n<title>Centro Educativo Eurotrader - Eurotrader<\/title>\n<meta name=\"robots\" content=\"index, follow, max-snippet:-1, max-image-preview:large, max-video-preview:-1\" \/>\n<meta property=\"og:locale\" content=\"es_ES\" \/>\n<meta property=\"og:type\" content=\"article\" \/>\n<meta property=\"og:title\" content=\"Centro Educativo Eurotrader - Eurotrader\" \/>\n<meta property=\"og:description\" content=\"Centro Educativo Eurotrader En EuroTrader, ofrecemos un conjunto de recursos educativos para ayudarlo a acelerar sus habilidades comerciales. Desde libros electr\u00f3nicos y cursos en v\u00eddeo hasta tutoriales de plataformas, nuestras herramientas de aprendizaje brindan educaci\u00f3n pr\u00e1ctica para operadores de todos los niveles Libros electr\u00f3nico de Trading Acceda a nuestra biblioteca de gu\u00edas de libros electr\u00f3nicos [&hellip;]\" \/>\n<meta property=\"og:url\" content=\"https:\/\/eurotrader.eu\/es\/eurotrader-education-hub\/\" \/>\n<meta property=\"og:site_name\" content=\"Eurotrader\" \/>\n<meta property=\"article:modified_time\" content=\"2024-12-18T10:27:28+00:00\" \/>\n<meta property=\"og:image\" content=\"https:\/\/eurotrader.eu\/wp-content\/uploads\/trading-ebooks.png\" \/>\n<meta name=\"twitter:card\" content=\"summary_large_image\" \/>\n<meta name=\"twitter:label1\" content=\"Tiempo de lectura\" \/>\n\t<meta name=\"twitter:data1\" content=\"1 minuto\" \/>\n<script type=\"application\/ld+json\" class=\"yoast-schema-graph\">{\"@context\":\"https:\/\/schema.org\",\"@graph\":[{\"@type\":\"WebPage\",\"@id\":\"https:\/\/eurotrader.eu\/es\/eurotrader-education-hub\/\",\"url\":\"https:\/\/eurotrader.eu\/es\/eurotrader-education-hub\/\",\"name\":\"Centro Educativo Eurotrader - Eurotrader\",\"isPartOf\":{\"@id\":\"https:\/\/sienna-spider-789091.hostingersite.com\/#website\"},\"primaryImageOfPage\":{\"@id\":\"https:\/\/eurotrader.eu\/es\/eurotrader-education-hub\/#primaryimage\"},\"image\":{\"@id\":\"https:\/\/eurotrader.eu\/es\/eurotrader-education-hub\/#primaryimage\"},\"thumbnailUrl\":\"https:\/\/eurotrader.eu\/wp-content\/uploads\/trading-ebooks.png\",\"datePublished\":\"2023-10-26T19:16:00+00:00\",\"dateModified\":\"2024-12-18T10:27:28+00:00\",\"breadcrumb\":{\"@id\":\"https:\/\/eurotrader.eu\/es\/eurotrader-education-hub\/#breadcrumb\"},\"inLanguage\":\"es\",\"potentialAction\":[{\"@type\":\"ReadAction\",\"target\":[\"https:\/\/eurotrader.eu\/es\/eurotrader-education-hub\/\"]}]},{\"@type\":\"ImageObject\",\"inLanguage\":\"es\",\"@id\":\"https:\/\/eurotrader.eu\/es\/eurotrader-education-hub\/#primaryimage\",\"url\":\"https:\/\/eurotrader.eu\/wp-content\/uploads\/trading-ebooks.png\",\"contentUrl\":\"https:\/\/eurotrader.eu\/wp-content\/uploads\/trading-ebooks.png\"},{\"@type\":\"BreadcrumbList\",\"@id\":\"https:\/\/eurotrader.eu\/es\/eurotrader-education-hub\/#breadcrumb\",\"itemListElement\":[{\"@type\":\"ListItem\",\"position\":1,\"name\":\"Home\",\"item\":\"https:\/\/eurotrader.eu\/es\/\"},{\"@type\":\"ListItem\",\"position\":2,\"name\":\"Centro Educativo Eurotrader\"}]},{\"@type\":\"WebSite\",\"@id\":\"https:\/\/sienna-spider-789091.hostingersite.com\/#website\",\"url\":\"https:\/\/sienna-spider-789091.hostingersite.com\/\",\"name\":\"Eurotrader\",\"description\":\"\",\"publisher\":{\"@id\":\"https:\/\/sienna-spider-789091.hostingersite.com\/#organization\"},\"potentialAction\":[{\"@type\":\"SearchAction\",\"target\":{\"@type\":\"EntryPoint\",\"urlTemplate\":\"https:\/\/sienna-spider-789091.hostingersite.com\/?s={search_term_string}\"},\"query-input\":{\"@type\":\"PropertyValueSpecification\",\"valueRequired\":true,\"valueName\":\"search_term_string\"}}],\"inLanguage\":\"es\"},{\"@type\":\"Organization\",\"@id\":\"https:\/\/sienna-spider-789091.hostingersite.com\/#organization\",\"name\":\"Eurotrader\",\"url\":\"https:\/\/sienna-spider-789091.hostingersite.com\/\",\"logo\":{\"@type\":\"ImageObject\",\"inLanguage\":\"es\",\"@id\":\"https:\/\/sienna-spider-789091.hostingersite.com\/#\/schema\/logo\/image\/\",\"url\":\"https:\/\/eurotrader.eu\/wp-content\/uploads\/header-logo.svg\",\"contentUrl\":\"https:\/\/eurotrader.eu\/wp-content\/uploads\/header-logo.svg\",\"width\":184,\"height\":28,\"caption\":\"Eurotrader\"},\"image\":{\"@id\":\"https:\/\/sienna-spider-789091.hostingersite.com\/#\/schema\/logo\/image\/\"}}]}<\/script>\n<!-- \/ Yoast SEO plugin. -->","yoast_head_json":{"title":"Centro Educativo Eurotrader - Eurotrader","robots":{"index":"index","follow":"follow","max-snippet":"max-snippet:-1","max-image-preview":"max-image-preview:large","max-video-preview":"max-video-preview:-1"},"og_locale":"es_ES","og_type":"article","og_title":"Centro Educativo Eurotrader - Eurotrader","og_description":"Centro Educativo Eurotrader En EuroTrader, ofrecemos un conjunto de recursos educativos para ayudarlo a acelerar sus habilidades comerciales. Desde libros electr\u00f3nicos y cursos en v\u00eddeo hasta tutoriales de plataformas, nuestras herramientas de aprendizaje brindan educaci\u00f3n pr\u00e1ctica para operadores de todos los niveles Libros electr\u00f3nico de Trading Acceda a nuestra biblioteca de gu\u00edas de libros electr\u00f3nicos [&hellip;]","og_url":"https:\/\/eurotrader.eu\/es\/eurotrader-education-hub\/","og_site_name":"Eurotrader","article_modified_time":"2024-12-18T10:27:28+00:00","og_image":[{"url":"https:\/\/eurotrader.eu\/wp-content\/uploads\/trading-ebooks.png","type":"","width":"","height":""}],"twitter_card":"summary_large_image","twitter_misc":{"Tiempo de lectura":"1 minuto"},"schema":{"@context":"https:\/\/schema.org","@graph":[{"@type":"WebPage","@id":"https:\/\/eurotrader.eu\/es\/eurotrader-education-hub\/","url":"https:\/\/eurotrader.eu\/es\/eurotrader-education-hub\/","name":"Centro Educativo Eurotrader - Eurotrader","isPartOf":{"@id":"https:\/\/sienna-spider-789091.hostingersite.com\/#website"},"primaryImageOfPage":{"@id":"https:\/\/eurotrader.eu\/es\/eurotrader-education-hub\/#primaryimage"},"image":{"@id":"https:\/\/eurotrader.eu\/es\/eurotrader-education-hub\/#primaryimage"},"thumbnailUrl":"https:\/\/eurotrader.eu\/wp-content\/uploads\/trading-ebooks.png","datePublished":"2023-10-26T19:16:00+00:00","dateModified":"2024-12-18T10:27:28+00:00","breadcrumb":{"@id":"https:\/\/eurotrader.eu\/es\/eurotrader-education-hub\/#breadcrumb"},"inLanguage":"es","potentialAction":[{"@type":"ReadAction","target":["https:\/\/eurotrader.eu\/es\/eurotrader-education-hub\/"]}]},{"@type":"ImageObject","inLanguage":"es","@id":"https:\/\/eurotrader.eu\/es\/eurotrader-education-hub\/#primaryimage","url":"https:\/\/eurotrader.eu\/wp-content\/uploads\/trading-ebooks.png","contentUrl":"https:\/\/eurotrader.eu\/wp-content\/uploads\/trading-ebooks.png"},{"@type":"BreadcrumbList","@id":"https:\/\/eurotrader.eu\/es\/eurotrader-education-hub\/#breadcrumb","itemListElement":[{"@type":"ListItem","position":1,"name":"Home","item":"https:\/\/eurotrader.eu\/es\/"},{"@type":"ListItem","position":2,"name":"Centro Educativo Eurotrader"}]},{"@type":"WebSite","@id":"https:\/\/sienna-spider-789091.hostingersite.com\/#website","url":"https:\/\/sienna-spider-789091.hostingersite.com\/","name":"Eurotrader","description":"","publisher":{"@id":"https:\/\/sienna-spider-789091.hostingersite.com\/#organization"},"potentialAction":[{"@type":"SearchAction","target":{"@type":"EntryPoint","urlTemplate":"https:\/\/sienna-spider-789091.hostingersite.com\/?s={search_term_string}"},"query-input":{"@type":"PropertyValueSpecification","valueRequired":true,"valueName":"search_term_string"}}],"inLanguage":"es"},{"@type":"Organization","@id":"https:\/\/sienna-spider-789091.hostingersite.com\/#organization","name":"Eurotrader","url":"https:\/\/sienna-spider-789091.hostingersite.com\/","logo":{"@type":"ImageObject","inLanguage":"es","@id":"https:\/\/sienna-spider-789091.hostingersite.com\/#\/schema\/logo\/image\/","url":"https:\/\/eurotrader.eu\/wp-content\/uploads\/header-logo.svg","contentUrl":"https:\/\/eurotrader.eu\/wp-content\/uploads\/header-logo.svg","width":184,"height":28,"caption":"Eurotrader"},"image":{"@id":"https:\/\/sienna-spider-789091.hostingersite.com\/#\/schema\/logo\/image\/"}}]}},"_hostinger_reach_plugin_has_subscription_block":false,"_hostinger_reach_plugin_is_elementor":false,"_links":{"self":[{"href":"https:\/\/eurotrader.eu\/es\/wp-json\/wp\/v2\/pages\/2064","targetHints":{"allow":["GET"]}}],"collection":[{"href":"https:\/\/eurotrader.eu\/es\/wp-json\/wp\/v2\/pages"}],"about":[{"href":"https:\/\/eurotrader.eu\/es\/wp-json\/wp\/v2\/types\/page"}],"author":[{"embeddable":true,"href":"https:\/\/eurotrader.eu\/es\/wp-json\/wp\/v2\/users\/14"}],"replies":[{"embeddable":true,"href":"https:\/\/eurotrader.eu\/es\/wp-json\/wp\/v2\/comments?post=2064"}],"version-history":[{"count":7,"href":"https:\/\/eurotrader.eu\/es\/wp-json\/wp\/v2\/pages\/2064\/revisions"}],"predecessor-version":[{"id":6478,"href":"https:\/\/eurotrader.eu\/es\/wp-json\/wp\/v2\/pages\/2064\/revisions\/6478"}],"wp:attachment":[{"href":"https:\/\/eurotrader.eu\/es\/wp-json\/wp\/v2\/media?parent=2064"}],"curies":[{"name":"wp","href":"https:\/\/api.w.org\/{rel}","templated":true}]}}