{"id":2207,"date":"2023-11-14T19:36:45","date_gmt":"2023-11-14T19:36:45","guid":{"rendered":"http:\/\/website-stage.eurotrader.com\/requisitos-de-apalancamiento-y-margen\/"},"modified":"2024-09-02T10:13:53","modified_gmt":"2024-09-02T09:13:53","slug":"leverage-and-margin-requirements","status":"publish","type":"page","link":"https:\/\/eurotrader.eu\/es\/leverage-and-margin-requirements\/","title":{"rendered":"Requisitos de apalancamiento y margen"},"content":{"rendered":"\t\t<div data-elementor-type=\"wp-page\" data-elementor-id=\"2207\" class=\"elementor elementor-2207 elementor-2085\" data-elementor-post-type=\"page\">\n\t\t\t\t<div class=\"elementor-element elementor-element-20d7e951 e-flex e-con-boxed e-con e-parent\" data-id=\"20d7e951\" data-element_type=\"container\">\n\t\t\t\t\t<div class=\"e-con-inner\">\n\t\t\t\t<div class=\"elementor-element elementor-element-70ba4906 elementor-widget elementor-widget-heading\" data-id=\"70ba4906\" data-element_type=\"widget\" data-widget_type=\"heading.default\">\n\t\t\t\t<div class=\"elementor-widget-container\">\n\t\t\t\t\t<h1 class=\"elementor-heading-title elementor-size-default\">Requisitos de apalancamiento<br>y margen<\/h1>\t\t\t\t<\/div>\n\t\t\t\t<\/div>\n\t\t\t\t<div class=\"elementor-element elementor-element-bbf3132 elementor-widget elementor-widget-text-editor\" data-id=\"bbf3132\" data-element_type=\"widget\" data-widget_type=\"text-editor.default\">\n\t\t\t\t<div class=\"elementor-widget-container\">\n\t\t\t\t\t\t\t\t\t<p>Ampl\u00ede sus resultados de negociaci\u00f3n con apalancamiento.<\/p>\n\t\t\t\t\t\t\t\t<\/div>\n\t\t\t\t<\/div>\n\t\t\t\t<div class=\"elementor-element elementor-element-17bccaf elementor-widget elementor-widget-shortcode\" data-id=\"17bccaf\" data-element_type=\"widget\" data-widget_type=\"shortcode.default\">\n\t\t\t\t<div class=\"elementor-widget-container\">\n\t\t\t\t\t\t\t<div class=\"elementor-shortcode\">EuroTrader ofrece apalancamiento de hasta  y requisitos de margen competitivos.<\/div>\n\t\t\t\t\t\t<\/div>\n\t\t\t\t<\/div>\n\t\t\t\t\t<\/div>\n\t\t\t\t<\/div>\n\t\t<div class=\"elementor-element elementor-element-283567dd e-flex e-con-boxed e-con e-parent\" data-id=\"283567dd\" data-element_type=\"container\">\n\t\t\t\t\t<div class=\"e-con-inner\">\n\t\t<div class=\"elementor-element elementor-element-ecf2afa e-flex e-con-boxed e-con e-child\" data-id=\"ecf2afa\" data-element_type=\"container\">\n\t\t\t\t\t<div class=\"e-con-inner\">\n\t\t<div class=\"elementor-element elementor-element-77bbfd69 box-with-shadow-column-1 e-flex e-con-boxed e-con e-child\" data-id=\"77bbfd69\" data-element_type=\"container\" data-settings=\"{&quot;background_background&quot;:&quot;classic&quot;}\">\n\t\t\t\t\t<div class=\"e-con-inner\">\n\t\t<div class=\"elementor-element elementor-element-ae160dd e-con-full e-flex e-con e-child\" data-id=\"ae160dd\" data-element_type=\"container\">\n\t\t\t\t<div class=\"elementor-element elementor-element-6e215622 elementor-widget elementor-widget-heading\" data-id=\"6e215622\" data-element_type=\"widget\" data-widget_type=\"heading.default\">\n\t\t\t\t<div class=\"elementor-widget-container\">\n\t\t\t\t\t<h4 class=\"elementor-heading-title elementor-size-default\">\u00bfQu\u00e9 es el apalancamiento?<\/h4>\t\t\t\t<\/div>\n\t\t\t\t<\/div>\n\t\t\t\t<div class=\"elementor-element elementor-element-2653ec21 elementor-widget elementor-widget-text-editor\" data-id=\"2653ec21\" data-element_type=\"widget\" data-widget_type=\"text-editor.default\">\n\t\t\t\t<div class=\"elementor-widget-container\">\n\t\t\t\t\t\t\t\t\t<p>El apalancamiento le permite abrir posiciones mucho m\u00e1s grandes de lo que normalmente le permitir\u00eda el saldo de su cuenta mediante un pr\u00e9stamo de su corredor. Por ejemplo, un apalancamiento de 1:100 significa que su br\u00f3ker le proporciona capital hasta 100 veces su dep\u00f3sito de margen.<\/p>\n\t\t\t\t\t\t\t\t<\/div>\n\t\t\t\t<\/div>\n\t\t\t\t<div class=\"elementor-element elementor-element-242a3d20 elementor-widget elementor-widget-text-editor\" data-id=\"242a3d20\" data-element_type=\"widget\" data-widget_type=\"text-editor.default\">\n\t\t\t\t<div class=\"elementor-widget-container\">\n\t\t\t\t\t\t\t\t\t<p>Esto amplifica tanto las ganancias como las p\u00e9rdidas de sus operaciones. Aunque el apalancamiento aumenta los riesgos, proporciona flexibilidad para negociar las posiciones que desee.<\/p>\n\t\t\t\t\t\t\t\t<\/div>\n\t\t\t\t<\/div>\n\t\t\t\t<\/div>\n\t\t<div class=\"elementor-element elementor-element-3a9c030b e-con-full e-flex e-con e-child\" data-id=\"3a9c030b\" data-element_type=\"container\">\n\t\t\t\t<div class=\"elementor-element elementor-element-11b2ef07 elementor-widget elementor-widget-image\" data-id=\"11b2ef07\" data-element_type=\"widget\" data-widget_type=\"image.default\">\n\t\t\t\t<div class=\"elementor-widget-container\">\n\t\t\t\t\t\t\t\t\t\t\t\t\t\t\t<img fetchpriority=\"high\" decoding=\"async\" width=\"632\" height=\"274\" src=\"https:\/\/eurotrader.eu\/wp-content\/uploads\/Leverage-1.png\" class=\"attachment-large size-large wp-image-2089\" alt=\"\" \/>\t\t\t\t\t\t\t\t\t\t\t\t\t\t\t<\/div>\n\t\t\t\t<\/div>\n\t\t\t\t<\/div>\n\t\t\t\t\t<\/div>\n\t\t\t\t<\/div>\n\t\t\t\t\t<\/div>\n\t\t\t\t<\/div>\n\t\t\t\t\t<\/div>\n\t\t\t\t<\/div>\n\t\t<div class=\"elementor-element elementor-element-7ae92be6 e-flex e-con-boxed e-con e-parent\" data-id=\"7ae92be6\" data-element_type=\"container\">\n\t\t\t\t\t<div class=\"e-con-inner\">\n\t\t<div class=\"elementor-element elementor-element-6ff1dd54 e-flex e-con-boxed e-con e-child\" data-id=\"6ff1dd54\" data-element_type=\"container\">\n\t\t\t\t\t<div class=\"e-con-inner\">\n\t\t<div class=\"elementor-element elementor-element-16d708ff box-with-shadow-column-1 e-con-full e-flex e-con e-child\" data-id=\"16d708ff\" data-element_type=\"container\" data-settings=\"{&quot;background_background&quot;:&quot;classic&quot;}\">\n\t\t\t\t<div class=\"elementor-element elementor-element-1b9dc9fc elementor-widget elementor-widget-heading\" data-id=\"1b9dc9fc\" data-element_type=\"widget\" data-widget_type=\"heading.default\">\n\t\t\t\t<div class=\"elementor-widget-container\">\n\t\t\t\t\t<h4 class=\"elementor-heading-title elementor-size-default\">Requisitos de margen:<\/h4>\t\t\t\t<\/div>\n\t\t\t\t<\/div>\n\t\t\t\t<div class=\"elementor-element elementor-element-3c5b3c93 elementor-widget elementor-widget-text-editor\" data-id=\"3c5b3c93\" data-element_type=\"widget\" data-widget_type=\"text-editor.default\">\n\t\t\t\t<div class=\"elementor-widget-container\">\n\t\t\t\t\t\t\t\t\t<p>El margen es la cantidad de capital necesaria en su cuenta para abrir una posici\u00f3n apalancada. Por ejemplo, con un apalancamiento de 1:100, el requisito de margen suele ser el 1% del tama\u00f1o de la posici\u00f3n.<\/p>\n\t\t\t\t\t\t\t\t<\/div>\n\t\t\t\t<\/div>\n\t\t\t\t<div class=\"elementor-element elementor-element-3189004 elementor-widget elementor-widget-shortcode\" data-id=\"3189004\" data-element_type=\"widget\" data-widget_type=\"shortcode.default\">\n\t\t\t\t<div class=\"elementor-widget-container\">\n\t\t\t\t\t\t\t<div class=\"elementor-shortcode\">Ofrecemos un apalancamiento de hasta  con unos requisitos de margen competitivos. Aproveche nuestros tipos de margen inicial m\u00e1s bajos para poner su capital a trabajar de forma m\u00e1s eficiente.<\/div>\n\t\t\t\t\t\t<\/div>\n\t\t\t\t<\/div>\n\t\t\t\t<div class=\"elementor-element elementor-element-4f8c7945 btn gold-btn elementor-widget elementor-widget-button\" data-id=\"4f8c7945\" data-element_type=\"widget\" data-widget_type=\"button.default\">\n\t\t\t\t<div class=\"elementor-widget-container\">\n\t\t\t\t\t\t\t\t\t<div class=\"elementor-button-wrapper\">\n\t\t\t\t\t<a class=\"elementor-button elementor-button-link elementor-size-sm\" href=\"https:\/\/eurotrader.eu\/es\/all-in-one-calculator\/\">\n\t\t\t\t\t\t<span class=\"elementor-button-content-wrapper\">\n\t\t\t\t\t\t\t\t\t<span class=\"elementor-button-text\">Calcular<\/span>\n\t\t\t\t\t<\/span>\n\t\t\t\t\t<\/a>\n\t\t\t\t<\/div>\n\t\t\t\t\t\t\t\t<\/div>\n\t\t\t\t<\/div>\n\t\t\t\t<\/div>\n\t\t<div class=\"elementor-element elementor-element-26a1ed12 box-with-shadow-column-1 e-con-full e-flex e-con e-child\" data-id=\"26a1ed12\" data-element_type=\"container\" data-settings=\"{&quot;background_background&quot;:&quot;classic&quot;}\">\n\t\t\t\t<div class=\"elementor-element elementor-element-7d68278b elementor-widget elementor-widget-heading\" data-id=\"7d68278b\" data-element_type=\"widget\" data-widget_type=\"heading.default\">\n\t\t\t\t<div class=\"elementor-widget-container\">\n\t\t\t\t\t<h4 class=\"elementor-heading-title elementor-size-default\">Comercio responsable:<\/h4>\t\t\t\t<\/div>\n\t\t\t\t<\/div>\n\t\t\t\t<div class=\"elementor-element elementor-element-c38d3b3 elementor-widget elementor-widget-text-editor\" data-id=\"c38d3b3\" data-element_type=\"widget\" data-widget_type=\"text-editor.default\">\n\t\t\t\t<div class=\"elementor-widget-container\">\n\t\t\t\t\t\t\t\t\t<p>Si bien el apalancamiento proporciona m\u00e1s flexibilidad comercial, los riesgos tambi\u00e9n aumentan. Controle su capital de cerca y administre activamente sus operaciones. Nunca arriesgue m\u00e1s capital del que puede permitirse perder.<\/p>\n\t\t\t\t\t\t\t\t<\/div>\n\t\t\t\t<\/div>\n\t\t\t\t<\/div>\n\t\t\t\t\t<\/div>\n\t\t\t\t<\/div>\n\t\t\t\t\t<\/div>\n\t\t\t\t<\/div>\n\t\t<div class=\"elementor-element elementor-element-51d671f1 e-flex e-con-boxed e-con e-parent\" data-id=\"51d671f1\" data-element_type=\"container\">\n\t\t\t\t\t<div class=\"e-con-inner\">\n\t\t<div class=\"elementor-element elementor-element-7bae4179 e-flex e-con-boxed e-con e-child\" data-id=\"7bae4179\" data-element_type=\"container\">\n\t\t\t\t\t<div class=\"e-con-inner\">\n\t\t<div class=\"elementor-element elementor-element-5d0f8496 box-with-shadow-column-1 contact-for-support e-flex e-con-boxed e-con e-child\" data-id=\"5d0f8496\" data-element_type=\"container\" data-settings=\"{&quot;background_background&quot;:&quot;classic&quot;}\">\n\t\t\t\t\t<div class=\"e-con-inner\">\n\t\t<div class=\"elementor-element elementor-element-640c6e9d e-flex e-con-boxed e-con e-child\" data-id=\"640c6e9d\" data-element_type=\"container\">\n\t\t\t\t\t<div class=\"e-con-inner\">\n\t\t\t\t<div class=\"elementor-element elementor-element-4df486df elementor-widget elementor-widget-text-editor\" data-id=\"4df486df\" data-element_type=\"widget\" data-widget_type=\"text-editor.default\">\n\t\t\t\t<div class=\"elementor-widget-container\">\n\t\t\t\t\t\t\t\t\t<p>\u00bfTiene alguna pregunta? <a href=\"#\">P\u00f3ngase en contacto con nuestro equipo de asistencia<\/a> si tiene alguna pregunta sobre la ejecuci\u00f3n de \u00f3rdenes, el deslizamiento o nuestras plataformas de negociaci\u00f3n en general.\u2028 Estaremos encantados de ayudarle.<\/p>\n\t\t\t\t\t\t\t\t<\/div>\n\t\t\t\t<\/div>\n\t\t\t\t\t<\/div>\n\t\t\t\t<\/div>\n\t\t\t\t\t<\/div>\n\t\t\t\t<\/div>\n\t\t\t\t\t<\/div>\n\t\t\t\t<\/div>\n\t\t\t\t\t<\/div>\n\t\t\t\t<\/div>\n\t\t<div class=\"elementor-element elementor-element-8e4b2ec e-flex e-con-boxed e-con e-parent\" data-id=\"8e4b2ec\" data-element_type=\"container\">\n\t\t\t\t\t<div class=\"e-con-inner\">\n\t\t\t\t<div class=\"elementor-element elementor-element-92e555b elementor-widget elementor-widget-shortcode\" data-id=\"92e555b\" data-element_type=\"widget\" data-widget_type=\"shortcode.default\">\n\t\t\t\t<div class=\"elementor-widget-container\">\n\t\t\t\t\t\t\t<div class=\"elementor-shortcode\"><\/div>\n\t\t\t\t\t\t<\/div>\n\t\t\t\t<\/div>\n\t\t\t\t\t<\/div>\n\t\t\t\t<\/div>\n\t\t<div class=\"elementor-element elementor-element-76568bcb e-con-full e-flex e-con e-parent\" data-id=\"76568bcb\" data-element_type=\"container\" data-settings=\"{&quot;background_background&quot;:&quot;classic&quot;}\">\n\t\t\t\t<div class=\"elementor-element elementor-element-6760db67 elementor-widget elementor-widget-shortcode\" data-id=\"6760db67\" data-element_type=\"widget\" data-widget_type=\"shortcode.default\">\n\t\t\t\t<div class=\"elementor-widget-container\">\n\t\t\t\t\t\t\t<div class=\"elementor-shortcode\"><div class=\"trading-in-action flex-d container\"><div><h2 class=\"white-c mobile-text-center\">\u00bfListo para experimentar trading de bajo costo?<\/h2><p class=\"white-c mobile-text-center\">Abra una cuenta de demostraci\u00f3n sin riesgos para practicar el trading con apalancamiento y margen.\nLuego opere en mercados reales con flexibilidad.<\/p><\/div><div class=\"flex-d\"><div class=\"gold-btn btn\"><a href=\"\" target=\"_blank\">Comienza a operar<\/a><\/div><\/div><\/div><\/div>\n\t\t\t\t\t\t<\/div>\n\t\t\t\t<\/div>\n\t\t\t\t<\/div>\n\t\t\t\t<\/div>\n\t\t","protected":false},"excerpt":{"rendered":"<p>Requisitos de apalancamientoy margen Ampl\u00ede sus resultados de negociaci\u00f3n con apalancamiento. EuroTrader ofrece apalancamiento de hasta y requisitos de margen competitivos. \u00bfQu\u00e9 es el apalancamiento? El apalancamiento le permite abrir posiciones mucho m\u00e1s grandes de lo que normalmente le permitir\u00eda el saldo de su cuenta mediante un pr\u00e9stamo de su corredor. Por ejemplo, un apalancamiento [&hellip;]<\/p>\n","protected":false},"author":14,"featured_media":0,"parent":0,"menu_order":0,"comment_status":"closed","ping_status":"closed","template":"","meta":{"_acf_changed":false,"footnotes":""},"class_list":["post-2207","page","type-page","status-publish","hentry"],"acf":[],"yoast_head":"<!-- This site is optimized with the Yoast SEO plugin v26.4 - https:\/\/yoast.com\/wordpress\/plugins\/seo\/ -->\n<title>Requisitos de apalancamiento y margen - Eurotrader<\/title>\n<meta name=\"robots\" content=\"index, follow, max-snippet:-1, max-image-preview:large, max-video-preview:-1\" \/>\n<meta property=\"og:locale\" content=\"es_ES\" \/>\n<meta property=\"og:type\" content=\"article\" \/>\n<meta property=\"og:title\" content=\"Requisitos de apalancamiento y margen - Eurotrader\" \/>\n<meta property=\"og:description\" content=\"Requisitos de apalancamientoy margen Ampl\u00ede sus resultados de negociaci\u00f3n con apalancamiento. EuroTrader ofrece apalancamiento de hasta y requisitos de margen competitivos. \u00bfQu\u00e9 es el apalancamiento? El apalancamiento le permite abrir posiciones mucho m\u00e1s grandes de lo que normalmente le permitir\u00eda el saldo de su cuenta mediante un pr\u00e9stamo de su corredor. Por ejemplo, un apalancamiento [&hellip;]\" \/>\n<meta property=\"og:url\" content=\"https:\/\/eurotrader.eu\/es\/leverage-and-margin-requirements\/\" \/>\n<meta property=\"og:site_name\" content=\"Eurotrader\" \/>\n<meta property=\"article:modified_time\" content=\"2024-09-02T09:13:53+00:00\" \/>\n<meta property=\"og:image\" content=\"https:\/\/eurotrader.eu\/wp-content\/uploads\/Leverage-1.png\" \/>\n<meta name=\"twitter:card\" content=\"summary_large_image\" \/>\n<meta name=\"twitter:label1\" content=\"Tiempo de lectura\" \/>\n\t<meta name=\"twitter:data1\" content=\"1 minuto\" \/>\n<script type=\"application\/ld+json\" class=\"yoast-schema-graph\">{\"@context\":\"https:\/\/schema.org\",\"@graph\":[{\"@type\":\"WebPage\",\"@id\":\"https:\/\/eurotrader.eu\/es\/leverage-and-margin-requirements\/\",\"url\":\"https:\/\/eurotrader.eu\/es\/leverage-and-margin-requirements\/\",\"name\":\"Requisitos de apalancamiento y margen - Eurotrader\",\"isPartOf\":{\"@id\":\"https:\/\/sienna-spider-789091.hostingersite.com\/#website\"},\"primaryImageOfPage\":{\"@id\":\"https:\/\/eurotrader.eu\/es\/leverage-and-margin-requirements\/#primaryimage\"},\"image\":{\"@id\":\"https:\/\/eurotrader.eu\/es\/leverage-and-margin-requirements\/#primaryimage\"},\"thumbnailUrl\":\"https:\/\/eurotrader.eu\/wp-content\/uploads\/Leverage-1.png\",\"datePublished\":\"2023-11-14T19:36:45+00:00\",\"dateModified\":\"2024-09-02T09:13:53+00:00\",\"breadcrumb\":{\"@id\":\"https:\/\/eurotrader.eu\/es\/leverage-and-margin-requirements\/#breadcrumb\"},\"inLanguage\":\"es\",\"potentialAction\":[{\"@type\":\"ReadAction\",\"target\":[\"https:\/\/eurotrader.eu\/es\/leverage-and-margin-requirements\/\"]}]},{\"@type\":\"ImageObject\",\"inLanguage\":\"es\",\"@id\":\"https:\/\/eurotrader.eu\/es\/leverage-and-margin-requirements\/#primaryimage\",\"url\":\"https:\/\/eurotrader.eu\/wp-content\/uploads\/Leverage-1.png\",\"contentUrl\":\"https:\/\/eurotrader.eu\/wp-content\/uploads\/Leverage-1.png\"},{\"@type\":\"BreadcrumbList\",\"@id\":\"https:\/\/eurotrader.eu\/es\/leverage-and-margin-requirements\/#breadcrumb\",\"itemListElement\":[{\"@type\":\"ListItem\",\"position\":1,\"name\":\"Home\",\"item\":\"https:\/\/eurotrader.eu\/es\/\"},{\"@type\":\"ListItem\",\"position\":2,\"name\":\"Requisitos de apalancamiento y margen\"}]},{\"@type\":\"WebSite\",\"@id\":\"https:\/\/sienna-spider-789091.hostingersite.com\/#website\",\"url\":\"https:\/\/sienna-spider-789091.hostingersite.com\/\",\"name\":\"Eurotrader\",\"description\":\"\",\"publisher\":{\"@id\":\"https:\/\/sienna-spider-789091.hostingersite.com\/#organization\"},\"potentialAction\":[{\"@type\":\"SearchAction\",\"target\":{\"@type\":\"EntryPoint\",\"urlTemplate\":\"https:\/\/sienna-spider-789091.hostingersite.com\/?s={search_term_string}\"},\"query-input\":{\"@type\":\"PropertyValueSpecification\",\"valueRequired\":true,\"valueName\":\"search_term_string\"}}],\"inLanguage\":\"es\"},{\"@type\":\"Organization\",\"@id\":\"https:\/\/sienna-spider-789091.hostingersite.com\/#organization\",\"name\":\"Eurotrader\",\"url\":\"https:\/\/sienna-spider-789091.hostingersite.com\/\",\"logo\":{\"@type\":\"ImageObject\",\"inLanguage\":\"es\",\"@id\":\"https:\/\/sienna-spider-789091.hostingersite.com\/#\/schema\/logo\/image\/\",\"url\":\"https:\/\/eurotrader.eu\/wp-content\/uploads\/header-logo.svg\",\"contentUrl\":\"https:\/\/eurotrader.eu\/wp-content\/uploads\/header-logo.svg\",\"width\":184,\"height\":28,\"caption\":\"Eurotrader\"},\"image\":{\"@id\":\"https:\/\/sienna-spider-789091.hostingersite.com\/#\/schema\/logo\/image\/\"}}]}<\/script>\n<!-- \/ Yoast SEO plugin. -->","yoast_head_json":{"title":"Requisitos de apalancamiento y margen - Eurotrader","robots":{"index":"index","follow":"follow","max-snippet":"max-snippet:-1","max-image-preview":"max-image-preview:large","max-video-preview":"max-video-preview:-1"},"og_locale":"es_ES","og_type":"article","og_title":"Requisitos de apalancamiento y margen - Eurotrader","og_description":"Requisitos de apalancamientoy margen Ampl\u00ede sus resultados de negociaci\u00f3n con apalancamiento. EuroTrader ofrece apalancamiento de hasta y requisitos de margen competitivos. \u00bfQu\u00e9 es el apalancamiento? El apalancamiento le permite abrir posiciones mucho m\u00e1s grandes de lo que normalmente le permitir\u00eda el saldo de su cuenta mediante un pr\u00e9stamo de su corredor. Por ejemplo, un apalancamiento [&hellip;]","og_url":"https:\/\/eurotrader.eu\/es\/leverage-and-margin-requirements\/","og_site_name":"Eurotrader","article_modified_time":"2024-09-02T09:13:53+00:00","og_image":[{"url":"https:\/\/eurotrader.eu\/wp-content\/uploads\/Leverage-1.png","type":"","width":"","height":""}],"twitter_card":"summary_large_image","twitter_misc":{"Tiempo de lectura":"1 minuto"},"schema":{"@context":"https:\/\/schema.org","@graph":[{"@type":"WebPage","@id":"https:\/\/eurotrader.eu\/es\/leverage-and-margin-requirements\/","url":"https:\/\/eurotrader.eu\/es\/leverage-and-margin-requirements\/","name":"Requisitos de apalancamiento y margen - Eurotrader","isPartOf":{"@id":"https:\/\/sienna-spider-789091.hostingersite.com\/#website"},"primaryImageOfPage":{"@id":"https:\/\/eurotrader.eu\/es\/leverage-and-margin-requirements\/#primaryimage"},"image":{"@id":"https:\/\/eurotrader.eu\/es\/leverage-and-margin-requirements\/#primaryimage"},"thumbnailUrl":"https:\/\/eurotrader.eu\/wp-content\/uploads\/Leverage-1.png","datePublished":"2023-11-14T19:36:45+00:00","dateModified":"2024-09-02T09:13:53+00:00","breadcrumb":{"@id":"https:\/\/eurotrader.eu\/es\/leverage-and-margin-requirements\/#breadcrumb"},"inLanguage":"es","potentialAction":[{"@type":"ReadAction","target":["https:\/\/eurotrader.eu\/es\/leverage-and-margin-requirements\/"]}]},{"@type":"ImageObject","inLanguage":"es","@id":"https:\/\/eurotrader.eu\/es\/leverage-and-margin-requirements\/#primaryimage","url":"https:\/\/eurotrader.eu\/wp-content\/uploads\/Leverage-1.png","contentUrl":"https:\/\/eurotrader.eu\/wp-content\/uploads\/Leverage-1.png"},{"@type":"BreadcrumbList","@id":"https:\/\/eurotrader.eu\/es\/leverage-and-margin-requirements\/#breadcrumb","itemListElement":[{"@type":"ListItem","position":1,"name":"Home","item":"https:\/\/eurotrader.eu\/es\/"},{"@type":"ListItem","position":2,"name":"Requisitos de apalancamiento y margen"}]},{"@type":"WebSite","@id":"https:\/\/sienna-spider-789091.hostingersite.com\/#website","url":"https:\/\/sienna-spider-789091.hostingersite.com\/","name":"Eurotrader","description":"","publisher":{"@id":"https:\/\/sienna-spider-789091.hostingersite.com\/#organization"},"potentialAction":[{"@type":"SearchAction","target":{"@type":"EntryPoint","urlTemplate":"https:\/\/sienna-spider-789091.hostingersite.com\/?s={search_term_string}"},"query-input":{"@type":"PropertyValueSpecification","valueRequired":true,"valueName":"search_term_string"}}],"inLanguage":"es"},{"@type":"Organization","@id":"https:\/\/sienna-spider-789091.hostingersite.com\/#organization","name":"Eurotrader","url":"https:\/\/sienna-spider-789091.hostingersite.com\/","logo":{"@type":"ImageObject","inLanguage":"es","@id":"https:\/\/sienna-spider-789091.hostingersite.com\/#\/schema\/logo\/image\/","url":"https:\/\/eurotrader.eu\/wp-content\/uploads\/header-logo.svg","contentUrl":"https:\/\/eurotrader.eu\/wp-content\/uploads\/header-logo.svg","width":184,"height":28,"caption":"Eurotrader"},"image":{"@id":"https:\/\/sienna-spider-789091.hostingersite.com\/#\/schema\/logo\/image\/"}}]}},"_hostinger_reach_plugin_has_subscription_block":false,"_hostinger_reach_plugin_is_elementor":false,"_links":{"self":[{"href":"https:\/\/eurotrader.eu\/es\/wp-json\/wp\/v2\/pages\/2207","targetHints":{"allow":["GET"]}}],"collection":[{"href":"https:\/\/eurotrader.eu\/es\/wp-json\/wp\/v2\/pages"}],"about":[{"href":"https:\/\/eurotrader.eu\/es\/wp-json\/wp\/v2\/types\/page"}],"author":[{"embeddable":true,"href":"https:\/\/eurotrader.eu\/es\/wp-json\/wp\/v2\/users\/14"}],"replies":[{"embeddable":true,"href":"https:\/\/eurotrader.eu\/es\/wp-json\/wp\/v2\/comments?post=2207"}],"version-history":[{"count":7,"href":"https:\/\/eurotrader.eu\/es\/wp-json\/wp\/v2\/pages\/2207\/revisions"}],"predecessor-version":[{"id":5454,"href":"https:\/\/eurotrader.eu\/es\/wp-json\/wp\/v2\/pages\/2207\/revisions\/5454"}],"wp:attachment":[{"href":"https:\/\/eurotrader.eu\/es\/wp-json\/wp\/v2\/media?parent=2207"}],"curies":[{"name":"wp","href":"https:\/\/api.w.org\/{rel}","templated":true}]}}