{"id":5477,"date":"2024-03-13T15:58:07","date_gmt":"2024-03-13T15:58:07","guid":{"rendered":"https:\/\/www.eurotrader.eu\/withdrawals-deposits\/"},"modified":"2024-04-09T10:11:34","modified_gmt":"2024-04-09T09:11:34","slug":"withdrawals-deposits","status":"publish","type":"page","link":"https:\/\/eurotrader.eu\/es\/withdrawals-deposits\/","title":{"rendered":"Retiros &#038; dep\u00f3sitos"},"content":{"rendered":"\t\t<div data-elementor-type=\"wp-page\" data-elementor-id=\"5477\" class=\"elementor elementor-5477 elementor-4866\" data-elementor-post-type=\"page\">\n\t\t\t\t<div class=\"elementor-element elementor-element-5eea0bdd e-flex e-con-boxed e-con e-parent\" data-id=\"5eea0bdd\" data-element_type=\"container\" data-settings=\"{&quot;background_background&quot;:&quot;classic&quot;}\">\n\t\t\t\t\t<div class=\"e-con-inner\">\n\t\t<div class=\"elementor-element elementor-element-79c58cbd e-flex e-con-boxed e-con e-child\" data-id=\"79c58cbd\" data-element_type=\"container\">\n\t\t\t\t\t<div class=\"e-con-inner\">\n\t\t\t\t<div class=\"elementor-element elementor-element-4b334c1e elementor-widget elementor-widget-heading\" data-id=\"4b334c1e\" data-element_type=\"widget\" data-widget_type=\"heading.default\">\n\t\t\t\t<div class=\"elementor-widget-container\">\n\t\t\t\t\t<h1 class=\"elementor-heading-title elementor-size-default\">Retiros &amp; dep\u00f3sitos<\/h1>\t\t\t\t<\/div>\n\t\t\t\t<\/div>\n\t\t\t\t<div class=\"elementor-element elementor-element-2b34d1 large-width-content center-content elementor-widget elementor-widget-text-editor\" data-id=\"2b34d1\" data-element_type=\"widget\" data-widget_type=\"text-editor.default\">\n\t\t\t\t<div class=\"elementor-widget-container\">\n\t\t\t\t\t\t\t\t\t<p>Deposite fondos f\u00e1cilmente en su cuenta Eurotrader o retire sus ganancias.<br \/>\nOfrecemos m\u00e9todos de pago convenientes con tiempos de procesamiento r\u00e1pidos y una gran seguridad.<\/p>\n\t\t\t\t\t\t\t\t<\/div>\n\t\t\t\t<\/div>\n\t\t\t\t\t<\/div>\n\t\t\t\t<\/div>\n\t\t\t\t\t<\/div>\n\t\t\t\t<\/div>\n\t\t<div class=\"elementor-element elementor-element-3386393e e-flex e-con-boxed e-con e-parent\" data-id=\"3386393e\" data-element_type=\"container\">\n\t\t\t\t\t<div class=\"e-con-inner\">\n\t\t\t\t<div class=\"elementor-element elementor-element-519ce440 elementor-widget elementor-widget-html\" data-id=\"519ce440\" data-element_type=\"widget\" data-widget_type=\"html.default\">\n\t\t\t\t<div class=\"elementor-widget-container\">\n\t\t\t\t\t<div class=\"payments-table\">\r\n<table>\r\n    <thead>\r\n        <tr>\r\n            <th>PAYMENT SYSTEM<\/th>\r\n            <th>CURRENCY<\/th>\r\n            <th>FEE<\/th>\r\n            <th>PROCESSING TIME<\/th>\r\n            <th>LIMITS<\/th>\r\n        <\/tr>\r\n    <\/thead>\r\n    <tbody>\r\n        <tr>\r\n            <td><\/td>\r\n            <td><\/td>\r\n            <td>\r\n                <div>\r\n                    <div>Deposit<\/div>\r\n                    <div>Withdraw<\/div>\r\n                <\/div>\r\n            <\/td>\r\n            <td>\r\n                <div>\r\n                    <div>Deposit<\/div>\r\n                    <div>Withdraw<\/div>\r\n                <\/div>\r\n            <\/td>\r\n            <td>\r\n                <div>\r\n                    <div>Deposit<\/div>\r\n                    <div>Withdraw<\/div>\r\n                <\/div>\r\n            <\/td>\r\n        <\/tr>\r\n        <tr>\r\n             <td>   \r\n                <div>\r\n                    <div>\r\n                        <img decoding=\"async\" src=\"\/wp-content\/themes\/eurotrader\/includes\/images\/cards\/bank-icon.png\" alt=\"bank icon\"\/>\r\n                    <\/div>\r\n                    <div>Bank Transfer\r\n                    <\/div>\r\n                <\/div>\r\n            <\/td>\r\n            <td>All Currencies<\/td>\r\n            <td>\r\n                <div>\r\n                    <div>Free<\/div>\r\n                    <span>Free<\/span><sup>1<\/sup>\r\n                <\/div>\r\n            <\/td>\r\n            <td>\r\n                <div>\r\n                    <div>From 1 to 5 business days<\/div>\r\n                    <div>Up to 1 working day<sup>3<\/sup><\/div>\r\n                <\/div>\r\n            <\/td>\r\n             <td>\r\n                 <div>\r\n                     <div>Min 10 USD \/ Max 10,000 USD<\/div>\r\n                     <div>Min 10 USD \/ Max 10,000 USD<\/div>\r\n                 <\/div>\r\n            <\/td>\r\n        <\/tr>\r\n        <tr>\r\n            <td>\r\n                <div>\r\n                    <div>\r\n                        <img decoding=\"async\" src=\"\/wp-content\/themes\/eurotrader\/includes\/images\/cards\/visa-icon.png\" alt=\"Visa\"\/>\r\n                    <\/div>\r\n                    <div>MasterCard \/ Visa\r\n                    <\/div>\r\n                    <\/div>\r\n                <\/td>\r\n            <td>All Currencies<\/td>\r\n            <td>\r\n                <div>\r\n                    <div>Free<\/div>\r\n                    <span>Free<\/span><sup>1<\/sup>\r\n                <\/div>\r\n            <\/td>\r\n            <td>\r\n                <div>\r\n                    <div>Instant<sup>2<\/sup><\/div>\r\n                    <div>Up to 1 working day<sup>3<\/sup><\/div>\r\n                <\/div>\r\n            <\/td>\r\n             <td>\r\n                 <div>\r\n                     <div>Min 10 USD \/ Max 10,000 USD<\/div>\r\n                     <div>Min 10 USD \/ Max 10,000 USD<\/div>\r\n                 <\/div>\r\n            <\/td>\r\n        <\/tr>\r\n        <tr>\r\n            <td>\r\n                <div>\r\n                    <div><img decoding=\"async\" src=\"\/wp-content\/themes\/eurotrader\/includes\/images\/cards\/skrill-icon.png\" alt=\"Skrill\"\/>\r\n                    <\/div>\r\n                    <div>Skrill (eWallet)<\/div>\r\n                    <\/div>\r\n                <\/td>\r\n            <td>All Currencies<\/td>\r\n            <td>\r\n                <div>\r\n                    <div>Free<\/div>\r\n                    <span>Free<\/span><sup>1<\/sup>\r\n                <\/div>\r\n            <\/td>\r\n            <td>\r\n                <div>\r\n                   <div>Instant<sup>2<\/sup><\/div>\r\n                    <div>Up to 1 working day<sup>3<\/sup><\/div>\r\n                <\/div>\r\n            <\/td>\r\n             <td>\r\n                 <div>\r\n                     <div>Min 10 USD \/ Max 10,000 USD<\/div>\r\n                     <div>Min 10 USD \/ Max 10,000 USD<\/div>\r\n                 <\/div>\r\n            <\/td>\r\n        <\/tr>\r\n    <\/tbody>\r\n<\/table>\r\n<\/div>\t\t\t\t<\/div>\n\t\t\t\t<\/div>\n\t\t\t\t\t<\/div>\n\t\t\t\t<\/div>\n\t\t<div class=\"elementor-element elementor-element-482d56a9 e-flex e-con-boxed e-con e-parent\" data-id=\"482d56a9\" data-element_type=\"container\">\n\t\t\t\t\t<div class=\"e-con-inner\">\n\t\t\t\t<div class=\"elementor-element elementor-element-251f5877 elementor-icon-list--layout-traditional elementor-list-item-link-full_width elementor-widget elementor-widget-icon-list\" data-id=\"251f5877\" data-element_type=\"widget\" data-widget_type=\"icon-list.default\">\n\t\t\t\t<div class=\"elementor-widget-container\">\n\t\t\t\t\t\t\t<ul class=\"elementor-icon-list-items\">\n\t\t\t\t\t\t\t<li class=\"elementor-icon-list-item\">\n\t\t\t\t\t\t\t\t\t\t<span class=\"elementor-icon-list-text\"><sup>1 <\/sup>  Se aplicar\u00e1 una tarifa de retiro de hasta el 2% si se solicita sin ninguna actividad comercial previa<\/span>\n\t\t\t\t\t\t\t\t\t<\/li>\n\t\t\t\t\t\t\t\t<li class=\"elementor-icon-list-item\">\n\t\t\t\t\t\t\t\t\t\t<span class=\"elementor-icon-list-text\"><sup>2 <\/sup>Eurotrader no asume ninguna responsabilidad por los retrasos en el procesamiento fuera de su control.<\/span>\n\t\t\t\t\t\t\t\t\t<\/li>\n\t\t\t\t\t\t\t\t<li class=\"elementor-icon-list-item\">\n\t\t\t\t\t\t\t\t\t\t<span class=\"elementor-icon-list-text\"><sup>3<\/sup> Por lo general, los retiros se procesan dentro de 1 d\u00eda h\u00e1bil, a menos que se necesite documentaci\u00f3n o informaci\u00f3n adicional. Las transferencias a tarjetas y cuentas bancarias pueden tardar de 1 a 7 d\u00edas h\u00e1biles desde su procesamiento, mientras que los retiros de Skrill se acreditan el mismo d\u00eda.<\/span>\n\t\t\t\t\t\t\t\t\t<\/li>\n\t\t\t\t\t\t<\/ul>\n\t\t\t\t\t\t<\/div>\n\t\t\t\t<\/div>\n\t\t\t\t\t<\/div>\n\t\t\t\t<\/div>\n\t\t\t\t<\/div>\n\t\t","protected":false},"excerpt":{"rendered":"<p>Retiros &#038; dep\u00f3sitos Deposite fondos f\u00e1cilmente en su cuenta Eurotrader o retire sus ganancias. Ofrecemos m\u00e9todos de pago convenientes con tiempos de procesamiento r\u00e1pidos y una gran seguridad. PAYMENT SYSTEM CURRENCY FEE PROCESSING TIME LIMITS Deposit Withdraw Deposit Withdraw Deposit Withdraw Bank Transfer All Currencies Free Free1 From 1 to 5 business days Up to [&hellip;]<\/p>\n","protected":false},"author":14,"featured_media":0,"parent":0,"menu_order":0,"comment_status":"closed","ping_status":"closed","template":"","meta":{"_acf_changed":false,"footnotes":""},"class_list":["post-5477","page","type-page","status-publish","hentry"],"acf":[],"yoast_head":"<!-- This site is optimized with the Yoast SEO plugin v26.4 - https:\/\/yoast.com\/wordpress\/plugins\/seo\/ -->\n<title>Retiros &amp; dep\u00f3sitos - Eurotrader<\/title>\n<meta name=\"robots\" content=\"index, follow, max-snippet:-1, max-image-preview:large, max-video-preview:-1\" \/>\n<meta property=\"og:locale\" content=\"es_ES\" \/>\n<meta property=\"og:type\" content=\"article\" \/>\n<meta property=\"og:title\" content=\"Retiros &amp; dep\u00f3sitos - Eurotrader\" \/>\n<meta property=\"og:description\" content=\"Retiros &#038; dep\u00f3sitos Deposite fondos f\u00e1cilmente en su cuenta Eurotrader o retire sus ganancias. Ofrecemos m\u00e9todos de pago convenientes con tiempos de procesamiento r\u00e1pidos y una gran seguridad. PAYMENT SYSTEM CURRENCY FEE PROCESSING TIME LIMITS Deposit Withdraw Deposit Withdraw Deposit Withdraw Bank Transfer All Currencies Free Free1 From 1 to 5 business days Up to [&hellip;]\" \/>\n<meta property=\"og:url\" content=\"https:\/\/eurotrader.eu\/withdrawals-deposits\/\" \/>\n<meta property=\"og:site_name\" content=\"Eurotrader\" \/>\n<meta property=\"article:modified_time\" content=\"2024-04-09T09:11:34+00:00\" \/>\n<meta name=\"twitter:card\" content=\"summary_large_image\" \/>\n<meta name=\"twitter:label1\" content=\"Tiempo de lectura\" \/>\n\t<meta name=\"twitter:data1\" content=\"1 minuto\" \/>\n<script type=\"application\/ld+json\" class=\"yoast-schema-graph\">{\"@context\":\"https:\/\/schema.org\",\"@graph\":[{\"@type\":\"WebPage\",\"@id\":\"https:\/\/eurotrader.eu\/withdrawals-deposits\/\",\"url\":\"https:\/\/eurotrader.eu\/withdrawals-deposits\/\",\"name\":\"Retiros & dep\u00f3sitos - Eurotrader\",\"isPartOf\":{\"@id\":\"https:\/\/sienna-spider-789091.hostingersite.com\/#website\"},\"datePublished\":\"2024-03-13T15:58:07+00:00\",\"dateModified\":\"2024-04-09T09:11:34+00:00\",\"breadcrumb\":{\"@id\":\"https:\/\/eurotrader.eu\/withdrawals-deposits\/#breadcrumb\"},\"inLanguage\":\"es\",\"potentialAction\":[{\"@type\":\"ReadAction\",\"target\":[\"https:\/\/eurotrader.eu\/withdrawals-deposits\/\"]}]},{\"@type\":\"BreadcrumbList\",\"@id\":\"https:\/\/eurotrader.eu\/withdrawals-deposits\/#breadcrumb\",\"itemListElement\":[{\"@type\":\"ListItem\",\"position\":1,\"name\":\"Home\",\"item\":\"https:\/\/eurotrader.eu\/es\/\"},{\"@type\":\"ListItem\",\"position\":2,\"name\":\"Retiros &#038; dep\u00f3sitos\"}]},{\"@type\":\"WebSite\",\"@id\":\"https:\/\/sienna-spider-789091.hostingersite.com\/#website\",\"url\":\"https:\/\/sienna-spider-789091.hostingersite.com\/\",\"name\":\"Eurotrader\",\"description\":\"\",\"publisher\":{\"@id\":\"https:\/\/sienna-spider-789091.hostingersite.com\/#organization\"},\"potentialAction\":[{\"@type\":\"SearchAction\",\"target\":{\"@type\":\"EntryPoint\",\"urlTemplate\":\"https:\/\/sienna-spider-789091.hostingersite.com\/?s={search_term_string}\"},\"query-input\":{\"@type\":\"PropertyValueSpecification\",\"valueRequired\":true,\"valueName\":\"search_term_string\"}}],\"inLanguage\":\"es\"},{\"@type\":\"Organization\",\"@id\":\"https:\/\/sienna-spider-789091.hostingersite.com\/#organization\",\"name\":\"Eurotrader\",\"url\":\"https:\/\/sienna-spider-789091.hostingersite.com\/\",\"logo\":{\"@type\":\"ImageObject\",\"inLanguage\":\"es\",\"@id\":\"https:\/\/sienna-spider-789091.hostingersite.com\/#\/schema\/logo\/image\/\",\"url\":\"https:\/\/eurotrader.eu\/wp-content\/uploads\/header-logo.svg\",\"contentUrl\":\"https:\/\/eurotrader.eu\/wp-content\/uploads\/header-logo.svg\",\"width\":184,\"height\":28,\"caption\":\"Eurotrader\"},\"image\":{\"@id\":\"https:\/\/sienna-spider-789091.hostingersite.com\/#\/schema\/logo\/image\/\"}}]}<\/script>\n<!-- \/ Yoast SEO plugin. -->","yoast_head_json":{"title":"Retiros & dep\u00f3sitos - Eurotrader","robots":{"index":"index","follow":"follow","max-snippet":"max-snippet:-1","max-image-preview":"max-image-preview:large","max-video-preview":"max-video-preview:-1"},"og_locale":"es_ES","og_type":"article","og_title":"Retiros & dep\u00f3sitos - Eurotrader","og_description":"Retiros &#038; dep\u00f3sitos Deposite fondos f\u00e1cilmente en su cuenta Eurotrader o retire sus ganancias. Ofrecemos m\u00e9todos de pago convenientes con tiempos de procesamiento r\u00e1pidos y una gran seguridad. PAYMENT SYSTEM CURRENCY FEE PROCESSING TIME LIMITS Deposit Withdraw Deposit Withdraw Deposit Withdraw Bank Transfer All Currencies Free Free1 From 1 to 5 business days Up to [&hellip;]","og_url":"https:\/\/eurotrader.eu\/withdrawals-deposits\/","og_site_name":"Eurotrader","article_modified_time":"2024-04-09T09:11:34+00:00","twitter_card":"summary_large_image","twitter_misc":{"Tiempo de lectura":"1 minuto"},"schema":{"@context":"https:\/\/schema.org","@graph":[{"@type":"WebPage","@id":"https:\/\/eurotrader.eu\/withdrawals-deposits\/","url":"https:\/\/eurotrader.eu\/withdrawals-deposits\/","name":"Retiros & dep\u00f3sitos - Eurotrader","isPartOf":{"@id":"https:\/\/sienna-spider-789091.hostingersite.com\/#website"},"datePublished":"2024-03-13T15:58:07+00:00","dateModified":"2024-04-09T09:11:34+00:00","breadcrumb":{"@id":"https:\/\/eurotrader.eu\/withdrawals-deposits\/#breadcrumb"},"inLanguage":"es","potentialAction":[{"@type":"ReadAction","target":["https:\/\/eurotrader.eu\/withdrawals-deposits\/"]}]},{"@type":"BreadcrumbList","@id":"https:\/\/eurotrader.eu\/withdrawals-deposits\/#breadcrumb","itemListElement":[{"@type":"ListItem","position":1,"name":"Home","item":"https:\/\/eurotrader.eu\/es\/"},{"@type":"ListItem","position":2,"name":"Retiros &#038; dep\u00f3sitos"}]},{"@type":"WebSite","@id":"https:\/\/sienna-spider-789091.hostingersite.com\/#website","url":"https:\/\/sienna-spider-789091.hostingersite.com\/","name":"Eurotrader","description":"","publisher":{"@id":"https:\/\/sienna-spider-789091.hostingersite.com\/#organization"},"potentialAction":[{"@type":"SearchAction","target":{"@type":"EntryPoint","urlTemplate":"https:\/\/sienna-spider-789091.hostingersite.com\/?s={search_term_string}"},"query-input":{"@type":"PropertyValueSpecification","valueRequired":true,"valueName":"search_term_string"}}],"inLanguage":"es"},{"@type":"Organization","@id":"https:\/\/sienna-spider-789091.hostingersite.com\/#organization","name":"Eurotrader","url":"https:\/\/sienna-spider-789091.hostingersite.com\/","logo":{"@type":"ImageObject","inLanguage":"es","@id":"https:\/\/sienna-spider-789091.hostingersite.com\/#\/schema\/logo\/image\/","url":"https:\/\/eurotrader.eu\/wp-content\/uploads\/header-logo.svg","contentUrl":"https:\/\/eurotrader.eu\/wp-content\/uploads\/header-logo.svg","width":184,"height":28,"caption":"Eurotrader"},"image":{"@id":"https:\/\/sienna-spider-789091.hostingersite.com\/#\/schema\/logo\/image\/"}}]}},"_hostinger_reach_plugin_has_subscription_block":false,"_hostinger_reach_plugin_is_elementor":false,"_links":{"self":[{"href":"https:\/\/eurotrader.eu\/es\/wp-json\/wp\/v2\/pages\/5477","targetHints":{"allow":["GET"]}}],"collection":[{"href":"https:\/\/eurotrader.eu\/es\/wp-json\/wp\/v2\/pages"}],"about":[{"href":"https:\/\/eurotrader.eu\/es\/wp-json\/wp\/v2\/types\/page"}],"author":[{"embeddable":true,"href":"https:\/\/eurotrader.eu\/es\/wp-json\/wp\/v2\/users\/14"}],"replies":[{"embeddable":true,"href":"https:\/\/eurotrader.eu\/es\/wp-json\/wp\/v2\/comments?post=5477"}],"version-history":[{"count":1,"href":"https:\/\/eurotrader.eu\/es\/wp-json\/wp\/v2\/pages\/5477\/revisions"}],"predecessor-version":[{"id":5478,"href":"https:\/\/eurotrader.eu\/es\/wp-json\/wp\/v2\/pages\/5477\/revisions\/5478"}],"wp:attachment":[{"href":"https:\/\/eurotrader.eu\/es\/wp-json\/wp\/v2\/media?parent=5477"}],"curies":[{"name":"wp","href":"https:\/\/api.w.org\/{rel}","templated":true}]}}