{"id":6703,"date":"2023-10-10T21:12:27","date_gmt":"2023-10-10T20:12:27","guid":{"rendered":"https:\/\/www.eurotrader.eu\/cfd-trading\/"},"modified":"2025-01-13T07:57:59","modified_gmt":"2025-01-13T07:57:59","slug":"cfd-trading","status":"publish","type":"page","link":"https:\/\/eurotrader.eu\/fr\/cfd-trading\/","title":{"rendered":"Trading de CFD"},"content":{"rendered":"\t\t<div data-elementor-type=\"wp-page\" data-elementor-id=\"6703\" class=\"elementor elementor-6703 elementor-748\" data-elementor-post-type=\"page\">\n\t\t\t\t<div class=\"elementor-element elementor-element-777ddbdc e-con-full e-flex e-con e-parent\" data-id=\"777ddbdc\" data-element_type=\"container\" data-settings=\"{&quot;background_background&quot;:&quot;classic&quot;}\">\n\t\t<div class=\"elementor-element elementor-element-2fb31ab5 full-width-content full-width-content-left e-flex e-con-boxed e-con e-child\" data-id=\"2fb31ab5\" data-element_type=\"container\">\n\t\t\t\t\t<div class=\"e-con-inner\">\n\t\t<div class=\"elementor-element elementor-element-18ab93e0 e-flex e-con-boxed e-con e-child\" data-id=\"18ab93e0\" data-element_type=\"container\">\n\t\t\t\t\t<div class=\"e-con-inner\">\n\t\t\t\t<div class=\"elementor-element elementor-element-20560b18 elementor-widget elementor-widget-heading\" data-id=\"20560b18\" data-element_type=\"widget\" data-widget_type=\"heading.default\">\n\t\t\t\t<div class=\"elementor-widget-container\">\n\t\t\t\t\t<h1 class=\"elementor-heading-title elementor-size-default\">Trading de CFD<\/h1>\t\t\t\t<\/div>\n\t\t\t\t<\/div>\n\t\t\t\t<div class=\"elementor-element elementor-element-5d3b5bcb elementor-widget elementor-widget-text-editor\" data-id=\"5d3b5bcb\" data-element_type=\"widget\" data-widget_type=\"text-editor.default\">\n\t\t\t\t<div class=\"elementor-widget-container\">\n\t\t\t\t\t\t\t\t\t<p><strong>Qu\u2019est-ce qu\u2019un CFD ?<\/strong><\/p>\n\t\t\t\t\t\t\t\t<\/div>\n\t\t\t\t<\/div>\n\t\t\t\t<div class=\"elementor-element elementor-element-b8d045e elementor-widget elementor-widget-text-editor\" data-id=\"b8d045e\" data-element_type=\"widget\" data-widget_type=\"text-editor.default\">\n\t\t\t\t<div class=\"elementor-widget-container\">\n\t\t\t\t\t\t\t\t\t<p>Les CFD (contrats sur diff\u00e9rence) offrent aux traders la possibilit\u00e9 de sp\u00e9culer sur les tendances des march\u00e9s mondiaux, que les prix augmentent ou diminuent !<\/p>\n\t\t\t\t\t\t\t\t<\/div>\n\t\t\t\t<\/div>\n\t\t\t\t<div class=\"elementor-element elementor-element-2ba16422 elementor-widget elementor-widget-text-editor\" data-id=\"2ba16422\" data-element_type=\"widget\" data-widget_type=\"text-editor.default\">\n\t\t\t\t<div class=\"elementor-widget-container\">\n\t\t\t\t\t\t\t\t\t<p>Ils repr\u00e9sentent un accord entre le trader et le courtier pour \u00e9changer la diff\u00e9rence de valeur d\u2019un actif sous-jacent entre l\u2019ouverture et la cl\u00f4ture du contrat.<\/p>\n\t\t\t\t\t\t\t\t<\/div>\n\t\t\t\t<\/div>\n\t\t\t\t<div class=\"elementor-element elementor-element-71695c4 elementor-widget elementor-widget-text-editor\" data-id=\"71695c4\" data-element_type=\"widget\" data-widget_type=\"text-editor.default\">\n\t\t\t\t<div class=\"elementor-widget-container\">\n\t\t\t\t\t\t\t\t\t<p>Vous devez maintenir une marge suffisante pour \u00e9viter que vos positions soient automatiquement cl\u00f4tur\u00e9es si le prix \u00e9volue \u00e0 votre d\u00e9savantage.<\/p>\n\t\t\t\t\t\t\t\t<\/div>\n\t\t\t\t<\/div>\n\t\t\t\t<div class=\"elementor-element elementor-element-403da88f btn gold-btn mobile-center elementor-widget elementor-widget-button\" data-id=\"403da88f\" data-element_type=\"widget\" data-widget_type=\"button.default\">\n\t\t\t\t<div class=\"elementor-widget-container\">\n\t\t\t\t\t\t\t\t\t<div class=\"elementor-button-wrapper\">\n\t\t\t\t\t<a class=\"elementor-button elementor-size-sm\" role=\"button\">\n\t\t\t\t\t\t<span class=\"elementor-button-content-wrapper\">\n\t\t\t\t\t\t\t\t\t<span class=\"elementor-button-text\">Commencez \u00e0 trader<\/span>\n\t\t\t\t\t<\/span>\n\t\t\t\t\t<\/a>\n\t\t\t\t<\/div>\n\t\t\t\t\t\t\t\t<\/div>\n\t\t\t\t<\/div>\n\t\t\t\t\t<\/div>\n\t\t\t\t<\/div>\n\t\t\t\t\t<\/div>\n\t\t\t\t<\/div>\n\t\t<div class=\"elementor-element elementor-element-16f4f2b0 e-flex e-con-boxed e-con e-child\" data-id=\"16f4f2b0\" data-element_type=\"container\">\n\t\t\t\t\t<div class=\"e-con-inner\">\n\t\t\t\t<div class=\"elementor-element elementor-element-e689efd elementor-widget elementor-widget-image\" data-id=\"e689efd\" data-element_type=\"widget\" data-widget_type=\"image.default\">\n\t\t\t\t<div class=\"elementor-widget-container\">\n\t\t\t\t\t\t\t\t\t\t\t\t\t\t\t<img fetchpriority=\"high\" decoding=\"async\" width=\"917\" height=\"301\" src=\"https:\/\/eurotrader.eu\/wp-content\/uploads\/cfds_hero-1.png\" class=\"attachment-large size-large wp-image-915\" alt=\"CFD Trading\" srcset=\"https:\/\/eurotrader.eu\/wp-content\/uploads\/cfds_hero-1.png 917w, https:\/\/eurotrader.eu\/wp-content\/uploads\/cfds_hero-1-768x252.png 768w\" sizes=\"(max-width: 917px) 100vw, 917px\" \/>\t\t\t\t\t\t\t\t\t\t\t\t\t\t\t<\/div>\n\t\t\t\t<\/div>\n\t\t\t\t\t<\/div>\n\t\t\t\t<\/div>\n\t\t\t\t<\/div>\n\t\t<div class=\"elementor-element elementor-element-61e25a1a e-flex e-con-boxed e-con e-parent\" data-id=\"61e25a1a\" data-element_type=\"container\">\n\t\t\t\t\t<div class=\"e-con-inner\">\n\t\t<div class=\"elementor-element elementor-element-2cc099ac e-flex e-con-boxed e-con e-child\" data-id=\"2cc099ac\" data-element_type=\"container\">\n\t\t\t\t\t<div class=\"e-con-inner\">\n\t\t<div class=\"elementor-element elementor-element-54c94cbd box-with-shadow-column-1 e-con-full e-flex e-con e-child\" data-id=\"54c94cbd\" data-element_type=\"container\" data-settings=\"{&quot;background_background&quot;:&quot;classic&quot;}\">\n\t\t\t\t<div class=\"elementor-element elementor-element-4da44f1f elementor-widget elementor-widget-heading\" data-id=\"4da44f1f\" data-element_type=\"widget\" data-widget_type=\"heading.default\">\n\t\t\t\t<div class=\"elementor-widget-container\">\n\t\t\t\t\t<h3 class=\"elementor-heading-title elementor-size-default\">Comment fonctionnent les CFD ?<\/h3>\t\t\t\t<\/div>\n\t\t\t\t<\/div>\n\t\t\t\t<div class=\"elementor-element elementor-element-4512ec2d elementor-icon-list--layout-traditional elementor-list-item-link-full_width elementor-widget elementor-widget-icon-list\" data-id=\"4512ec2d\" data-element_type=\"widget\" data-widget_type=\"icon-list.default\">\n\t\t\t\t<div class=\"elementor-widget-container\">\n\t\t\t\t\t\t\t<ul class=\"elementor-icon-list-items\">\n\t\t\t\t\t\t\t<li class=\"elementor-icon-list-item\">\n\t\t\t\t\t\t\t\t\t\t\t<span class=\"elementor-icon-list-icon\">\n\t\t\t\t\t\t\t<i aria-hidden=\"true\" class=\"fas fa-check\"><\/i>\t\t\t\t\t\t<\/span>\n\t\t\t\t\t\t\t\t\t\t<span class=\"elementor-icon-list-text\">Vous sp\u00e9culez sur l\u2019\u00e9volution des prix d\u2019un actif (hausse ou baisse) sans poss\u00e9der l\u2019actif.<\/span>\n\t\t\t\t\t\t\t\t\t<\/li>\n\t\t\t\t\t\t\t\t<li class=\"elementor-icon-list-item\">\n\t\t\t\t\t\t\t\t\t\t\t<span class=\"elementor-icon-list-icon\">\n\t\t\t\t\t\t\t<i aria-hidden=\"true\" class=\"fas fa-check\"><\/i>\t\t\t\t\t\t<\/span>\n\t\t\t\t\t\t\t\t\t\t<span class=\"elementor-icon-list-text\">Vous choisissez la taille de votre position et l\u2019effet de levier pour augmenter votre exposition.<\/span>\n\t\t\t\t\t\t\t\t\t<\/li>\n\t\t\t\t\t\t\t\t<li class=\"elementor-icon-list-item\">\n\t\t\t\t\t\t\t\t\t\t\t<span class=\"elementor-icon-list-icon\">\n\t\t\t\t\t\t\t<i aria-hidden=\"true\" class=\"fas fa-check\"><\/i>\t\t\t\t\t\t<\/span>\n\t\t\t\t\t\t\t\t\t\t<span class=\"elementor-icon-list-text\">Si le prix \u00e9volue en votre faveur, vos gains ou pertes changent en fonction de la variation du prix.<\/span>\n\t\t\t\t\t\t\t\t\t<\/li>\n\t\t\t\t\t\t\t\t<li class=\"elementor-icon-list-item\">\n\t\t\t\t\t\t\t\t\t\t\t<span class=\"elementor-icon-list-icon\">\n\t\t\t\t\t\t\t<i aria-hidden=\"true\" class=\"fas fa-check\"><\/i>\t\t\t\t\t\t<\/span>\n\t\t\t\t\t\t\t\t\t\t<span class=\"elementor-icon-list-text\">S\u2019il \u00e9volue contre vous, vous payez la diff\u00e9rence lorsque vous cl\u00f4turez la position.<\/span>\n\t\t\t\t\t\t\t\t\t<\/li>\n\t\t\t\t\t\t\t\t<li class=\"elementor-icon-list-item\">\n\t\t\t\t\t\t\t\t\t\t\t<span class=\"elementor-icon-list-icon\">\n\t\t\t\t\t\t\t<i aria-hidden=\"true\" class=\"fas fa-check\"><\/i>\t\t\t\t\t\t<\/span>\n\t\t\t\t\t\t\t\t\t\t<span class=\"elementor-icon-list-text\">Vous pouvez prendre une position longue (achat) si vous pensez que les prix vont augmenter ou une position courte (vente) si vous pensez qu\u2019ils vont baisser.<\/span>\n\t\t\t\t\t\t\t\t\t<\/li>\n\t\t\t\t\t\t<\/ul>\n\t\t\t\t\t\t<\/div>\n\t\t\t\t<\/div>\n\t\t\t\t<\/div>\n\t\t<div class=\"elementor-element elementor-element-4a36c589 box-with-shadow-column-1 e-con-full e-flex e-con e-child\" data-id=\"4a36c589\" data-element_type=\"container\" data-settings=\"{&quot;background_background&quot;:&quot;classic&quot;}\">\n\t\t\t\t<div class=\"elementor-element elementor-element-59528023 elementor-widget elementor-widget-heading\" data-id=\"59528023\" data-element_type=\"widget\" data-widget_type=\"heading.default\">\n\t\t\t\t<div class=\"elementor-widget-container\">\n\t\t\t\t\t<h3 class=\"elementor-heading-title elementor-size-default\">Comment fonctionnent les CFD ?<\/h3>\t\t\t\t<\/div>\n\t\t\t\t<\/div>\n\t\t\t\t<div class=\"elementor-element elementor-element-5531f203 elementor-icon-list--layout-traditional elementor-list-item-link-full_width elementor-widget elementor-widget-icon-list\" data-id=\"5531f203\" data-element_type=\"widget\" data-widget_type=\"icon-list.default\">\n\t\t\t\t<div class=\"elementor-widget-container\">\n\t\t\t\t\t\t\t<ul class=\"elementor-icon-list-items\">\n\t\t\t\t\t\t\t<li class=\"elementor-icon-list-item\">\n\t\t\t\t\t\t\t\t\t\t\t<span class=\"elementor-icon-list-icon\">\n\t\t\t\t\t\t\t<i aria-hidden=\"true\" class=\"fas fa-check\"><\/i>\t\t\t\t\t\t<\/span>\n\t\t\t\t\t\t\t\t\t\t<span class=\"elementor-icon-list-text\">Acc\u00e9dez aux march\u00e9s mondiaux depuis une seule plateforme<\/span>\n\t\t\t\t\t\t\t\t\t<\/li>\n\t\t\t\t\t\t\t\t<li class=\"elementor-icon-list-item\">\n\t\t\t\t\t\t\t\t\t\t\t<span class=\"elementor-icon-list-icon\">\n\t\t\t\t\t\t\t<i aria-hidden=\"true\" class=\"fas fa-check\"><\/i>\t\t\t\t\t\t<\/span>\n\t\t\t\t\t\t\t\t\t\t<span class=\"elementor-icon-list-text\">Prenez des positions longues ou courtes pour profiter des hausses et des baisses de prix<\/span>\n\t\t\t\t\t\t\t\t\t<\/li>\n\t\t\t\t\t\t\t\t<li class=\"elementor-icon-list-item\">\n\t\t\t\t\t\t\t\t\t\t\t<span class=\"elementor-icon-list-icon\">\n\t\t\t\t\t\t\t<i aria-hidden=\"true\" class=\"fas fa-check\"><\/i>\t\t\t\t\t\t<\/span>\n\t\t\t\t\t\t\t\t\t\t<span class=\"elementor-icon-list-text\">Pas de restrictions sur les ventes \u00e0 d\u00e9couvert comme pour les actions<\/span>\n\t\t\t\t\t\t\t\t\t<\/li>\n\t\t\t\t\t\t\t\t<li class=\"elementor-icon-list-item\">\n\t\t\t\t\t\t\t\t\t\t\t<span class=\"elementor-icon-list-icon\">\n\t\t\t\t\t\t\t<i aria-hidden=\"true\" class=\"fas fa-check\"><\/i>\t\t\t\t\t\t<\/span>\n\t\t\t\t\t\t\t\t\t\t<span class=\"elementor-icon-list-text\">Co\u00fbts r\u00e9duits compar\u00e9s au trading de l\u2019actif r\u00e9el<\/span>\n\t\t\t\t\t\t\t\t\t<\/li>\n\t\t\t\t\t\t<\/ul>\n\t\t\t\t\t\t<\/div>\n\t\t\t\t<\/div>\n\t\t\t\t<\/div>\n\t\t\t\t\t<\/div>\n\t\t\t\t<\/div>\n\t\t\t\t\t<\/div>\n\t\t\t\t<\/div>\n\t\t<div class=\"elementor-element elementor-element-19ff6974 box-with-shadow-border e-flex e-con-boxed e-con e-parent\" data-id=\"19ff6974\" data-element_type=\"container\">\n\t\t\t\t\t<div class=\"e-con-inner\">\n\t\t<div class=\"elementor-element elementor-element-e527ee e-flex e-con-boxed e-con e-child\" data-id=\"e527ee\" data-element_type=\"container\">\n\t\t\t\t\t<div class=\"e-con-inner\">\n\t\t<div class=\"elementor-element elementor-element-4be836d3 e-flex e-con-boxed e-con e-child\" data-id=\"4be836d3\" data-element_type=\"container\">\n\t\t\t\t\t<div class=\"e-con-inner\">\n\t\t\t\t<div class=\"elementor-element elementor-element-6f8a6681 elementor-widget elementor-widget-heading\" data-id=\"6f8a6681\" data-element_type=\"widget\" data-widget_type=\"heading.default\">\n\t\t\t\t<div class=\"elementor-widget-container\">\n\t\t\t\t\t<h3 class=\"elementor-heading-title elementor-size-default\">Nous proposons des CFD sur :<\/h3>\t\t\t\t<\/div>\n\t\t\t\t<\/div>\n\t\t\t\t<div class=\"elementor-element elementor-element-1f7708ad elementor-icon-list--layout-traditional elementor-list-item-link-full_width elementor-widget elementor-widget-icon-list\" data-id=\"1f7708ad\" data-element_type=\"widget\" data-widget_type=\"icon-list.default\">\n\t\t\t\t<div class=\"elementor-widget-container\">\n\t\t\t\t\t\t\t<ul class=\"elementor-icon-list-items\">\n\t\t\t\t\t\t\t<li class=\"elementor-icon-list-item\">\n\t\t\t\t\t\t\t\t\t\t\t<span class=\"elementor-icon-list-icon\">\n\t\t\t\t\t\t\t<i aria-hidden=\"true\" class=\"fas fa-check\"><\/i>\t\t\t\t\t\t<\/span>\n\t\t\t\t\t\t\t\t\t\t<span class=\"elementor-icon-list-text\"><b>Forex<\/b> - Paires de devises majeures, mineures et exotiques. R\u00e9agissez aux \u00e9v\u00e9nements \u00e9conomiques et g\u00e9opolitiques.<\/span>\n\t\t\t\t\t\t\t\t\t<\/li>\n\t\t\t\t\t\t\t\t<li class=\"elementor-icon-list-item\">\n\t\t\t\t\t\t\t\t\t\t\t<span class=\"elementor-icon-list-icon\">\n\t\t\t\t\t\t\t<i aria-hidden=\"true\" class=\"fas fa-check\"><\/i>\t\t\t\t\t\t<\/span>\n\t\t\t\t\t\t\t\t\t\t<span class=\"elementor-icon-list-text\"><b>Mati\u00e8res premi\u00e8res<\/b> - Or, argent, p\u00e9trole et plus encore. Couvrez le risque d\u2019inflation et diversifiez.<\/span>\n\t\t\t\t\t\t\t\t\t<\/li>\n\t\t\t\t\t\t\t\t<li class=\"elementor-icon-list-item\">\n\t\t\t\t\t\t\t\t\t\t\t<span class=\"elementor-icon-list-icon\">\n\t\t\t\t\t\t\t<i aria-hidden=\"true\" class=\"fas fa-check\"><\/i>\t\t\t\t\t\t<\/span>\n\t\t\t\t\t\t\t\t\t\t<span class=\"elementor-icon-list-text\"><b>Indices<\/b> -Obtenez une exposition large avec le S&amp;P 500, le FTSE 100, le DAX 30, etc.<\/span>\n\t\t\t\t\t\t\t\t\t<\/li>\n\t\t\t\t\t\t\t\t<li class=\"elementor-icon-list-item\">\n\t\t\t\t\t\t\t\t\t\t\t<span class=\"elementor-icon-list-icon\">\n\t\t\t\t\t\t\t<i aria-hidden=\"true\" class=\"fas fa-check\"><\/i>\t\t\t\t\t\t<\/span>\n\t\t\t\t\t\t\t\t\t\t<span class=\"elementor-icon-list-text\"><b>Cryptomonnaies<\/b> - Bitcoin, Ethereum, Litecoin et autres altcoins. Profitez de la volatilit\u00e9 des monnaies num\u00e9riques.<\/span>\n\t\t\t\t\t\t\t\t\t<\/li>\n\t\t\t\t\t\t\t\t<li class=\"elementor-icon-list-item\">\n\t\t\t\t\t\t\t\t\t\t\t<span class=\"elementor-icon-list-icon\">\n\t\t\t\t\t\t\t<i aria-hidden=\"true\" class=\"fas fa-check\"><\/i>\t\t\t\t\t\t<\/span>\n\t\t\t\t\t\t\t\t\t\t<span class=\"elementor-icon-list-text\"><b>Actions<\/b> -Principales actions mondiales des plus grandes bourses. Analysez les fondamentaux ou suivez les tendances !<\/span>\n\t\t\t\t\t\t\t\t\t<\/li>\n\t\t\t\t\t\t<\/ul>\n\t\t\t\t\t\t<\/div>\n\t\t\t\t<\/div>\n\t\t\t\t<div class=\"elementor-element elementor-element-7d77fbeb elementor-widget elementor-widget-text-editor\" data-id=\"7d77fbeb\" data-element_type=\"widget\" data-widget_type=\"text-editor.default\">\n\t\t\t\t<div class=\"elementor-widget-container\">\n\t\t\t\t\t\t\t\t\t<p>Les CFD vous permettent de tirer parti des mouvements de prix sur les march\u00e9s mondiaux. Ouvrez un compte de d\u00e9monstration sans risque pour commencer \u00e0 d\u00e9couvrir le trading de CFD d\u00e8s aujourd\u2019hui !<\/p>\n\t\t\t\t\t\t\t\t<\/div>\n\t\t\t\t<\/div>\n\t\t\t\t\t<\/div>\n\t\t\t\t<\/div>\n\t\t<div class=\"elementor-element elementor-element-25fc10cb e-flex e-con-boxed e-con e-child\" data-id=\"25fc10cb\" data-element_type=\"container\">\n\t\t\t\t\t<div class=\"e-con-inner\">\n\t\t\t\t<div class=\"elementor-element elementor-element-7d61cbcc elementor-widget elementor-widget-image\" data-id=\"7d61cbcc\" data-element_type=\"widget\" data-widget_type=\"image.default\">\n\t\t\t\t<div class=\"elementor-widget-container\">\n\t\t\t\t\t\t\t\t\t\t\t\t\t\t\t<img decoding=\"async\" width=\"553\" height=\"412\" src=\"https:\/\/eurotrader.eu\/wp-content\/uploads\/CFD-Trading_1-1.png\" class=\"attachment-large size-large wp-image-751\" alt=\"CFDs\" \/>\t\t\t\t\t\t\t\t\t\t\t\t\t\t\t<\/div>\n\t\t\t\t<\/div>\n\t\t\t\t\t<\/div>\n\t\t\t\t<\/div>\n\t\t\t\t\t<\/div>\n\t\t\t\t<\/div>\n\t\t\t\t\t<\/div>\n\t\t\t\t<\/div>\n\t\t<div class=\"elementor-element elementor-element-406614bf e-con-full e-flex e-con e-parent\" data-id=\"406614bf\" data-element_type=\"container\" data-settings=\"{&quot;background_background&quot;:&quot;classic&quot;}\">\n\t\t\t\t<div class=\"elementor-element elementor-element-794c65c9 elementor-widget elementor-widget-shortcode\" data-id=\"794c65c9\" data-element_type=\"widget\" data-widget_type=\"shortcode.default\">\n\t\t\t\t<div class=\"elementor-widget-container\">\n\t\t\t\t\t\t\t<div class=\"elementor-shortcode\"><div class=\"trading-in-action flex-d container\"><div><h2 class=\"white-c mobile-text-center\">Ready to experience low-cost trading in action?<\/h2><p class=\"white-c mobile-text-center\">Open a risk-free demo account to practice trading with leverage and margin. Then trade live markets flexibly.<\/p><\/div><div class=\"flex-d\"><div class=\"gold-btn btn\"><a href=\"\" target=\"_blank\">Start Trading<\/a><\/div><\/div><\/div><\/div>\n\t\t\t\t\t\t<\/div>\n\t\t\t\t<\/div>\n\t\t\t\t<\/div>\n\t\t\t\t<\/div>\n\t\t","protected":false},"excerpt":{"rendered":"<p>Trading de CFD Qu\u2019est-ce qu\u2019un CFD ? Les CFD (contrats sur diff\u00e9rence) offrent aux traders la possibilit\u00e9 de sp\u00e9culer sur les tendances des march\u00e9s mondiaux, que les prix augmentent ou diminuent ! Ils repr\u00e9sentent un accord entre le trader et le courtier pour \u00e9changer la diff\u00e9rence de valeur d\u2019un actif sous-jacent entre l\u2019ouverture et la [&hellip;]<\/p>\n","protected":false},"author":14,"featured_media":0,"parent":0,"menu_order":0,"comment_status":"closed","ping_status":"closed","template":"","meta":{"_acf_changed":false,"footnotes":""},"class_list":["post-6703","page","type-page","status-publish","hentry"],"acf":[],"yoast_head":"<!-- This site is optimized with the Yoast SEO plugin v26.4 - https:\/\/yoast.com\/wordpress\/plugins\/seo\/ -->\n<title>Trading de CFD - Eurotrader<\/title>\n<meta name=\"robots\" content=\"index, follow, max-snippet:-1, max-image-preview:large, max-video-preview:-1\" \/>\n<meta property=\"og:locale\" content=\"fr_FR\" \/>\n<meta property=\"og:type\" content=\"article\" \/>\n<meta property=\"og:title\" content=\"Trading de CFD - Eurotrader\" \/>\n<meta property=\"og:description\" content=\"Trading de CFD Qu\u2019est-ce qu\u2019un CFD ? Les CFD (contrats sur diff\u00e9rence) offrent aux traders la possibilit\u00e9 de sp\u00e9culer sur les tendances des march\u00e9s mondiaux, que les prix augmentent ou diminuent ! Ils repr\u00e9sentent un accord entre le trader et le courtier pour \u00e9changer la diff\u00e9rence de valeur d\u2019un actif sous-jacent entre l\u2019ouverture et la [&hellip;]\" \/>\n<meta property=\"og:url\" content=\"https:\/\/eurotrader.eu\/cfd-trading\/\" \/>\n<meta property=\"og:site_name\" content=\"Eurotrader\" \/>\n<meta property=\"article:modified_time\" content=\"2025-01-13T07:57:59+00:00\" \/>\n<meta property=\"og:image\" content=\"https:\/\/eurotrader.eu\/wp-content\/uploads\/cfds_hero-1.png\" \/>\n<meta name=\"twitter:card\" content=\"summary_large_image\" \/>\n<meta name=\"twitter:label1\" content=\"Dur\u00e9e de lecture estim\u00e9e\" \/>\n\t<meta name=\"twitter:data1\" content=\"2 minutes\" \/>\n<script type=\"application\/ld+json\" class=\"yoast-schema-graph\">{\"@context\":\"https:\/\/schema.org\",\"@graph\":[{\"@type\":\"WebPage\",\"@id\":\"https:\/\/eurotrader.eu\/cfd-trading\/\",\"url\":\"https:\/\/eurotrader.eu\/cfd-trading\/\",\"name\":\"Trading de CFD - Eurotrader\",\"isPartOf\":{\"@id\":\"https:\/\/sienna-spider-789091.hostingersite.com\/#website\"},\"primaryImageOfPage\":{\"@id\":\"https:\/\/eurotrader.eu\/cfd-trading\/#primaryimage\"},\"image\":{\"@id\":\"https:\/\/eurotrader.eu\/cfd-trading\/#primaryimage\"},\"thumbnailUrl\":\"https:\/\/eurotrader.eu\/wp-content\/uploads\/cfds_hero-1.png\",\"datePublished\":\"2023-10-10T20:12:27+00:00\",\"dateModified\":\"2025-01-13T07:57:59+00:00\",\"breadcrumb\":{\"@id\":\"https:\/\/eurotrader.eu\/cfd-trading\/#breadcrumb\"},\"inLanguage\":\"fr-FR\",\"potentialAction\":[{\"@type\":\"ReadAction\",\"target\":[\"https:\/\/eurotrader.eu\/cfd-trading\/\"]}]},{\"@type\":\"ImageObject\",\"inLanguage\":\"fr-FR\",\"@id\":\"https:\/\/eurotrader.eu\/cfd-trading\/#primaryimage\",\"url\":\"https:\/\/eurotrader.eu\/wp-content\/uploads\/cfds_hero-1.png\",\"contentUrl\":\"https:\/\/eurotrader.eu\/wp-content\/uploads\/cfds_hero-1.png\"},{\"@type\":\"BreadcrumbList\",\"@id\":\"https:\/\/eurotrader.eu\/cfd-trading\/#breadcrumb\",\"itemListElement\":[{\"@type\":\"ListItem\",\"position\":1,\"name\":\"Home\",\"item\":\"https:\/\/eurotrader.eu\/fr\/\"},{\"@type\":\"ListItem\",\"position\":2,\"name\":\"Trading de CFD\"}]},{\"@type\":\"WebSite\",\"@id\":\"https:\/\/sienna-spider-789091.hostingersite.com\/#website\",\"url\":\"https:\/\/sienna-spider-789091.hostingersite.com\/\",\"name\":\"Eurotrader\",\"description\":\"\",\"publisher\":{\"@id\":\"https:\/\/sienna-spider-789091.hostingersite.com\/#organization\"},\"potentialAction\":[{\"@type\":\"SearchAction\",\"target\":{\"@type\":\"EntryPoint\",\"urlTemplate\":\"https:\/\/sienna-spider-789091.hostingersite.com\/?s={search_term_string}\"},\"query-input\":{\"@type\":\"PropertyValueSpecification\",\"valueRequired\":true,\"valueName\":\"search_term_string\"}}],\"inLanguage\":\"fr-FR\"},{\"@type\":\"Organization\",\"@id\":\"https:\/\/sienna-spider-789091.hostingersite.com\/#organization\",\"name\":\"Eurotrader\",\"url\":\"https:\/\/sienna-spider-789091.hostingersite.com\/\",\"logo\":{\"@type\":\"ImageObject\",\"inLanguage\":\"fr-FR\",\"@id\":\"https:\/\/sienna-spider-789091.hostingersite.com\/#\/schema\/logo\/image\/\",\"url\":\"https:\/\/eurotrader.eu\/wp-content\/uploads\/header-logo.svg\",\"contentUrl\":\"https:\/\/eurotrader.eu\/wp-content\/uploads\/header-logo.svg\",\"width\":184,\"height\":28,\"caption\":\"Eurotrader\"},\"image\":{\"@id\":\"https:\/\/sienna-spider-789091.hostingersite.com\/#\/schema\/logo\/image\/\"}}]}<\/script>\n<!-- \/ Yoast SEO plugin. -->","yoast_head_json":{"title":"Trading de CFD - Eurotrader","robots":{"index":"index","follow":"follow","max-snippet":"max-snippet:-1","max-image-preview":"max-image-preview:large","max-video-preview":"max-video-preview:-1"},"og_locale":"fr_FR","og_type":"article","og_title":"Trading de CFD - Eurotrader","og_description":"Trading de CFD Qu\u2019est-ce qu\u2019un CFD ? Les CFD (contrats sur diff\u00e9rence) offrent aux traders la possibilit\u00e9 de sp\u00e9culer sur les tendances des march\u00e9s mondiaux, que les prix augmentent ou diminuent ! Ils repr\u00e9sentent un accord entre le trader et le courtier pour \u00e9changer la diff\u00e9rence de valeur d\u2019un actif sous-jacent entre l\u2019ouverture et la [&hellip;]","og_url":"https:\/\/eurotrader.eu\/cfd-trading\/","og_site_name":"Eurotrader","article_modified_time":"2025-01-13T07:57:59+00:00","og_image":[{"url":"https:\/\/eurotrader.eu\/wp-content\/uploads\/cfds_hero-1.png","type":"","width":"","height":""}],"twitter_card":"summary_large_image","twitter_misc":{"Dur\u00e9e de lecture estim\u00e9e":"2 minutes"},"schema":{"@context":"https:\/\/schema.org","@graph":[{"@type":"WebPage","@id":"https:\/\/eurotrader.eu\/cfd-trading\/","url":"https:\/\/eurotrader.eu\/cfd-trading\/","name":"Trading de CFD - Eurotrader","isPartOf":{"@id":"https:\/\/sienna-spider-789091.hostingersite.com\/#website"},"primaryImageOfPage":{"@id":"https:\/\/eurotrader.eu\/cfd-trading\/#primaryimage"},"image":{"@id":"https:\/\/eurotrader.eu\/cfd-trading\/#primaryimage"},"thumbnailUrl":"https:\/\/eurotrader.eu\/wp-content\/uploads\/cfds_hero-1.png","datePublished":"2023-10-10T20:12:27+00:00","dateModified":"2025-01-13T07:57:59+00:00","breadcrumb":{"@id":"https:\/\/eurotrader.eu\/cfd-trading\/#breadcrumb"},"inLanguage":"fr-FR","potentialAction":[{"@type":"ReadAction","target":["https:\/\/eurotrader.eu\/cfd-trading\/"]}]},{"@type":"ImageObject","inLanguage":"fr-FR","@id":"https:\/\/eurotrader.eu\/cfd-trading\/#primaryimage","url":"https:\/\/eurotrader.eu\/wp-content\/uploads\/cfds_hero-1.png","contentUrl":"https:\/\/eurotrader.eu\/wp-content\/uploads\/cfds_hero-1.png"},{"@type":"BreadcrumbList","@id":"https:\/\/eurotrader.eu\/cfd-trading\/#breadcrumb","itemListElement":[{"@type":"ListItem","position":1,"name":"Home","item":"https:\/\/eurotrader.eu\/fr\/"},{"@type":"ListItem","position":2,"name":"Trading de CFD"}]},{"@type":"WebSite","@id":"https:\/\/sienna-spider-789091.hostingersite.com\/#website","url":"https:\/\/sienna-spider-789091.hostingersite.com\/","name":"Eurotrader","description":"","publisher":{"@id":"https:\/\/sienna-spider-789091.hostingersite.com\/#organization"},"potentialAction":[{"@type":"SearchAction","target":{"@type":"EntryPoint","urlTemplate":"https:\/\/sienna-spider-789091.hostingersite.com\/?s={search_term_string}"},"query-input":{"@type":"PropertyValueSpecification","valueRequired":true,"valueName":"search_term_string"}}],"inLanguage":"fr-FR"},{"@type":"Organization","@id":"https:\/\/sienna-spider-789091.hostingersite.com\/#organization","name":"Eurotrader","url":"https:\/\/sienna-spider-789091.hostingersite.com\/","logo":{"@type":"ImageObject","inLanguage":"fr-FR","@id":"https:\/\/sienna-spider-789091.hostingersite.com\/#\/schema\/logo\/image\/","url":"https:\/\/eurotrader.eu\/wp-content\/uploads\/header-logo.svg","contentUrl":"https:\/\/eurotrader.eu\/wp-content\/uploads\/header-logo.svg","width":184,"height":28,"caption":"Eurotrader"},"image":{"@id":"https:\/\/sienna-spider-789091.hostingersite.com\/#\/schema\/logo\/image\/"}}]}},"_hostinger_reach_plugin_has_subscription_block":false,"_hostinger_reach_plugin_is_elementor":false,"_links":{"self":[{"href":"https:\/\/eurotrader.eu\/fr\/wp-json\/wp\/v2\/pages\/6703","targetHints":{"allow":["GET"]}}],"collection":[{"href":"https:\/\/eurotrader.eu\/fr\/wp-json\/wp\/v2\/pages"}],"about":[{"href":"https:\/\/eurotrader.eu\/fr\/wp-json\/wp\/v2\/types\/page"}],"author":[{"embeddable":true,"href":"https:\/\/eurotrader.eu\/fr\/wp-json\/wp\/v2\/users\/14"}],"replies":[{"embeddable":true,"href":"https:\/\/eurotrader.eu\/fr\/wp-json\/wp\/v2\/comments?post=6703"}],"version-history":[{"count":1,"href":"https:\/\/eurotrader.eu\/fr\/wp-json\/wp\/v2\/pages\/6703\/revisions"}],"predecessor-version":[{"id":6706,"href":"https:\/\/eurotrader.eu\/fr\/wp-json\/wp\/v2\/pages\/6703\/revisions\/6706"}],"wp:attachment":[{"href":"https:\/\/eurotrader.eu\/fr\/wp-json\/wp\/v2\/media?parent=6703"}],"curies":[{"name":"wp","href":"https:\/\/api.w.org\/{rel}","templated":true}]}}