{"id":6730,"date":"2023-10-29T21:08:55","date_gmt":"2023-10-29T21:08:55","guid":{"rendered":"https:\/\/www.eurotrader.eu\/demo-account\/"},"modified":"2025-01-13T08:18:05","modified_gmt":"2025-01-13T08:18:05","slug":"demo-account","status":"publish","type":"page","link":"https:\/\/eurotrader.eu\/fr\/demo-account\/","title":{"rendered":"Compte D\u00e9mo"},"content":{"rendered":"\t\t<div data-elementor-type=\"wp-page\" data-elementor-id=\"6730\" class=\"elementor elementor-6730 elementor-1038\" data-elementor-post-type=\"page\">\n\t\t\t\t<div class=\"elementor-element elementor-element-3eb522a6 e-flex e-con-boxed e-con e-parent\" data-id=\"3eb522a6\" data-element_type=\"container\" data-e-type=\"container\">\n\t\t\t\t\t<div class=\"e-con-inner\">\n\t\t\t\t<div class=\"elementor-element elementor-element-5ba02fb0 elementor-widget elementor-widget-heading\" data-id=\"5ba02fb0\" data-element_type=\"widget\" data-e-type=\"widget\" data-widget_type=\"heading.default\">\n\t\t\t\t<div class=\"elementor-widget-container\">\n\t\t\t\t\t<h1 class=\"elementor-heading-title elementor-size-default\">Essayez notre Compte D\u00e9mo sans risque<\/h1>\t\t\t\t<\/div>\n\t\t\t\t<\/div>\n\t\t\t\t<div class=\"elementor-element elementor-element-2952e64f small-width-content  center-content  elementor-widget elementor-widget-text-editor\" data-id=\"2952e64f\" data-element_type=\"widget\" data-e-type=\"widget\" data-widget_type=\"text-editor.default\">\n\t\t\t\t<div class=\"elementor-widget-container\">\n\t\t\t\t\t\t\t\t\t<p>Commencez \u00e0 trader sur les march\u00e9s avec un compte virtuel gratuit propos\u00e9 par Eurotrader.<br \/>\nNotre compte d\u00e9mo met \u00e0 votre disposition 100 000 $ en fonds virtuels pour tester vos strat\u00e9gies dans un environnement de march\u00e9 r\u00e9el, sans risquer d&#8217;argent r\u00e9el.<\/p>\n\t\t\t\t\t\t\t\t<\/div>\n\t\t\t\t<\/div>\n\t\t\t\t\t<\/div>\n\t\t\t\t<\/div>\n\t\t<div class=\"elementor-element elementor-element-799e5228 e-flex e-con-boxed e-con e-parent\" data-id=\"799e5228\" data-element_type=\"container\" data-e-type=\"container\" data-settings=\"{&quot;background_background&quot;:&quot;classic&quot;}\">\n\t\t\t\t\t<div class=\"e-con-inner\">\n\t\t<div class=\"elementor-element elementor-element-12572aa e-flex e-con-boxed e-con e-child\" data-id=\"12572aa\" data-element_type=\"container\" data-e-type=\"container\" data-settings=\"{&quot;background_background&quot;:&quot;classic&quot;}\">\n\t\t\t\t\t<div class=\"e-con-inner\">\n\t\t\t\t<div class=\"elementor-element elementor-element-5a6ad8c6 elementor-widget elementor-widget-heading\" data-id=\"5a6ad8c6\" data-element_type=\"widget\" data-e-type=\"widget\" data-widget_type=\"heading.default\">\n\t\t\t\t<div class=\"elementor-widget-container\">\n\t\t\t\t\t<h2 class=\"elementor-heading-title elementor-size-default\">Prenez votre envol avec notre <br>Compte D\u00e9mo de Trading<\/h2>\t\t\t\t<\/div>\n\t\t\t\t<\/div>\n\t\t<div class=\"elementor-element elementor-element-4da130db e-flex e-con-boxed e-con e-child\" data-id=\"4da130db\" data-element_type=\"container\" data-e-type=\"container\">\n\t\t\t\t\t<div class=\"e-con-inner\">\n\t\t<div class=\"elementor-element elementor-element-775b1095 e-flex e-con-boxed e-con e-child\" data-id=\"775b1095\" data-element_type=\"container\" data-e-type=\"container\">\n\t\t\t\t\t<div class=\"e-con-inner\">\n\t\t\t\t<div class=\"elementor-element elementor-element-6e17d33f elementor-widget elementor-widget-text-editor\" data-id=\"6e17d33f\" data-element_type=\"widget\" data-e-type=\"widget\" data-widget_type=\"text-editor.default\">\n\t\t\t\t<div class=\"elementor-widget-container\">\n\t\t\t\t\t\t\t\t\t<p>Pr\u00eat \u00e0 lancer votre exp\u00e9rience de trading ? Notre compte d\u00e9mo vous permet de d\u00e9coller sans aucun risque.<\/p>\n\t\t\t\t\t\t\t\t<\/div>\n\t\t\t\t<\/div>\n\t\t\t\t<div class=\"elementor-element elementor-element-5e561f14 elementor-widget elementor-widget-text-editor\" data-id=\"5e561f14\" data-element_type=\"widget\" data-e-type=\"widget\" data-widget_type=\"text-editor.default\">\n\t\t\t\t<div class=\"elementor-widget-container\">\n\t\t\t\t\t\t\t\t\t<p>D\u00e9couvrez notre plateforme de pointe en utilisant des fonds virtuels. Ma\u00eetrisez votre checklist avant le d\u00e9collage :<\/p>\n\t\t\t\t\t\t\t\t<\/div>\n\t\t\t\t<\/div>\n\t\t\t\t<div class=\"elementor-element elementor-element-385911cf elementor-icon-list--layout-traditional elementor-list-item-link-full_width elementor-widget elementor-widget-icon-list\" data-id=\"385911cf\" data-element_type=\"widget\" data-e-type=\"widget\" data-widget_type=\"icon-list.default\">\n\t\t\t\t<div class=\"elementor-widget-container\">\n\t\t\t\t\t\t\t<ul class=\"elementor-icon-list-items\">\n\t\t\t\t\t\t\t<li class=\"elementor-icon-list-item\">\n\t\t\t\t\t\t\t\t\t\t\t<span class=\"elementor-icon-list-icon\">\n\t\t\t\t\t\t\t<i aria-hidden=\"true\" class=\"fas fa-check\"><\/i>\t\t\t\t\t\t<\/span>\n\t\t\t\t\t\t\t\t\t\t<span class=\"elementor-icon-list-text\">Apprenez \u00e0 naviguer sur notre interface intuitive<\/span>\n\t\t\t\t\t\t\t\t\t<\/li>\n\t\t\t\t\t\t\t\t<li class=\"elementor-icon-list-item\">\n\t\t\t\t\t\t\t\t\t\t\t<span class=\"elementor-icon-list-icon\">\n\t\t\t\t\t\t\t<i aria-hidden=\"true\" class=\"fas fa-check\"><\/i>\t\t\t\t\t\t<\/span>\n\t\t\t\t\t\t\t\t\t\t<span class=\"elementor-icon-list-text\">Testez et perfectionnez vos strat\u00e9gies de trading<\/span>\n\t\t\t\t\t\t\t\t\t<\/li>\n\t\t\t\t\t\t\t\t<li class=\"elementor-icon-list-item\">\n\t\t\t\t\t\t\t\t\t\t\t<span class=\"elementor-icon-list-icon\">\n\t\t\t\t\t\t\t<i aria-hidden=\"true\" class=\"fas fa-check\"><\/i>\t\t\t\t\t\t<\/span>\n\t\t\t\t\t\t\t\t\t\t<span class=\"elementor-icon-list-text\">\u00c9tablissez des workflows adapt\u00e9s \u00e0 votre style<\/span>\n\t\t\t\t\t\t\t\t\t<\/li>\n\t\t\t\t\t\t\t\t<li class=\"elementor-icon-list-item\">\n\t\t\t\t\t\t\t\t\t\t\t<span class=\"elementor-icon-list-icon\">\n\t\t\t\t\t\t\t<i aria-hidden=\"true\" class=\"fas fa-check\"><\/i>\t\t\t\t\t\t<\/span>\n\t\t\t\t\t\t\t\t\t\t<span class=\"elementor-icon-list-text\">Explorez les march\u00e9s qui lib\u00e8rent votre potentiel<\/span>\n\t\t\t\t\t\t\t\t\t<\/li>\n\t\t\t\t\t\t<\/ul>\n\t\t\t\t\t\t<\/div>\n\t\t\t\t<\/div>\n\t\t\t\t\t<\/div>\n\t\t\t\t<\/div>\n\t\t<div class=\"elementor-element elementor-element-448d87c0 e-flex e-con-boxed e-con e-child\" data-id=\"448d87c0\" data-element_type=\"container\" data-e-type=\"container\">\n\t\t\t\t\t<div class=\"e-con-inner\">\n\t\t\t\t<div class=\"elementor-element elementor-element-713bdcc7 elementor-widget elementor-widget-image\" data-id=\"713bdcc7\" data-element_type=\"widget\" data-e-type=\"widget\" data-widget_type=\"image.default\">\n\t\t\t\t<div class=\"elementor-widget-container\">\n\t\t\t\t\t\t\t\t\t\t\t\t\t\t\t<img fetchpriority=\"high\" decoding=\"async\" width=\"555\" height=\"292\" src=\"https:\/\/eurotrader.eu\/wp-content\/uploads\/demo-account.png\" class=\"attachment-large size-large wp-image-1034\" alt=\"Demo account\" \/>\t\t\t\t\t\t\t\t\t\t\t\t\t\t\t<\/div>\n\t\t\t\t<\/div>\n\t\t\t\t\t<\/div>\n\t\t\t\t<\/div>\n\t\t\t\t\t<\/div>\n\t\t\t\t<\/div>\n\t\t\t\t<div class=\"elementor-element elementor-element-12e0574a elementor-align-center btn gold-btn elementor-widget elementor-widget-button\" data-id=\"12e0574a\" data-element_type=\"widget\" data-e-type=\"widget\" data-widget_type=\"button.default\">\n\t\t\t\t<div class=\"elementor-widget-container\">\n\t\t\t\t\t\t\t\t\t<div class=\"elementor-button-wrapper\">\n\t\t\t\t\t<a class=\"elementor-button elementor-size-sm\" role=\"button\">\n\t\t\t\t\t\t<span class=\"elementor-button-content-wrapper\">\n\t\t\t\t\t\t\t\t\t<span class=\"elementor-button-text\">Essayez le compte d\u00e9mo<\/span>\n\t\t\t\t\t<\/span>\n\t\t\t\t\t<\/a>\n\t\t\t\t<\/div>\n\t\t\t\t\t\t\t\t<\/div>\n\t\t\t\t<\/div>\n\t\t\t\t\t<\/div>\n\t\t\t\t<\/div>\n\t\t\t\t\t<\/div>\n\t\t\t\t<\/div>\n\t\t<div class=\"elementor-element elementor-element-257debbe e-flex e-con-boxed e-con e-parent\" data-id=\"257debbe\" data-element_type=\"container\" data-e-type=\"container\" id=\"education-boxes-section\">\n\t\t\t\t\t<div class=\"e-con-inner\">\n\t\t<div class=\"elementor-element elementor-element-3bfd5385 e-con-full e-flex e-con e-child\" data-id=\"3bfd5385\" data-element_type=\"container\" data-e-type=\"container\">\n\t\t\t\t<\/div>\n\t\t<div class=\"elementor-element elementor-element-123a5265 e-con-full e-flex e-con e-child\" data-id=\"123a5265\" data-element_type=\"container\" data-e-type=\"container\">\n\t\t\t\t<div class=\"elementor-element elementor-element-253256d8 elementor-widget elementor-widget-heading\" data-id=\"253256d8\" data-element_type=\"widget\" data-e-type=\"widget\" data-widget_type=\"heading.default\">\n\t\t\t\t<div class=\"elementor-widget-container\">\n\t\t\t\t\t<h2 class=\"elementor-heading-title elementor-size-default\">Eurotrader <br>Academy<\/h2>\t\t\t\t<\/div>\n\t\t\t\t<\/div>\n\t\t\t\t<div class=\"elementor-element elementor-element-4530c960 elementor-widget elementor-widget-text-editor\" data-id=\"4530c960\" data-element_type=\"widget\" data-e-type=\"widget\" data-widget_type=\"text-editor.default\">\n\t\t\t\t<div class=\"elementor-widget-container\">\n\t\t\t\t\t\t\t\t\t<p>Comme le dit le proverbe, investir dans la connaissance rapporte les meilleurs int\u00e9r\u00eats \u2013 et chez Eurotrader, nous sommes sp\u00e9cialis\u00e9s dans les bons investissements.<\/p>\n\t\t\t\t\t\t\t\t<\/div>\n\t\t\t\t<\/div>\n\t\t\t\t<div class=\"elementor-element elementor-element-123de418 elementor-widget elementor-widget-text-editor\" data-id=\"123de418\" data-element_type=\"widget\" data-e-type=\"widget\" data-widget_type=\"text-editor.default\">\n\t\t\t\t<div class=\"elementor-widget-container\">\n\t\t\t\t\t\t\t\t\t<p>Apprenez \u00e0 trader et d\u00e9veloppez vos comp\u00e9tences avec Eurotrader Academy. Nous avons une multitude de ressources \u00e0 regarder et \u00e0 lire pour vous aider \u00e0 ma\u00eetriser les march\u00e9s et \u00e0 prendre des d\u00e9cisions de trading mieux inform\u00e9es.<\/p>\n\t\t\t\t\t\t\t\t<\/div>\n\t\t\t\t<\/div>\n\t\t\t\t<div class=\"elementor-element elementor-element-e38463d elementor-widget elementor-widget-spacer\" data-id=\"e38463d\" data-element_type=\"widget\" data-e-type=\"widget\" data-widget_type=\"spacer.default\">\n\t\t\t\t<div class=\"elementor-widget-container\">\n\t\t\t\t\t\t\t<div class=\"elementor-spacer\">\n\t\t\t<div class=\"elementor-spacer-inner\"><\/div>\n\t\t<\/div>\n\t\t\t\t\t\t<\/div>\n\t\t\t\t<\/div>\n\t\t<div class=\"elementor-element elementor-element-3a4996a e-flex e-con-boxed e-con e-child\" data-id=\"3a4996a\" data-element_type=\"container\" data-e-type=\"container\">\n\t\t\t\t\t<div class=\"e-con-inner\">\n\t\t\t\t<div class=\"elementor-element elementor-element-5bec7006 education-box elementor-position-top elementor-widget elementor-widget-image-box\" data-id=\"5bec7006\" data-element_type=\"widget\" data-e-type=\"widget\" data-widget_type=\"image-box.default\">\n\t\t\t\t<div class=\"elementor-widget-container\">\n\t\t\t\t\t<div class=\"elementor-image-box-wrapper\"><figure class=\"elementor-image-box-img\"><a href=\"https:\/\/eurotrader.eu\/ebooks\/\" tabindex=\"-1\"><img decoding=\"async\" width=\"67\" height=\"47\" src=\"https:\/\/eurotrader.eu\/wp-content\/uploads\/trading-ebooks.png\" class=\"attachment-full size-full wp-image-994\" alt=\"\" \/><\/a><\/figure><div class=\"elementor-image-box-content\"><h3 class=\"elementor-image-box-title\"><a href=\"https:\/\/eurotrader.eu\/ebooks\/\">eBooks<\/a><\/h3><\/div><\/div>\t\t\t\t<\/div>\n\t\t\t\t<\/div>\n\t\t\t\t<div class=\"elementor-element elementor-element-31bdf6ed education-box elementor-position-top elementor-widget elementor-widget-image-box\" data-id=\"31bdf6ed\" data-element_type=\"widget\" data-e-type=\"widget\" data-widget_type=\"image-box.default\">\n\t\t\t\t<div class=\"elementor-widget-container\">\n\t\t\t\t\t<div class=\"elementor-image-box-wrapper\"><figure class=\"elementor-image-box-img\"><a href=\"https:\/\/eurotrader.eu\/video-courses\/\" tabindex=\"-1\"><img decoding=\"async\" width=\"65\" height=\"49\" src=\"https:\/\/eurotrader.eu\/wp-content\/uploads\/video-courses.png\" class=\"attachment-full size-full wp-image-995\" alt=\"\" \/><\/a><\/figure><div class=\"elementor-image-box-content\"><h3 class=\"elementor-image-box-title\"><a href=\"https:\/\/eurotrader.eu\/video-courses\/\">Cours Vid\u00e9o<\/a><\/h3><\/div><\/div>\t\t\t\t<\/div>\n\t\t\t\t<\/div>\n\t\t\t\t\t<\/div>\n\t\t\t\t<\/div>\n\t\t\t\t<\/div>\n\t\t<div class=\"elementor-element elementor-element-1d15ead3 e-con-full e-flex e-con e-child\" data-id=\"1d15ead3\" data-element_type=\"container\" data-e-type=\"container\">\n\t\t\t\t<\/div>\n\t\t\t\t\t<\/div>\n\t\t\t\t<\/div>\n\t\t<div class=\"elementor-element elementor-element-7087c2ee e-con-full e-flex e-con e-parent\" data-id=\"7087c2ee\" data-element_type=\"container\" data-e-type=\"container\" data-settings=\"{&quot;background_background&quot;:&quot;classic&quot;}\">\n\t\t\t\t<div class=\"elementor-element elementor-element-6e252313 elementor-widget elementor-widget-shortcode\" data-id=\"6e252313\" data-element_type=\"widget\" data-e-type=\"widget\" data-widget_type=\"shortcode.default\">\n\t\t\t\t<div class=\"elementor-widget-container\">\n\t\t\t\t\t\t\t<div class=\"elementor-shortcode\"><div class=\"trading-in-action flex-d container\"><div><h2 class=\"white-c mobile-text-center\">Ready to experience low-cost trading in action?<\/h2><p class=\"white-c mobile-text-center\">Open a risk-free demo account to practice trading with leverage and margin. Then trade live markets flexibly.<\/p><\/div><div class=\"flex-d\"><div class=\"gold-btn btn\"><a href=\"\" target=\"_blank\">Start Trading<\/a><\/div><\/div><\/div><\/div>\n\t\t\t\t\t\t<\/div>\n\t\t\t\t<\/div>\n\t\t\t\t<\/div>\n\t\t\t\t<\/div>\n\t\t","protected":false},"excerpt":{"rendered":"<p>Essayez notre Compte D\u00e9mo sans risque Commencez \u00e0 trader sur les march\u00e9s avec un compte virtuel gratuit propos\u00e9 par Eurotrader. Notre compte d\u00e9mo met \u00e0 votre disposition 100 000 $ en fonds virtuels pour tester vos strat\u00e9gies dans un environnement de march\u00e9 r\u00e9el, sans risquer d&#8217;argent r\u00e9el. Prenez votre envol avec notre Compte D\u00e9mo de [&hellip;]<\/p>\n","protected":false},"author":14,"featured_media":0,"parent":0,"menu_order":0,"comment_status":"closed","ping_status":"closed","template":"","meta":{"_acf_changed":false,"footnotes":""},"class_list":["post-6730","page","type-page","status-publish","hentry"],"acf":[],"yoast_head":"<!-- This site is optimized with the Yoast SEO plugin v27.4 - https:\/\/yoast.com\/product\/yoast-seo-wordpress\/ -->\n<title>Compte D\u00e9mo - Eurotrader<\/title>\n<meta name=\"robots\" content=\"index, follow, max-snippet:-1, max-image-preview:large, max-video-preview:-1\" \/>\n<meta property=\"og:locale\" content=\"fr_FR\" \/>\n<meta property=\"og:type\" content=\"article\" \/>\n<meta property=\"og:title\" content=\"Compte D\u00e9mo - Eurotrader\" \/>\n<meta property=\"og:description\" content=\"Essayez notre Compte D\u00e9mo sans risque Commencez \u00e0 trader sur les march\u00e9s avec un compte virtuel gratuit propos\u00e9 par Eurotrader. Notre compte d\u00e9mo met \u00e0 votre disposition 100 000 $ en fonds virtuels pour tester vos strat\u00e9gies dans un environnement de march\u00e9 r\u00e9el, sans risquer d&#8217;argent r\u00e9el. Prenez votre envol avec notre Compte D\u00e9mo de [&hellip;]\" \/>\n<meta property=\"og:url\" content=\"https:\/\/eurotrader.eu\/demo-account\/\" \/>\n<meta property=\"og:site_name\" content=\"Eurotrader\" \/>\n<meta property=\"article:modified_time\" content=\"2025-01-13T08:18:05+00:00\" \/>\n<meta property=\"og:image\" content=\"https:\/\/eurotrader.eu\/wp-content\/uploads\/demo-account.png\" \/>\n<meta name=\"twitter:card\" content=\"summary_large_image\" \/>\n<meta name=\"twitter:label1\" content=\"Dur\u00e9e de lecture estim\u00e9e\" \/>\n\t<meta name=\"twitter:data1\" content=\"1 minute\" \/>\n<script type=\"application\/ld+json\" class=\"yoast-schema-graph\">{\"@context\":\"https:\\\/\\\/schema.org\",\"@graph\":[{\"@type\":\"WebPage\",\"@id\":\"https:\\\/\\\/eurotrader.eu\\\/demo-account\\\/\",\"url\":\"https:\\\/\\\/eurotrader.eu\\\/demo-account\\\/\",\"name\":\"Compte D\u00e9mo - Eurotrader\",\"isPartOf\":{\"@id\":\"https:\\\/\\\/sienna-spider-789091.hostingersite.com\\\/#website\"},\"primaryImageOfPage\":{\"@id\":\"https:\\\/\\\/eurotrader.eu\\\/demo-account\\\/#primaryimage\"},\"image\":{\"@id\":\"https:\\\/\\\/eurotrader.eu\\\/demo-account\\\/#primaryimage\"},\"thumbnailUrl\":\"https:\\\/\\\/eurotrader.eu\\\/wp-content\\\/uploads\\\/demo-account.png\",\"datePublished\":\"2023-10-29T21:08:55+00:00\",\"dateModified\":\"2025-01-13T08:18:05+00:00\",\"breadcrumb\":{\"@id\":\"https:\\\/\\\/eurotrader.eu\\\/demo-account\\\/#breadcrumb\"},\"inLanguage\":\"fr-FR\",\"potentialAction\":[{\"@type\":\"ReadAction\",\"target\":[\"https:\\\/\\\/eurotrader.eu\\\/demo-account\\\/\"]}]},{\"@type\":\"ImageObject\",\"inLanguage\":\"fr-FR\",\"@id\":\"https:\\\/\\\/eurotrader.eu\\\/demo-account\\\/#primaryimage\",\"url\":\"https:\\\/\\\/eurotrader.eu\\\/wp-content\\\/uploads\\\/demo-account.png\",\"contentUrl\":\"https:\\\/\\\/eurotrader.eu\\\/wp-content\\\/uploads\\\/demo-account.png\"},{\"@type\":\"BreadcrumbList\",\"@id\":\"https:\\\/\\\/eurotrader.eu\\\/demo-account\\\/#breadcrumb\",\"itemListElement\":[{\"@type\":\"ListItem\",\"position\":1,\"name\":\"Home\",\"item\":\"https:\\\/\\\/eurotrader.eu\\\/fr\\\/\"},{\"@type\":\"ListItem\",\"position\":2,\"name\":\"Compte D\u00e9mo\"}]},{\"@type\":\"WebSite\",\"@id\":\"https:\\\/\\\/sienna-spider-789091.hostingersite.com\\\/#website\",\"url\":\"https:\\\/\\\/sienna-spider-789091.hostingersite.com\\\/\",\"name\":\"Eurotrader\",\"description\":\"\",\"publisher\":{\"@id\":\"https:\\\/\\\/sienna-spider-789091.hostingersite.com\\\/#organization\"},\"potentialAction\":[{\"@type\":\"SearchAction\",\"target\":{\"@type\":\"EntryPoint\",\"urlTemplate\":\"https:\\\/\\\/sienna-spider-789091.hostingersite.com\\\/?s={search_term_string}\"},\"query-input\":{\"@type\":\"PropertyValueSpecification\",\"valueRequired\":true,\"valueName\":\"search_term_string\"}}],\"inLanguage\":\"fr-FR\"},{\"@type\":\"Organization\",\"@id\":\"https:\\\/\\\/sienna-spider-789091.hostingersite.com\\\/#organization\",\"name\":\"Eurotrader\",\"url\":\"https:\\\/\\\/sienna-spider-789091.hostingersite.com\\\/\",\"logo\":{\"@type\":\"ImageObject\",\"inLanguage\":\"fr-FR\",\"@id\":\"https:\\\/\\\/sienna-spider-789091.hostingersite.com\\\/#\\\/schema\\\/logo\\\/image\\\/\",\"url\":\"https:\\\/\\\/eurotrader.eu\\\/wp-content\\\/uploads\\\/header-logo.svg\",\"contentUrl\":\"https:\\\/\\\/eurotrader.eu\\\/wp-content\\\/uploads\\\/header-logo.svg\",\"width\":184,\"height\":28,\"caption\":\"Eurotrader\"},\"image\":{\"@id\":\"https:\\\/\\\/sienna-spider-789091.hostingersite.com\\\/#\\\/schema\\\/logo\\\/image\\\/\"}}]}<\/script>\n<!-- \/ Yoast SEO plugin. -->","yoast_head_json":{"title":"Compte D\u00e9mo - Eurotrader","robots":{"index":"index","follow":"follow","max-snippet":"max-snippet:-1","max-image-preview":"max-image-preview:large","max-video-preview":"max-video-preview:-1"},"og_locale":"fr_FR","og_type":"article","og_title":"Compte D\u00e9mo - Eurotrader","og_description":"Essayez notre Compte D\u00e9mo sans risque Commencez \u00e0 trader sur les march\u00e9s avec un compte virtuel gratuit propos\u00e9 par Eurotrader. Notre compte d\u00e9mo met \u00e0 votre disposition 100 000 $ en fonds virtuels pour tester vos strat\u00e9gies dans un environnement de march\u00e9 r\u00e9el, sans risquer d&#8217;argent r\u00e9el. Prenez votre envol avec notre Compte D\u00e9mo de [&hellip;]","og_url":"https:\/\/eurotrader.eu\/demo-account\/","og_site_name":"Eurotrader","article_modified_time":"2025-01-13T08:18:05+00:00","og_image":[{"url":"https:\/\/eurotrader.eu\/wp-content\/uploads\/demo-account.png","type":"","width":"","height":""}],"twitter_card":"summary_large_image","twitter_misc":{"Dur\u00e9e de lecture estim\u00e9e":"1 minute"},"schema":{"@context":"https:\/\/schema.org","@graph":[{"@type":"WebPage","@id":"https:\/\/eurotrader.eu\/demo-account\/","url":"https:\/\/eurotrader.eu\/demo-account\/","name":"Compte D\u00e9mo - Eurotrader","isPartOf":{"@id":"https:\/\/sienna-spider-789091.hostingersite.com\/#website"},"primaryImageOfPage":{"@id":"https:\/\/eurotrader.eu\/demo-account\/#primaryimage"},"image":{"@id":"https:\/\/eurotrader.eu\/demo-account\/#primaryimage"},"thumbnailUrl":"https:\/\/eurotrader.eu\/wp-content\/uploads\/demo-account.png","datePublished":"2023-10-29T21:08:55+00:00","dateModified":"2025-01-13T08:18:05+00:00","breadcrumb":{"@id":"https:\/\/eurotrader.eu\/demo-account\/#breadcrumb"},"inLanguage":"fr-FR","potentialAction":[{"@type":"ReadAction","target":["https:\/\/eurotrader.eu\/demo-account\/"]}]},{"@type":"ImageObject","inLanguage":"fr-FR","@id":"https:\/\/eurotrader.eu\/demo-account\/#primaryimage","url":"https:\/\/eurotrader.eu\/wp-content\/uploads\/demo-account.png","contentUrl":"https:\/\/eurotrader.eu\/wp-content\/uploads\/demo-account.png"},{"@type":"BreadcrumbList","@id":"https:\/\/eurotrader.eu\/demo-account\/#breadcrumb","itemListElement":[{"@type":"ListItem","position":1,"name":"Home","item":"https:\/\/eurotrader.eu\/fr\/"},{"@type":"ListItem","position":2,"name":"Compte D\u00e9mo"}]},{"@type":"WebSite","@id":"https:\/\/sienna-spider-789091.hostingersite.com\/#website","url":"https:\/\/sienna-spider-789091.hostingersite.com\/","name":"Eurotrader","description":"","publisher":{"@id":"https:\/\/sienna-spider-789091.hostingersite.com\/#organization"},"potentialAction":[{"@type":"SearchAction","target":{"@type":"EntryPoint","urlTemplate":"https:\/\/sienna-spider-789091.hostingersite.com\/?s={search_term_string}"},"query-input":{"@type":"PropertyValueSpecification","valueRequired":true,"valueName":"search_term_string"}}],"inLanguage":"fr-FR"},{"@type":"Organization","@id":"https:\/\/sienna-spider-789091.hostingersite.com\/#organization","name":"Eurotrader","url":"https:\/\/sienna-spider-789091.hostingersite.com\/","logo":{"@type":"ImageObject","inLanguage":"fr-FR","@id":"https:\/\/sienna-spider-789091.hostingersite.com\/#\/schema\/logo\/image\/","url":"https:\/\/eurotrader.eu\/wp-content\/uploads\/header-logo.svg","contentUrl":"https:\/\/eurotrader.eu\/wp-content\/uploads\/header-logo.svg","width":184,"height":28,"caption":"Eurotrader"},"image":{"@id":"https:\/\/sienna-spider-789091.hostingersite.com\/#\/schema\/logo\/image\/"}}]}},"_hostinger_reach_plugin_has_subscription_block":false,"_hostinger_reach_plugin_is_elementor":false,"_links":{"self":[{"href":"https:\/\/eurotrader.eu\/fr\/wp-json\/wp\/v2\/pages\/6730","targetHints":{"allow":["GET"]}}],"collection":[{"href":"https:\/\/eurotrader.eu\/fr\/wp-json\/wp\/v2\/pages"}],"about":[{"href":"https:\/\/eurotrader.eu\/fr\/wp-json\/wp\/v2\/types\/page"}],"author":[{"embeddable":true,"href":"https:\/\/eurotrader.eu\/fr\/wp-json\/wp\/v2\/users\/14"}],"replies":[{"embeddable":true,"href":"https:\/\/eurotrader.eu\/fr\/wp-json\/wp\/v2\/comments?post=6730"}],"version-history":[{"count":1,"href":"https:\/\/eurotrader.eu\/fr\/wp-json\/wp\/v2\/pages\/6730\/revisions"}],"predecessor-version":[{"id":6731,"href":"https:\/\/eurotrader.eu\/fr\/wp-json\/wp\/v2\/pages\/6730\/revisions\/6731"}],"wp:attachment":[{"href":"https:\/\/eurotrader.eu\/fr\/wp-json\/wp\/v2\/media?parent=6730"}],"curies":[{"name":"wp","href":"https:\/\/api.w.org\/{rel}","templated":true}]}}