{"id":6746,"date":"2023-10-26T20:16:00","date_gmt":"2023-10-26T19:16:00","guid":{"rendered":"https:\/\/www.eurotrader.eu\/eurotrader-education-hub\/"},"modified":"2025-01-13T08:21:05","modified_gmt":"2025-01-13T08:21:05","slug":"eurotrader-education-hub","status":"publish","type":"page","link":"https:\/\/eurotrader.eu\/fr\/eurotrader-education-hub\/","title":{"rendered":"Centre d&#8217;\u00c9ducation Eurotrader"},"content":{"rendered":"\t\t<div data-elementor-type=\"wp-page\" data-elementor-id=\"6746\" class=\"elementor elementor-6746 elementor-972\" data-elementor-post-type=\"page\">\n\t\t\t\t<div class=\"elementor-element elementor-element-73c3fe57 e-flex e-con-boxed e-con e-parent\" data-id=\"73c3fe57\" data-element_type=\"container\">\n\t\t\t\t\t<div class=\"e-con-inner\">\n\t\t\t\t<div class=\"elementor-element elementor-element-6dc44c49 elementor-widget elementor-widget-heading\" data-id=\"6dc44c49\" data-element_type=\"widget\" data-widget_type=\"heading.default\">\n\t\t\t\t<div class=\"elementor-widget-container\">\n\t\t\t\t\t<h1 class=\"elementor-heading-title elementor-size-default\">Centre d'\u00c9ducation Eurotrader<\/h1>\t\t\t\t<\/div>\n\t\t\t\t<\/div>\n\t\t\t\t<div class=\"elementor-element elementor-element-1d16232b large-width-content  center-content  elementor-widget elementor-widget-text-editor\" data-id=\"1d16232b\" data-element_type=\"widget\" data-widget_type=\"text-editor.default\">\n\t\t\t\t<div class=\"elementor-widget-container\">\n\t\t\t\t\t\t\t\t\t<p>Chez Eurotrader, nous proposons une suite de ressources \u00e9ducatives pour aider \u00e0 acc\u00e9l\u00e9rer vos comp\u00e9tences en trading. Des eBooks et cours vid\u00e9o aux tutoriels de plateforme, nos outils d&#8217;apprentissage offrent une \u00e9ducation pratique pour les traders de tous niveaux.<\/p>\n\t\t\t\t\t\t\t\t<\/div>\n\t\t\t\t<\/div>\n\t\t\t\t\t<\/div>\n\t\t\t\t<\/div>\n\t\t<div class=\"elementor-element elementor-element-1a43adbd e-flex e-con-boxed e-con e-parent\" data-id=\"1a43adbd\" data-element_type=\"container\" id=\"education-boxes-section\">\n\t\t\t\t\t<div class=\"e-con-inner\">\n\t\t\t\t<div class=\"elementor-element elementor-element-4493e9a education-box elementor-position-top elementor-widget elementor-widget-image-box\" data-id=\"4493e9a\" data-element_type=\"widget\" data-widget_type=\"image-box.default\">\n\t\t\t\t<div class=\"elementor-widget-container\">\n\t\t\t\t\t<div class=\"elementor-image-box-wrapper\"><figure class=\"elementor-image-box-img\"><a href=\"https:\/\/eurotrader.eu\/ebooks\/\" tabindex=\"-1\"><img decoding=\"async\" width=\"67\" height=\"47\" src=\"https:\/\/eurotrader.eu\/wp-content\/uploads\/trading-ebooks.png\" class=\"attachment-full size-full wp-image-994\" alt=\"\" \/><\/a><\/figure><div class=\"elementor-image-box-content\"><h3 class=\"elementor-image-box-title\"><a href=\"https:\/\/eurotrader.eu\/ebooks\/\">eBooks de Trading<\/a><\/h3><p class=\"elementor-image-box-description\">Acc\u00e9dez \u00e0 notre biblioth\u00e8que d'eBooks couvrant tout, des bases du trading aux strat\u00e9gies avanc\u00e9es. Nos eBooks offrent des techniques bas\u00e9es sur la recherche, expliqu\u00e9es \u00e0 travers des exemples r\u00e9els de trading, des graphiques et des analyses.<\/p><\/div><\/div>\t\t\t\t<\/div>\n\t\t\t\t<\/div>\n\t\t\t\t<div class=\"elementor-element elementor-element-e80797a education-box elementor-position-top elementor-widget elementor-widget-image-box\" data-id=\"e80797a\" data-element_type=\"widget\" data-widget_type=\"image-box.default\">\n\t\t\t\t<div class=\"elementor-widget-container\">\n\t\t\t\t\t<div class=\"elementor-image-box-wrapper\"><figure class=\"elementor-image-box-img\"><a href=\"https:\/\/eurotrader.eu\/video-courses\/\" tabindex=\"-1\"><img decoding=\"async\" width=\"65\" height=\"49\" src=\"https:\/\/eurotrader.eu\/wp-content\/uploads\/video-courses.png\" class=\"attachment-full size-full wp-image-995\" alt=\"\" \/><\/a><\/figure><div class=\"elementor-image-box-content\"><h3 class=\"elementor-image-box-title\"><a href=\"https:\/\/eurotrader.eu\/video-courses\/\">Cours Vid\u00e9o<\/a><\/h3><p class=\"elementor-image-box-description\">Apprenez aupr\u00e8s de coachs de trading exp\u00e9riment\u00e9s gr\u00e2ce \u00e0 des le\u00e7ons vid\u00e9o \u00e0 la demande. Nos cours couvrent le forex, les cryptomonnaies, les actions, l'analyse technique et bien plus encore. Regardez des vid\u00e9os concises o\u00f9 vous voulez, quand vous voulez.<\/p><\/div><\/div>\t\t\t\t<\/div>\n\t\t\t\t<\/div>\n\t\t\t\t<div class=\"elementor-element elementor-element-35f390c education-box elementor-position-top elementor-widget elementor-widget-image-box\" data-id=\"35f390c\" data-element_type=\"widget\" data-widget_type=\"image-box.default\">\n\t\t\t\t<div class=\"elementor-widget-container\">\n\t\t\t\t\t<div class=\"elementor-image-box-wrapper\"><figure class=\"elementor-image-box-img\"><a href=\"https:\/\/eurotrader.eu\/platform-tutorials\/\" tabindex=\"-1\"><img decoding=\"async\" width=\"61\" height=\"56\" src=\"https:\/\/eurotrader.eu\/wp-content\/uploads\/platform-tutorials.png\" class=\"attachment-full size-full wp-image-984\" alt=\"\" \/><\/a><\/figure><div class=\"elementor-image-box-content\"><h3 class=\"elementor-image-box-title\"><a href=\"https:\/\/eurotrader.eu\/platform-tutorials\/\">Tutoriels de Plateforme<\/a><\/h3><p class=\"elementor-image-box-description\">Ma\u00eetrisez nos plateformes de trading de pointe comme MetaTrader gr\u00e2ce \u00e0 des tutoriels vid\u00e9o \u00e9tape par \u00e9tape directement dans le logiciel. Les tutoriels vous guident \u00e0 travers les fonctionnalit\u00e9s cl\u00e9s pour que vous puissiez trader en toute confiance.<\/p><\/div><\/div>\t\t\t\t<\/div>\n\t\t\t\t<\/div>\n\t\t\t\t<div class=\"elementor-element elementor-element-2a20eb15 education-box elementor-hidden-desktop elementor-hidden-tablet elementor-hidden-mobile elementor-position-top elementor-widget elementor-widget-image-box\" data-id=\"2a20eb15\" data-element_type=\"widget\" data-widget_type=\"image-box.default\">\n\t\t\t\t<div class=\"elementor-widget-container\">\n\t\t\t\t\t<div class=\"elementor-image-box-wrapper\"><figure class=\"elementor-image-box-img\"><a href=\"https:\/\/eurotrader.eu\/daily-market-news\/\" tabindex=\"-1\"><img loading=\"lazy\" decoding=\"async\" width=\"64\" height=\"62\" src=\"https:\/\/eurotrader.eu\/wp-content\/uploads\/daily-market.png\" class=\"attachment-full size-full wp-image-986\" alt=\"\" \/><\/a><\/figure><div class=\"elementor-image-box-content\"><h3 class=\"elementor-image-box-title\"><a href=\"https:\/\/eurotrader.eu\/daily-market-news\/\">Commentaire Quotidien sur le March\u00e9<\/a><\/h3><p class=\"elementor-image-box-description\">Restez \u00e0 jour sur les march\u00e9s avec notre Commentaire Quotidien sur le March\u00e9. Ce briefing essentiel r\u00e9sume les informations indispensables sur les principales classes d'actifs en un seul endroit.<\/p><\/div><\/div>\t\t\t\t<\/div>\n\t\t\t\t<\/div>\n\t\t\t\t\t<\/div>\n\t\t\t\t<\/div>\n\t\t<div class=\"elementor-element elementor-element-6c7d5287 e-flex e-con-boxed e-con e-parent\" data-id=\"6c7d5287\" data-element_type=\"container\" id=\"learn-boxes-section\" data-settings=\"{&quot;background_background&quot;:&quot;classic&quot;}\">\n\t\t\t\t\t<div class=\"e-con-inner\">\n\t\t<div class=\"elementor-element elementor-element-4ed3cd8e e-flex e-con-boxed e-con e-child\" data-id=\"4ed3cd8e\" data-element_type=\"container\" data-settings=\"{&quot;background_background&quot;:&quot;classic&quot;}\">\n\t\t\t\t\t<div class=\"e-con-inner\">\n\t\t\t\t<div class=\"elementor-element elementor-element-7083815 elementor-widget elementor-widget-heading\" data-id=\"7083815\" data-element_type=\"widget\" data-widget_type=\"heading.default\">\n\t\t\t\t<div class=\"elementor-widget-container\">\n\t\t\t\t\t<h2 class=\"elementor-heading-title elementor-size-default\">Qu'allez-vous apprendre ?<\/h2>\t\t\t\t<\/div>\n\t\t\t\t<\/div>\n\t\t<div class=\"elementor-element elementor-element-766944c4 e-flex e-con-boxed e-con e-child\" data-id=\"766944c4\" data-element_type=\"container\">\n\t\t\t\t\t<div class=\"e-con-inner\">\n\t\t\t\t<div class=\"elementor-element elementor-element-5ffecfa8 box-with-shadow-column-1 elementor-position-top elementor-widget elementor-widget-image-box\" data-id=\"5ffecfa8\" data-element_type=\"widget\" data-widget_type=\"image-box.default\">\n\t\t\t\t<div class=\"elementor-widget-container\">\n\t\t\t\t\t<div class=\"elementor-image-box-wrapper\"><figure class=\"elementor-image-box-img\"><img loading=\"lazy\" decoding=\"async\" width=\"48\" height=\"48\" src=\"https:\/\/eurotrader.eu\/wp-content\/uploads\/forex-education.png\" class=\"attachment-full size-full wp-image-985\" alt=\"\" \/><\/figure><div class=\"elementor-image-box-content\"><h3 class=\"elementor-image-box-title\">Trading Forex<\/h3><\/div><\/div>\t\t\t\t<\/div>\n\t\t\t\t<\/div>\n\t\t\t\t<div class=\"elementor-element elementor-element-53e31007 box-with-shadow-column-1 elementor-position-top elementor-widget elementor-widget-image-box\" data-id=\"53e31007\" data-element_type=\"widget\" data-widget_type=\"image-box.default\">\n\t\t\t\t<div class=\"elementor-widget-container\">\n\t\t\t\t\t<div class=\"elementor-image-box-wrapper\"><figure class=\"elementor-image-box-img\"><img loading=\"lazy\" decoding=\"async\" width=\"61\" height=\"52\" src=\"https:\/\/eurotrader.eu\/wp-content\/uploads\/terminology-education.png\" class=\"attachment-full size-full wp-image-987\" alt=\"\" \/><\/figure><div class=\"elementor-image-box-content\"><h3 class=\"elementor-image-box-title\">Terminologie<\/h3><\/div><\/div>\t\t\t\t<\/div>\n\t\t\t\t<\/div>\n\t\t\t\t<div class=\"elementor-element elementor-element-7cc86ddf box-with-shadow-column-1 elementor-position-top elementor-widget elementor-widget-image-box\" data-id=\"7cc86ddf\" data-element_type=\"widget\" data-widget_type=\"image-box.default\">\n\t\t\t\t<div class=\"elementor-widget-container\">\n\t\t\t\t\t<div class=\"elementor-image-box-wrapper\"><figure class=\"elementor-image-box-img\"><img loading=\"lazy\" decoding=\"async\" width=\"48\" height=\"48\" src=\"https:\/\/eurotrader.eu\/wp-content\/uploads\/crypto-education.png\" class=\"attachment-full size-full wp-image-990\" alt=\"\" \/><\/figure><div class=\"elementor-image-box-content\"><h3 class=\"elementor-image-box-title\">Trading Crypto<\/h3><\/div><\/div>\t\t\t\t<\/div>\n\t\t\t\t<\/div>\n\t\t\t\t\t<\/div>\n\t\t\t\t<\/div>\n\t\t<div class=\"elementor-element elementor-element-50a4eba0 e-flex e-con-boxed e-con e-child\" data-id=\"50a4eba0\" data-element_type=\"container\">\n\t\t\t\t\t<div class=\"e-con-inner\">\n\t\t\t\t<div class=\"elementor-element elementor-element-2ac77f89 box-with-shadow-column-1 elementor-position-top elementor-widget elementor-widget-image-box\" data-id=\"2ac77f89\" data-element_type=\"widget\" data-widget_type=\"image-box.default\">\n\t\t\t\t<div class=\"elementor-widget-container\">\n\t\t\t\t\t<div class=\"elementor-image-box-wrapper\"><figure class=\"elementor-image-box-img\"><img loading=\"lazy\" decoding=\"async\" width=\"44\" height=\"60\" src=\"https:\/\/eurotrader.eu\/wp-content\/uploads\/technical-education.png\" class=\"attachment-full size-full wp-image-988\" alt=\"\" \/><\/figure><div class=\"elementor-image-box-content\"><h3 class=\"elementor-image-box-title\">Trading Technique<\/h3><\/div><\/div>\t\t\t\t<\/div>\n\t\t\t\t<\/div>\n\t\t\t\t<div class=\"elementor-element elementor-element-3ccdae2a box-with-shadow-column-1 elementor-position-top elementor-widget elementor-widget-image-box\" data-id=\"3ccdae2a\" data-element_type=\"widget\" data-widget_type=\"image-box.default\">\n\t\t\t\t<div class=\"elementor-widget-container\">\n\t\t\t\t\t<div class=\"elementor-image-box-wrapper\"><figure class=\"elementor-image-box-img\"><img loading=\"lazy\" decoding=\"async\" width=\"38\" height=\"59\" src=\"https:\/\/eurotrader.eu\/wp-content\/uploads\/strategic-trading-education.png\" class=\"attachment-full size-full wp-image-989\" alt=\"\" \/><\/figure><div class=\"elementor-image-box-content\"><h3 class=\"elementor-image-box-title\">Trading Strat\u00e9gique<\/h3><\/div><\/div>\t\t\t\t<\/div>\n\t\t\t\t<\/div>\n\t\t\t\t<div class=\"elementor-element elementor-element-1167c6d8 box-with-shadow-column-1 elementor-position-top elementor-widget elementor-widget-image-box\" data-id=\"1167c6d8\" data-element_type=\"widget\" data-widget_type=\"image-box.default\">\n\t\t\t\t<div class=\"elementor-widget-container\">\n\t\t\t\t\t<div class=\"elementor-image-box-wrapper\"><figure class=\"elementor-image-box-img\"><img loading=\"lazy\" decoding=\"async\" width=\"76\" height=\"56\" src=\"https:\/\/eurotrader.eu\/wp-content\/uploads\/analysis-education.png\" class=\"attachment-full size-full wp-image-991\" alt=\"\" \/><\/figure><div class=\"elementor-image-box-content\"><h3 class=\"elementor-image-box-title\">Analyse Fondamentale<\/h3><\/div><\/div>\t\t\t\t<\/div>\n\t\t\t\t<\/div>\n\t\t\t\t\t<\/div>\n\t\t\t\t<\/div>\n\t\t\t\t\t<\/div>\n\t\t\t\t<\/div>\n\t\t\t\t\t<\/div>\n\t\t\t\t<\/div>\n\t\t<div class=\"elementor-element elementor-element-2095ef79 e-con-full e-flex e-con e-parent\" data-id=\"2095ef79\" data-element_type=\"container\" data-settings=\"{&quot;background_background&quot;:&quot;classic&quot;}\">\n\t\t\t\t<div class=\"elementor-element elementor-element-6636a534 elementor-widget elementor-widget-shortcode\" data-id=\"6636a534\" data-element_type=\"widget\" data-widget_type=\"shortcode.default\">\n\t\t\t\t<div class=\"elementor-widget-container\">\n\t\t\t\t\t\t\t<div class=\"elementor-shortcode\"><div class=\"trading-in-action flex-d container\"><div><h2 class=\"white-c mobile-text-center\">Ready to experience low-cost trading in action?<\/h2><p class=\"white-c mobile-text-center\">Open a risk-free demo account to practice trading with leverage and margin. Then trade live markets flexibly.<\/p><\/div><div class=\"flex-d\"><div class=\"gold-btn btn\"><a href=\"\" target=\"_blank\">Start Trading<\/a><\/div><\/div><\/div><\/div>\n\t\t\t\t\t\t<\/div>\n\t\t\t\t<\/div>\n\t\t\t\t<\/div>\n\t\t\t\t<\/div>\n\t\t","protected":false},"excerpt":{"rendered":"<p>Centre d&#8217;\u00c9ducation Eurotrader Chez Eurotrader, nous proposons une suite de ressources \u00e9ducatives pour aider \u00e0 acc\u00e9l\u00e9rer vos comp\u00e9tences en trading. Des eBooks et cours vid\u00e9o aux tutoriels de plateforme, nos outils d&#8217;apprentissage offrent une \u00e9ducation pratique pour les traders de tous niveaux. eBooks de Trading Acc\u00e9dez \u00e0 notre biblioth\u00e8que d&#8217;eBooks couvrant tout, des bases du [&hellip;]<\/p>\n","protected":false},"author":14,"featured_media":0,"parent":0,"menu_order":0,"comment_status":"closed","ping_status":"closed","template":"","meta":{"_acf_changed":false,"footnotes":""},"class_list":["post-6746","page","type-page","status-publish","hentry"],"acf":[],"yoast_head":"<!-- This site is optimized with the Yoast SEO plugin v26.4 - https:\/\/yoast.com\/wordpress\/plugins\/seo\/ -->\n<title>Centre d&#039;\u00c9ducation Eurotrader - Eurotrader<\/title>\n<meta name=\"robots\" content=\"index, follow, max-snippet:-1, max-image-preview:large, max-video-preview:-1\" \/>\n<meta property=\"og:locale\" content=\"fr_FR\" \/>\n<meta property=\"og:type\" content=\"article\" \/>\n<meta property=\"og:title\" content=\"Centre d&#039;\u00c9ducation Eurotrader - Eurotrader\" \/>\n<meta property=\"og:description\" content=\"Centre d&#8217;\u00c9ducation Eurotrader Chez Eurotrader, nous proposons une suite de ressources \u00e9ducatives pour aider \u00e0 acc\u00e9l\u00e9rer vos comp\u00e9tences en trading. Des eBooks et cours vid\u00e9o aux tutoriels de plateforme, nos outils d&#8217;apprentissage offrent une \u00e9ducation pratique pour les traders de tous niveaux. eBooks de Trading Acc\u00e9dez \u00e0 notre biblioth\u00e8que d&#8217;eBooks couvrant tout, des bases du [&hellip;]\" \/>\n<meta property=\"og:url\" content=\"https:\/\/eurotrader.eu\/eurotrader-education-hub\/\" \/>\n<meta property=\"og:site_name\" content=\"Eurotrader\" \/>\n<meta property=\"article:modified_time\" content=\"2025-01-13T08:21:05+00:00\" \/>\n<meta property=\"og:image\" content=\"https:\/\/eurotrader.eu\/wp-content\/uploads\/trading-ebooks.png\" \/>\n<meta name=\"twitter:card\" content=\"summary_large_image\" \/>\n<meta name=\"twitter:label1\" content=\"Dur\u00e9e de lecture estim\u00e9e\" \/>\n\t<meta name=\"twitter:data1\" content=\"1 minute\" \/>\n<script type=\"application\/ld+json\" class=\"yoast-schema-graph\">{\"@context\":\"https:\/\/schema.org\",\"@graph\":[{\"@type\":\"WebPage\",\"@id\":\"https:\/\/eurotrader.eu\/eurotrader-education-hub\/\",\"url\":\"https:\/\/eurotrader.eu\/eurotrader-education-hub\/\",\"name\":\"Centre d'\u00c9ducation Eurotrader - Eurotrader\",\"isPartOf\":{\"@id\":\"https:\/\/sienna-spider-789091.hostingersite.com\/#website\"},\"primaryImageOfPage\":{\"@id\":\"https:\/\/eurotrader.eu\/eurotrader-education-hub\/#primaryimage\"},\"image\":{\"@id\":\"https:\/\/eurotrader.eu\/eurotrader-education-hub\/#primaryimage\"},\"thumbnailUrl\":\"https:\/\/eurotrader.eu\/wp-content\/uploads\/trading-ebooks.png\",\"datePublished\":\"2023-10-26T19:16:00+00:00\",\"dateModified\":\"2025-01-13T08:21:05+00:00\",\"breadcrumb\":{\"@id\":\"https:\/\/eurotrader.eu\/eurotrader-education-hub\/#breadcrumb\"},\"inLanguage\":\"fr-FR\",\"potentialAction\":[{\"@type\":\"ReadAction\",\"target\":[\"https:\/\/eurotrader.eu\/eurotrader-education-hub\/\"]}]},{\"@type\":\"ImageObject\",\"inLanguage\":\"fr-FR\",\"@id\":\"https:\/\/eurotrader.eu\/eurotrader-education-hub\/#primaryimage\",\"url\":\"https:\/\/eurotrader.eu\/wp-content\/uploads\/trading-ebooks.png\",\"contentUrl\":\"https:\/\/eurotrader.eu\/wp-content\/uploads\/trading-ebooks.png\"},{\"@type\":\"BreadcrumbList\",\"@id\":\"https:\/\/eurotrader.eu\/eurotrader-education-hub\/#breadcrumb\",\"itemListElement\":[{\"@type\":\"ListItem\",\"position\":1,\"name\":\"Home\",\"item\":\"https:\/\/eurotrader.eu\/fr\/\"},{\"@type\":\"ListItem\",\"position\":2,\"name\":\"Centre d&#8217;\u00c9ducation Eurotrader\"}]},{\"@type\":\"WebSite\",\"@id\":\"https:\/\/sienna-spider-789091.hostingersite.com\/#website\",\"url\":\"https:\/\/sienna-spider-789091.hostingersite.com\/\",\"name\":\"Eurotrader\",\"description\":\"\",\"publisher\":{\"@id\":\"https:\/\/sienna-spider-789091.hostingersite.com\/#organization\"},\"potentialAction\":[{\"@type\":\"SearchAction\",\"target\":{\"@type\":\"EntryPoint\",\"urlTemplate\":\"https:\/\/sienna-spider-789091.hostingersite.com\/?s={search_term_string}\"},\"query-input\":{\"@type\":\"PropertyValueSpecification\",\"valueRequired\":true,\"valueName\":\"search_term_string\"}}],\"inLanguage\":\"fr-FR\"},{\"@type\":\"Organization\",\"@id\":\"https:\/\/sienna-spider-789091.hostingersite.com\/#organization\",\"name\":\"Eurotrader\",\"url\":\"https:\/\/sienna-spider-789091.hostingersite.com\/\",\"logo\":{\"@type\":\"ImageObject\",\"inLanguage\":\"fr-FR\",\"@id\":\"https:\/\/sienna-spider-789091.hostingersite.com\/#\/schema\/logo\/image\/\",\"url\":\"https:\/\/eurotrader.eu\/wp-content\/uploads\/header-logo.svg\",\"contentUrl\":\"https:\/\/eurotrader.eu\/wp-content\/uploads\/header-logo.svg\",\"width\":184,\"height\":28,\"caption\":\"Eurotrader\"},\"image\":{\"@id\":\"https:\/\/sienna-spider-789091.hostingersite.com\/#\/schema\/logo\/image\/\"}}]}<\/script>\n<!-- \/ Yoast SEO plugin. -->","yoast_head_json":{"title":"Centre d'\u00c9ducation Eurotrader - Eurotrader","robots":{"index":"index","follow":"follow","max-snippet":"max-snippet:-1","max-image-preview":"max-image-preview:large","max-video-preview":"max-video-preview:-1"},"og_locale":"fr_FR","og_type":"article","og_title":"Centre d'\u00c9ducation Eurotrader - Eurotrader","og_description":"Centre d&#8217;\u00c9ducation Eurotrader Chez Eurotrader, nous proposons une suite de ressources \u00e9ducatives pour aider \u00e0 acc\u00e9l\u00e9rer vos comp\u00e9tences en trading. Des eBooks et cours vid\u00e9o aux tutoriels de plateforme, nos outils d&#8217;apprentissage offrent une \u00e9ducation pratique pour les traders de tous niveaux. eBooks de Trading Acc\u00e9dez \u00e0 notre biblioth\u00e8que d&#8217;eBooks couvrant tout, des bases du [&hellip;]","og_url":"https:\/\/eurotrader.eu\/eurotrader-education-hub\/","og_site_name":"Eurotrader","article_modified_time":"2025-01-13T08:21:05+00:00","og_image":[{"url":"https:\/\/eurotrader.eu\/wp-content\/uploads\/trading-ebooks.png","type":"","width":"","height":""}],"twitter_card":"summary_large_image","twitter_misc":{"Dur\u00e9e de lecture estim\u00e9e":"1 minute"},"schema":{"@context":"https:\/\/schema.org","@graph":[{"@type":"WebPage","@id":"https:\/\/eurotrader.eu\/eurotrader-education-hub\/","url":"https:\/\/eurotrader.eu\/eurotrader-education-hub\/","name":"Centre d'\u00c9ducation Eurotrader - Eurotrader","isPartOf":{"@id":"https:\/\/sienna-spider-789091.hostingersite.com\/#website"},"primaryImageOfPage":{"@id":"https:\/\/eurotrader.eu\/eurotrader-education-hub\/#primaryimage"},"image":{"@id":"https:\/\/eurotrader.eu\/eurotrader-education-hub\/#primaryimage"},"thumbnailUrl":"https:\/\/eurotrader.eu\/wp-content\/uploads\/trading-ebooks.png","datePublished":"2023-10-26T19:16:00+00:00","dateModified":"2025-01-13T08:21:05+00:00","breadcrumb":{"@id":"https:\/\/eurotrader.eu\/eurotrader-education-hub\/#breadcrumb"},"inLanguage":"fr-FR","potentialAction":[{"@type":"ReadAction","target":["https:\/\/eurotrader.eu\/eurotrader-education-hub\/"]}]},{"@type":"ImageObject","inLanguage":"fr-FR","@id":"https:\/\/eurotrader.eu\/eurotrader-education-hub\/#primaryimage","url":"https:\/\/eurotrader.eu\/wp-content\/uploads\/trading-ebooks.png","contentUrl":"https:\/\/eurotrader.eu\/wp-content\/uploads\/trading-ebooks.png"},{"@type":"BreadcrumbList","@id":"https:\/\/eurotrader.eu\/eurotrader-education-hub\/#breadcrumb","itemListElement":[{"@type":"ListItem","position":1,"name":"Home","item":"https:\/\/eurotrader.eu\/fr\/"},{"@type":"ListItem","position":2,"name":"Centre d&#8217;\u00c9ducation Eurotrader"}]},{"@type":"WebSite","@id":"https:\/\/sienna-spider-789091.hostingersite.com\/#website","url":"https:\/\/sienna-spider-789091.hostingersite.com\/","name":"Eurotrader","description":"","publisher":{"@id":"https:\/\/sienna-spider-789091.hostingersite.com\/#organization"},"potentialAction":[{"@type":"SearchAction","target":{"@type":"EntryPoint","urlTemplate":"https:\/\/sienna-spider-789091.hostingersite.com\/?s={search_term_string}"},"query-input":{"@type":"PropertyValueSpecification","valueRequired":true,"valueName":"search_term_string"}}],"inLanguage":"fr-FR"},{"@type":"Organization","@id":"https:\/\/sienna-spider-789091.hostingersite.com\/#organization","name":"Eurotrader","url":"https:\/\/sienna-spider-789091.hostingersite.com\/","logo":{"@type":"ImageObject","inLanguage":"fr-FR","@id":"https:\/\/sienna-spider-789091.hostingersite.com\/#\/schema\/logo\/image\/","url":"https:\/\/eurotrader.eu\/wp-content\/uploads\/header-logo.svg","contentUrl":"https:\/\/eurotrader.eu\/wp-content\/uploads\/header-logo.svg","width":184,"height":28,"caption":"Eurotrader"},"image":{"@id":"https:\/\/sienna-spider-789091.hostingersite.com\/#\/schema\/logo\/image\/"}}]}},"_hostinger_reach_plugin_has_subscription_block":false,"_hostinger_reach_plugin_is_elementor":false,"_links":{"self":[{"href":"https:\/\/eurotrader.eu\/fr\/wp-json\/wp\/v2\/pages\/6746","targetHints":{"allow":["GET"]}}],"collection":[{"href":"https:\/\/eurotrader.eu\/fr\/wp-json\/wp\/v2\/pages"}],"about":[{"href":"https:\/\/eurotrader.eu\/fr\/wp-json\/wp\/v2\/types\/page"}],"author":[{"embeddable":true,"href":"https:\/\/eurotrader.eu\/fr\/wp-json\/wp\/v2\/users\/14"}],"replies":[{"embeddable":true,"href":"https:\/\/eurotrader.eu\/fr\/wp-json\/wp\/v2\/comments?post=6746"}],"version-history":[{"count":1,"href":"https:\/\/eurotrader.eu\/fr\/wp-json\/wp\/v2\/pages\/6746\/revisions"}],"predecessor-version":[{"id":6749,"href":"https:\/\/eurotrader.eu\/fr\/wp-json\/wp\/v2\/pages\/6746\/revisions\/6749"}],"wp:attachment":[{"href":"https:\/\/eurotrader.eu\/fr\/wp-json\/wp\/v2\/media?parent=6746"}],"curies":[{"name":"wp","href":"https:\/\/api.w.org\/{rel}","templated":true}]}}