{"id":6776,"date":"2023-10-29T21:05:05","date_gmt":"2023-10-29T21:05:05","guid":{"rendered":"https:\/\/www.eurotrader.eu\/legal-documents\/"},"modified":"2025-01-13T08:34:32","modified_gmt":"2025-01-13T08:34:32","slug":"legal-documents","status":"publish","type":"page","link":"https:\/\/eurotrader.eu\/fr\/legal-documents\/","title":{"rendered":"Documents juridiques"},"content":{"rendered":"\t\t<div data-elementor-type=\"wp-page\" data-elementor-id=\"6776\" class=\"elementor elementor-6776 elementor-1018\" data-elementor-post-type=\"page\">\n\t\t\t\t<div class=\"elementor-element elementor-element-3e9dc976 e-flex e-con-boxed e-con e-parent\" data-id=\"3e9dc976\" data-element_type=\"container\">\n\t\t\t\t\t<div class=\"e-con-inner\">\n\t\t\t\t<div class=\"elementor-element elementor-element-f9f6354 elementor-widget elementor-widget-heading\" data-id=\"f9f6354\" data-element_type=\"widget\" data-widget_type=\"heading.default\">\n\t\t\t\t<div class=\"elementor-widget-container\">\n\t\t\t\t\t<h1 class=\"elementor-heading-title elementor-size-default\">Documents juridiques<\/h1>\t\t\t\t<\/div>\n\t\t\t\t<\/div>\n\t\t\t\t<div class=\"elementor-element elementor-element-1a59e063 large-width-content  center-content  elementor-widget elementor-widget-text-editor\" data-id=\"1a59e063\" data-element_type=\"widget\" data-widget_type=\"text-editor.default\">\n\t\t\t\t<div class=\"elementor-widget-container\">\n\t\t\t\t\t\t\t\t\t<p>Veuillez consulter les documents juridiques suivants r\u00e9gissant nos services et votre relation avec Eurotrader en tant que client. N&#8217;h\u00e9sitez pas \u00e0 contacter notre \u00e9quipe de support si vous avez des questions.<\/p>\n\t\t\t\t\t\t\t\t<\/div>\n\t\t\t\t<\/div>\n\t\t\t\t\t<\/div>\n\t\t\t\t<\/div>\n\t\t<div class=\"elementor-element elementor-element-1a62a003 e-flex e-con-boxed e-con e-parent\" data-id=\"1a62a003\" data-element_type=\"container\">\n\t\t\t\t\t<div class=\"e-con-inner\">\n\t\t\t\t<div class=\"elementor-element elementor-element-bbff078 elementor-widget elementor-widget-shortcode\" data-id=\"bbff078\" data-element_type=\"widget\" data-widget_type=\"shortcode.default\">\n\t\t\t\t<div class=\"elementor-widget-container\">\n\t\t\t\t\t\t\t<div class=\"elementor-shortcode\"><div id=\"documents-tabs\" class=\"tabs\"><ul class=\"nav nav-pills\"><li class=\"active\"><strong><a href=\"#terms-conditions\" data-toggle=\"tab\">Terms and Conditions<\/a><\/strong><\/li><li><strong><a href=\"#rts-28\" data-toggle=\"tab\">RTS 28<\/a><\/strong><\/li><li><strong><a href=\"#policies\" data-toggle=\"tab\">Policies<\/a><\/strong><\/li><li><strong><a href=\"#pillar\" data-toggle=\"tab\">PILLAR III<\/a><\/strong><\/li><li><strong><a href=\"#key-information-documents\" data-toggle=\"tab\">Key Information Documents<\/a><\/strong><\/li><li><strong><a href=\"#execution-statements\" data-toggle=\"tab\">Execution Statements<\/a><\/strong><\/li><li><strong><a href=\"#complaints\" data-toggle=\"tab\">Complaints<\/a><\/strong><\/li><\/ul><div class=\"tab-content clearfix\"><div class=\"tab-pane active\" id=\"terms-conditions\"><h3 class=\"documents-category center-align\">Terms and Conditions<\/h3><\/div><div class=\"tab-pane\" id=\"rts-28\"><h3 class=\"documents-category center-align\">RTS 28<\/h3><\/div><div class=\"tab-pane\" id=\"policies\"><h3 class=\"documents-category center-align\">Policies<\/h3><\/div><div class=\"tab-pane\" id=\"pillar\"><h3 class=\"documents-category center-align\">PILLAR III<\/h3><\/div><div class=\"tab-pane\" id=\"key-information-documents\"><h3 class=\"documents-category center-align\">Key Information Documents<\/h3><\/div><div class=\"tab-pane\" id=\"execution-statements\"><h3 class=\"documents-category center-align\">Execution Statements<\/h3><\/div><div class=\"tab-pane\" id=\"complaints\"><h3 class=\"documents-category center-align\">Complaints<\/h3><\/div><\/div><\/div><\/div>\n\t\t\t\t\t\t<\/div>\n\t\t\t\t<\/div>\n\t\t\t\t\t<\/div>\n\t\t\t\t<\/div>\n\t\t\t\t<\/div>\n\t\t","protected":false},"excerpt":{"rendered":"<p>Documents juridiques Veuillez consulter les documents juridiques suivants r\u00e9gissant nos services et votre relation avec Eurotrader en tant que client. N&#8217;h\u00e9sitez pas \u00e0 contacter notre \u00e9quipe de support si vous avez des questions.<\/p>\n","protected":false},"author":14,"featured_media":0,"parent":0,"menu_order":0,"comment_status":"closed","ping_status":"closed","template":"","meta":{"_acf_changed":false,"footnotes":""},"class_list":["post-6776","page","type-page","status-publish","hentry"],"acf":[],"yoast_head":"<!-- This site is optimized with the Yoast SEO plugin v26.4 - https:\/\/yoast.com\/wordpress\/plugins\/seo\/ -->\n<title>Documents juridiques - Eurotrader<\/title>\n<meta name=\"robots\" content=\"index, follow, max-snippet:-1, max-image-preview:large, max-video-preview:-1\" \/>\n<meta property=\"og:locale\" content=\"fr_FR\" \/>\n<meta property=\"og:type\" content=\"article\" \/>\n<meta property=\"og:title\" content=\"Documents juridiques - Eurotrader\" \/>\n<meta property=\"og:description\" content=\"Documents juridiques Veuillez consulter les documents juridiques suivants r\u00e9gissant nos services et votre relation avec Eurotrader en tant que client. N&#8217;h\u00e9sitez pas \u00e0 contacter notre \u00e9quipe de support si vous avez des questions.\" \/>\n<meta property=\"og:url\" content=\"https:\/\/eurotrader.eu\/fr\/legal-documents\/\" \/>\n<meta property=\"og:site_name\" content=\"Eurotrader\" \/>\n<meta property=\"article:modified_time\" content=\"2025-01-13T08:34:32+00:00\" \/>\n<meta name=\"twitter:card\" content=\"summary_large_image\" \/>\n<script type=\"application\/ld+json\" class=\"yoast-schema-graph\">{\"@context\":\"https:\/\/schema.org\",\"@graph\":[{\"@type\":\"WebPage\",\"@id\":\"https:\/\/eurotrader.eu\/fr\/legal-documents\/\",\"url\":\"https:\/\/eurotrader.eu\/fr\/legal-documents\/\",\"name\":\"Documents juridiques - Eurotrader\",\"isPartOf\":{\"@id\":\"https:\/\/sienna-spider-789091.hostingersite.com\/#website\"},\"datePublished\":\"2023-10-29T21:05:05+00:00\",\"dateModified\":\"2025-01-13T08:34:32+00:00\",\"breadcrumb\":{\"@id\":\"https:\/\/eurotrader.eu\/fr\/legal-documents\/#breadcrumb\"},\"inLanguage\":\"fr-FR\",\"potentialAction\":[{\"@type\":\"ReadAction\",\"target\":[\"https:\/\/eurotrader.eu\/fr\/legal-documents\/\"]}]},{\"@type\":\"BreadcrumbList\",\"@id\":\"https:\/\/eurotrader.eu\/fr\/legal-documents\/#breadcrumb\",\"itemListElement\":[{\"@type\":\"ListItem\",\"position\":1,\"name\":\"Home\",\"item\":\"https:\/\/eurotrader.eu\/fr\/\"},{\"@type\":\"ListItem\",\"position\":2,\"name\":\"Documents juridiques\"}]},{\"@type\":\"WebSite\",\"@id\":\"https:\/\/sienna-spider-789091.hostingersite.com\/#website\",\"url\":\"https:\/\/sienna-spider-789091.hostingersite.com\/\",\"name\":\"Eurotrader\",\"description\":\"\",\"publisher\":{\"@id\":\"https:\/\/sienna-spider-789091.hostingersite.com\/#organization\"},\"potentialAction\":[{\"@type\":\"SearchAction\",\"target\":{\"@type\":\"EntryPoint\",\"urlTemplate\":\"https:\/\/sienna-spider-789091.hostingersite.com\/?s={search_term_string}\"},\"query-input\":{\"@type\":\"PropertyValueSpecification\",\"valueRequired\":true,\"valueName\":\"search_term_string\"}}],\"inLanguage\":\"fr-FR\"},{\"@type\":\"Organization\",\"@id\":\"https:\/\/sienna-spider-789091.hostingersite.com\/#organization\",\"name\":\"Eurotrader\",\"url\":\"https:\/\/sienna-spider-789091.hostingersite.com\/\",\"logo\":{\"@type\":\"ImageObject\",\"inLanguage\":\"fr-FR\",\"@id\":\"https:\/\/sienna-spider-789091.hostingersite.com\/#\/schema\/logo\/image\/\",\"url\":\"https:\/\/eurotrader.eu\/wp-content\/uploads\/header-logo.svg\",\"contentUrl\":\"https:\/\/eurotrader.eu\/wp-content\/uploads\/header-logo.svg\",\"width\":184,\"height\":28,\"caption\":\"Eurotrader\"},\"image\":{\"@id\":\"https:\/\/sienna-spider-789091.hostingersite.com\/#\/schema\/logo\/image\/\"}}]}<\/script>\n<!-- \/ Yoast SEO plugin. -->","yoast_head_json":{"title":"Documents juridiques - Eurotrader","robots":{"index":"index","follow":"follow","max-snippet":"max-snippet:-1","max-image-preview":"max-image-preview:large","max-video-preview":"max-video-preview:-1"},"og_locale":"fr_FR","og_type":"article","og_title":"Documents juridiques - Eurotrader","og_description":"Documents juridiques Veuillez consulter les documents juridiques suivants r\u00e9gissant nos services et votre relation avec Eurotrader en tant que client. N&#8217;h\u00e9sitez pas \u00e0 contacter notre \u00e9quipe de support si vous avez des questions.","og_url":"https:\/\/eurotrader.eu\/fr\/legal-documents\/","og_site_name":"Eurotrader","article_modified_time":"2025-01-13T08:34:32+00:00","twitter_card":"summary_large_image","schema":{"@context":"https:\/\/schema.org","@graph":[{"@type":"WebPage","@id":"https:\/\/eurotrader.eu\/fr\/legal-documents\/","url":"https:\/\/eurotrader.eu\/fr\/legal-documents\/","name":"Documents juridiques - Eurotrader","isPartOf":{"@id":"https:\/\/sienna-spider-789091.hostingersite.com\/#website"},"datePublished":"2023-10-29T21:05:05+00:00","dateModified":"2025-01-13T08:34:32+00:00","breadcrumb":{"@id":"https:\/\/eurotrader.eu\/fr\/legal-documents\/#breadcrumb"},"inLanguage":"fr-FR","potentialAction":[{"@type":"ReadAction","target":["https:\/\/eurotrader.eu\/fr\/legal-documents\/"]}]},{"@type":"BreadcrumbList","@id":"https:\/\/eurotrader.eu\/fr\/legal-documents\/#breadcrumb","itemListElement":[{"@type":"ListItem","position":1,"name":"Home","item":"https:\/\/eurotrader.eu\/fr\/"},{"@type":"ListItem","position":2,"name":"Documents juridiques"}]},{"@type":"WebSite","@id":"https:\/\/sienna-spider-789091.hostingersite.com\/#website","url":"https:\/\/sienna-spider-789091.hostingersite.com\/","name":"Eurotrader","description":"","publisher":{"@id":"https:\/\/sienna-spider-789091.hostingersite.com\/#organization"},"potentialAction":[{"@type":"SearchAction","target":{"@type":"EntryPoint","urlTemplate":"https:\/\/sienna-spider-789091.hostingersite.com\/?s={search_term_string}"},"query-input":{"@type":"PropertyValueSpecification","valueRequired":true,"valueName":"search_term_string"}}],"inLanguage":"fr-FR"},{"@type":"Organization","@id":"https:\/\/sienna-spider-789091.hostingersite.com\/#organization","name":"Eurotrader","url":"https:\/\/sienna-spider-789091.hostingersite.com\/","logo":{"@type":"ImageObject","inLanguage":"fr-FR","@id":"https:\/\/sienna-spider-789091.hostingersite.com\/#\/schema\/logo\/image\/","url":"https:\/\/eurotrader.eu\/wp-content\/uploads\/header-logo.svg","contentUrl":"https:\/\/eurotrader.eu\/wp-content\/uploads\/header-logo.svg","width":184,"height":28,"caption":"Eurotrader"},"image":{"@id":"https:\/\/sienna-spider-789091.hostingersite.com\/#\/schema\/logo\/image\/"}}]}},"_hostinger_reach_plugin_has_subscription_block":false,"_hostinger_reach_plugin_is_elementor":false,"_links":{"self":[{"href":"https:\/\/eurotrader.eu\/fr\/wp-json\/wp\/v2\/pages\/6776","targetHints":{"allow":["GET"]}}],"collection":[{"href":"https:\/\/eurotrader.eu\/fr\/wp-json\/wp\/v2\/pages"}],"about":[{"href":"https:\/\/eurotrader.eu\/fr\/wp-json\/wp\/v2\/types\/page"}],"author":[{"embeddable":true,"href":"https:\/\/eurotrader.eu\/fr\/wp-json\/wp\/v2\/users\/14"}],"replies":[{"embeddable":true,"href":"https:\/\/eurotrader.eu\/fr\/wp-json\/wp\/v2\/comments?post=6776"}],"version-history":[{"count":1,"href":"https:\/\/eurotrader.eu\/fr\/wp-json\/wp\/v2\/pages\/6776\/revisions"}],"predecessor-version":[{"id":6777,"href":"https:\/\/eurotrader.eu\/fr\/wp-json\/wp\/v2\/pages\/6776\/revisions\/6777"}],"wp:attachment":[{"href":"https:\/\/eurotrader.eu\/fr\/wp-json\/wp\/v2\/media?parent=6776"}],"curies":[{"name":"wp","href":"https:\/\/api.w.org\/{rel}","templated":true}]}}