{"id":6778,"date":"2023-11-14T19:36:45","date_gmt":"2023-11-14T19:36:45","guid":{"rendered":"https:\/\/www.eurotrader.eu\/leverage-and-margin-requirements\/"},"modified":"2025-01-13T08:37:11","modified_gmt":"2025-01-13T08:37:11","slug":"leverage-and-margin-requirements","status":"publish","type":"page","link":"https:\/\/eurotrader.eu\/fr\/leverage-and-margin-requirements\/","title":{"rendered":"Effet de levier et exigences de marge"},"content":{"rendered":"\t\t<div data-elementor-type=\"wp-page\" data-elementor-id=\"6778\" class=\"elementor elementor-6778 elementor-2085\" data-elementor-post-type=\"page\">\n\t\t\t\t<div class=\"elementor-element elementor-element-20d7e951 e-flex e-con-boxed e-con e-parent\" data-id=\"20d7e951\" data-element_type=\"container\" data-e-type=\"container\">\n\t\t\t\t\t<div class=\"e-con-inner\">\n\t\t\t\t<div class=\"elementor-element elementor-element-70ba4906 elementor-widget elementor-widget-heading\" data-id=\"70ba4906\" data-element_type=\"widget\" data-e-type=\"widget\" data-widget_type=\"heading.default\">\n\t\t\t\t<div class=\"elementor-widget-container\">\n\t\t\t\t\t<h1 class=\"elementor-heading-title elementor-size-default\">Effet de levier et <br>exigences de marge<\/h1>\t\t\t\t<\/div>\n\t\t\t\t<\/div>\n\t\t\t\t<div class=\"elementor-element elementor-element-bbf3132 elementor-widget elementor-widget-text-editor\" data-id=\"bbf3132\" data-element_type=\"widget\" data-e-type=\"widget\" data-widget_type=\"text-editor.default\">\n\t\t\t\t<div class=\"elementor-widget-container\">\n\t\t\t\t\t\t\t\t\t<p>Amplifiez vos r\u00e9sultats de trading avec l&#8217;effet de levier.<\/p>\n\t\t\t\t\t\t\t\t<\/div>\n\t\t\t\t<\/div>\n\t\t\t\t<div class=\"elementor-element elementor-element-17bccaf elementor-widget elementor-widget-shortcode\" data-id=\"17bccaf\" data-element_type=\"widget\" data-e-type=\"widget\" data-widget_type=\"shortcode.default\">\n\t\t\t\t<div class=\"elementor-widget-container\">\n\t\t\t\t\t\t\t<div class=\"elementor-shortcode\">EuroTrader propose un effet de levier allant jusqu'\u00e0 .<\/div>\n\t\t\t\t\t\t<\/div>\n\t\t\t\t<\/div>\n\t\t\t\t\t<\/div>\n\t\t\t\t<\/div>\n\t\t<div class=\"elementor-element elementor-element-283567dd e-flex e-con-boxed e-con e-parent\" data-id=\"283567dd\" data-element_type=\"container\" data-e-type=\"container\">\n\t\t\t\t\t<div class=\"e-con-inner\">\n\t\t<div class=\"elementor-element elementor-element-ecf2afa e-flex e-con-boxed e-con e-child\" data-id=\"ecf2afa\" data-element_type=\"container\" data-e-type=\"container\">\n\t\t\t\t\t<div class=\"e-con-inner\">\n\t\t<div class=\"elementor-element elementor-element-77bbfd69 box-with-shadow-column-1 e-flex e-con-boxed e-con e-child\" data-id=\"77bbfd69\" data-element_type=\"container\" data-e-type=\"container\" data-settings=\"{&quot;background_background&quot;:&quot;classic&quot;}\">\n\t\t\t\t\t<div class=\"e-con-inner\">\n\t\t<div class=\"elementor-element elementor-element-ae160dd e-con-full e-flex e-con e-child\" data-id=\"ae160dd\" data-element_type=\"container\" data-e-type=\"container\">\n\t\t\t\t<div class=\"elementor-element elementor-element-6e215622 elementor-widget elementor-widget-heading\" data-id=\"6e215622\" data-element_type=\"widget\" data-e-type=\"widget\" data-widget_type=\"heading.default\">\n\t\t\t\t<div class=\"elementor-widget-container\">\n\t\t\t\t\t<h4 class=\"elementor-heading-title elementor-size-default\">Qu'est-ce que l'effet de levier ?<\/h4>\t\t\t\t<\/div>\n\t\t\t\t<\/div>\n\t\t\t\t<div class=\"elementor-element elementor-element-2653ec21 elementor-widget elementor-widget-text-editor\" data-id=\"2653ec21\" data-element_type=\"widget\" data-e-type=\"widget\" data-widget_type=\"text-editor.default\">\n\t\t\t\t<div class=\"elementor-widget-container\">\n\t\t\t\t\t\t\t\t\t<p>L&#8217;effet de levier vous permet d&#8217;ouvrir des positions beaucoup plus grandes que ce que votre solde de compte permettrait normalement, en empruntant aupr\u00e8s de votre courtier. Par exemple, un effet de levier de 1:100 signifie que votre courtier vous fournit un capital jusqu&#8217;\u00e0 100 fois votre d\u00e9p\u00f4t de marge.<\/p>\n\t\t\t\t\t\t\t\t<\/div>\n\t\t\t\t<\/div>\n\t\t\t\t<div class=\"elementor-element elementor-element-242a3d20 elementor-widget elementor-widget-text-editor\" data-id=\"242a3d20\" data-element_type=\"widget\" data-e-type=\"widget\" data-widget_type=\"text-editor.default\">\n\t\t\t\t<div class=\"elementor-widget-container\">\n\t\t\t\t\t\t\t\t\t<p>Cela amplifie \u00e0 la fois les gains et les pertes sur vos transactions. Bien que l&#8217;effet de levier augmente les risques, il offre une flexibilit\u00e9 pour trader les positions que vous souhaitez.<\/p>\n\t\t\t\t\t\t\t\t<\/div>\n\t\t\t\t<\/div>\n\t\t\t\t<\/div>\n\t\t<div class=\"elementor-element elementor-element-3a9c030b e-con-full e-flex e-con e-child\" data-id=\"3a9c030b\" data-element_type=\"container\" data-e-type=\"container\">\n\t\t\t\t<div class=\"elementor-element elementor-element-11b2ef07 elementor-widget elementor-widget-image\" data-id=\"11b2ef07\" data-element_type=\"widget\" data-e-type=\"widget\" data-widget_type=\"image.default\">\n\t\t\t\t<div class=\"elementor-widget-container\">\n\t\t\t\t\t\t\t\t\t\t\t\t\t\t\t<img fetchpriority=\"high\" decoding=\"async\" width=\"632\" height=\"274\" src=\"https:\/\/eurotrader.eu\/wp-content\/uploads\/Leverage-1.png\" class=\"attachment-large size-large wp-image-2089\" alt=\"\" \/>\t\t\t\t\t\t\t\t\t\t\t\t\t\t\t<\/div>\n\t\t\t\t<\/div>\n\t\t\t\t<\/div>\n\t\t\t\t\t<\/div>\n\t\t\t\t<\/div>\n\t\t\t\t\t<\/div>\n\t\t\t\t<\/div>\n\t\t\t\t\t<\/div>\n\t\t\t\t<\/div>\n\t\t<div class=\"elementor-element elementor-element-7ae92be6 e-flex e-con-boxed e-con e-parent\" data-id=\"7ae92be6\" data-element_type=\"container\" data-e-type=\"container\">\n\t\t\t\t\t<div class=\"e-con-inner\">\n\t\t<div class=\"elementor-element elementor-element-6ff1dd54 e-flex e-con-boxed e-con e-child\" data-id=\"6ff1dd54\" data-element_type=\"container\" data-e-type=\"container\">\n\t\t\t\t\t<div class=\"e-con-inner\">\n\t\t<div class=\"elementor-element elementor-element-16d708ff box-with-shadow-column-1 e-con-full e-flex e-con e-child\" data-id=\"16d708ff\" data-element_type=\"container\" data-e-type=\"container\" data-settings=\"{&quot;background_background&quot;:&quot;classic&quot;}\">\n\t\t\t\t<div class=\"elementor-element elementor-element-1b9dc9fc elementor-widget elementor-widget-heading\" data-id=\"1b9dc9fc\" data-element_type=\"widget\" data-e-type=\"widget\" data-widget_type=\"heading.default\">\n\t\t\t\t<div class=\"elementor-widget-container\">\n\t\t\t\t\t<h4 class=\"elementor-heading-title elementor-size-default\">Exigences de marge :<\/h4>\t\t\t\t<\/div>\n\t\t\t\t<\/div>\n\t\t\t\t<div class=\"elementor-element elementor-element-3c5b3c93 elementor-widget elementor-widget-text-editor\" data-id=\"3c5b3c93\" data-element_type=\"widget\" data-e-type=\"widget\" data-widget_type=\"text-editor.default\">\n\t\t\t\t<div class=\"elementor-widget-container\">\n\t\t\t\t\t\t\t\t\t<p>La marge est le montant de capital n\u00e9cessaire sur votre compte pour ouvrir une position avec effet de levier. Par exemple, avec un effet de levier de 1:100, l&#8217;exigence de marge est g\u00e9n\u00e9ralement de 1 % de la taille de la position.<\/p>\n\t\t\t\t\t\t\t\t<\/div>\n\t\t\t\t<\/div>\n\t\t\t\t<div class=\"elementor-element elementor-element-3189004 elementor-widget elementor-widget-shortcode\" data-id=\"3189004\" data-element_type=\"widget\" data-e-type=\"widget\" data-widget_type=\"shortcode.default\">\n\t\t\t\t<div class=\"elementor-widget-container\">\n\t\t\t\t\t\t\t<div class=\"elementor-shortcode\">Nous proposons un effet de levier allant jusqu'\u00e0  .Profitez de nos taux de marge initiale r\u00e9duits pour utiliser votre capital de mani\u00e8re plus efficace.<\/div>\n\t\t\t\t\t\t<\/div>\n\t\t\t\t<\/div>\n\t\t\t\t<div class=\"elementor-element elementor-element-4f8c7945 btn gold-btn elementor-widget elementor-widget-button\" data-id=\"4f8c7945\" data-element_type=\"widget\" data-e-type=\"widget\" data-widget_type=\"button.default\">\n\t\t\t\t<div class=\"elementor-widget-container\">\n\t\t\t\t\t\t\t\t\t<div class=\"elementor-button-wrapper\">\n\t\t\t\t\t<a class=\"elementor-button elementor-button-link elementor-size-sm\" href=\"https:\/\/eurotrader.eu\/fr\/all-in-one-calculator\/\">\n\t\t\t\t\t\t<span class=\"elementor-button-content-wrapper\">\n\t\t\t\t\t\t\t\t\t<span class=\"elementor-button-text\">Calculer<\/span>\n\t\t\t\t\t<\/span>\n\t\t\t\t\t<\/a>\n\t\t\t\t<\/div>\n\t\t\t\t\t\t\t\t<\/div>\n\t\t\t\t<\/div>\n\t\t\t\t<\/div>\n\t\t<div class=\"elementor-element elementor-element-26a1ed12 box-with-shadow-column-1 e-con-full e-flex e-con e-child\" data-id=\"26a1ed12\" data-element_type=\"container\" data-e-type=\"container\" data-settings=\"{&quot;background_background&quot;:&quot;classic&quot;}\">\n\t\t\t\t<div class=\"elementor-element elementor-element-7d68278b elementor-widget elementor-widget-heading\" data-id=\"7d68278b\" data-element_type=\"widget\" data-e-type=\"widget\" data-widget_type=\"heading.default\">\n\t\t\t\t<div class=\"elementor-widget-container\">\n\t\t\t\t\t<h4 class=\"elementor-heading-title elementor-size-default\">Trading responsable :<\/h4>\t\t\t\t<\/div>\n\t\t\t\t<\/div>\n\t\t\t\t<div class=\"elementor-element elementor-element-c38d3b3 elementor-widget elementor-widget-text-editor\" data-id=\"c38d3b3\" data-element_type=\"widget\" data-e-type=\"widget\" data-widget_type=\"text-editor.default\">\n\t\t\t\t<div class=\"elementor-widget-container\">\n\t\t\t\t\t\t\t\t\t<p>Bien que l&#8217;effet de levier offre plus de flexibilit\u00e9 de trading, les risques sont \u00e9galement accrus. Surveillez de pr\u00e8s votre capital et utilisez des ordres stop loss. Ne risquez jamais plus de capital que vous ne pouvez vous permettre de perdre.<\/p>\n\t\t\t\t\t\t\t\t<\/div>\n\t\t\t\t<\/div>\n\t\t\t\t<\/div>\n\t\t\t\t\t<\/div>\n\t\t\t\t<\/div>\n\t\t\t\t\t<\/div>\n\t\t\t\t<\/div>\n\t\t<div class=\"elementor-element elementor-element-51d671f1 e-flex e-con-boxed e-con e-parent\" data-id=\"51d671f1\" data-element_type=\"container\" data-e-type=\"container\">\n\t\t\t\t\t<div class=\"e-con-inner\">\n\t\t<div class=\"elementor-element elementor-element-7bae4179 e-flex e-con-boxed e-con e-child\" data-id=\"7bae4179\" data-element_type=\"container\" data-e-type=\"container\">\n\t\t\t\t\t<div class=\"e-con-inner\">\n\t\t<div class=\"elementor-element elementor-element-5d0f8496 box-with-shadow-column-1 contact-for-support e-flex e-con-boxed e-con e-child\" data-id=\"5d0f8496\" data-element_type=\"container\" data-e-type=\"container\" data-settings=\"{&quot;background_background&quot;:&quot;classic&quot;}\">\n\t\t\t\t\t<div class=\"e-con-inner\">\n\t\t<div class=\"elementor-element elementor-element-640c6e9d e-flex e-con-boxed e-con e-child\" data-id=\"640c6e9d\" data-element_type=\"container\" data-e-type=\"container\">\n\t\t\t\t\t<div class=\"e-con-inner\">\n\t\t\t\t<div class=\"elementor-element elementor-element-4df486df elementor-widget elementor-widget-text-editor\" data-id=\"4df486df\" data-element_type=\"widget\" data-e-type=\"widget\" data-widget_type=\"text-editor.default\">\n\t\t\t\t<div class=\"elementor-widget-container\">\n\t\t\t\t\t\t\t\t\t<p>Des questions ? <a href=\"https:\/\/eurotrader.eu\/fr\/contact\/\">Contactez notre \u00e9quipe de support<\/a> si vous avez des questions sur l&#8217;ex\u00e9cution des ordres, le slippage ou nos plateformes de trading en g\u00e9n\u00e9ral. Nous serons heureux de vous assister.<\/p>\n\t\t\t\t\t\t\t\t<\/div>\n\t\t\t\t<\/div>\n\t\t\t\t\t<\/div>\n\t\t\t\t<\/div>\n\t\t\t\t\t<\/div>\n\t\t\t\t<\/div>\n\t\t\t\t\t<\/div>\n\t\t\t\t<\/div>\n\t\t\t\t\t<\/div>\n\t\t\t\t<\/div>\n\t\t<div class=\"elementor-element elementor-element-8e4b2ec e-flex e-con-boxed e-con e-parent\" data-id=\"8e4b2ec\" data-element_type=\"container\" data-e-type=\"container\">\n\t\t\t\t\t<div class=\"e-con-inner\">\n\t\t\t\t<div class=\"elementor-element elementor-element-92e555b elementor-widget elementor-widget-shortcode\" data-id=\"92e555b\" data-element_type=\"widget\" data-e-type=\"widget\" data-widget_type=\"shortcode.default\">\n\t\t\t\t<div class=\"elementor-widget-container\">\n\t\t\t\t\t\t\t<div class=\"elementor-shortcode\"><\/div>\n\t\t\t\t\t\t<\/div>\n\t\t\t\t<\/div>\n\t\t\t\t\t<\/div>\n\t\t\t\t<\/div>\n\t\t<div class=\"elementor-element elementor-element-76568bcb e-con-full e-flex e-con e-parent\" data-id=\"76568bcb\" data-element_type=\"container\" data-e-type=\"container\" data-settings=\"{&quot;background_background&quot;:&quot;classic&quot;}\">\n\t\t\t\t<div class=\"elementor-element elementor-element-6760db67 elementor-widget elementor-widget-shortcode\" data-id=\"6760db67\" data-element_type=\"widget\" data-e-type=\"widget\" data-widget_type=\"shortcode.default\">\n\t\t\t\t<div class=\"elementor-widget-container\">\n\t\t\t\t\t\t\t<div class=\"elementor-shortcode\"><div class=\"trading-in-action flex-d container\"><div><h2 class=\"white-c mobile-text-center\">Ready to experience low-cost trading in action?<\/h2><p class=\"white-c mobile-text-center\">Open a risk-free demo account to practice trading with leverage and margin. Then trade live markets flexibly.<\/p><\/div><div class=\"flex-d\"><div class=\"gold-btn btn\"><a href=\"\" target=\"_blank\">Start Trading<\/a><\/div><\/div><\/div><\/div>\n\t\t\t\t\t\t<\/div>\n\t\t\t\t<\/div>\n\t\t\t\t<\/div>\n\t\t\t\t<\/div>\n\t\t","protected":false},"excerpt":{"rendered":"<p>Effet de levier et exigences de marge Amplifiez vos r\u00e9sultats de trading avec l&#8217;effet de levier. EuroTrader propose un effet de levier allant jusqu&#8217;\u00e0 . Qu&#8217;est-ce que l&#8217;effet de levier ? L&#8217;effet de levier vous permet d&#8217;ouvrir des positions beaucoup plus grandes que ce que votre solde de compte permettrait normalement, en empruntant aupr\u00e8s de [&hellip;]<\/p>\n","protected":false},"author":14,"featured_media":0,"parent":0,"menu_order":0,"comment_status":"closed","ping_status":"closed","template":"","meta":{"_acf_changed":false,"footnotes":""},"class_list":["post-6778","page","type-page","status-publish","hentry"],"acf":[],"yoast_head":"<!-- This site is optimized with the Yoast SEO plugin v27.4 - https:\/\/yoast.com\/product\/yoast-seo-wordpress\/ -->\n<title>Effet de levier et exigences de marge - Eurotrader<\/title>\n<meta name=\"robots\" content=\"index, follow, max-snippet:-1, max-image-preview:large, max-video-preview:-1\" \/>\n<meta property=\"og:locale\" content=\"fr_FR\" \/>\n<meta property=\"og:type\" content=\"article\" \/>\n<meta property=\"og:title\" content=\"Effet de levier et exigences de marge - Eurotrader\" \/>\n<meta property=\"og:description\" content=\"Effet de levier et exigences de marge Amplifiez vos r\u00e9sultats de trading avec l&#8217;effet de levier. EuroTrader propose un effet de levier allant jusqu&#8217;\u00e0 . Qu&#8217;est-ce que l&#8217;effet de levier ? L&#8217;effet de levier vous permet d&#8217;ouvrir des positions beaucoup plus grandes que ce que votre solde de compte permettrait normalement, en empruntant aupr\u00e8s de [&hellip;]\" \/>\n<meta property=\"og:url\" content=\"https:\/\/eurotrader.eu\/leverage-and-margin-requirements\/\" \/>\n<meta property=\"og:site_name\" content=\"Eurotrader\" \/>\n<meta property=\"article:modified_time\" content=\"2025-01-13T08:37:11+00:00\" \/>\n<meta property=\"og:image\" content=\"https:\/\/eurotrader.eu\/wp-content\/uploads\/Leverage-1.png\" \/>\n<meta name=\"twitter:card\" content=\"summary_large_image\" \/>\n<meta name=\"twitter:label1\" content=\"Dur\u00e9e de lecture estim\u00e9e\" \/>\n\t<meta name=\"twitter:data1\" content=\"1 minute\" \/>\n<script type=\"application\/ld+json\" class=\"yoast-schema-graph\">{\"@context\":\"https:\\\/\\\/schema.org\",\"@graph\":[{\"@type\":\"WebPage\",\"@id\":\"https:\\\/\\\/eurotrader.eu\\\/leverage-and-margin-requirements\\\/\",\"url\":\"https:\\\/\\\/eurotrader.eu\\\/leverage-and-margin-requirements\\\/\",\"name\":\"Effet de levier et exigences de marge - Eurotrader\",\"isPartOf\":{\"@id\":\"https:\\\/\\\/sienna-spider-789091.hostingersite.com\\\/#website\"},\"primaryImageOfPage\":{\"@id\":\"https:\\\/\\\/eurotrader.eu\\\/leverage-and-margin-requirements\\\/#primaryimage\"},\"image\":{\"@id\":\"https:\\\/\\\/eurotrader.eu\\\/leverage-and-margin-requirements\\\/#primaryimage\"},\"thumbnailUrl\":\"https:\\\/\\\/eurotrader.eu\\\/wp-content\\\/uploads\\\/Leverage-1.png\",\"datePublished\":\"2023-11-14T19:36:45+00:00\",\"dateModified\":\"2025-01-13T08:37:11+00:00\",\"breadcrumb\":{\"@id\":\"https:\\\/\\\/eurotrader.eu\\\/leverage-and-margin-requirements\\\/#breadcrumb\"},\"inLanguage\":\"fr-FR\",\"potentialAction\":[{\"@type\":\"ReadAction\",\"target\":[\"https:\\\/\\\/eurotrader.eu\\\/leverage-and-margin-requirements\\\/\"]}]},{\"@type\":\"ImageObject\",\"inLanguage\":\"fr-FR\",\"@id\":\"https:\\\/\\\/eurotrader.eu\\\/leverage-and-margin-requirements\\\/#primaryimage\",\"url\":\"https:\\\/\\\/eurotrader.eu\\\/wp-content\\\/uploads\\\/Leverage-1.png\",\"contentUrl\":\"https:\\\/\\\/eurotrader.eu\\\/wp-content\\\/uploads\\\/Leverage-1.png\"},{\"@type\":\"BreadcrumbList\",\"@id\":\"https:\\\/\\\/eurotrader.eu\\\/leverage-and-margin-requirements\\\/#breadcrumb\",\"itemListElement\":[{\"@type\":\"ListItem\",\"position\":1,\"name\":\"Home\",\"item\":\"https:\\\/\\\/eurotrader.eu\\\/fr\\\/\"},{\"@type\":\"ListItem\",\"position\":2,\"name\":\"Effet de levier et exigences de marge\"}]},{\"@type\":\"WebSite\",\"@id\":\"https:\\\/\\\/sienna-spider-789091.hostingersite.com\\\/#website\",\"url\":\"https:\\\/\\\/sienna-spider-789091.hostingersite.com\\\/\",\"name\":\"Eurotrader\",\"description\":\"\",\"publisher\":{\"@id\":\"https:\\\/\\\/sienna-spider-789091.hostingersite.com\\\/#organization\"},\"potentialAction\":[{\"@type\":\"SearchAction\",\"target\":{\"@type\":\"EntryPoint\",\"urlTemplate\":\"https:\\\/\\\/sienna-spider-789091.hostingersite.com\\\/?s={search_term_string}\"},\"query-input\":{\"@type\":\"PropertyValueSpecification\",\"valueRequired\":true,\"valueName\":\"search_term_string\"}}],\"inLanguage\":\"fr-FR\"},{\"@type\":\"Organization\",\"@id\":\"https:\\\/\\\/sienna-spider-789091.hostingersite.com\\\/#organization\",\"name\":\"Eurotrader\",\"url\":\"https:\\\/\\\/sienna-spider-789091.hostingersite.com\\\/\",\"logo\":{\"@type\":\"ImageObject\",\"inLanguage\":\"fr-FR\",\"@id\":\"https:\\\/\\\/sienna-spider-789091.hostingersite.com\\\/#\\\/schema\\\/logo\\\/image\\\/\",\"url\":\"https:\\\/\\\/eurotrader.eu\\\/wp-content\\\/uploads\\\/header-logo.svg\",\"contentUrl\":\"https:\\\/\\\/eurotrader.eu\\\/wp-content\\\/uploads\\\/header-logo.svg\",\"width\":184,\"height\":28,\"caption\":\"Eurotrader\"},\"image\":{\"@id\":\"https:\\\/\\\/sienna-spider-789091.hostingersite.com\\\/#\\\/schema\\\/logo\\\/image\\\/\"}}]}<\/script>\n<!-- \/ Yoast SEO plugin. -->","yoast_head_json":{"title":"Effet de levier et exigences de marge - Eurotrader","robots":{"index":"index","follow":"follow","max-snippet":"max-snippet:-1","max-image-preview":"max-image-preview:large","max-video-preview":"max-video-preview:-1"},"og_locale":"fr_FR","og_type":"article","og_title":"Effet de levier et exigences de marge - Eurotrader","og_description":"Effet de levier et exigences de marge Amplifiez vos r\u00e9sultats de trading avec l&#8217;effet de levier. EuroTrader propose un effet de levier allant jusqu&#8217;\u00e0 . Qu&#8217;est-ce que l&#8217;effet de levier ? L&#8217;effet de levier vous permet d&#8217;ouvrir des positions beaucoup plus grandes que ce que votre solde de compte permettrait normalement, en empruntant aupr\u00e8s de [&hellip;]","og_url":"https:\/\/eurotrader.eu\/leverage-and-margin-requirements\/","og_site_name":"Eurotrader","article_modified_time":"2025-01-13T08:37:11+00:00","og_image":[{"url":"https:\/\/eurotrader.eu\/wp-content\/uploads\/Leverage-1.png","type":"","width":"","height":""}],"twitter_card":"summary_large_image","twitter_misc":{"Dur\u00e9e de lecture estim\u00e9e":"1 minute"},"schema":{"@context":"https:\/\/schema.org","@graph":[{"@type":"WebPage","@id":"https:\/\/eurotrader.eu\/leverage-and-margin-requirements\/","url":"https:\/\/eurotrader.eu\/leverage-and-margin-requirements\/","name":"Effet de levier et exigences de marge - Eurotrader","isPartOf":{"@id":"https:\/\/sienna-spider-789091.hostingersite.com\/#website"},"primaryImageOfPage":{"@id":"https:\/\/eurotrader.eu\/leverage-and-margin-requirements\/#primaryimage"},"image":{"@id":"https:\/\/eurotrader.eu\/leverage-and-margin-requirements\/#primaryimage"},"thumbnailUrl":"https:\/\/eurotrader.eu\/wp-content\/uploads\/Leverage-1.png","datePublished":"2023-11-14T19:36:45+00:00","dateModified":"2025-01-13T08:37:11+00:00","breadcrumb":{"@id":"https:\/\/eurotrader.eu\/leverage-and-margin-requirements\/#breadcrumb"},"inLanguage":"fr-FR","potentialAction":[{"@type":"ReadAction","target":["https:\/\/eurotrader.eu\/leverage-and-margin-requirements\/"]}]},{"@type":"ImageObject","inLanguage":"fr-FR","@id":"https:\/\/eurotrader.eu\/leverage-and-margin-requirements\/#primaryimage","url":"https:\/\/eurotrader.eu\/wp-content\/uploads\/Leverage-1.png","contentUrl":"https:\/\/eurotrader.eu\/wp-content\/uploads\/Leverage-1.png"},{"@type":"BreadcrumbList","@id":"https:\/\/eurotrader.eu\/leverage-and-margin-requirements\/#breadcrumb","itemListElement":[{"@type":"ListItem","position":1,"name":"Home","item":"https:\/\/eurotrader.eu\/fr\/"},{"@type":"ListItem","position":2,"name":"Effet de levier et exigences de marge"}]},{"@type":"WebSite","@id":"https:\/\/sienna-spider-789091.hostingersite.com\/#website","url":"https:\/\/sienna-spider-789091.hostingersite.com\/","name":"Eurotrader","description":"","publisher":{"@id":"https:\/\/sienna-spider-789091.hostingersite.com\/#organization"},"potentialAction":[{"@type":"SearchAction","target":{"@type":"EntryPoint","urlTemplate":"https:\/\/sienna-spider-789091.hostingersite.com\/?s={search_term_string}"},"query-input":{"@type":"PropertyValueSpecification","valueRequired":true,"valueName":"search_term_string"}}],"inLanguage":"fr-FR"},{"@type":"Organization","@id":"https:\/\/sienna-spider-789091.hostingersite.com\/#organization","name":"Eurotrader","url":"https:\/\/sienna-spider-789091.hostingersite.com\/","logo":{"@type":"ImageObject","inLanguage":"fr-FR","@id":"https:\/\/sienna-spider-789091.hostingersite.com\/#\/schema\/logo\/image\/","url":"https:\/\/eurotrader.eu\/wp-content\/uploads\/header-logo.svg","contentUrl":"https:\/\/eurotrader.eu\/wp-content\/uploads\/header-logo.svg","width":184,"height":28,"caption":"Eurotrader"},"image":{"@id":"https:\/\/sienna-spider-789091.hostingersite.com\/#\/schema\/logo\/image\/"}}]}},"_hostinger_reach_plugin_has_subscription_block":false,"_hostinger_reach_plugin_is_elementor":false,"_links":{"self":[{"href":"https:\/\/eurotrader.eu\/fr\/wp-json\/wp\/v2\/pages\/6778","targetHints":{"allow":["GET"]}}],"collection":[{"href":"https:\/\/eurotrader.eu\/fr\/wp-json\/wp\/v2\/pages"}],"about":[{"href":"https:\/\/eurotrader.eu\/fr\/wp-json\/wp\/v2\/types\/page"}],"author":[{"embeddable":true,"href":"https:\/\/eurotrader.eu\/fr\/wp-json\/wp\/v2\/users\/14"}],"replies":[{"embeddable":true,"href":"https:\/\/eurotrader.eu\/fr\/wp-json\/wp\/v2\/comments?post=6778"}],"version-history":[{"count":1,"href":"https:\/\/eurotrader.eu\/fr\/wp-json\/wp\/v2\/pages\/6778\/revisions"}],"predecessor-version":[{"id":6780,"href":"https:\/\/eurotrader.eu\/fr\/wp-json\/wp\/v2\/pages\/6778\/revisions\/6780"}],"wp:attachment":[{"href":"https:\/\/eurotrader.eu\/fr\/wp-json\/wp\/v2\/media?parent=6778"}],"curies":[{"name":"wp","href":"https:\/\/api.w.org\/{rel}","templated":true}]}}