{"id":6783,"date":"2024-02-09T12:38:51","date_gmt":"2024-02-09T12:38:51","guid":{"rendered":"https:\/\/www.eurotrader.eu\/market-holidays\/"},"modified":"2025-02-09T11:21:54","modified_gmt":"2025-02-09T11:21:54","slug":"market-holidays","status":"publish","type":"page","link":"https:\/\/eurotrader.eu\/fr\/market-holidays\/","title":{"rendered":"Jours f\u00e9ri\u00e9s du march\u00e9"},"content":{"rendered":"\t\t<div data-elementor-type=\"wp-page\" data-elementor-id=\"6783\" class=\"elementor elementor-6783 elementor-4552\" data-elementor-post-type=\"page\">\n\t\t\t\t<div class=\"elementor-element elementor-element-43e4a42 e-flex e-con-boxed e-con e-parent\" data-id=\"43e4a42\" data-element_type=\"container\">\n\t\t\t\t\t<div class=\"e-con-inner\">\n\t\t\t\t<div class=\"elementor-element elementor-element-63c37c0 elementor-widget elementor-widget-heading\" data-id=\"63c37c0\" data-element_type=\"widget\" data-widget_type=\"heading.default\">\n\t\t\t\t<div class=\"elementor-widget-container\">\n\t\t\t\t\t<h1 class=\"elementor-heading-title elementor-size-default\">Jours f\u00e9ri\u00e9s du march\u00e9<\/h1>\t\t\t\t<\/div>\n\t\t\t\t<\/div>\n\t\t\t\t<div class=\"elementor-element elementor-element-2319f40 medium-width-content  center-content  elementor-widget elementor-widget-text-editor\" data-id=\"2319f40\" data-element_type=\"widget\" data-widget_type=\"text-editor.default\">\n\t\t\t\t<div class=\"elementor-widget-container\">\n\t\t\t\t\t\t\t\t\tLes jours f\u00e9ri\u00e9s du march\u00e9 jouent un r\u00f4le crucial dans l&#8217;influence du calendrier de trading et de la volatilit\u00e9 du march\u00e9.\r\n\r\nConsultez notre calendrier complet des prochains jours f\u00e9ri\u00e9s des bourses pour vous assurer de rester bien inform\u00e9 sur toutes les modifications de l&#8217;agenda de trading. Restez en avance avec notre emploi du temps actualis\u00e9 et planifiez vos activit\u00e9s de trading avec pr\u00e9cision.\t\t\t\t\t\t\t\t<\/div>\n\t\t\t\t<\/div>\n\t\t\t\t\t<\/div>\n\t\t\t\t<\/div>\n\t\t<div class=\"elementor-element elementor-element-e0813ed elementor-hidden-desktop elementor-hidden-tablet elementor-hidden-mobile e-flex e-con-boxed e-con e-parent\" data-id=\"e0813ed\" data-element_type=\"container\">\n\t\t\t\t\t<div class=\"e-con-inner\">\n\t\t<div class=\"elementor-element elementor-element-9992ce2 e-con-full e-flex e-con e-child\" data-id=\"9992ce2\" data-element_type=\"container\">\n\t\t\t\t<div class=\"elementor-element elementor-element-9c66a73 elementor-widget elementor-widget-image\" data-id=\"9c66a73\" data-element_type=\"widget\" data-widget_type=\"image.default\">\n\t\t\t\t<div class=\"elementor-widget-container\">\n\t\t\t\t\t\t\t\t\t\t\t\t\t\t\t<img fetchpriority=\"high\" decoding=\"async\" width=\"640\" height=\"640\" src=\"https:\/\/eurotrader.eu\/wp-content\/uploads\/470901402_2021242061725927_6709643121862200593_n.jpg\" class=\"attachment-large size-large wp-image-6497\" alt=\"\" \/>\t\t\t\t\t\t\t\t\t\t\t\t\t\t\t<\/div>\n\t\t\t\t<\/div>\n\t\t\t\t<\/div>\n\t\t<div class=\"elementor-element elementor-element-fdf20d0 e-con-full e-flex e-con e-child\" data-id=\"fdf20d0\" data-element_type=\"container\">\n\t\t\t\t<div class=\"elementor-element elementor-element-3b3be01 elementor-widget elementor-widget-image\" data-id=\"3b3be01\" data-element_type=\"widget\" data-widget_type=\"image.default\">\n\t\t\t\t<div class=\"elementor-widget-container\">\n\t\t\t\t\t\t\t\t\t\t\t\t\t\t\t<img decoding=\"async\" width=\"640\" height=\"640\" src=\"https:\/\/eurotrader.eu\/wp-content\/uploads\/470917581_1724565964832243_7757479462070064792_n.jpg\" class=\"attachment-large size-large wp-image-6513\" alt=\"\" \/>\t\t\t\t\t\t\t\t\t\t\t\t\t\t\t<\/div>\n\t\t\t\t<\/div>\n\t\t\t\t<\/div>\n\t\t\t\t\t<\/div>\n\t\t\t\t<\/div>\n\t\t\t\t<\/div>\n\t\t","protected":false},"excerpt":{"rendered":"<p>Jours f\u00e9ri\u00e9s du march\u00e9 Les jours f\u00e9ri\u00e9s du march\u00e9 jouent un r\u00f4le crucial dans l&#8217;influence du calendrier de trading et de la volatilit\u00e9 du march\u00e9. Consultez notre calendrier complet des prochains jours f\u00e9ri\u00e9s des bourses pour vous assurer de rester bien inform\u00e9 sur toutes les modifications de l&#8217;agenda de trading. Restez en avance avec notre [&hellip;]<\/p>\n","protected":false},"author":14,"featured_media":0,"parent":0,"menu_order":0,"comment_status":"closed","ping_status":"closed","template":"market-holidays-page.php","meta":{"_acf_changed":false,"footnotes":""},"class_list":["post-6783","page","type-page","status-publish","hentry"],"acf":[],"yoast_head":"<!-- This site is optimized with the Yoast SEO plugin v26.4 - https:\/\/yoast.com\/wordpress\/plugins\/seo\/ -->\n<title>Jours f\u00e9ri\u00e9s du march\u00e9 - Eurotrader<\/title>\n<meta name=\"robots\" content=\"index, follow, max-snippet:-1, max-image-preview:large, max-video-preview:-1\" \/>\n<meta property=\"og:locale\" content=\"fr_FR\" \/>\n<meta property=\"og:type\" content=\"article\" \/>\n<meta property=\"og:title\" content=\"Jours f\u00e9ri\u00e9s du march\u00e9 - Eurotrader\" \/>\n<meta property=\"og:description\" content=\"Jours f\u00e9ri\u00e9s du march\u00e9 Les jours f\u00e9ri\u00e9s du march\u00e9 jouent un r\u00f4le crucial dans l&#8217;influence du calendrier de trading et de la volatilit\u00e9 du march\u00e9. Consultez notre calendrier complet des prochains jours f\u00e9ri\u00e9s des bourses pour vous assurer de rester bien inform\u00e9 sur toutes les modifications de l&#8217;agenda de trading. Restez en avance avec notre [&hellip;]\" \/>\n<meta property=\"og:url\" content=\"https:\/\/eurotrader.eu\/market-holidays\/\" \/>\n<meta property=\"og:site_name\" content=\"Eurotrader\" \/>\n<meta property=\"article:modified_time\" content=\"2025-02-09T11:21:54+00:00\" \/>\n<meta property=\"og:image\" content=\"https:\/\/eurotrader.eu\/wp-content\/uploads\/470901402_2021242061725927_6709643121862200593_n.jpg\" \/>\n<meta name=\"twitter:card\" content=\"summary_large_image\" \/>\n<script type=\"application\/ld+json\" class=\"yoast-schema-graph\">{\"@context\":\"https:\/\/schema.org\",\"@graph\":[{\"@type\":\"WebPage\",\"@id\":\"https:\/\/eurotrader.eu\/market-holidays\/\",\"url\":\"https:\/\/eurotrader.eu\/market-holidays\/\",\"name\":\"Jours f\u00e9ri\u00e9s du march\u00e9 - Eurotrader\",\"isPartOf\":{\"@id\":\"https:\/\/sienna-spider-789091.hostingersite.com\/#website\"},\"primaryImageOfPage\":{\"@id\":\"https:\/\/eurotrader.eu\/market-holidays\/#primaryimage\"},\"image\":{\"@id\":\"https:\/\/eurotrader.eu\/market-holidays\/#primaryimage\"},\"thumbnailUrl\":\"https:\/\/eurotrader.eu\/wp-content\/uploads\/470901402_2021242061725927_6709643121862200593_n.jpg\",\"datePublished\":\"2024-02-09T12:38:51+00:00\",\"dateModified\":\"2025-02-09T11:21:54+00:00\",\"breadcrumb\":{\"@id\":\"https:\/\/eurotrader.eu\/market-holidays\/#breadcrumb\"},\"inLanguage\":\"fr-FR\",\"potentialAction\":[{\"@type\":\"ReadAction\",\"target\":[\"https:\/\/eurotrader.eu\/market-holidays\/\"]}]},{\"@type\":\"ImageObject\",\"inLanguage\":\"fr-FR\",\"@id\":\"https:\/\/eurotrader.eu\/market-holidays\/#primaryimage\",\"url\":\"https:\/\/eurotrader.eu\/wp-content\/uploads\/470901402_2021242061725927_6709643121862200593_n.jpg\",\"contentUrl\":\"https:\/\/eurotrader.eu\/wp-content\/uploads\/470901402_2021242061725927_6709643121862200593_n.jpg\"},{\"@type\":\"BreadcrumbList\",\"@id\":\"https:\/\/eurotrader.eu\/market-holidays\/#breadcrumb\",\"itemListElement\":[{\"@type\":\"ListItem\",\"position\":1,\"name\":\"Home\",\"item\":\"https:\/\/eurotrader.eu\/fr\/\"},{\"@type\":\"ListItem\",\"position\":2,\"name\":\"Jours f\u00e9ri\u00e9s du march\u00e9\"}]},{\"@type\":\"WebSite\",\"@id\":\"https:\/\/sienna-spider-789091.hostingersite.com\/#website\",\"url\":\"https:\/\/sienna-spider-789091.hostingersite.com\/\",\"name\":\"Eurotrader\",\"description\":\"\",\"publisher\":{\"@id\":\"https:\/\/sienna-spider-789091.hostingersite.com\/#organization\"},\"potentialAction\":[{\"@type\":\"SearchAction\",\"target\":{\"@type\":\"EntryPoint\",\"urlTemplate\":\"https:\/\/sienna-spider-789091.hostingersite.com\/?s={search_term_string}\"},\"query-input\":{\"@type\":\"PropertyValueSpecification\",\"valueRequired\":true,\"valueName\":\"search_term_string\"}}],\"inLanguage\":\"fr-FR\"},{\"@type\":\"Organization\",\"@id\":\"https:\/\/sienna-spider-789091.hostingersite.com\/#organization\",\"name\":\"Eurotrader\",\"url\":\"https:\/\/sienna-spider-789091.hostingersite.com\/\",\"logo\":{\"@type\":\"ImageObject\",\"inLanguage\":\"fr-FR\",\"@id\":\"https:\/\/sienna-spider-789091.hostingersite.com\/#\/schema\/logo\/image\/\",\"url\":\"https:\/\/eurotrader.eu\/wp-content\/uploads\/header-logo.svg\",\"contentUrl\":\"https:\/\/eurotrader.eu\/wp-content\/uploads\/header-logo.svg\",\"width\":184,\"height\":28,\"caption\":\"Eurotrader\"},\"image\":{\"@id\":\"https:\/\/sienna-spider-789091.hostingersite.com\/#\/schema\/logo\/image\/\"}}]}<\/script>\n<!-- \/ Yoast SEO plugin. -->","yoast_head_json":{"title":"Jours f\u00e9ri\u00e9s du march\u00e9 - Eurotrader","robots":{"index":"index","follow":"follow","max-snippet":"max-snippet:-1","max-image-preview":"max-image-preview:large","max-video-preview":"max-video-preview:-1"},"og_locale":"fr_FR","og_type":"article","og_title":"Jours f\u00e9ri\u00e9s du march\u00e9 - Eurotrader","og_description":"Jours f\u00e9ri\u00e9s du march\u00e9 Les jours f\u00e9ri\u00e9s du march\u00e9 jouent un r\u00f4le crucial dans l&#8217;influence du calendrier de trading et de la volatilit\u00e9 du march\u00e9. Consultez notre calendrier complet des prochains jours f\u00e9ri\u00e9s des bourses pour vous assurer de rester bien inform\u00e9 sur toutes les modifications de l&#8217;agenda de trading. Restez en avance avec notre [&hellip;]","og_url":"https:\/\/eurotrader.eu\/market-holidays\/","og_site_name":"Eurotrader","article_modified_time":"2025-02-09T11:21:54+00:00","og_image":[{"url":"https:\/\/eurotrader.eu\/wp-content\/uploads\/470901402_2021242061725927_6709643121862200593_n.jpg","type":"","width":"","height":""}],"twitter_card":"summary_large_image","schema":{"@context":"https:\/\/schema.org","@graph":[{"@type":"WebPage","@id":"https:\/\/eurotrader.eu\/market-holidays\/","url":"https:\/\/eurotrader.eu\/market-holidays\/","name":"Jours f\u00e9ri\u00e9s du march\u00e9 - Eurotrader","isPartOf":{"@id":"https:\/\/sienna-spider-789091.hostingersite.com\/#website"},"primaryImageOfPage":{"@id":"https:\/\/eurotrader.eu\/market-holidays\/#primaryimage"},"image":{"@id":"https:\/\/eurotrader.eu\/market-holidays\/#primaryimage"},"thumbnailUrl":"https:\/\/eurotrader.eu\/wp-content\/uploads\/470901402_2021242061725927_6709643121862200593_n.jpg","datePublished":"2024-02-09T12:38:51+00:00","dateModified":"2025-02-09T11:21:54+00:00","breadcrumb":{"@id":"https:\/\/eurotrader.eu\/market-holidays\/#breadcrumb"},"inLanguage":"fr-FR","potentialAction":[{"@type":"ReadAction","target":["https:\/\/eurotrader.eu\/market-holidays\/"]}]},{"@type":"ImageObject","inLanguage":"fr-FR","@id":"https:\/\/eurotrader.eu\/market-holidays\/#primaryimage","url":"https:\/\/eurotrader.eu\/wp-content\/uploads\/470901402_2021242061725927_6709643121862200593_n.jpg","contentUrl":"https:\/\/eurotrader.eu\/wp-content\/uploads\/470901402_2021242061725927_6709643121862200593_n.jpg"},{"@type":"BreadcrumbList","@id":"https:\/\/eurotrader.eu\/market-holidays\/#breadcrumb","itemListElement":[{"@type":"ListItem","position":1,"name":"Home","item":"https:\/\/eurotrader.eu\/fr\/"},{"@type":"ListItem","position":2,"name":"Jours f\u00e9ri\u00e9s du march\u00e9"}]},{"@type":"WebSite","@id":"https:\/\/sienna-spider-789091.hostingersite.com\/#website","url":"https:\/\/sienna-spider-789091.hostingersite.com\/","name":"Eurotrader","description":"","publisher":{"@id":"https:\/\/sienna-spider-789091.hostingersite.com\/#organization"},"potentialAction":[{"@type":"SearchAction","target":{"@type":"EntryPoint","urlTemplate":"https:\/\/sienna-spider-789091.hostingersite.com\/?s={search_term_string}"},"query-input":{"@type":"PropertyValueSpecification","valueRequired":true,"valueName":"search_term_string"}}],"inLanguage":"fr-FR"},{"@type":"Organization","@id":"https:\/\/sienna-spider-789091.hostingersite.com\/#organization","name":"Eurotrader","url":"https:\/\/sienna-spider-789091.hostingersite.com\/","logo":{"@type":"ImageObject","inLanguage":"fr-FR","@id":"https:\/\/sienna-spider-789091.hostingersite.com\/#\/schema\/logo\/image\/","url":"https:\/\/eurotrader.eu\/wp-content\/uploads\/header-logo.svg","contentUrl":"https:\/\/eurotrader.eu\/wp-content\/uploads\/header-logo.svg","width":184,"height":28,"caption":"Eurotrader"},"image":{"@id":"https:\/\/sienna-spider-789091.hostingersite.com\/#\/schema\/logo\/image\/"}}]}},"_hostinger_reach_plugin_has_subscription_block":false,"_hostinger_reach_plugin_is_elementor":false,"_links":{"self":[{"href":"https:\/\/eurotrader.eu\/fr\/wp-json\/wp\/v2\/pages\/6783","targetHints":{"allow":["GET"]}}],"collection":[{"href":"https:\/\/eurotrader.eu\/fr\/wp-json\/wp\/v2\/pages"}],"about":[{"href":"https:\/\/eurotrader.eu\/fr\/wp-json\/wp\/v2\/types\/page"}],"author":[{"embeddable":true,"href":"https:\/\/eurotrader.eu\/fr\/wp-json\/wp\/v2\/users\/14"}],"replies":[{"embeddable":true,"href":"https:\/\/eurotrader.eu\/fr\/wp-json\/wp\/v2\/comments?post=6783"}],"version-history":[{"count":2,"href":"https:\/\/eurotrader.eu\/fr\/wp-json\/wp\/v2\/pages\/6783\/revisions"}],"predecessor-version":[{"id":6892,"href":"https:\/\/eurotrader.eu\/fr\/wp-json\/wp\/v2\/pages\/6783\/revisions\/6892"}],"wp:attachment":[{"href":"https:\/\/eurotrader.eu\/fr\/wp-json\/wp\/v2\/media?parent=6783"}],"curies":[{"name":"wp","href":"https:\/\/api.w.org\/{rel}","templated":true}]}}