{"id":2168,"date":"2023-10-24T21:54:57","date_gmt":"2023-10-24T20:54:57","guid":{"rendered":"http:\/\/website-stage.eurotrader.com\/contate-nos\/"},"modified":"2026-03-02T10:30:17","modified_gmt":"2026-03-02T10:30:17","slug":"contact","status":"publish","type":"page","link":"https:\/\/eurotrader.eu\/pt-pt\/contact\/","title":{"rendered":"Contate-nos"},"content":{"rendered":"\t\t<div data-elementor-type=\"wp-page\" data-elementor-id=\"2168\" class=\"elementor elementor-2168 elementor-936\" data-elementor-post-type=\"page\">\n\t\t\t\t<div class=\"elementor-element elementor-element-71bdd197 e-flex e-con-boxed e-con e-parent\" data-id=\"71bdd197\" data-element_type=\"container\" data-settings=\"{&quot;background_background&quot;:&quot;classic&quot;}\">\n\t\t\t\t\t<div class=\"e-con-inner\">\n\t\t<div class=\"elementor-element elementor-element-15ef3864 e-flex e-con-boxed e-con e-child\" data-id=\"15ef3864\" data-element_type=\"container\">\n\t\t\t\t\t<div class=\"e-con-inner\">\n\t\t\t\t<div class=\"elementor-element elementor-element-4f7fd80e elementor-widget elementor-widget-spacer\" data-id=\"4f7fd80e\" data-element_type=\"widget\" data-widget_type=\"spacer.default\">\n\t\t\t\t<div class=\"elementor-widget-container\">\n\t\t\t\t\t\t\t<div class=\"elementor-spacer\">\n\t\t\t<div class=\"elementor-spacer-inner\"><\/div>\n\t\t<\/div>\n\t\t\t\t\t\t<\/div>\n\t\t\t\t<\/div>\n\t\t\t\t<div class=\"elementor-element elementor-element-17de4bd elementor-widget elementor-widget-heading\" data-id=\"17de4bd\" data-element_type=\"widget\" data-widget_type=\"heading.default\">\n\t\t\t\t<div class=\"elementor-widget-container\">\n\t\t\t\t\t<h1 class=\"elementor-heading-title elementor-size-default\">Contate-nos<\/h1>\t\t\t\t<\/div>\n\t\t\t\t<\/div>\n\t\t\t\t<div class=\"elementor-element elementor-element-455ca409 elementor-widget elementor-widget-text-editor\" data-id=\"455ca409\" data-element_type=\"widget\" data-widget_type=\"text-editor.default\">\n\t\t\t\t<div class=\"elementor-widget-container\">\n\t\t\t\t\t\t\t\t\t<p><strong>Seu atendimento ao cliente 5 Estrelas<\/strong><\/p>\n\t\t\t\t\t\t\t\t<\/div>\n\t\t\t\t<\/div>\n\t\t\t\t<div class=\"elementor-element elementor-element-69bd57e6 medium-width-content center-content elementor-widget elementor-widget-text-editor\" data-id=\"69bd57e6\" data-element_type=\"widget\" data-widget_type=\"text-editor.default\">\n\t\t\t\t<div class=\"elementor-widget-container\">\n\t\t\t\t\t\t\t\t\t<p>Tem alguma d\u00favida ou precisa de assist\u00eancia especializada? Entre em contato com nosso dedicado equipe de atendimento ao cliente que est\u00e1 dispon\u00edvel 24 horas por dia, 5 dias por semana para ajud\u00e1-lo.<\/p>\n\t\t\t\t\t\t\t\t<\/div>\n\t\t\t\t<\/div>\n\t\t\t\t\t<\/div>\n\t\t\t\t<\/div>\n\t\t\t\t\t<\/div>\n\t\t\t\t<\/div>\n\t\t<div class=\"elementor-element elementor-element-3aef9e78 e-flex e-con-boxed e-con e-parent\" data-id=\"3aef9e78\" data-element_type=\"container\" id=\"contact-boxes-section\">\n\t\t\t\t\t<div class=\"e-con-inner\">\n\t\t\t\t<div class=\"elementor-element elementor-element-7bc6d2ef contact-box elementor-position-top elementor-widget elementor-widget-image-box\" data-id=\"7bc6d2ef\" data-element_type=\"widget\" data-widget_type=\"image-box.default\">\n\t\t\t\t<div class=\"elementor-widget-container\">\n\t\t\t\t\t<div class=\"elementor-image-box-wrapper\"><figure class=\"elementor-image-box-img\"><img decoding=\"async\" width=\"60\" height=\"58\" src=\"https:\/\/eurotrader.eu\/wp-content\/uploads\/live-chat.png\" class=\"attachment-full size-full wp-image-944\" alt=\"\" \/><\/figure><div class=\"elementor-image-box-content\"><h3 class=\"elementor-image-box-title\">Suporte por chat ao vivo<\/h3><p class=\"elementor-image-box-description\">Ajuda instant\u00e2nea do nosso suporte<\/p><\/div><\/div>\t\t\t\t<\/div>\n\t\t\t\t<\/div>\n\t\t\t\t<div class=\"elementor-element elementor-element-1cb138ed contact-box elementor-hidden-desktop elementor-hidden-tablet elementor-hidden-mobile elementor-position-top elementor-widget elementor-widget-image-box\" data-id=\"1cb138ed\" data-element_type=\"widget\" data-widget_type=\"image-box.default\">\n\t\t\t\t<div class=\"elementor-widget-container\">\n\t\t\t\t\t<div class=\"elementor-image-box-wrapper\"><figure class=\"elementor-image-box-img\"><img decoding=\"async\" width=\"47\" height=\"46\" src=\"https:\/\/eurotrader.eu\/wp-content\/uploads\/call-request.png\" class=\"attachment-full size-full wp-image-943\" alt=\"Call request\" \/><\/figure><div class=\"elementor-image-box-content\"><h3 class=\"elementor-image-box-title\">Solicite um retorno de chamada<\/h3><p class=\"elementor-image-box-description\">Fale conosco conforme sua conveni\u00eancia<\/p><\/div><\/div>\t\t\t\t<\/div>\n\t\t\t\t<\/div>\n\t\t\t\t<div class=\"elementor-element elementor-element-2d6956f0 contact-box elementor-position-top elementor-widget elementor-widget-image-box\" data-id=\"2d6956f0\" data-element_type=\"widget\" data-widget_type=\"image-box.default\">\n\t\t\t\t<div class=\"elementor-widget-container\">\n\t\t\t\t\t<div class=\"elementor-image-box-wrapper\"><figure class=\"elementor-image-box-img\"><a href=\"mailto:support@eurotrader.com\" tabindex=\"-1\"><img decoding=\"async\" width=\"57\" height=\"40\" src=\"https:\/\/eurotrader.eu\/wp-content\/uploads\/email.png\" class=\"attachment-full size-full wp-image-942\" alt=\"Email\" \/><\/a><\/figure><div class=\"elementor-image-box-content\"><h3 class=\"elementor-image-box-title\"><a href=\"mailto:support@eurotrader.com\">Support@eurotrader.com<\/a><\/h3><p class=\"elementor-image-box-description\">Escreva para n\u00f3s<\/p><\/div><\/div>\t\t\t\t<\/div>\n\t\t\t\t<\/div>\n\t\t\t\t\t<\/div>\n\t\t\t\t<\/div>\n\t\t<div class=\"elementor-element elementor-element-30ac3bdf e-flex e-con-boxed e-con e-parent\" data-id=\"30ac3bdf\" data-element_type=\"container\">\n\t\t\t\t\t<div class=\"e-con-inner\">\n\t\t<div class=\"elementor-element elementor-element-474d3840 e-flex e-con-boxed e-con e-child\" data-id=\"474d3840\" data-element_type=\"container\">\n\t\t\t\t\t<div class=\"e-con-inner\">\n\t\t<div class=\"elementor-element elementor-element-213d8997 box-with-shadow-column-1 contact-info e-con-full e-flex e-con e-child\" data-id=\"213d8997\" data-element_type=\"container\" data-settings=\"{&quot;background_background&quot;:&quot;classic&quot;}\">\n\t\t\t\t<div class=\"elementor-element elementor-element-3e8ff812 elementor-widget elementor-widget-heading\" data-id=\"3e8ff812\" data-element_type=\"widget\" data-widget_type=\"heading.default\">\n\t\t\t\t<div class=\"elementor-widget-container\">\n\t\t\t\t\t<h3 class=\"elementor-heading-title elementor-size-default\">Informa\u00e7\u00f5es de contato<\/h3>\t\t\t\t<\/div>\n\t\t\t\t<\/div>\n\t\t\t\t<div class=\"elementor-element elementor-element-13ed38f9 elementor-widget elementor-widget-heading\" data-id=\"13ed38f9\" data-element_type=\"widget\" data-widget_type=\"heading.default\">\n\t\t\t\t<div class=\"elementor-widget-container\">\n\t\t\t\t\t<h4 class=\"elementor-heading-title elementor-size-default\">Endere\u00e7o:<\/h4>\t\t\t\t<\/div>\n\t\t\t\t<\/div>\n\t\t\t\t<div class=\"elementor-element elementor-element-4ac996c elementor-widget elementor-widget-heading\" data-id=\"4ac996c\" data-element_type=\"widget\" data-widget_type=\"heading.default\">\n\t\t\t\t<div class=\"elementor-widget-container\">\n\t\t\t\t\t<h4 class=\"elementor-heading-title elementor-size-default\">Suporte por telefone:<\/h4>\t\t\t\t<\/div>\n\t\t\t\t<\/div>\n\t\t\t\t<div class=\"elementor-element elementor-element-7fa2476a elementor-widget elementor-widget-text-editor\" data-id=\"7fa2476a\" data-element_type=\"widget\" data-widget_type=\"text-editor.default\">\n\t\t\t\t<div class=\"elementor-widget-container\">\n\t\t\t\t\t\t\t\t\t+448001026038\t\t\t\t\t\t\t\t<\/div>\n\t\t\t\t<\/div>\n\t\t\t\t<div class=\"elementor-element elementor-element-5a514498 elementor-widget elementor-widget-heading\" data-id=\"5a514498\" data-element_type=\"widget\" data-widget_type=\"heading.default\">\n\t\t\t\t<div class=\"elementor-widget-container\">\n\t\t\t\t\t<h4 class=\"elementor-heading-title elementor-size-default\">Suporte por e-mail:<\/h4>\t\t\t\t<\/div>\n\t\t\t\t<\/div>\n\t\t\t\t<div class=\"elementor-element elementor-element-10089ada elementor-widget elementor-widget-text-editor\" data-id=\"10089ada\" data-element_type=\"widget\" data-widget_type=\"text-editor.default\">\n\t\t\t\t<div class=\"elementor-widget-container\">\n\t\t\t\t\t\t\t\t\t<p>support@eurotrader.com<\/p>\n\t\t\t\t\t\t\t\t<\/div>\n\t\t\t\t<\/div>\n\t\t\t\t<\/div>\n\t\t<div class=\"elementor-element elementor-element-3a02fd56 box-with-shadow-column-1 customer-support e-con-full e-flex e-con e-child\" data-id=\"3a02fd56\" data-element_type=\"container\" data-settings=\"{&quot;background_background&quot;:&quot;classic&quot;}\">\n\t\t\t\t<div class=\"elementor-element elementor-element-690542d8 elementor-widget elementor-widget-heading\" data-id=\"690542d8\" data-element_type=\"widget\" data-widget_type=\"heading.default\">\n\t\t\t\t<div class=\"elementor-widget-container\">\n\t\t\t\t\t<h3 class=\"elementor-heading-title elementor-size-default\">Suporte ao cliente<\/h3>\t\t\t\t<\/div>\n\t\t\t\t<\/div>\n\t\t\t\t<div class=\"elementor-element elementor-element-61a9d88c elementor-icon-list--layout-traditional elementor-list-item-link-full_width elementor-widget elementor-widget-icon-list\" data-id=\"61a9d88c\" data-element_type=\"widget\" data-widget_type=\"icon-list.default\">\n\t\t\t\t<div class=\"elementor-widget-container\">\n\t\t\t\t\t\t\t<ul class=\"elementor-icon-list-items\">\n\t\t\t\t\t\t\t<li class=\"elementor-icon-list-item\">\n\t\t\t\t\t\t\t\t\t\t\t<span class=\"elementor-icon-list-icon\">\n\t\t\t\t\t\t\t<i aria-hidden=\"true\" class=\"fas fa-check\"><\/i>\t\t\t\t\t\t<\/span>\n\t\t\t\t\t\t\t\t\t\t<span class=\"elementor-icon-list-text\">Bate-papo ao vivo para assist\u00eancia em tempo real em ingl\u00eas, espanhol, italiano, alem\u00e3o e muito mai<\/span>\n\t\t\t\t\t\t\t\t\t<\/li>\n\t\t\t\t\t\t\t\t<li class=\"elementor-icon-list-item\">\n\t\t\t\t\t\t\t\t\t\t\t<span class=\"elementor-icon-list-icon\">\n\t\t\t\t\t\t\t<i aria-hidden=\"true\" class=\"fas fa-check\"><\/i>\t\t\t\t\t\t<\/span>\n\t\t\t\t\t\t\t\t\t\t<span class=\"elementor-icon-list-text\">Suporte dedicado por telefone e e-mail 24 horas por dia, 5 dias por semana, em v\u00e1rios idiomas<\/span>\n\t\t\t\t\t\t\t\t\t<\/li>\n\t\t\t\t\t\t\t\t<li class=\"elementor-icon-list-item\">\n\t\t\t\t\t\t\t\t\t\t\t<span class=\"elementor-icon-list-icon\">\n\t\t\t\t\t\t\t<i aria-hidden=\"true\" class=\"fas fa-check\"><\/i>\t\t\t\t\t\t<\/span>\n\t\t\t\t\t\t\t\t\t\t<span class=\"elementor-icon-list-text\">Suporte ao cliente para ajud\u00e1-lo em todas as suas etapas<\/span>\n\t\t\t\t\t\t\t\t\t<\/li>\n\t\t\t\t\t\t<\/ul>\n\t\t\t\t\t\t<\/div>\n\t\t\t\t<\/div>\n\t\t\t\t<\/div>\n\t\t\t\t\t<\/div>\n\t\t\t\t<\/div>\n\t\t\t\t\t<\/div>\n\t\t\t\t<\/div>\n\t\t<div class=\"elementor-element elementor-element-79811e96 e-flex e-con-boxed e-con e-parent\" data-id=\"79811e96\" data-element_type=\"container\">\n\t\t\t\t\t<div class=\"e-con-inner\">\n\t\t\t\t<div class=\"elementor-element elementor-element-a5773fc elementor-widget elementor-widget-heading\" data-id=\"a5773fc\" data-element_type=\"widget\" data-widget_type=\"heading.default\">\n\t\t\t\t<div class=\"elementor-widget-container\">\n\t\t\t\t\t<h2 class=\"elementor-heading-title elementor-size-default\">Perguntas frequentes sobre:<\/h2>\t\t\t\t<\/div>\n\t\t\t\t<\/div>\n\t\t<div class=\"elementor-element elementor-element-2955cdec faq-box e-flex e-con-boxed e-con e-child\" data-id=\"2955cdec\" data-element_type=\"container\">\n\t\t\t\t\t<div class=\"e-con-inner\">\n\t\t\t\t<div class=\"elementor-element elementor-element-2fde448a elementor-widget elementor-widget-shortcode\" data-id=\"2fde448a\" data-element_type=\"widget\" data-widget_type=\"shortcode.default\">\n\t\t\t\t<div class=\"elementor-widget-container\">\n\t\t\t\t\t\t\t<div class=\"elementor-shortcode\"><div id=\"accordion-selected\" class=\"accordion container\"><div class=\"accordion-item\"><h4 class=\"accordion-header\" id=\"heading-selected-1\"><a class=\"accordion-button collapsed\" data-bs-toggle=\"collapse\" data-bs-target=\"#selected-1\" aria-expanded=\"true\" aria-controls=\"selected-1\">Qual \u00e9 o requisito de margem para negocia\u00e7\u00e3o?<\/a><\/h4><div id=\"selected-1\" class=\"accordion-collapse collapse\" aria-labelledby=\"heading-selected-1\"><div>Os requisitos de margem podem diferir consoante o instrumento e se \u00e9 classificado como cliente profissional.<\/div>\r\n<div>\r\n<div>\r\n\r\nPara obter os requisitos de margem mais recentes, consulte a tabela clicando <a href=\"http:\/\/eurotrader.eu\/instruments-and-spreads\/\">aqui<\/a>.\r\n\r\n&nbsp;\r\n\r\n<\/div>\r\n<div><\/div>\r\n<\/div><\/div><\/div><div class=\"accordion-item\"><h4 class=\"accordion-header\" id=\"heading-selected-2\"><a class=\"accordion-button collapsed\" data-bs-toggle=\"collapse\" data-bs-target=\"#selected-2\" aria-expanded=\"true\" aria-controls=\"selected-2\">Como posso encontrar a minha conta?<\/a><\/h4><div id=\"selected-2\" class=\"accordion-collapse collapse\" aria-labelledby=\"heading-selected-2\">Pode encontrar a sua conta Euro trader seguindo estes passos:\r\n<ol>\r\n \t<li>Inicie sess\u00e3o utilizando a sua conta Euro trader com o seu e-mail e palavra-passe registados.<\/li>\r\n \t<li>V\u00e1 para a se\u00e7\u00e3o\" Carteira \"e escolha a op\u00e7\u00e3o\" Dep\u00f3sito\".<\/li>\r\n \t<li>Voc\u00ea encontrar\u00e1 uma variedade de m\u00e9todos de pagamento para escolher. Por favor, Note que o Euro trader n\u00e3o imp\u00f5e quaisquer taxas para dep\u00f3sitos ou levantamentos.<\/li>\r\n \t<li>Por favor, escolha o seu m\u00e9todo de pagamento preferido e indique o valor do dep\u00f3sito desejado. Preencha os dados de pagamento necess\u00e1rios e siga as instru\u00e7\u00f5es apresentadas no ecr\u00e3 para confirmar a transa\u00e7\u00e3o.<\/li>\r\n \t<li>Uma vez aprovado, o valor depositado ficar\u00e1 vis\u00edvel na sua carteira Autotrader e ser\u00e1 registado no seu hist\u00f3rico de Transa\u00e7\u00f5es.<\/li>\r\n \t<li>Com seus fundos dispon\u00edveis, agora voc\u00ea pode transferi-los para sua conta de negocia\u00e7\u00e3o e iniciar suas atividades de negocia\u00e7\u00e3o.<\/li>\r\n<\/ol><\/div><\/div><div class=\"accordion-item\"><h4 class=\"accordion-header\" id=\"heading-selected-3\"><a class=\"accordion-button collapsed\" data-bs-toggle=\"collapse\" data-bs-target=\"#selected-3\" aria-expanded=\"true\" aria-controls=\"selected-3\">Em que Moedas posso ter a minha carteira?<\/a><\/h4><div id=\"selected-3\" class=\"accordion-collapse collapse\" aria-labelledby=\"heading-selected-3\">O euro trader oferece as seguintes moedas de carteira: EUR, USD e GBP. A Eurotrader recomenda que a moeda da sua carteira corresponda \u00e0 moeda que pretende depositar para evitar incorrer em taxas de convers\u00e3o.\r\n\r\nQuaisquer transfer\u00eancias da sua carteira Autotrader para as suas contas de negocia\u00e7\u00e3o numa moeda diferente ser\u00e3o convertidas com base nas nossas Taxas de plataforma.<\/div><\/div><\/div><\/div>\n\t\t\t\t\t\t<\/div>\n\t\t\t\t<\/div>\n\t\t\t\t\t<\/div>\n\t\t\t\t<\/div>\n\t\t\t\t<div class=\"elementor-element elementor-element-65e4643a elementor-align-center btn black-btn elementor-widget elementor-widget-button\" data-id=\"65e4643a\" data-element_type=\"widget\" data-widget_type=\"button.default\">\n\t\t\t\t<div class=\"elementor-widget-container\">\n\t\t\t\t\t\t\t\t\t<div class=\"elementor-button-wrapper\">\n\t\t\t\t\t<a class=\"elementor-button elementor-button-link elementor-size-sm\" href=\"https:\/\/eurotrader.eu\/pt-pt\/faq\/\">\n\t\t\t\t\t\t<span class=\"elementor-button-content-wrapper\">\n\t\t\t\t\t\t\t\t\t<span class=\"elementor-button-text\">Ver todas as perguntas frequentes<\/span>\n\t\t\t\t\t<\/span>\n\t\t\t\t\t<\/a>\n\t\t\t\t<\/div>\n\t\t\t\t\t\t\t\t<\/div>\n\t\t\t\t<\/div>\n\t\t\t\t\t<\/div>\n\t\t\t\t<\/div>\n\t\t\t\t<\/div>\n\t\t","protected":false},"excerpt":{"rendered":"<p>Contate-nos Seu atendimento ao cliente 5 Estrelas Tem alguma d\u00favida ou precisa de assist\u00eancia especializada? Entre em contato com nosso dedicado equipe de atendimento ao cliente que est\u00e1 dispon\u00edvel 24 horas por dia, 5 dias por semana para ajud\u00e1-lo. Suporte por chat ao vivo Ajuda instant\u00e2nea do nosso suporte Solicite um retorno de chamada Fale [&hellip;]<\/p>\n","protected":false},"author":14,"featured_media":0,"parent":0,"menu_order":0,"comment_status":"closed","ping_status":"closed","template":"","meta":{"_acf_changed":false,"footnotes":""},"class_list":["post-2168","page","type-page","status-publish","hentry"],"acf":[],"yoast_head":"<!-- This site is optimized with the Yoast SEO plugin v26.4 - https:\/\/yoast.com\/wordpress\/plugins\/seo\/ -->\n<title>Contate-nos - Eurotrader<\/title>\n<meta name=\"robots\" content=\"index, follow, max-snippet:-1, max-image-preview:large, max-video-preview:-1\" \/>\n<meta property=\"og:locale\" content=\"pt_PT\" \/>\n<meta property=\"og:type\" content=\"article\" \/>\n<meta property=\"og:title\" content=\"Contate-nos - Eurotrader\" \/>\n<meta property=\"og:description\" content=\"Contate-nos Seu atendimento ao cliente 5 Estrelas Tem alguma d\u00favida ou precisa de assist\u00eancia especializada? Entre em contato com nosso dedicado equipe de atendimento ao cliente que est\u00e1 dispon\u00edvel 24 horas por dia, 5 dias por semana para ajud\u00e1-lo. Suporte por chat ao vivo Ajuda instant\u00e2nea do nosso suporte Solicite um retorno de chamada Fale [&hellip;]\" \/>\n<meta property=\"og:url\" content=\"https:\/\/eurotrader.eu\/contact\/\" \/>\n<meta property=\"og:site_name\" content=\"Eurotrader\" \/>\n<meta property=\"article:modified_time\" content=\"2026-03-02T10:30:17+00:00\" \/>\n<meta property=\"og:image\" content=\"https:\/\/eurotrader.eu\/wp-content\/uploads\/live-chat.png\" \/>\n\t<meta property=\"og:image:width\" content=\"60\" \/>\n\t<meta property=\"og:image:height\" content=\"58\" \/>\n\t<meta property=\"og:image:type\" content=\"image\/png\" \/>\n<meta name=\"twitter:card\" content=\"summary_large_image\" \/>\n<script type=\"application\/ld+json\" class=\"yoast-schema-graph\">{\"@context\":\"https:\/\/schema.org\",\"@graph\":[{\"@type\":\"WebPage\",\"@id\":\"https:\/\/eurotrader.eu\/contact\/\",\"url\":\"https:\/\/eurotrader.eu\/contact\/\",\"name\":\"Contate-nos - Eurotrader\",\"isPartOf\":{\"@id\":\"https:\/\/sienna-spider-789091.hostingersite.com\/#website\"},\"primaryImageOfPage\":{\"@id\":\"https:\/\/eurotrader.eu\/contact\/#primaryimage\"},\"image\":{\"@id\":\"https:\/\/eurotrader.eu\/contact\/#primaryimage\"},\"thumbnailUrl\":\"https:\/\/eurotrader.eu\/wp-content\/uploads\/live-chat.png\",\"datePublished\":\"2023-10-24T20:54:57+00:00\",\"dateModified\":\"2026-03-02T10:30:17+00:00\",\"breadcrumb\":{\"@id\":\"https:\/\/eurotrader.eu\/contact\/#breadcrumb\"},\"inLanguage\":\"pt-PT\",\"potentialAction\":[{\"@type\":\"ReadAction\",\"target\":[\"https:\/\/eurotrader.eu\/contact\/\"]}]},{\"@type\":\"ImageObject\",\"inLanguage\":\"pt-PT\",\"@id\":\"https:\/\/eurotrader.eu\/contact\/#primaryimage\",\"url\":\"https:\/\/eurotrader.eu\/wp-content\/uploads\/live-chat.png\",\"contentUrl\":\"https:\/\/eurotrader.eu\/wp-content\/uploads\/live-chat.png\"},{\"@type\":\"BreadcrumbList\",\"@id\":\"https:\/\/eurotrader.eu\/contact\/#breadcrumb\",\"itemListElement\":[{\"@type\":\"ListItem\",\"position\":1,\"name\":\"Home\",\"item\":\"https:\/\/eurotrader.eu\/pt-pt\/\"},{\"@type\":\"ListItem\",\"position\":2,\"name\":\"Contate-nos\"}]},{\"@type\":\"WebSite\",\"@id\":\"https:\/\/sienna-spider-789091.hostingersite.com\/#website\",\"url\":\"https:\/\/sienna-spider-789091.hostingersite.com\/\",\"name\":\"Eurotrader\",\"description\":\"\",\"publisher\":{\"@id\":\"https:\/\/sienna-spider-789091.hostingersite.com\/#organization\"},\"potentialAction\":[{\"@type\":\"SearchAction\",\"target\":{\"@type\":\"EntryPoint\",\"urlTemplate\":\"https:\/\/sienna-spider-789091.hostingersite.com\/?s={search_term_string}\"},\"query-input\":{\"@type\":\"PropertyValueSpecification\",\"valueRequired\":true,\"valueName\":\"search_term_string\"}}],\"inLanguage\":\"pt-PT\"},{\"@type\":\"Organization\",\"@id\":\"https:\/\/sienna-spider-789091.hostingersite.com\/#organization\",\"name\":\"Eurotrader\",\"url\":\"https:\/\/sienna-spider-789091.hostingersite.com\/\",\"logo\":{\"@type\":\"ImageObject\",\"inLanguage\":\"pt-PT\",\"@id\":\"https:\/\/sienna-spider-789091.hostingersite.com\/#\/schema\/logo\/image\/\",\"url\":\"https:\/\/eurotrader.eu\/wp-content\/uploads\/header-logo.svg\",\"contentUrl\":\"https:\/\/eurotrader.eu\/wp-content\/uploads\/header-logo.svg\",\"width\":184,\"height\":28,\"caption\":\"Eurotrader\"},\"image\":{\"@id\":\"https:\/\/sienna-spider-789091.hostingersite.com\/#\/schema\/logo\/image\/\"}}]}<\/script>\n<!-- \/ Yoast SEO plugin. -->","yoast_head_json":{"title":"Contate-nos - Eurotrader","robots":{"index":"index","follow":"follow","max-snippet":"max-snippet:-1","max-image-preview":"max-image-preview:large","max-video-preview":"max-video-preview:-1"},"og_locale":"pt_PT","og_type":"article","og_title":"Contate-nos - Eurotrader","og_description":"Contate-nos Seu atendimento ao cliente 5 Estrelas Tem alguma d\u00favida ou precisa de assist\u00eancia especializada? Entre em contato com nosso dedicado equipe de atendimento ao cliente que est\u00e1 dispon\u00edvel 24 horas por dia, 5 dias por semana para ajud\u00e1-lo. Suporte por chat ao vivo Ajuda instant\u00e2nea do nosso suporte Solicite um retorno de chamada Fale [&hellip;]","og_url":"https:\/\/eurotrader.eu\/contact\/","og_site_name":"Eurotrader","article_modified_time":"2026-03-02T10:30:17+00:00","og_image":[{"width":60,"height":58,"url":"https:\/\/eurotrader.eu\/wp-content\/uploads\/live-chat.png","type":"image\/png"}],"twitter_card":"summary_large_image","schema":{"@context":"https:\/\/schema.org","@graph":[{"@type":"WebPage","@id":"https:\/\/eurotrader.eu\/contact\/","url":"https:\/\/eurotrader.eu\/contact\/","name":"Contate-nos - Eurotrader","isPartOf":{"@id":"https:\/\/sienna-spider-789091.hostingersite.com\/#website"},"primaryImageOfPage":{"@id":"https:\/\/eurotrader.eu\/contact\/#primaryimage"},"image":{"@id":"https:\/\/eurotrader.eu\/contact\/#primaryimage"},"thumbnailUrl":"https:\/\/eurotrader.eu\/wp-content\/uploads\/live-chat.png","datePublished":"2023-10-24T20:54:57+00:00","dateModified":"2026-03-02T10:30:17+00:00","breadcrumb":{"@id":"https:\/\/eurotrader.eu\/contact\/#breadcrumb"},"inLanguage":"pt-PT","potentialAction":[{"@type":"ReadAction","target":["https:\/\/eurotrader.eu\/contact\/"]}]},{"@type":"ImageObject","inLanguage":"pt-PT","@id":"https:\/\/eurotrader.eu\/contact\/#primaryimage","url":"https:\/\/eurotrader.eu\/wp-content\/uploads\/live-chat.png","contentUrl":"https:\/\/eurotrader.eu\/wp-content\/uploads\/live-chat.png"},{"@type":"BreadcrumbList","@id":"https:\/\/eurotrader.eu\/contact\/#breadcrumb","itemListElement":[{"@type":"ListItem","position":1,"name":"Home","item":"https:\/\/eurotrader.eu\/pt-pt\/"},{"@type":"ListItem","position":2,"name":"Contate-nos"}]},{"@type":"WebSite","@id":"https:\/\/sienna-spider-789091.hostingersite.com\/#website","url":"https:\/\/sienna-spider-789091.hostingersite.com\/","name":"Eurotrader","description":"","publisher":{"@id":"https:\/\/sienna-spider-789091.hostingersite.com\/#organization"},"potentialAction":[{"@type":"SearchAction","target":{"@type":"EntryPoint","urlTemplate":"https:\/\/sienna-spider-789091.hostingersite.com\/?s={search_term_string}"},"query-input":{"@type":"PropertyValueSpecification","valueRequired":true,"valueName":"search_term_string"}}],"inLanguage":"pt-PT"},{"@type":"Organization","@id":"https:\/\/sienna-spider-789091.hostingersite.com\/#organization","name":"Eurotrader","url":"https:\/\/sienna-spider-789091.hostingersite.com\/","logo":{"@type":"ImageObject","inLanguage":"pt-PT","@id":"https:\/\/sienna-spider-789091.hostingersite.com\/#\/schema\/logo\/image\/","url":"https:\/\/eurotrader.eu\/wp-content\/uploads\/header-logo.svg","contentUrl":"https:\/\/eurotrader.eu\/wp-content\/uploads\/header-logo.svg","width":184,"height":28,"caption":"Eurotrader"},"image":{"@id":"https:\/\/sienna-spider-789091.hostingersite.com\/#\/schema\/logo\/image\/"}}]}},"_hostinger_reach_plugin_has_subscription_block":false,"_hostinger_reach_plugin_is_elementor":false,"_links":{"self":[{"href":"https:\/\/eurotrader.eu\/pt-pt\/wp-json\/wp\/v2\/pages\/2168","targetHints":{"allow":["GET"]}}],"collection":[{"href":"https:\/\/eurotrader.eu\/pt-pt\/wp-json\/wp\/v2\/pages"}],"about":[{"href":"https:\/\/eurotrader.eu\/pt-pt\/wp-json\/wp\/v2\/types\/page"}],"author":[{"embeddable":true,"href":"https:\/\/eurotrader.eu\/pt-pt\/wp-json\/wp\/v2\/users\/14"}],"replies":[{"embeddable":true,"href":"https:\/\/eurotrader.eu\/pt-pt\/wp-json\/wp\/v2\/comments?post=2168"}],"version-history":[{"count":7,"href":"https:\/\/eurotrader.eu\/pt-pt\/wp-json\/wp\/v2\/pages\/2168\/revisions"}],"predecessor-version":[{"id":7477,"href":"https:\/\/eurotrader.eu\/pt-pt\/wp-json\/wp\/v2\/pages\/2168\/revisions\/7477"}],"wp:attachment":[{"href":"https:\/\/eurotrader.eu\/pt-pt\/wp-json\/wp\/v2\/media?parent=2168"}],"curies":[{"name":"wp","href":"https:\/\/api.w.org\/{rel}","templated":true}]}}