{"id":2170,"date":"2023-10-29T21:08:55","date_gmt":"2023-10-29T21:08:55","guid":{"rendered":"http:\/\/website-stage.eurotrader.com\/conta-de-demonstracao\/"},"modified":"2024-04-09T09:07:43","modified_gmt":"2024-04-09T08:07:43","slug":"demo-account","status":"publish","type":"page","link":"https:\/\/eurotrader.eu\/pt-pt\/demo-account\/","title":{"rendered":"Conta de Demonstra\u00e7\u00e3o"},"content":{"rendered":"\t\t<div data-elementor-type=\"wp-page\" data-elementor-id=\"2170\" class=\"elementor elementor-2170 elementor-1038\" data-elementor-post-type=\"page\">\n\t\t\t\t<div class=\"elementor-element elementor-element-3eb522a6 e-flex e-con-boxed e-con e-parent\" data-id=\"3eb522a6\" data-element_type=\"container\">\n\t\t\t\t\t<div class=\"e-con-inner\">\n\t\t\t\t<div class=\"elementor-element elementor-element-5ba02fb0 elementor-widget elementor-widget-heading\" data-id=\"5ba02fb0\" data-element_type=\"widget\" data-widget_type=\"heading.default\">\n\t\t\t\t<div class=\"elementor-widget-container\">\n\t\t\t\t\t<h1 class=\"elementor-heading-title elementor-size-default\">Experimente nossa conta de demonstra\u00e7\u00e3o sem riscos<\/h1>\t\t\t\t<\/div>\n\t\t\t\t<\/div>\n\t\t\t\t<div class=\"elementor-element elementor-element-2952e64f small-width-content  center-content  elementor-widget elementor-widget-text-editor\" data-id=\"2952e64f\" data-element_type=\"widget\" data-widget_type=\"text-editor.default\">\n\t\t\t\t<div class=\"elementor-widget-container\">\n\t\t\t\t\t\t\t\t\t<p>Comece a negociar nos mercados com uma conta virtual gratuita da Eurotrader.<br \/>\nNossa demonstra\u00e7\u00e3o oferece US$ 100.000 em fundos virtuais para que voc\u00ea possa testar estrat\u00e9gias em um ambiente de mercado ao vivo sem arriscar dinheiro real.<\/p>\n\t\t\t\t\t\t\t\t<\/div>\n\t\t\t\t<\/div>\n\t\t\t\t\t<\/div>\n\t\t\t\t<\/div>\n\t\t<div class=\"elementor-element elementor-element-799e5228 e-flex e-con-boxed e-con e-parent\" data-id=\"799e5228\" data-element_type=\"container\" data-settings=\"{&quot;background_background&quot;:&quot;classic&quot;}\">\n\t\t\t\t\t<div class=\"e-con-inner\">\n\t\t<div class=\"elementor-element elementor-element-12572aa e-flex e-con-boxed e-con e-child\" data-id=\"12572aa\" data-element_type=\"container\" data-settings=\"{&quot;background_background&quot;:&quot;classic&quot;}\">\n\t\t\t\t\t<div class=\"e-con-inner\">\n\t\t\t\t<div class=\"elementor-element elementor-element-5a6ad8c6 elementor-widget elementor-widget-heading\" data-id=\"5a6ad8c6\" data-element_type=\"widget\" data-widget_type=\"heading.default\">\n\t\t\t\t<div class=\"elementor-widget-container\">\n\t\t\t\t\t<h2 class=\"elementor-heading-title elementor-size-default\">Decole com nosso <br>Conta de negocia\u00e7\u00e3o de demonstra\u00e7\u00e3o<\/h2>\t\t\t\t<\/div>\n\t\t\t\t<\/div>\n\t\t<div class=\"elementor-element elementor-element-4da130db e-flex e-con-boxed e-con e-child\" data-id=\"4da130db\" data-element_type=\"container\">\n\t\t\t\t\t<div class=\"e-con-inner\">\n\t\t<div class=\"elementor-element elementor-element-775b1095 e-flex e-con-boxed e-con e-child\" data-id=\"775b1095\" data-element_type=\"container\">\n\t\t\t\t\t<div class=\"e-con-inner\">\n\t\t\t\t<div class=\"elementor-element elementor-element-6e17d33f elementor-widget elementor-widget-text-editor\" data-id=\"6e17d33f\" data-element_type=\"widget\" data-widget_type=\"text-editor.default\">\n\t\t\t\t<div class=\"elementor-widget-container\">\n\t\t\t\t\t\t\t\t\t<p>Pronto para lan\u00e7ar a sua experi\u00eancia de negocia\u00e7\u00e3o? Nossa conta demo permite que voc\u00ea acenda os propulsores e decole sem riscos.<\/p>\n\t\t\t\t\t\t\t\t<\/div>\n\t\t\t\t<\/div>\n\t\t\t\t<div class=\"elementor-element elementor-element-5e561f14 elementor-widget elementor-widget-text-editor\" data-id=\"5e561f14\" data-element_type=\"widget\" data-widget_type=\"text-editor.default\">\n\t\t\t\t<div class=\"elementor-widget-container\">\n\t\t\t\t\t\t\t\t\t<p>Experimente nossa plataforma de ponta usando fundos virtuais. Domine sua lista de verifica\u00e7\u00e3o pr\u00e9-levantamento:<\/p>\n\t\t\t\t\t\t\t\t<\/div>\n\t\t\t\t<\/div>\n\t\t\t\t<div class=\"elementor-element elementor-element-385911cf elementor-icon-list--layout-traditional elementor-list-item-link-full_width elementor-widget elementor-widget-icon-list\" data-id=\"385911cf\" data-element_type=\"widget\" data-widget_type=\"icon-list.default\">\n\t\t\t\t<div class=\"elementor-widget-container\">\n\t\t\t\t\t\t\t<ul class=\"elementor-icon-list-items\">\n\t\t\t\t\t\t\t<li class=\"elementor-icon-list-item\">\n\t\t\t\t\t\t\t\t\t\t\t<span class=\"elementor-icon-list-icon\">\n\t\t\t\t\t\t\t<i aria-hidden=\"true\" class=\"fas fa-check\"><\/i>\t\t\t\t\t\t<\/span>\n\t\t\t\t\t\t\t\t\t\t<span class=\"elementor-icon-list-text\">Aprenda a navegar em nossa interface intuitiva<\/span>\n\t\t\t\t\t\t\t\t\t<\/li>\n\t\t\t\t\t\t\t\t<li class=\"elementor-icon-list-item\">\n\t\t\t\t\t\t\t\t\t\t\t<span class=\"elementor-icon-list-icon\">\n\t\t\t\t\t\t\t<i aria-hidden=\"true\" class=\"fas fa-check\"><\/i>\t\t\t\t\t\t<\/span>\n\t\t\t\t\t\t\t\t\t\t<span class=\"elementor-icon-list-text\">Teste e refine estrat\u00e9gias de negocia\u00e7\u00e3o<\/span>\n\t\t\t\t\t\t\t\t\t<\/li>\n\t\t\t\t\t\t\t\t<li class=\"elementor-icon-list-item\">\n\t\t\t\t\t\t\t\t\t\t\t<span class=\"elementor-icon-list-icon\">\n\t\t\t\t\t\t\t<i aria-hidden=\"true\" class=\"fas fa-check\"><\/i>\t\t\t\t\t\t<\/span>\n\t\t\t\t\t\t\t\t\t\t<span class=\"elementor-icon-list-text\">Estabele\u00e7a fluxos de trabalho adequados ao seu estilo<\/span>\n\t\t\t\t\t\t\t\t\t<\/li>\n\t\t\t\t\t\t\t\t<li class=\"elementor-icon-list-item\">\n\t\t\t\t\t\t\t\t\t\t\t<span class=\"elementor-icon-list-icon\">\n\t\t\t\t\t\t\t<i aria-hidden=\"true\" class=\"fas fa-check\"><\/i>\t\t\t\t\t\t<\/span>\n\t\t\t\t\t\t\t\t\t\t<span class=\"elementor-icon-list-text\">Descubra quais mercados liberam seu potencial\"<\/span>\n\t\t\t\t\t\t\t\t\t<\/li>\n\t\t\t\t\t\t<\/ul>\n\t\t\t\t\t\t<\/div>\n\t\t\t\t<\/div>\n\t\t\t\t\t<\/div>\n\t\t\t\t<\/div>\n\t\t<div class=\"elementor-element elementor-element-448d87c0 e-flex e-con-boxed e-con e-child\" data-id=\"448d87c0\" data-element_type=\"container\">\n\t\t\t\t\t<div class=\"e-con-inner\">\n\t\t\t\t<div class=\"elementor-element elementor-element-713bdcc7 elementor-widget elementor-widget-image\" data-id=\"713bdcc7\" data-element_type=\"widget\" data-widget_type=\"image.default\">\n\t\t\t\t<div class=\"elementor-widget-container\">\n\t\t\t\t\t\t\t\t\t\t\t\t\t\t\t<img fetchpriority=\"high\" decoding=\"async\" width=\"555\" height=\"292\" src=\"https:\/\/eurotrader.eu\/wp-content\/uploads\/demo-account.png\" class=\"attachment-large size-large wp-image-1034\" alt=\"Demo account\" \/>\t\t\t\t\t\t\t\t\t\t\t\t\t\t\t<\/div>\n\t\t\t\t<\/div>\n\t\t\t\t\t<\/div>\n\t\t\t\t<\/div>\n\t\t\t\t\t<\/div>\n\t\t\t\t<\/div>\n\t\t\t\t<div class=\"elementor-element elementor-element-12e0574a elementor-align-center btn gold-btn elementor-widget elementor-widget-button\" data-id=\"12e0574a\" data-element_type=\"widget\" data-widget_type=\"button.default\">\n\t\t\t\t<div class=\"elementor-widget-container\">\n\t\t\t\t\t\t\t\t\t<div class=\"elementor-button-wrapper\">\n\t\t\t\t\t<a class=\"elementor-button elementor-size-sm\" role=\"button\">\n\t\t\t\t\t\t<span class=\"elementor-button-content-wrapper\">\n\t\t\t\t\t\t\t\t\t<span class=\"elementor-button-text\">Experimente a demonstra\u00e7\u00e3o<\/span>\n\t\t\t\t\t<\/span>\n\t\t\t\t\t<\/a>\n\t\t\t\t<\/div>\n\t\t\t\t\t\t\t\t<\/div>\n\t\t\t\t<\/div>\n\t\t\t\t\t<\/div>\n\t\t\t\t<\/div>\n\t\t\t\t\t<\/div>\n\t\t\t\t<\/div>\n\t\t<div class=\"elementor-element elementor-element-257debbe e-flex e-con-boxed e-con e-parent\" data-id=\"257debbe\" data-element_type=\"container\" id=\"education-boxes-section\">\n\t\t\t\t\t<div class=\"e-con-inner\">\n\t\t<div class=\"elementor-element elementor-element-3bfd5385 e-con-full e-flex e-con e-child\" data-id=\"3bfd5385\" data-element_type=\"container\">\n\t\t\t\t<\/div>\n\t\t<div class=\"elementor-element elementor-element-123a5265 e-con-full e-flex e-con e-child\" data-id=\"123a5265\" data-element_type=\"container\">\n\t\t\t\t<div class=\"elementor-element elementor-element-253256d8 elementor-widget elementor-widget-heading\" data-id=\"253256d8\" data-element_type=\"widget\" data-widget_type=\"heading.default\">\n\t\t\t\t<div class=\"elementor-widget-container\">\n\t\t\t\t\t<h2 class=\"elementor-heading-title elementor-size-default\">Eurotrader <br> Academia<\/h2>\t\t\t\t<\/div>\n\t\t\t\t<\/div>\n\t\t\t\t<div class=\"elementor-element elementor-element-4530c960 elementor-widget elementor-widget-text-editor\" data-id=\"4530c960\" data-element_type=\"widget\" data-widget_type=\"text-editor.default\">\n\t\t\t\t<div class=\"elementor-widget-container\">\n\t\t\t\t\t\t\t\t\t<p>Como diz o velho ditado, um investimento em conhecimento rende os melhores juros \u2013 e na Eurotrader, o que importa s\u00e3o bons investimentos.<\/p>\n\t\t\t\t\t\t\t\t<\/div>\n\t\t\t\t<\/div>\n\t\t\t\t<div class=\"elementor-element elementor-element-123de418 elementor-widget elementor-widget-text-editor\" data-id=\"123de418\" data-element_type=\"widget\" data-widget_type=\"text-editor.default\">\n\t\t\t\t<div class=\"elementor-widget-container\">\n\t\t\t\t\t\t\t\t\t<p>Aprenda a negociar e desenvolva suas habilidades com a Eurotrader Academy. Temos muito para voc\u00ea assistir e ler para que possa dominar os mercados e tomar decis\u00f5es comerciais mais bem informadas.<\/p>\n\t\t\t\t\t\t\t\t<\/div>\n\t\t\t\t<\/div>\n\t\t\t\t<div class=\"elementor-element elementor-element-e38463d elementor-widget elementor-widget-spacer\" data-id=\"e38463d\" data-element_type=\"widget\" data-widget_type=\"spacer.default\">\n\t\t\t\t<div class=\"elementor-widget-container\">\n\t\t\t\t\t\t\t<div class=\"elementor-spacer\">\n\t\t\t<div class=\"elementor-spacer-inner\"><\/div>\n\t\t<\/div>\n\t\t\t\t\t\t<\/div>\n\t\t\t\t<\/div>\n\t\t<div class=\"elementor-element elementor-element-3a4996a e-flex e-con-boxed e-con e-child\" data-id=\"3a4996a\" data-element_type=\"container\">\n\t\t\t\t\t<div class=\"e-con-inner\">\n\t\t\t\t<div class=\"elementor-element elementor-element-5bec7006 education-box elementor-position-top elementor-widget elementor-widget-image-box\" data-id=\"5bec7006\" data-element_type=\"widget\" data-widget_type=\"image-box.default\">\n\t\t\t\t<div class=\"elementor-widget-container\">\n\t\t\t\t\t<div class=\"elementor-image-box-wrapper\"><figure class=\"elementor-image-box-img\"><a href=\"https:\/\/eurotrader.eu\/pt-pt\/ebooks\/\" tabindex=\"-1\"><img decoding=\"async\" width=\"67\" height=\"47\" src=\"https:\/\/eurotrader.eu\/wp-content\/uploads\/trading-ebooks.png\" class=\"attachment-full size-full wp-image-994\" alt=\"\" \/><\/a><\/figure><div class=\"elementor-image-box-content\"><h3 class=\"elementor-image-box-title\"><a href=\"https:\/\/eurotrader.eu\/pt-pt\/ebooks\/\">e-books<\/a><\/h3><\/div><\/div>\t\t\t\t<\/div>\n\t\t\t\t<\/div>\n\t\t\t\t<div class=\"elementor-element elementor-element-31bdf6ed education-box elementor-position-top elementor-widget elementor-widget-image-box\" data-id=\"31bdf6ed\" data-element_type=\"widget\" data-widget_type=\"image-box.default\">\n\t\t\t\t<div class=\"elementor-widget-container\">\n\t\t\t\t\t<div class=\"elementor-image-box-wrapper\"><figure class=\"elementor-image-box-img\"><a href=\"https:\/\/eurotrader.eu\/pt-pt\/video-courses\/\" tabindex=\"-1\"><img decoding=\"async\" width=\"65\" height=\"49\" src=\"https:\/\/eurotrader.eu\/wp-content\/uploads\/video-courses.png\" class=\"attachment-full size-full wp-image-995\" alt=\"\" \/><\/a><\/figure><div class=\"elementor-image-box-content\"><h3 class=\"elementor-image-box-title\"><a href=\"https:\/\/eurotrader.eu\/pt-pt\/video-courses\/\"> Cursos em v\u00eddeo<\/a><\/h3><\/div><\/div>\t\t\t\t<\/div>\n\t\t\t\t<\/div>\n\t\t\t\t\t<\/div>\n\t\t\t\t<\/div>\n\t\t\t\t<\/div>\n\t\t<div class=\"elementor-element elementor-element-1d15ead3 e-con-full e-flex e-con e-child\" data-id=\"1d15ead3\" data-element_type=\"container\">\n\t\t\t\t<\/div>\n\t\t\t\t\t<\/div>\n\t\t\t\t<\/div>\n\t\t<div class=\"elementor-element elementor-element-7087c2ee e-con-full e-flex e-con e-parent\" data-id=\"7087c2ee\" data-element_type=\"container\" data-settings=\"{&quot;background_background&quot;:&quot;classic&quot;}\">\n\t\t\t\t<div class=\"elementor-element elementor-element-6e252313 elementor-widget elementor-widget-shortcode\" data-id=\"6e252313\" data-element_type=\"widget\" data-widget_type=\"shortcode.default\">\n\t\t\t\t<div class=\"elementor-widget-container\">\n\t\t\t\t\t\t\t<div class=\"elementor-shortcode\"><div class=\"trading-in-action flex-d container\"><div><h2 class=\"white-c mobile-text-center\">Pronto para experimentar a negocia\u00e7\u00e3o de baixo custo em a\u00e7\u00e3o?<\/h2><p class=\"white-c mobile-text-center\">Abra uma conta demo sem risco para praticar negocia\u00e7\u00e3o com alavancagem e margem.\nEm seguida, negocie nos mercados vivos com flexibilidade.<\/p><\/div><div class=\"flex-d\"><div class=\"gold-btn btn\"><a href=\"\" target=\"_blank\">Comece a negociar<\/a><\/div><\/div><\/div><\/div>\n\t\t\t\t\t\t<\/div>\n\t\t\t\t<\/div>\n\t\t\t\t<\/div>\n\t\t\t\t<\/div>\n\t\t","protected":false},"excerpt":{"rendered":"<p>Experimente nossa conta de demonstra\u00e7\u00e3o sem riscos Comece a negociar nos mercados com uma conta virtual gratuita da Eurotrader. Nossa demonstra\u00e7\u00e3o oferece US$ 100.000 em fundos virtuais para que voc\u00ea possa testar estrat\u00e9gias em um ambiente de mercado ao vivo sem arriscar dinheiro real. Decole com nosso Conta de negocia\u00e7\u00e3o de demonstra\u00e7\u00e3o Pronto para lan\u00e7ar [&hellip;]<\/p>\n","protected":false},"author":14,"featured_media":0,"parent":0,"menu_order":0,"comment_status":"closed","ping_status":"closed","template":"","meta":{"_acf_changed":false,"footnotes":""},"class_list":["post-2170","page","type-page","status-publish","hentry"],"acf":[],"yoast_head":"<!-- This site is optimized with the Yoast SEO plugin v26.4 - https:\/\/yoast.com\/wordpress\/plugins\/seo\/ -->\n<title>Conta de Demonstra\u00e7\u00e3o - Eurotrader<\/title>\n<meta name=\"robots\" content=\"index, follow, max-snippet:-1, max-image-preview:large, max-video-preview:-1\" \/>\n<meta property=\"og:locale\" content=\"pt_PT\" \/>\n<meta property=\"og:type\" content=\"article\" \/>\n<meta property=\"og:title\" content=\"Conta de Demonstra\u00e7\u00e3o - Eurotrader\" \/>\n<meta property=\"og:description\" content=\"Experimente nossa conta de demonstra\u00e7\u00e3o sem riscos Comece a negociar nos mercados com uma conta virtual gratuita da Eurotrader. Nossa demonstra\u00e7\u00e3o oferece US$ 100.000 em fundos virtuais para que voc\u00ea possa testar estrat\u00e9gias em um ambiente de mercado ao vivo sem arriscar dinheiro real. Decole com nosso Conta de negocia\u00e7\u00e3o de demonstra\u00e7\u00e3o Pronto para lan\u00e7ar [&hellip;]\" \/>\n<meta property=\"og:url\" content=\"https:\/\/eurotrader.eu\/demo-account\/\" \/>\n<meta property=\"og:site_name\" content=\"Eurotrader\" \/>\n<meta property=\"article:modified_time\" content=\"2024-04-09T08:07:43+00:00\" \/>\n<meta property=\"og:image\" content=\"https:\/\/eurotrader.eu\/wp-content\/uploads\/demo-account.png\" \/>\n<meta name=\"twitter:card\" content=\"summary_large_image\" \/>\n<meta name=\"twitter:label1\" content=\"Tempo estimado de leitura\" \/>\n\t<meta name=\"twitter:data1\" content=\"1 minuto\" \/>\n<script type=\"application\/ld+json\" class=\"yoast-schema-graph\">{\"@context\":\"https:\/\/schema.org\",\"@graph\":[{\"@type\":\"WebPage\",\"@id\":\"https:\/\/eurotrader.eu\/demo-account\/\",\"url\":\"https:\/\/eurotrader.eu\/demo-account\/\",\"name\":\"Conta de Demonstra\u00e7\u00e3o - Eurotrader\",\"isPartOf\":{\"@id\":\"https:\/\/sienna-spider-789091.hostingersite.com\/#website\"},\"primaryImageOfPage\":{\"@id\":\"https:\/\/eurotrader.eu\/demo-account\/#primaryimage\"},\"image\":{\"@id\":\"https:\/\/eurotrader.eu\/demo-account\/#primaryimage\"},\"thumbnailUrl\":\"https:\/\/eurotrader.eu\/wp-content\/uploads\/demo-account.png\",\"datePublished\":\"2023-10-29T21:08:55+00:00\",\"dateModified\":\"2024-04-09T08:07:43+00:00\",\"breadcrumb\":{\"@id\":\"https:\/\/eurotrader.eu\/demo-account\/#breadcrumb\"},\"inLanguage\":\"pt-PT\",\"potentialAction\":[{\"@type\":\"ReadAction\",\"target\":[\"https:\/\/eurotrader.eu\/demo-account\/\"]}]},{\"@type\":\"ImageObject\",\"inLanguage\":\"pt-PT\",\"@id\":\"https:\/\/eurotrader.eu\/demo-account\/#primaryimage\",\"url\":\"https:\/\/eurotrader.eu\/wp-content\/uploads\/demo-account.png\",\"contentUrl\":\"https:\/\/eurotrader.eu\/wp-content\/uploads\/demo-account.png\"},{\"@type\":\"BreadcrumbList\",\"@id\":\"https:\/\/eurotrader.eu\/demo-account\/#breadcrumb\",\"itemListElement\":[{\"@type\":\"ListItem\",\"position\":1,\"name\":\"Home\",\"item\":\"https:\/\/eurotrader.eu\/pt-pt\/\"},{\"@type\":\"ListItem\",\"position\":2,\"name\":\"Conta de Demonstra\u00e7\u00e3o\"}]},{\"@type\":\"WebSite\",\"@id\":\"https:\/\/sienna-spider-789091.hostingersite.com\/#website\",\"url\":\"https:\/\/sienna-spider-789091.hostingersite.com\/\",\"name\":\"Eurotrader\",\"description\":\"\",\"publisher\":{\"@id\":\"https:\/\/sienna-spider-789091.hostingersite.com\/#organization\"},\"potentialAction\":[{\"@type\":\"SearchAction\",\"target\":{\"@type\":\"EntryPoint\",\"urlTemplate\":\"https:\/\/sienna-spider-789091.hostingersite.com\/?s={search_term_string}\"},\"query-input\":{\"@type\":\"PropertyValueSpecification\",\"valueRequired\":true,\"valueName\":\"search_term_string\"}}],\"inLanguage\":\"pt-PT\"},{\"@type\":\"Organization\",\"@id\":\"https:\/\/sienna-spider-789091.hostingersite.com\/#organization\",\"name\":\"Eurotrader\",\"url\":\"https:\/\/sienna-spider-789091.hostingersite.com\/\",\"logo\":{\"@type\":\"ImageObject\",\"inLanguage\":\"pt-PT\",\"@id\":\"https:\/\/sienna-spider-789091.hostingersite.com\/#\/schema\/logo\/image\/\",\"url\":\"https:\/\/eurotrader.eu\/wp-content\/uploads\/header-logo.svg\",\"contentUrl\":\"https:\/\/eurotrader.eu\/wp-content\/uploads\/header-logo.svg\",\"width\":184,\"height\":28,\"caption\":\"Eurotrader\"},\"image\":{\"@id\":\"https:\/\/sienna-spider-789091.hostingersite.com\/#\/schema\/logo\/image\/\"}}]}<\/script>\n<!-- \/ Yoast SEO plugin. -->","yoast_head_json":{"title":"Conta de Demonstra\u00e7\u00e3o - Eurotrader","robots":{"index":"index","follow":"follow","max-snippet":"max-snippet:-1","max-image-preview":"max-image-preview:large","max-video-preview":"max-video-preview:-1"},"og_locale":"pt_PT","og_type":"article","og_title":"Conta de Demonstra\u00e7\u00e3o - Eurotrader","og_description":"Experimente nossa conta de demonstra\u00e7\u00e3o sem riscos Comece a negociar nos mercados com uma conta virtual gratuita da Eurotrader. Nossa demonstra\u00e7\u00e3o oferece US$ 100.000 em fundos virtuais para que voc\u00ea possa testar estrat\u00e9gias em um ambiente de mercado ao vivo sem arriscar dinheiro real. Decole com nosso Conta de negocia\u00e7\u00e3o de demonstra\u00e7\u00e3o Pronto para lan\u00e7ar [&hellip;]","og_url":"https:\/\/eurotrader.eu\/demo-account\/","og_site_name":"Eurotrader","article_modified_time":"2024-04-09T08:07:43+00:00","og_image":[{"url":"https:\/\/eurotrader.eu\/wp-content\/uploads\/demo-account.png","type":"","width":"","height":""}],"twitter_card":"summary_large_image","twitter_misc":{"Tempo estimado de leitura":"1 minuto"},"schema":{"@context":"https:\/\/schema.org","@graph":[{"@type":"WebPage","@id":"https:\/\/eurotrader.eu\/demo-account\/","url":"https:\/\/eurotrader.eu\/demo-account\/","name":"Conta de Demonstra\u00e7\u00e3o - Eurotrader","isPartOf":{"@id":"https:\/\/sienna-spider-789091.hostingersite.com\/#website"},"primaryImageOfPage":{"@id":"https:\/\/eurotrader.eu\/demo-account\/#primaryimage"},"image":{"@id":"https:\/\/eurotrader.eu\/demo-account\/#primaryimage"},"thumbnailUrl":"https:\/\/eurotrader.eu\/wp-content\/uploads\/demo-account.png","datePublished":"2023-10-29T21:08:55+00:00","dateModified":"2024-04-09T08:07:43+00:00","breadcrumb":{"@id":"https:\/\/eurotrader.eu\/demo-account\/#breadcrumb"},"inLanguage":"pt-PT","potentialAction":[{"@type":"ReadAction","target":["https:\/\/eurotrader.eu\/demo-account\/"]}]},{"@type":"ImageObject","inLanguage":"pt-PT","@id":"https:\/\/eurotrader.eu\/demo-account\/#primaryimage","url":"https:\/\/eurotrader.eu\/wp-content\/uploads\/demo-account.png","contentUrl":"https:\/\/eurotrader.eu\/wp-content\/uploads\/demo-account.png"},{"@type":"BreadcrumbList","@id":"https:\/\/eurotrader.eu\/demo-account\/#breadcrumb","itemListElement":[{"@type":"ListItem","position":1,"name":"Home","item":"https:\/\/eurotrader.eu\/pt-pt\/"},{"@type":"ListItem","position":2,"name":"Conta de Demonstra\u00e7\u00e3o"}]},{"@type":"WebSite","@id":"https:\/\/sienna-spider-789091.hostingersite.com\/#website","url":"https:\/\/sienna-spider-789091.hostingersite.com\/","name":"Eurotrader","description":"","publisher":{"@id":"https:\/\/sienna-spider-789091.hostingersite.com\/#organization"},"potentialAction":[{"@type":"SearchAction","target":{"@type":"EntryPoint","urlTemplate":"https:\/\/sienna-spider-789091.hostingersite.com\/?s={search_term_string}"},"query-input":{"@type":"PropertyValueSpecification","valueRequired":true,"valueName":"search_term_string"}}],"inLanguage":"pt-PT"},{"@type":"Organization","@id":"https:\/\/sienna-spider-789091.hostingersite.com\/#organization","name":"Eurotrader","url":"https:\/\/sienna-spider-789091.hostingersite.com\/","logo":{"@type":"ImageObject","inLanguage":"pt-PT","@id":"https:\/\/sienna-spider-789091.hostingersite.com\/#\/schema\/logo\/image\/","url":"https:\/\/eurotrader.eu\/wp-content\/uploads\/header-logo.svg","contentUrl":"https:\/\/eurotrader.eu\/wp-content\/uploads\/header-logo.svg","width":184,"height":28,"caption":"Eurotrader"},"image":{"@id":"https:\/\/sienna-spider-789091.hostingersite.com\/#\/schema\/logo\/image\/"}}]}},"_hostinger_reach_plugin_has_subscription_block":false,"_hostinger_reach_plugin_is_elementor":false,"_links":{"self":[{"href":"https:\/\/eurotrader.eu\/pt-pt\/wp-json\/wp\/v2\/pages\/2170","targetHints":{"allow":["GET"]}}],"collection":[{"href":"https:\/\/eurotrader.eu\/pt-pt\/wp-json\/wp\/v2\/pages"}],"about":[{"href":"https:\/\/eurotrader.eu\/pt-pt\/wp-json\/wp\/v2\/types\/page"}],"author":[{"embeddable":true,"href":"https:\/\/eurotrader.eu\/pt-pt\/wp-json\/wp\/v2\/users\/14"}],"replies":[{"embeddable":true,"href":"https:\/\/eurotrader.eu\/pt-pt\/wp-json\/wp\/v2\/comments?post=2170"}],"version-history":[{"count":6,"href":"https:\/\/eurotrader.eu\/pt-pt\/wp-json\/wp\/v2\/pages\/2170\/revisions"}],"predecessor-version":[{"id":5443,"href":"https:\/\/eurotrader.eu\/pt-pt\/wp-json\/wp\/v2\/pages\/2170\/revisions\/5443"}],"wp:attachment":[{"href":"https:\/\/eurotrader.eu\/pt-pt\/wp-json\/wp\/v2\/media?parent=2170"}],"curies":[{"name":"wp","href":"https:\/\/api.w.org\/{rel}","templated":true}]}}