{"id":2172,"date":"2023-10-26T20:16:00","date_gmt":"2023-10-26T19:16:00","guid":{"rendered":"http:\/\/website-stage.eurotrader.com\/centro-de-educacao-eurotrader\/"},"modified":"2023-11-20T08:37:14","modified_gmt":"2023-11-20T08:37:14","slug":"eurotrader-education-hub","status":"publish","type":"page","link":"https:\/\/eurotrader.eu\/pt-pt\/eurotrader-education-hub\/","title":{"rendered":"Centro de Educa\u00e7\u00e3o Eurotrader"},"content":{"rendered":"\t\t<div data-elementor-type=\"wp-page\" data-elementor-id=\"2172\" class=\"elementor elementor-2172 elementor-972\" data-elementor-post-type=\"page\">\n\t\t\t\t<div class=\"elementor-element elementor-element-73c3fe57 e-flex e-con-boxed e-con e-parent\" data-id=\"73c3fe57\" data-element_type=\"container\">\n\t\t\t\t\t<div class=\"e-con-inner\">\n\t\t\t\t<div class=\"elementor-element elementor-element-6dc44c49 elementor-widget elementor-widget-heading\" data-id=\"6dc44c49\" data-element_type=\"widget\" data-widget_type=\"heading.default\">\n\t\t\t\t<div class=\"elementor-widget-container\">\n\t\t\t\t\t<h1 class=\"elementor-heading-title elementor-size-default\">Centro de Educa\u00e7\u00e3o Eurotrader<\/h1>\t\t\t\t<\/div>\n\t\t\t\t<\/div>\n\t\t\t\t<div class=\"elementor-element elementor-element-1d16232b large-width-content  center-content  elementor-widget elementor-widget-text-editor\" data-id=\"1d16232b\" data-element_type=\"widget\" data-widget_type=\"text-editor.default\">\n\t\t\t\t<div class=\"elementor-widget-container\">\n\t\t\t\t\t\t\t\t\t<p>Na EuroTrader, oferecemos um conjunto de recursos educacionais para ajudar a acelerar as suas habilidades de negocia\u00e7\u00e3o. Desde e-books e cursos em v\u00eddeo at\u00e9 orienta\u00e7\u00f5es sobre plataformas, nossas ferramentas de aprendizagem oferecem educa\u00e7\u00e3o pr\u00e1tica para traders de todos os n\u00edveis<\/p>\n\t\t\t\t\t\t\t\t<\/div>\n\t\t\t\t<\/div>\n\t\t\t\t\t<\/div>\n\t\t\t\t<\/div>\n\t\t<div class=\"elementor-element elementor-element-1a43adbd e-flex e-con-boxed e-con e-parent\" data-id=\"1a43adbd\" data-element_type=\"container\" id=\"education-boxes-section\">\n\t\t\t\t\t<div class=\"e-con-inner\">\n\t\t\t\t<div class=\"elementor-element elementor-element-4493e9a education-box elementor-position-top elementor-widget elementor-widget-image-box\" data-id=\"4493e9a\" data-element_type=\"widget\" data-widget_type=\"image-box.default\">\n\t\t\t\t<div class=\"elementor-widget-container\">\n\t\t\t\t\t<div class=\"elementor-image-box-wrapper\"><figure class=\"elementor-image-box-img\"><a href=\"https:\/\/eurotrader.eu\/pt-pt\/e-books\/\" tabindex=\"-1\"><img decoding=\"async\" width=\"67\" height=\"47\" src=\"https:\/\/eurotrader.eu\/wp-content\/uploads\/trading-ebooks.png\" class=\"attachment-full size-full wp-image-994\" alt=\"\" \/><\/a><\/figure><div class=\"elementor-image-box-content\"><h3 class=\"elementor-image-box-title\"><a href=\"https:\/\/eurotrader.eu\/pt-pt\/e-books\/\">e-books de Negocia\u00e7\u00e3o<\/a><\/h3><p class=\"elementor-image-box-description\">Acesse nossa biblioteca de guias de e-books que cobrem tudo, desde fundamentos de negocia\u00e7\u00e3o at\u00e9 estrat\u00e9gias avan\u00e7adas. Nossos e-books oferecem t\u00e9cnicas baseadas em pesquisas explicadas por meio de exemplos reais de negocia\u00e7\u00e3o, gr\u00e1ficos e an\u00e1lises.<\/p><\/div><\/div>\t\t\t\t<\/div>\n\t\t\t\t<\/div>\n\t\t\t\t<div class=\"elementor-element elementor-element-e80797a education-box elementor-position-top elementor-widget elementor-widget-image-box\" data-id=\"e80797a\" data-element_type=\"widget\" data-widget_type=\"image-box.default\">\n\t\t\t\t<div class=\"elementor-widget-container\">\n\t\t\t\t\t<div class=\"elementor-image-box-wrapper\"><figure class=\"elementor-image-box-img\"><a href=\"https:\/\/eurotrader.eu\/pt-pt\/cursos-em-video\/\" tabindex=\"-1\"><img decoding=\"async\" width=\"65\" height=\"49\" src=\"https:\/\/eurotrader.eu\/wp-content\/uploads\/video-courses.png\" class=\"attachment-full size-full wp-image-995\" alt=\"\" \/><\/a><\/figure><div class=\"elementor-image-box-content\"><h3 class=\"elementor-image-box-title\"><a href=\"https:\/\/eurotrader.eu\/pt-pt\/cursos-em-video\/\"> Cursos em v\u00eddeo<\/a><\/h3><p class=\"elementor-image-box-description\">Aprenda com treinadores de negocia\u00e7\u00e3o experientes por meio de videoaulas sob demanda. Nossos cursos cobrem forex, criptomoeda, a\u00e7\u00f5es, an\u00e1lise t\u00e9cnica e muito mais. Assista a v\u00eddeos curtos em qualquer lugar, a qualquer hora<\/p><\/div><\/div>\t\t\t\t<\/div>\n\t\t\t\t<\/div>\n\t\t\t\t<div class=\"elementor-element elementor-element-35f390c education-box elementor-position-top elementor-widget elementor-widget-image-box\" data-id=\"35f390c\" data-element_type=\"widget\" data-widget_type=\"image-box.default\">\n\t\t\t\t<div class=\"elementor-widget-container\">\n\t\t\t\t\t<div class=\"elementor-image-box-wrapper\"><figure class=\"elementor-image-box-img\"><a href=\"https:\/\/eurotrader.eu\/pt-pt\/tutoriais-de-plataformas\/\" tabindex=\"-1\"><img decoding=\"async\" width=\"61\" height=\"56\" src=\"https:\/\/eurotrader.eu\/wp-content\/uploads\/platform-tutorials.png\" class=\"attachment-full size-full wp-image-984\" alt=\"\" \/><\/a><\/figure><div class=\"elementor-image-box-content\"><h3 class=\"elementor-image-box-title\"><a href=\"https:\/\/eurotrader.eu\/pt-pt\/tutoriais-de-plataformas\/\">Tutorial da plataforma<\/a><\/h3><p class=\"elementor-image-box-description\">Domine nossas plataformas de negocia\u00e7\u00e3o l\u00edderes do setor, como o MetaTrader, com tutoriais em v\u00eddeo passo a passo diretamente no software. Os tutoriais guiam voc\u00ea pelos principais recursos para que voc\u00ea possa negociar com confian\u00e7a.<\/p><\/div><\/div>\t\t\t\t<\/div>\n\t\t\t\t<\/div>\n\t\t\t\t<div class=\"elementor-element elementor-element-2a20eb15 education-box elementor-hidden-desktop elementor-hidden-tablet elementor-hidden-mobile elementor-position-top elementor-widget elementor-widget-image-box\" data-id=\"2a20eb15\" data-element_type=\"widget\" data-widget_type=\"image-box.default\">\n\t\t\t\t<div class=\"elementor-widget-container\">\n\t\t\t\t\t<div class=\"elementor-image-box-wrapper\"><figure class=\"elementor-image-box-img\"><a href=\"https:\/\/eurotrader.eu\/pt-pt\/noticias-diarias-do-mercado\/\" tabindex=\"-1\"><img loading=\"lazy\" decoding=\"async\" width=\"64\" height=\"62\" src=\"https:\/\/eurotrader.eu\/wp-content\/uploads\/daily-market.png\" class=\"attachment-full size-full wp-image-986\" alt=\"\" \/><\/a><\/figure><div class=\"elementor-image-box-content\"><h3 class=\"elementor-image-box-title\"><a href=\"https:\/\/eurotrader.eu\/pt-pt\/noticias-diarias-do-mercado\/\">Coment\u00e1rio di\u00e1rio do mercado<\/a><\/h3><p class=\"elementor-image-box-description\">Domine nossas plataformas de negocia\u00e7\u00e3o l\u00edderes do setor, como o MetaTrader, com tutoriais em v\u00eddeo passo a passo diretamente no software. Os tutoriais guiam voc\u00ea pelos principais recursos para que voc\u00ea possa negociar com confian\u00e7a.<\/p><\/div><\/div>\t\t\t\t<\/div>\n\t\t\t\t<\/div>\n\t\t\t\t\t<\/div>\n\t\t\t\t<\/div>\n\t\t<div class=\"elementor-element elementor-element-6c7d5287 e-flex e-con-boxed e-con e-parent\" data-id=\"6c7d5287\" data-element_type=\"container\" id=\"learn-boxes-section\" data-settings=\"{&quot;background_background&quot;:&quot;classic&quot;}\">\n\t\t\t\t\t<div class=\"e-con-inner\">\n\t\t<div class=\"elementor-element elementor-element-4ed3cd8e e-flex e-con-boxed e-con e-child\" data-id=\"4ed3cd8e\" data-element_type=\"container\" data-settings=\"{&quot;background_background&quot;:&quot;classic&quot;}\">\n\t\t\t\t\t<div class=\"e-con-inner\">\n\t\t\t\t<div class=\"elementor-element elementor-element-7083815 elementor-widget elementor-widget-heading\" data-id=\"7083815\" data-element_type=\"widget\" data-widget_type=\"heading.default\">\n\t\t\t\t<div class=\"elementor-widget-container\">\n\t\t\t\t\t<h2 class=\"elementor-heading-title elementor-size-default\">O que voc\u00ea aprender\u00e1?<\/h2>\t\t\t\t<\/div>\n\t\t\t\t<\/div>\n\t\t<div class=\"elementor-element elementor-element-766944c4 e-flex e-con-boxed e-con e-child\" data-id=\"766944c4\" data-element_type=\"container\">\n\t\t\t\t\t<div class=\"e-con-inner\">\n\t\t\t\t<div class=\"elementor-element elementor-element-5ffecfa8 box-with-shadow-column-1 elementor-position-top elementor-widget elementor-widget-image-box\" data-id=\"5ffecfa8\" data-element_type=\"widget\" data-widget_type=\"image-box.default\">\n\t\t\t\t<div class=\"elementor-widget-container\">\n\t\t\t\t\t<div class=\"elementor-image-box-wrapper\"><figure class=\"elementor-image-box-img\"><img loading=\"lazy\" decoding=\"async\" width=\"48\" height=\"48\" src=\"https:\/\/eurotrader.eu\/wp-content\/uploads\/forex-education.png\" class=\"attachment-full size-full wp-image-985\" alt=\"\" \/><\/figure><div class=\"elementor-image-box-content\"><h3 class=\"elementor-image-box-title\">Negocia\u00e7\u00e3o Forex<\/h3><\/div><\/div>\t\t\t\t<\/div>\n\t\t\t\t<\/div>\n\t\t\t\t<div class=\"elementor-element elementor-element-53e31007 box-with-shadow-column-1 elementor-position-top elementor-widget elementor-widget-image-box\" data-id=\"53e31007\" data-element_type=\"widget\" data-widget_type=\"image-box.default\">\n\t\t\t\t<div class=\"elementor-widget-container\">\n\t\t\t\t\t<div class=\"elementor-image-box-wrapper\"><figure class=\"elementor-image-box-img\"><img loading=\"lazy\" decoding=\"async\" width=\"61\" height=\"52\" src=\"https:\/\/eurotrader.eu\/wp-content\/uploads\/terminology-education.png\" class=\"attachment-full size-full wp-image-987\" alt=\"\" \/><\/figure><div class=\"elementor-image-box-content\"><h3 class=\"elementor-image-box-title\">Terminologia<\/h3><\/div><\/div>\t\t\t\t<\/div>\n\t\t\t\t<\/div>\n\t\t\t\t<div class=\"elementor-element elementor-element-7cc86ddf box-with-shadow-column-1 elementor-position-top elementor-widget elementor-widget-image-box\" data-id=\"7cc86ddf\" data-element_type=\"widget\" data-widget_type=\"image-box.default\">\n\t\t\t\t<div class=\"elementor-widget-container\">\n\t\t\t\t\t<div class=\"elementor-image-box-wrapper\"><figure class=\"elementor-image-box-img\"><img loading=\"lazy\" decoding=\"async\" width=\"48\" height=\"48\" src=\"https:\/\/eurotrader.eu\/wp-content\/uploads\/crypto-education.png\" class=\"attachment-full size-full wp-image-990\" alt=\"\" \/><\/figure><div class=\"elementor-image-box-content\"><h3 class=\"elementor-image-box-title\">Negocia\u00e7\u00e3o de criptografia<\/h3><\/div><\/div>\t\t\t\t<\/div>\n\t\t\t\t<\/div>\n\t\t\t\t\t<\/div>\n\t\t\t\t<\/div>\n\t\t<div class=\"elementor-element elementor-element-50a4eba0 e-flex e-con-boxed e-con e-child\" data-id=\"50a4eba0\" data-element_type=\"container\">\n\t\t\t\t\t<div class=\"e-con-inner\">\n\t\t\t\t<div class=\"elementor-element elementor-element-2ac77f89 box-with-shadow-column-1 elementor-position-top elementor-widget elementor-widget-image-box\" data-id=\"2ac77f89\" data-element_type=\"widget\" data-widget_type=\"image-box.default\">\n\t\t\t\t<div class=\"elementor-widget-container\">\n\t\t\t\t\t<div class=\"elementor-image-box-wrapper\"><figure class=\"elementor-image-box-img\"><img loading=\"lazy\" decoding=\"async\" width=\"44\" height=\"60\" src=\"https:\/\/eurotrader.eu\/wp-content\/uploads\/technical-education.png\" class=\"attachment-full size-full wp-image-988\" alt=\"\" \/><\/figure><div class=\"elementor-image-box-content\"><h3 class=\"elementor-image-box-title\">Negocia\u00e7\u00e3o T\u00e9cnica<\/h3><\/div><\/div>\t\t\t\t<\/div>\n\t\t\t\t<\/div>\n\t\t\t\t<div class=\"elementor-element elementor-element-3ccdae2a box-with-shadow-column-1 elementor-position-top elementor-widget elementor-widget-image-box\" data-id=\"3ccdae2a\" data-element_type=\"widget\" data-widget_type=\"image-box.default\">\n\t\t\t\t<div class=\"elementor-widget-container\">\n\t\t\t\t\t<div class=\"elementor-image-box-wrapper\"><figure class=\"elementor-image-box-img\"><img loading=\"lazy\" decoding=\"async\" width=\"38\" height=\"59\" src=\"https:\/\/eurotrader.eu\/wp-content\/uploads\/strategic-trading-education.png\" class=\"attachment-full size-full wp-image-989\" alt=\"\" \/><\/figure><div class=\"elementor-image-box-content\"><h3 class=\"elementor-image-box-title\">Negocia\u00e7\u00e3o Estrat\u00e9gica<\/h3><\/div><\/div>\t\t\t\t<\/div>\n\t\t\t\t<\/div>\n\t\t\t\t<div class=\"elementor-element elementor-element-1167c6d8 box-with-shadow-column-1 elementor-position-top elementor-widget elementor-widget-image-box\" data-id=\"1167c6d8\" data-element_type=\"widget\" data-widget_type=\"image-box.default\">\n\t\t\t\t<div class=\"elementor-widget-container\">\n\t\t\t\t\t<div class=\"elementor-image-box-wrapper\"><figure class=\"elementor-image-box-img\"><img loading=\"lazy\" decoding=\"async\" width=\"76\" height=\"56\" src=\"https:\/\/eurotrader.eu\/wp-content\/uploads\/analysis-education.png\" class=\"attachment-full size-full wp-image-991\" alt=\"\" \/><\/figure><div class=\"elementor-image-box-content\"><h3 class=\"elementor-image-box-title\">Analise fundamental<\/h3><\/div><\/div>\t\t\t\t<\/div>\n\t\t\t\t<\/div>\n\t\t\t\t\t<\/div>\n\t\t\t\t<\/div>\n\t\t\t\t\t<\/div>\n\t\t\t\t<\/div>\n\t\t\t\t\t<\/div>\n\t\t\t\t<\/div>\n\t\t<div class=\"elementor-element elementor-element-2095ef79 e-con-full e-flex e-con e-parent\" data-id=\"2095ef79\" data-element_type=\"container\" data-settings=\"{&quot;background_background&quot;:&quot;classic&quot;}\">\n\t\t\t\t<div class=\"elementor-element elementor-element-6636a534 elementor-widget elementor-widget-shortcode\" data-id=\"6636a534\" data-element_type=\"widget\" data-widget_type=\"shortcode.default\">\n\t\t\t\t<div class=\"elementor-widget-container\">\n\t\t\t\t\t\t\t<div class=\"elementor-shortcode\"><div class=\"trading-in-action flex-d container\"><div><h2 class=\"white-c mobile-text-center\">Pronto para experimentar a negocia\u00e7\u00e3o de baixo custo em a\u00e7\u00e3o?<\/h2><p class=\"white-c mobile-text-center\">Abra uma conta demo sem risco para praticar negocia\u00e7\u00e3o com alavancagem e margem.\nEm seguida, negocie nos mercados vivos com flexibilidade.<\/p><\/div><div class=\"flex-d\"><div class=\"gold-btn btn\"><a href=\"\" target=\"_blank\">Comece a negociar<\/a><\/div><\/div><\/div><\/div>\n\t\t\t\t\t\t<\/div>\n\t\t\t\t<\/div>\n\t\t\t\t<\/div>\n\t\t\t\t<\/div>\n\t\t","protected":false},"excerpt":{"rendered":"<p>Centro de Educa\u00e7\u00e3o Eurotrader Na EuroTrader, oferecemos um conjunto de recursos educacionais para ajudar a acelerar as suas habilidades de negocia\u00e7\u00e3o. Desde e-books e cursos em v\u00eddeo at\u00e9 orienta\u00e7\u00f5es sobre plataformas, nossas ferramentas de aprendizagem oferecem educa\u00e7\u00e3o pr\u00e1tica para traders de todos os n\u00edveis e-books de Negocia\u00e7\u00e3o Acesse nossa biblioteca de guias de e-books que [&hellip;]<\/p>\n","protected":false},"author":14,"featured_media":0,"parent":0,"menu_order":0,"comment_status":"closed","ping_status":"closed","template":"","meta":{"_acf_changed":false,"footnotes":""},"class_list":["post-2172","page","type-page","status-publish","hentry"],"acf":[],"yoast_head":"<!-- This site is optimized with the Yoast SEO plugin v26.4 - https:\/\/yoast.com\/wordpress\/plugins\/seo\/ -->\n<title>Centro de Educa\u00e7\u00e3o Eurotrader - Eurotrader<\/title>\n<meta name=\"robots\" content=\"index, follow, max-snippet:-1, max-image-preview:large, max-video-preview:-1\" \/>\n<meta property=\"og:locale\" content=\"pt_PT\" \/>\n<meta property=\"og:type\" content=\"article\" \/>\n<meta property=\"og:title\" content=\"Centro de Educa\u00e7\u00e3o Eurotrader - Eurotrader\" \/>\n<meta property=\"og:description\" content=\"Centro de Educa\u00e7\u00e3o Eurotrader Na EuroTrader, oferecemos um conjunto de recursos educacionais para ajudar a acelerar as suas habilidades de negocia\u00e7\u00e3o. Desde e-books e cursos em v\u00eddeo at\u00e9 orienta\u00e7\u00f5es sobre plataformas, nossas ferramentas de aprendizagem oferecem educa\u00e7\u00e3o pr\u00e1tica para traders de todos os n\u00edveis e-books de Negocia\u00e7\u00e3o Acesse nossa biblioteca de guias de e-books que [&hellip;]\" \/>\n<meta property=\"og:url\" content=\"https:\/\/eurotrader.eu\/eurotrader-education-hub\/\" \/>\n<meta property=\"og:site_name\" content=\"Eurotrader\" \/>\n<meta property=\"article:modified_time\" content=\"2023-11-20T08:37:14+00:00\" \/>\n<meta property=\"og:image\" content=\"http:\/\/website-stage.eurotrader.com\/wp-content\/uploads\/trading-ebooks.png\" \/>\n<meta name=\"twitter:card\" content=\"summary_large_image\" \/>\n<meta name=\"twitter:label1\" content=\"Tempo estimado de leitura\" \/>\n\t<meta name=\"twitter:data1\" content=\"1 minuto\" \/>\n<script type=\"application\/ld+json\" class=\"yoast-schema-graph\">{\"@context\":\"https:\/\/schema.org\",\"@graph\":[{\"@type\":\"WebPage\",\"@id\":\"https:\/\/eurotrader.eu\/eurotrader-education-hub\/\",\"url\":\"https:\/\/eurotrader.eu\/eurotrader-education-hub\/\",\"name\":\"Centro de Educa\u00e7\u00e3o Eurotrader - Eurotrader\",\"isPartOf\":{\"@id\":\"https:\/\/sienna-spider-789091.hostingersite.com\/#website\"},\"primaryImageOfPage\":{\"@id\":\"https:\/\/eurotrader.eu\/eurotrader-education-hub\/#primaryimage\"},\"image\":{\"@id\":\"https:\/\/eurotrader.eu\/eurotrader-education-hub\/#primaryimage\"},\"thumbnailUrl\":\"http:\/\/website-stage.eurotrader.com\/wp-content\/uploads\/trading-ebooks.png\",\"datePublished\":\"2023-10-26T19:16:00+00:00\",\"dateModified\":\"2023-11-20T08:37:14+00:00\",\"breadcrumb\":{\"@id\":\"https:\/\/eurotrader.eu\/eurotrader-education-hub\/#breadcrumb\"},\"inLanguage\":\"pt-PT\",\"potentialAction\":[{\"@type\":\"ReadAction\",\"target\":[\"https:\/\/eurotrader.eu\/eurotrader-education-hub\/\"]}]},{\"@type\":\"ImageObject\",\"inLanguage\":\"pt-PT\",\"@id\":\"https:\/\/eurotrader.eu\/eurotrader-education-hub\/#primaryimage\",\"url\":\"http:\/\/website-stage.eurotrader.com\/wp-content\/uploads\/trading-ebooks.png\",\"contentUrl\":\"http:\/\/website-stage.eurotrader.com\/wp-content\/uploads\/trading-ebooks.png\"},{\"@type\":\"BreadcrumbList\",\"@id\":\"https:\/\/eurotrader.eu\/eurotrader-education-hub\/#breadcrumb\",\"itemListElement\":[{\"@type\":\"ListItem\",\"position\":1,\"name\":\"Home\",\"item\":\"https:\/\/eurotrader.eu\/pt-pt\/\"},{\"@type\":\"ListItem\",\"position\":2,\"name\":\"Centro de Educa\u00e7\u00e3o Eurotrader\"}]},{\"@type\":\"WebSite\",\"@id\":\"https:\/\/sienna-spider-789091.hostingersite.com\/#website\",\"url\":\"https:\/\/sienna-spider-789091.hostingersite.com\/\",\"name\":\"Eurotrader\",\"description\":\"\",\"publisher\":{\"@id\":\"https:\/\/sienna-spider-789091.hostingersite.com\/#organization\"},\"potentialAction\":[{\"@type\":\"SearchAction\",\"target\":{\"@type\":\"EntryPoint\",\"urlTemplate\":\"https:\/\/sienna-spider-789091.hostingersite.com\/?s={search_term_string}\"},\"query-input\":{\"@type\":\"PropertyValueSpecification\",\"valueRequired\":true,\"valueName\":\"search_term_string\"}}],\"inLanguage\":\"pt-PT\"},{\"@type\":\"Organization\",\"@id\":\"https:\/\/sienna-spider-789091.hostingersite.com\/#organization\",\"name\":\"Eurotrader\",\"url\":\"https:\/\/sienna-spider-789091.hostingersite.com\/\",\"logo\":{\"@type\":\"ImageObject\",\"inLanguage\":\"pt-PT\",\"@id\":\"https:\/\/sienna-spider-789091.hostingersite.com\/#\/schema\/logo\/image\/\",\"url\":\"https:\/\/eurotrader.eu\/wp-content\/uploads\/header-logo.svg\",\"contentUrl\":\"https:\/\/eurotrader.eu\/wp-content\/uploads\/header-logo.svg\",\"width\":184,\"height\":28,\"caption\":\"Eurotrader\"},\"image\":{\"@id\":\"https:\/\/sienna-spider-789091.hostingersite.com\/#\/schema\/logo\/image\/\"}}]}<\/script>\n<!-- \/ Yoast SEO plugin. -->","yoast_head_json":{"title":"Centro de Educa\u00e7\u00e3o Eurotrader - Eurotrader","robots":{"index":"index","follow":"follow","max-snippet":"max-snippet:-1","max-image-preview":"max-image-preview:large","max-video-preview":"max-video-preview:-1"},"og_locale":"pt_PT","og_type":"article","og_title":"Centro de Educa\u00e7\u00e3o Eurotrader - Eurotrader","og_description":"Centro de Educa\u00e7\u00e3o Eurotrader Na EuroTrader, oferecemos um conjunto de recursos educacionais para ajudar a acelerar as suas habilidades de negocia\u00e7\u00e3o. Desde e-books e cursos em v\u00eddeo at\u00e9 orienta\u00e7\u00f5es sobre plataformas, nossas ferramentas de aprendizagem oferecem educa\u00e7\u00e3o pr\u00e1tica para traders de todos os n\u00edveis e-books de Negocia\u00e7\u00e3o Acesse nossa biblioteca de guias de e-books que [&hellip;]","og_url":"https:\/\/eurotrader.eu\/eurotrader-education-hub\/","og_site_name":"Eurotrader","article_modified_time":"2023-11-20T08:37:14+00:00","og_image":[{"url":"http:\/\/website-stage.eurotrader.com\/wp-content\/uploads\/trading-ebooks.png","type":"","width":"","height":""}],"twitter_card":"summary_large_image","twitter_misc":{"Tempo estimado de leitura":"1 minuto"},"schema":{"@context":"https:\/\/schema.org","@graph":[{"@type":"WebPage","@id":"https:\/\/eurotrader.eu\/eurotrader-education-hub\/","url":"https:\/\/eurotrader.eu\/eurotrader-education-hub\/","name":"Centro de Educa\u00e7\u00e3o Eurotrader - Eurotrader","isPartOf":{"@id":"https:\/\/sienna-spider-789091.hostingersite.com\/#website"},"primaryImageOfPage":{"@id":"https:\/\/eurotrader.eu\/eurotrader-education-hub\/#primaryimage"},"image":{"@id":"https:\/\/eurotrader.eu\/eurotrader-education-hub\/#primaryimage"},"thumbnailUrl":"http:\/\/website-stage.eurotrader.com\/wp-content\/uploads\/trading-ebooks.png","datePublished":"2023-10-26T19:16:00+00:00","dateModified":"2023-11-20T08:37:14+00:00","breadcrumb":{"@id":"https:\/\/eurotrader.eu\/eurotrader-education-hub\/#breadcrumb"},"inLanguage":"pt-PT","potentialAction":[{"@type":"ReadAction","target":["https:\/\/eurotrader.eu\/eurotrader-education-hub\/"]}]},{"@type":"ImageObject","inLanguage":"pt-PT","@id":"https:\/\/eurotrader.eu\/eurotrader-education-hub\/#primaryimage","url":"http:\/\/website-stage.eurotrader.com\/wp-content\/uploads\/trading-ebooks.png","contentUrl":"http:\/\/website-stage.eurotrader.com\/wp-content\/uploads\/trading-ebooks.png"},{"@type":"BreadcrumbList","@id":"https:\/\/eurotrader.eu\/eurotrader-education-hub\/#breadcrumb","itemListElement":[{"@type":"ListItem","position":1,"name":"Home","item":"https:\/\/eurotrader.eu\/pt-pt\/"},{"@type":"ListItem","position":2,"name":"Centro de Educa\u00e7\u00e3o Eurotrader"}]},{"@type":"WebSite","@id":"https:\/\/sienna-spider-789091.hostingersite.com\/#website","url":"https:\/\/sienna-spider-789091.hostingersite.com\/","name":"Eurotrader","description":"","publisher":{"@id":"https:\/\/sienna-spider-789091.hostingersite.com\/#organization"},"potentialAction":[{"@type":"SearchAction","target":{"@type":"EntryPoint","urlTemplate":"https:\/\/sienna-spider-789091.hostingersite.com\/?s={search_term_string}"},"query-input":{"@type":"PropertyValueSpecification","valueRequired":true,"valueName":"search_term_string"}}],"inLanguage":"pt-PT"},{"@type":"Organization","@id":"https:\/\/sienna-spider-789091.hostingersite.com\/#organization","name":"Eurotrader","url":"https:\/\/sienna-spider-789091.hostingersite.com\/","logo":{"@type":"ImageObject","inLanguage":"pt-PT","@id":"https:\/\/sienna-spider-789091.hostingersite.com\/#\/schema\/logo\/image\/","url":"https:\/\/eurotrader.eu\/wp-content\/uploads\/header-logo.svg","contentUrl":"https:\/\/eurotrader.eu\/wp-content\/uploads\/header-logo.svg","width":184,"height":28,"caption":"Eurotrader"},"image":{"@id":"https:\/\/sienna-spider-789091.hostingersite.com\/#\/schema\/logo\/image\/"}}]}},"_hostinger_reach_plugin_has_subscription_block":false,"_hostinger_reach_plugin_is_elementor":false,"_links":{"self":[{"href":"https:\/\/eurotrader.eu\/pt-pt\/wp-json\/wp\/v2\/pages\/2172","targetHints":{"allow":["GET"]}}],"collection":[{"href":"https:\/\/eurotrader.eu\/pt-pt\/wp-json\/wp\/v2\/pages"}],"about":[{"href":"https:\/\/eurotrader.eu\/pt-pt\/wp-json\/wp\/v2\/types\/page"}],"author":[{"embeddable":true,"href":"https:\/\/eurotrader.eu\/pt-pt\/wp-json\/wp\/v2\/users\/14"}],"replies":[{"embeddable":true,"href":"https:\/\/eurotrader.eu\/pt-pt\/wp-json\/wp\/v2\/comments?post=2172"}],"version-history":[{"count":3,"href":"https:\/\/eurotrader.eu\/pt-pt\/wp-json\/wp\/v2\/pages\/2172\/revisions"}],"predecessor-version":[{"id":3067,"href":"https:\/\/eurotrader.eu\/pt-pt\/wp-json\/wp\/v2\/pages\/2172\/revisions\/3067"}],"wp:attachment":[{"href":"https:\/\/eurotrader.eu\/pt-pt\/wp-json\/wp\/v2\/media?parent=2172"}],"curies":[{"name":"wp","href":"https:\/\/api.w.org\/{rel}","templated":true}]}}