{"id":2176,"date":"2023-10-25T11:53:39","date_gmt":"2023-10-25T10:53:39","guid":{"rendered":"http:\/\/website-stage.eurotrader.com\/tutoriais-de-plataformas\/"},"modified":"2023-11-20T08:42:26","modified_gmt":"2023-11-20T08:42:26","slug":"platform-tutorials","status":"publish","type":"page","link":"https:\/\/eurotrader.eu\/pt-pt\/platform-tutorials\/","title":{"rendered":"Tutoriais de plataformas"},"content":{"rendered":"\t\t<div data-elementor-type=\"wp-page\" data-elementor-id=\"2176\" class=\"elementor elementor-2176 elementor-964\" data-elementor-post-type=\"page\">\n\t\t\t\t<div class=\"elementor-element elementor-element-2fc5fa1b e-flex e-con-boxed e-con e-parent\" data-id=\"2fc5fa1b\" data-element_type=\"container\">\n\t\t\t\t\t<div class=\"e-con-inner\">\n\t\t\t\t<div class=\"elementor-element elementor-element-67ebef2c elementor-widget elementor-widget-heading\" data-id=\"67ebef2c\" data-element_type=\"widget\" data-widget_type=\"heading.default\">\n\t\t\t\t<div class=\"elementor-widget-container\">\n\t\t\t\t\t<h1 class=\"elementor-heading-title elementor-size-default\">Tutoriais de plataformas<\/h1>\t\t\t\t<\/div>\n\t\t\t\t<\/div>\n\t\t\t\t<div class=\"elementor-element elementor-element-4d968f8b small-width-content  center-content  elementor-widget elementor-widget-text-editor\" data-id=\"4d968f8b\" data-element_type=\"widget\" data-widget_type=\"text-editor.default\">\n\t\t\t\t<div class=\"elementor-widget-container\">\n\t\t\t\t\t\t\t\t\t<p>Aprenda os pr\u00f3s e contras do MT4 e do MT5 com a ajuda dos nossos tutoriais pr\u00e1ticos sobre a plataforma.<\/p>\n\t\t\t\t\t\t\t\t<\/div>\n\t\t\t\t<\/div>\n\t\t\t\t\t<\/div>\n\t\t\t\t<\/div>\n\t\t<div class=\"elementor-element elementor-element-24a8225d e-flex e-con-boxed e-con e-parent\" data-id=\"24a8225d\" data-element_type=\"container\">\n\t\t\t\t\t<div class=\"e-con-inner\">\n\t\t\t\t<div class=\"elementor-element elementor-element-de58855 elementor-widget elementor-widget-shortcode\" data-id=\"de58855\" data-element_type=\"widget\" data-widget_type=\"shortcode.default\">\n\t\t\t\t<div class=\"elementor-widget-container\">\n\t\t\t\t\t\n        <script>\n\n        if (window.traducationFxInitialized !== true) {\n            (function(w,d,t,h,l,b,p,o,a,m) {\n                w[\"TraducationFxObject\"]=o;\n                w[o] = w[o]||function() {\n                w[o].h=h;w[o].b=b;return (w[o].q=w[o].q||[]).push(arguments)\n                };\n                a=d.createElement(t),\n                m=d.getElementsByTagName(t)[0];\n                a.async=1;\n                a.src=h+l+\"?b=\"+b+\"&p=\"+p.join(\",\")+'&rd='+w.location.protocol+'\/\/'+w.location.host+'&ru='+w.location.pathname+w.location.hash;a.crossorigin=\"use-credentials\";m.parentNode.insertBefore(a,m)\n            })\n            (window,document,\"script\",\"https:\/\/embedder.traducationfx.com\/\",\"embedder.js\",\"E2PXvkf4XDn\",[],\"TraducationFX\");\n            TraducationFX(\"settings\", \"configure\", {\n                \"traderStateKey\": \"eP7gFXypBzC\"\n            });\n            window.traducationFxInitialized = true;\n        }\n        <\/script>\n\n        <script>\n            TraducationFX(\"video.traducation-tutorials\", \"configure\", {\n                \"containerId\": \"trfx-traducation-tutorials-\",\n                \"playlistKey\": \"KGWfHjMAtpD\",\n                \"thumbnailSet\": \"default\",\n                \"layout\": \"vertical-tabs\"\n            });\n\n            TraducationFX(\"video.traducation-tutorials\", \"embed\");\n            \n        <\/script>\n\n        <div id=\"trfx-traducation-tutorials-\" class=\"metatrader-tutorials\"><\/div>\t\t<div class=\"elementor-shortcode\"><\/div>\n\t\t\t\t\t\t<\/div>\n\t\t\t\t<\/div>\n\t\t\t\t\t<\/div>\n\t\t\t\t<\/div>\n\t\t<div class=\"elementor-element elementor-element-2ecd7859 e-flex e-con-boxed e-con e-parent\" data-id=\"2ecd7859\" data-element_type=\"container\">\n\t\t\t\t\t<div class=\"e-con-inner\">\n\t\t\t\t<div class=\"elementor-element elementor-element-1b318f5d elementor-widget elementor-widget-heading\" data-id=\"1b318f5d\" data-element_type=\"widget\" data-widget_type=\"heading.default\">\n\t\t\t\t<div class=\"elementor-widget-container\">\n\t\t\t\t\t<h2 class=\"elementor-heading-title elementor-size-default\">Escolha sua <br>plataforma perfeit<\/h2>\t\t\t\t<\/div>\n\t\t\t\t<\/div>\n\t\t\t\t<div class=\"elementor-element elementor-element-605dbc4d elementor-widget elementor-widget-spacer\" data-id=\"605dbc4d\" data-element_type=\"widget\" data-widget_type=\"spacer.default\">\n\t\t\t\t<div class=\"elementor-widget-container\">\n\t\t\t\t\t\t\t<div class=\"elementor-spacer\">\n\t\t\t<div class=\"elementor-spacer-inner\"><\/div>\n\t\t<\/div>\n\t\t\t\t\t\t<\/div>\n\t\t\t\t<\/div>\n\t\t<div class=\"elementor-element elementor-element-19a73aa1 e-flex e-con-boxed e-con e-child\" data-id=\"19a73aa1\" data-element_type=\"container\">\n\t\t\t\t\t<div class=\"e-con-inner\">\n\t\t\t\t<div class=\"elementor-element elementor-element-55c99893 elementor-widget elementor-widget-shortcode\" data-id=\"55c99893\" data-element_type=\"widget\" data-widget_type=\"shortcode.default\">\n\t\t\t\t<div class=\"elementor-widget-container\">\n\t\t\t\t\t\t\t<div class=\"elementor-shortcode\"><div class=\"flex-d trader-platforms-container\"><div class=\"platform mt4-platform\"><a href=\"\/mt4\/\" target=\"_blank\"><div class=\"platform-container\"><img decoding=\"async\" alt=\"MT4 Platform\" src=\"https:\/\/eurotrader.eu\/wp-content\/themes\/eurotrader\/includes\/images\/platforms\/mt4.png\"\/><h4>MT4<\/h4><p>MetaTrader 4 transforms trading with its intuitive interface and advanced analysis tools, empowering seamless strategy execution. With its mobile applications, traders can now trade anywhere, anytime, ensuring flexibility and accessibility on the go.<\/p><\/div><\/a><\/div><div class=\"platform mt5-platform\"><a href=\"\/mt5\/\" target=\"_blank\"><div class=\"platform-container\"><img decoding=\"async\" alt=\"MT5 Platform\" src=\"https:\/\/eurotrader.eu\/wp-content\/themes\/eurotrader\/includes\/images\/platforms\/mt5.png\"\/><h4>MT5<\/h4><p>Experience the future of trading with MetaTrader 5, where enhanced features like additional timeframes and advanced market depth functionality ensure every trade is precise and efficient. With its cutting-edge technology, MT5 sets a new standard for trading excellence<\/p><\/div><\/a><\/div><\/div><\/div>\n\t\t\t\t\t\t<\/div>\n\t\t\t\t<\/div>\n\t\t\t\t\t<\/div>\n\t\t\t\t<\/div>\n\t\t\t\t\t<\/div>\n\t\t\t\t<\/div>\n\t\t<div class=\"elementor-element elementor-element-8bc4d60 e-con-full e-flex e-con e-parent\" data-id=\"8bc4d60\" data-element_type=\"container\" data-settings=\"{&quot;background_background&quot;:&quot;classic&quot;}\">\n\t\t\t\t<div class=\"elementor-element elementor-element-7e5590fb elementor-widget elementor-widget-shortcode\" data-id=\"7e5590fb\" data-element_type=\"widget\" data-widget_type=\"shortcode.default\">\n\t\t\t\t<div class=\"elementor-widget-container\">\n\t\t\t\t\t\t\t<div class=\"elementor-shortcode\"><div class=\"trading-in-action flex-d container\"><div><h2 class=\"white-c mobile-text-center\">Pronto para experimentar a negocia\u00e7\u00e3o de baixo custo em a\u00e7\u00e3o?<\/h2><p class=\"white-c mobile-text-center\">Abra uma conta demo sem risco para praticar negocia\u00e7\u00e3o com alavancagem e margem.\nEm seguida, negocie nos mercados vivos com flexibilidade.<\/p><\/div><div class=\"flex-d\"><div class=\"gold-btn btn\"><a href=\"\" target=\"_blank\">Comece a negociar<\/a><\/div><\/div><\/div><\/div>\n\t\t\t\t\t\t<\/div>\n\t\t\t\t<\/div>\n\t\t\t\t<\/div>\n\t\t\t\t<\/div>\n\t\t","protected":false},"excerpt":{"rendered":"<p>Tutoriais de plataformas Aprenda os pr\u00f3s e contras do MT4 e do MT5 com a ajuda dos nossos tutoriais pr\u00e1ticos sobre a plataforma. Escolha sua plataforma perfeit<\/p>\n","protected":false},"author":14,"featured_media":0,"parent":0,"menu_order":0,"comment_status":"closed","ping_status":"closed","template":"","meta":{"_acf_changed":false,"footnotes":""},"class_list":["post-2176","page","type-page","status-publish","hentry"],"acf":[],"yoast_head":"<!-- This site is optimized with the Yoast SEO plugin v26.4 - https:\/\/yoast.com\/wordpress\/plugins\/seo\/ -->\n<title>Tutoriais de plataformas - Eurotrader<\/title>\n<meta name=\"robots\" content=\"index, follow, max-snippet:-1, max-image-preview:large, max-video-preview:-1\" \/>\n<meta property=\"og:locale\" content=\"pt_PT\" \/>\n<meta property=\"og:type\" content=\"article\" \/>\n<meta property=\"og:title\" content=\"Tutoriais de plataformas - Eurotrader\" \/>\n<meta property=\"og:description\" content=\"Tutoriais de plataformas Aprenda os pr\u00f3s e contras do MT4 e do MT5 com a ajuda dos nossos tutoriais pr\u00e1ticos sobre a plataforma. Escolha sua plataforma perfeit\" \/>\n<meta property=\"og:url\" content=\"https:\/\/eurotrader.eu\/platform-tutorials\/\" \/>\n<meta property=\"og:site_name\" content=\"Eurotrader\" \/>\n<meta property=\"article:modified_time\" content=\"2023-11-20T08:42:26+00:00\" \/>\n<meta name=\"twitter:card\" content=\"summary_large_image\" \/>\n<script type=\"application\/ld+json\" class=\"yoast-schema-graph\">{\"@context\":\"https:\/\/schema.org\",\"@graph\":[{\"@type\":\"WebPage\",\"@id\":\"https:\/\/eurotrader.eu\/platform-tutorials\/\",\"url\":\"https:\/\/eurotrader.eu\/platform-tutorials\/\",\"name\":\"Tutoriais de plataformas - Eurotrader\",\"isPartOf\":{\"@id\":\"https:\/\/sienna-spider-789091.hostingersite.com\/#website\"},\"datePublished\":\"2023-10-25T10:53:39+00:00\",\"dateModified\":\"2023-11-20T08:42:26+00:00\",\"breadcrumb\":{\"@id\":\"https:\/\/eurotrader.eu\/platform-tutorials\/#breadcrumb\"},\"inLanguage\":\"pt-PT\",\"potentialAction\":[{\"@type\":\"ReadAction\",\"target\":[\"https:\/\/eurotrader.eu\/platform-tutorials\/\"]}]},{\"@type\":\"BreadcrumbList\",\"@id\":\"https:\/\/eurotrader.eu\/platform-tutorials\/#breadcrumb\",\"itemListElement\":[{\"@type\":\"ListItem\",\"position\":1,\"name\":\"Home\",\"item\":\"https:\/\/eurotrader.eu\/pt-pt\/\"},{\"@type\":\"ListItem\",\"position\":2,\"name\":\"Tutoriais de plataformas\"}]},{\"@type\":\"WebSite\",\"@id\":\"https:\/\/sienna-spider-789091.hostingersite.com\/#website\",\"url\":\"https:\/\/sienna-spider-789091.hostingersite.com\/\",\"name\":\"Eurotrader\",\"description\":\"\",\"publisher\":{\"@id\":\"https:\/\/sienna-spider-789091.hostingersite.com\/#organization\"},\"potentialAction\":[{\"@type\":\"SearchAction\",\"target\":{\"@type\":\"EntryPoint\",\"urlTemplate\":\"https:\/\/sienna-spider-789091.hostingersite.com\/?s={search_term_string}\"},\"query-input\":{\"@type\":\"PropertyValueSpecification\",\"valueRequired\":true,\"valueName\":\"search_term_string\"}}],\"inLanguage\":\"pt-PT\"},{\"@type\":\"Organization\",\"@id\":\"https:\/\/sienna-spider-789091.hostingersite.com\/#organization\",\"name\":\"Eurotrader\",\"url\":\"https:\/\/sienna-spider-789091.hostingersite.com\/\",\"logo\":{\"@type\":\"ImageObject\",\"inLanguage\":\"pt-PT\",\"@id\":\"https:\/\/sienna-spider-789091.hostingersite.com\/#\/schema\/logo\/image\/\",\"url\":\"https:\/\/eurotrader.eu\/wp-content\/uploads\/header-logo.svg\",\"contentUrl\":\"https:\/\/eurotrader.eu\/wp-content\/uploads\/header-logo.svg\",\"width\":184,\"height\":28,\"caption\":\"Eurotrader\"},\"image\":{\"@id\":\"https:\/\/sienna-spider-789091.hostingersite.com\/#\/schema\/logo\/image\/\"}}]}<\/script>\n<!-- \/ Yoast SEO plugin. -->","yoast_head_json":{"title":"Tutoriais de plataformas - Eurotrader","robots":{"index":"index","follow":"follow","max-snippet":"max-snippet:-1","max-image-preview":"max-image-preview:large","max-video-preview":"max-video-preview:-1"},"og_locale":"pt_PT","og_type":"article","og_title":"Tutoriais de plataformas - Eurotrader","og_description":"Tutoriais de plataformas Aprenda os pr\u00f3s e contras do MT4 e do MT5 com a ajuda dos nossos tutoriais pr\u00e1ticos sobre a plataforma. Escolha sua plataforma perfeit","og_url":"https:\/\/eurotrader.eu\/platform-tutorials\/","og_site_name":"Eurotrader","article_modified_time":"2023-11-20T08:42:26+00:00","twitter_card":"summary_large_image","schema":{"@context":"https:\/\/schema.org","@graph":[{"@type":"WebPage","@id":"https:\/\/eurotrader.eu\/platform-tutorials\/","url":"https:\/\/eurotrader.eu\/platform-tutorials\/","name":"Tutoriais de plataformas - Eurotrader","isPartOf":{"@id":"https:\/\/sienna-spider-789091.hostingersite.com\/#website"},"datePublished":"2023-10-25T10:53:39+00:00","dateModified":"2023-11-20T08:42:26+00:00","breadcrumb":{"@id":"https:\/\/eurotrader.eu\/platform-tutorials\/#breadcrumb"},"inLanguage":"pt-PT","potentialAction":[{"@type":"ReadAction","target":["https:\/\/eurotrader.eu\/platform-tutorials\/"]}]},{"@type":"BreadcrumbList","@id":"https:\/\/eurotrader.eu\/platform-tutorials\/#breadcrumb","itemListElement":[{"@type":"ListItem","position":1,"name":"Home","item":"https:\/\/eurotrader.eu\/pt-pt\/"},{"@type":"ListItem","position":2,"name":"Tutoriais de plataformas"}]},{"@type":"WebSite","@id":"https:\/\/sienna-spider-789091.hostingersite.com\/#website","url":"https:\/\/sienna-spider-789091.hostingersite.com\/","name":"Eurotrader","description":"","publisher":{"@id":"https:\/\/sienna-spider-789091.hostingersite.com\/#organization"},"potentialAction":[{"@type":"SearchAction","target":{"@type":"EntryPoint","urlTemplate":"https:\/\/sienna-spider-789091.hostingersite.com\/?s={search_term_string}"},"query-input":{"@type":"PropertyValueSpecification","valueRequired":true,"valueName":"search_term_string"}}],"inLanguage":"pt-PT"},{"@type":"Organization","@id":"https:\/\/sienna-spider-789091.hostingersite.com\/#organization","name":"Eurotrader","url":"https:\/\/sienna-spider-789091.hostingersite.com\/","logo":{"@type":"ImageObject","inLanguage":"pt-PT","@id":"https:\/\/sienna-spider-789091.hostingersite.com\/#\/schema\/logo\/image\/","url":"https:\/\/eurotrader.eu\/wp-content\/uploads\/header-logo.svg","contentUrl":"https:\/\/eurotrader.eu\/wp-content\/uploads\/header-logo.svg","width":184,"height":28,"caption":"Eurotrader"},"image":{"@id":"https:\/\/sienna-spider-789091.hostingersite.com\/#\/schema\/logo\/image\/"}}]}},"_hostinger_reach_plugin_has_subscription_block":false,"_hostinger_reach_plugin_is_elementor":false,"_links":{"self":[{"href":"https:\/\/eurotrader.eu\/pt-pt\/wp-json\/wp\/v2\/pages\/2176","targetHints":{"allow":["GET"]}}],"collection":[{"href":"https:\/\/eurotrader.eu\/pt-pt\/wp-json\/wp\/v2\/pages"}],"about":[{"href":"https:\/\/eurotrader.eu\/pt-pt\/wp-json\/wp\/v2\/types\/page"}],"author":[{"embeddable":true,"href":"https:\/\/eurotrader.eu\/pt-pt\/wp-json\/wp\/v2\/users\/14"}],"replies":[{"embeddable":true,"href":"https:\/\/eurotrader.eu\/pt-pt\/wp-json\/wp\/v2\/comments?post=2176"}],"version-history":[{"count":3,"href":"https:\/\/eurotrader.eu\/pt-pt\/wp-json\/wp\/v2\/pages\/2176\/revisions"}],"predecessor-version":[{"id":3288,"href":"https:\/\/eurotrader.eu\/pt-pt\/wp-json\/wp\/v2\/pages\/2176\/revisions\/3288"}],"wp:attachment":[{"href":"https:\/\/eurotrader.eu\/pt-pt\/wp-json\/wp\/v2\/media?parent=2176"}],"curies":[{"name":"wp","href":"https:\/\/api.w.org\/{rel}","templated":true}]}}