{"id":2178,"date":"2023-10-29T21:05:05","date_gmt":"2023-10-29T21:05:05","guid":{"rendered":"http:\/\/website-stage.eurotrader.com\/documentos-legais\/"},"modified":"2024-04-09T09:13:29","modified_gmt":"2024-04-09T08:13:29","slug":"legal-documents","status":"publish","type":"page","link":"https:\/\/eurotrader.eu\/pt-pt\/legal-documents\/","title":{"rendered":"Documentos Legais"},"content":{"rendered":"\t\t<div data-elementor-type=\"wp-page\" data-elementor-id=\"2178\" class=\"elementor elementor-2178 elementor-1018\" data-elementor-post-type=\"page\">\n\t\t\t\t<div class=\"elementor-element elementor-element-3e9dc976 e-flex e-con-boxed e-con e-parent\" data-id=\"3e9dc976\" data-element_type=\"container\">\n\t\t\t\t\t<div class=\"e-con-inner\">\n\t\t\t\t<div class=\"elementor-element elementor-element-f9f6354 elementor-widget elementor-widget-heading\" data-id=\"f9f6354\" data-element_type=\"widget\" data-widget_type=\"heading.default\">\n\t\t\t\t<div class=\"elementor-widget-container\">\n\t\t\t\t\t<h1 class=\"elementor-heading-title elementor-size-default\">Documentos Legais<\/h1>\t\t\t\t<\/div>\n\t\t\t\t<\/div>\n\t\t\t\t<div class=\"elementor-element elementor-element-1a59e063 large-width-content  center-content  elementor-widget elementor-widget-text-editor\" data-id=\"1a59e063\" data-element_type=\"widget\" data-widget_type=\"text-editor.default\">\n\t\t\t\t<div class=\"elementor-widget-container\">\n\t\t\t\t\t\t\t\t\t<p>Reveja os seguintes documentos legais que regem os nossos servi\u00e7os e a sua rela\u00e7\u00e3o com a Eurotrader enquanto cliente. Entre em contato com nossa equipe de suporte se tiver alguma d\u00favida.<\/p>\n\t\t\t\t\t\t\t\t<\/div>\n\t\t\t\t<\/div>\n\t\t\t\t\t<\/div>\n\t\t\t\t<\/div>\n\t\t<div class=\"elementor-element elementor-element-1a62a003 e-flex e-con-boxed e-con e-parent\" data-id=\"1a62a003\" data-element_type=\"container\">\n\t\t\t\t\t<div class=\"e-con-inner\">\n\t\t\t\t<div class=\"elementor-element elementor-element-bbff078 elementor-widget elementor-widget-shortcode\" data-id=\"bbff078\" data-element_type=\"widget\" data-widget_type=\"shortcode.default\">\n\t\t\t\t<div class=\"elementor-widget-container\">\n\t\t\t\t\t\t\t<div class=\"elementor-shortcode\"><div id=\"documents-tabs\" class=\"tabs\"><ul class=\"nav nav-pills\"><li class=\"active\"><strong><a href=\"#terms-conditions\" data-toggle=\"tab\">Terms and Conditions<\/a><\/strong><\/li><li><strong><a href=\"#rts-28\" data-toggle=\"tab\">RTS 28<\/a><\/strong><\/li><li><strong><a href=\"#policies\" data-toggle=\"tab\">Policies<\/a><\/strong><\/li><li><strong><a href=\"#pillar\" data-toggle=\"tab\">PILLAR III<\/a><\/strong><\/li><li><strong><a href=\"#key-information-documents\" data-toggle=\"tab\">Key Information Documents<\/a><\/strong><\/li><li><strong><a href=\"#execution-statements\" data-toggle=\"tab\">Execution Statements<\/a><\/strong><\/li><li><strong><a href=\"#complaints\" data-toggle=\"tab\">Complaints<\/a><\/strong><\/li><\/ul><div class=\"tab-content clearfix\"><div class=\"tab-pane active\" id=\"terms-conditions\"><h3 class=\"documents-category center-align\">Terms and Conditions<\/h3><div class=\"accordion container\"><div class=\"document accordion-item\"><a href=\"6115\" target=\"_blank\"><h4>Termos e Condi\u00e7\u00f5es<\/h4><\/a><\/div><div class=\"document accordion-item\"><a href=\"6109\" target=\"_blank\"><h4>Termos e Condi\u00e7\u00f5es<\/h4><\/a><\/div><div class=\"document accordion-item\"><a href=\"3823\" target=\"_blank\"><h4>Aviso De Divulga\u00e7\u00e3o De Riscos<\/h4><\/a><\/div><div class=\"document accordion-item\"><a href=\"3811\" target=\"_blank\"><h4>Pol\u00edtica De Execu\u00e7\u00e3o De Ordens<\/h4><\/a><\/div><\/div><\/div><div class=\"tab-pane\" id=\"rts-28\"><h3 class=\"documents-category center-align\">RTS 28<\/h3><div class=\"accordion container\"><div class=\"document accordion-item\"><h4>Declara\u00e7\u00f5es Sum\u00e1rias Da Qualidade De Execu\u00e7\u00e3o 2018<\/h4><\/div><\/div><\/div><div class=\"tab-pane\" id=\"policies\"><h3 class=\"documents-category center-align\">Policies<\/h3><div class=\"accordion container\"><div class=\"document accordion-item\"><a href=\"3805\" target=\"_blank\"><h4>Pol\u00edtica de conflito de interesses<\/h4><\/a><\/div><div class=\"document accordion-item\"><a href=\"3799\" target=\"_blank\"><h4>Pol\u00edtica De Categoriza\u00e7\u00e3o De Clientes<\/h4><\/a><\/div><div class=\"document accordion-item\"><a href=\"3793\" target=\"_blank\"><h4>Pol\u00edtica De Privacidade<\/h4><\/a><\/div><div class=\"document accordion-item\"><a href=\"3787\" target=\"_blank\"><h4>Pol\u00edtica do fundo de compensa\u00e7\u00e3o dos investidores (ENG)<\/h4><\/a><\/div><div class=\"document accordion-item\"><a href=\"3781\" target=\"_blank\"><h4>Pol\u00edtica do fundo de compensa\u00e7\u00e3o dos investidores (GR)<\/h4><\/a><\/div><div class=\"document accordion-item\"><a href=\"3639\" target=\"_blank\"><h4>Contas Swap Free<\/h4><\/a><\/div><\/div><\/div><div class=\"tab-pane\" id=\"pillar\"><h3 class=\"documents-category center-align\">PILLAR III<\/h3><div class=\"accordion container\"><div class=\"document accordion-item\"><a href=\"3469\" target=\"_blank\"><h4>Divulga\u00e7\u00f5es e relat\u00f3rios de disciplina de mercado 2017<\/h4><\/a><\/div><div class=\"document accordion-item\"><a href=\"3512\" target=\"_blank\"><h4>Divulga\u00e7\u00f5es e relat\u00f3rios de disciplina de mercado 2018<\/h4><\/a><\/div><div class=\"document accordion-item\"><a href=\"3519\" target=\"_blank\"><h4>Divulga\u00e7\u00f5es e relat\u00f3rios de disciplina de mercado 2019<\/h4><\/a><\/div><div class=\"document accordion-item\"><a href=\"3526\" target=\"_blank\"><h4>Divulga\u00e7\u00f5es e relat\u00f3rios de disciplina de mercado 2020<\/h4><\/a><\/div><div class=\"document accordion-item\"><a href=\"3533\" target=\"_blank\"><h4>Divulga\u00e7\u00f5es e relat\u00f3rios de disciplina de mercado 2021<\/h4><\/a><\/div><div class=\"document accordion-item\"><a href=\"3540\" target=\"_blank\"><h4>Divulga\u00e7\u00f5es e relat\u00f3rios de disciplina de mercado 2022<\/h4><\/a><\/div><div class=\"document accordion-item\"><a href=\"5650\" target=\"_blank\"><h4>Divulga\u00e7\u00f5es e relat\u00f3rios de disciplina de mercado 2023<\/h4><\/a><\/div><\/div><\/div><div class=\"tab-pane\" id=\"key-information-documents\"><h3 class=\"documents-category center-align\">Key Information Documents<\/h3><div class=\"accordion container\"><div class=\"document accordion-item\"><a href=\"3836\" target=\"_blank\"><h4>CFDs Eurotrader sobre moedas FX<\/h4><\/a><\/div><div class=\"document accordion-item\"><a href=\"3843\" target=\"_blank\"><h4>Eurotrader CFDs sobre \u00edndices<\/h4><\/a><\/div><div class=\"document accordion-item\"><a href=\"3850\" target=\"_blank\"><h4>CFDs eurotrader sobre mercadorias<\/h4><\/a><\/div><div class=\"document accordion-item\"><a href=\"3857\" target=\"_blank\"><h4>Eurotrader CFDs sobre ac\u00e7\u00f5es<\/h4><\/a><\/div><div class=\"document accordion-item\"><a href=\"3864\" target=\"_blank\"><h4>Eurotrader CFDs sobre criptomoedas<\/h4><\/a><\/div><\/div><\/div><div class=\"tab-pane\" id=\"execution-statements\"><h3 class=\"documents-category center-align\">Execution Statements<\/h3><div class=\"accordion container\"><div class=\"document accordion-item\"><a href=\"3556\" target=\"_blank\"><h4>Declara\u00e7\u00e3o Sum\u00e1ria Da Qualidade De Execu\u00e7\u00e3o 2018<\/h4><\/a><\/div><div class=\"document accordion-item\"><a href=\"3563\" target=\"_blank\"><h4>Declara\u00e7\u00e3o Sum\u00e1ria Da Qualidade De Execu\u00e7\u00e3o 2019<\/h4><\/a><\/div><div class=\"document accordion-item\"><a href=\"3570\" target=\"_blank\"><h4>Declara\u00e7\u00e3o Sum\u00e1ria Da Qualidade De Execu\u00e7\u00e3o 2020<\/h4><\/a><\/div><div class=\"document accordion-item\"><a href=\"3577\" target=\"_blank\"><h4>Declara\u00e7\u00e3o Sum\u00e1ria Da Qualidade De Execu\u00e7\u00e3o 2021<\/h4><\/a><\/div><div class=\"document accordion-item\"><a href=\"3584\" target=\"_blank\"><h4>Declara\u00e7\u00e3o Sum\u00e1ria Da Qualidade De Execu\u00e7\u00e3o 2022<\/h4><\/a><\/div><\/div><\/div><div class=\"tab-pane\" id=\"complaints\"><h3 class=\"documents-category center-align\">Complaints<\/h3><div class=\"accordion container\"><div class=\"document accordion-item\"><a href=\"3817\" target=\"_blank\"><h4>Pol\u00edtica De Tratamento De Reclama\u00e7\u00f5es<\/h4><\/a><\/div><\/div><\/div><\/div><\/div><\/div>\n\t\t\t\t\t\t<\/div>\n\t\t\t\t<\/div>\n\t\t\t\t\t<\/div>\n\t\t\t\t<\/div>\n\t\t\t\t<\/div>\n\t\t","protected":false},"excerpt":{"rendered":"<p>Documentos Legais Reveja os seguintes documentos legais que regem os nossos servi\u00e7os e a sua rela\u00e7\u00e3o com a Eurotrader enquanto cliente. Entre em contato com nossa equipe de suporte se tiver alguma d\u00favida.<\/p>\n","protected":false},"author":14,"featured_media":0,"parent":0,"menu_order":0,"comment_status":"closed","ping_status":"closed","template":"","meta":{"_acf_changed":false,"footnotes":""},"class_list":["post-2178","page","type-page","status-publish","hentry"],"acf":[],"yoast_head":"<!-- This site is optimized with the Yoast SEO plugin v26.4 - https:\/\/yoast.com\/wordpress\/plugins\/seo\/ -->\n<title>Documentos Legais - Eurotrader<\/title>\n<meta name=\"robots\" content=\"index, follow, max-snippet:-1, max-image-preview:large, max-video-preview:-1\" \/>\n<meta property=\"og:locale\" content=\"pt_PT\" \/>\n<meta property=\"og:type\" content=\"article\" \/>\n<meta property=\"og:title\" content=\"Documentos Legais - Eurotrader\" \/>\n<meta property=\"og:description\" content=\"Documentos Legais Reveja os seguintes documentos legais que regem os nossos servi\u00e7os e a sua rela\u00e7\u00e3o com a Eurotrader enquanto cliente. Entre em contato com nossa equipe de suporte se tiver alguma d\u00favida.\" \/>\n<meta property=\"og:url\" content=\"https:\/\/eurotrader.eu\/pt-pt\/legal-documents\/\" \/>\n<meta property=\"og:site_name\" content=\"Eurotrader\" \/>\n<meta property=\"article:modified_time\" content=\"2024-04-09T08:13:29+00:00\" \/>\n<meta name=\"twitter:card\" content=\"summary_large_image\" \/>\n<script type=\"application\/ld+json\" class=\"yoast-schema-graph\">{\"@context\":\"https:\/\/schema.org\",\"@graph\":[{\"@type\":\"WebPage\",\"@id\":\"https:\/\/eurotrader.eu\/pt-pt\/legal-documents\/\",\"url\":\"https:\/\/eurotrader.eu\/pt-pt\/legal-documents\/\",\"name\":\"Documentos Legais - Eurotrader\",\"isPartOf\":{\"@id\":\"https:\/\/sienna-spider-789091.hostingersite.com\/#website\"},\"datePublished\":\"2023-10-29T21:05:05+00:00\",\"dateModified\":\"2024-04-09T08:13:29+00:00\",\"breadcrumb\":{\"@id\":\"https:\/\/eurotrader.eu\/pt-pt\/legal-documents\/#breadcrumb\"},\"inLanguage\":\"pt-PT\",\"potentialAction\":[{\"@type\":\"ReadAction\",\"target\":[\"https:\/\/eurotrader.eu\/pt-pt\/legal-documents\/\"]}]},{\"@type\":\"BreadcrumbList\",\"@id\":\"https:\/\/eurotrader.eu\/pt-pt\/legal-documents\/#breadcrumb\",\"itemListElement\":[{\"@type\":\"ListItem\",\"position\":1,\"name\":\"Home\",\"item\":\"https:\/\/eurotrader.eu\/pt-pt\/\"},{\"@type\":\"ListItem\",\"position\":2,\"name\":\"Documentos Legais\"}]},{\"@type\":\"WebSite\",\"@id\":\"https:\/\/sienna-spider-789091.hostingersite.com\/#website\",\"url\":\"https:\/\/sienna-spider-789091.hostingersite.com\/\",\"name\":\"Eurotrader\",\"description\":\"\",\"publisher\":{\"@id\":\"https:\/\/sienna-spider-789091.hostingersite.com\/#organization\"},\"potentialAction\":[{\"@type\":\"SearchAction\",\"target\":{\"@type\":\"EntryPoint\",\"urlTemplate\":\"https:\/\/sienna-spider-789091.hostingersite.com\/?s={search_term_string}\"},\"query-input\":{\"@type\":\"PropertyValueSpecification\",\"valueRequired\":true,\"valueName\":\"search_term_string\"}}],\"inLanguage\":\"pt-PT\"},{\"@type\":\"Organization\",\"@id\":\"https:\/\/sienna-spider-789091.hostingersite.com\/#organization\",\"name\":\"Eurotrader\",\"url\":\"https:\/\/sienna-spider-789091.hostingersite.com\/\",\"logo\":{\"@type\":\"ImageObject\",\"inLanguage\":\"pt-PT\",\"@id\":\"https:\/\/sienna-spider-789091.hostingersite.com\/#\/schema\/logo\/image\/\",\"url\":\"https:\/\/eurotrader.eu\/wp-content\/uploads\/header-logo.svg\",\"contentUrl\":\"https:\/\/eurotrader.eu\/wp-content\/uploads\/header-logo.svg\",\"width\":184,\"height\":28,\"caption\":\"Eurotrader\"},\"image\":{\"@id\":\"https:\/\/sienna-spider-789091.hostingersite.com\/#\/schema\/logo\/image\/\"}}]}<\/script>\n<!-- \/ Yoast SEO plugin. -->","yoast_head_json":{"title":"Documentos Legais - Eurotrader","robots":{"index":"index","follow":"follow","max-snippet":"max-snippet:-1","max-image-preview":"max-image-preview:large","max-video-preview":"max-video-preview:-1"},"og_locale":"pt_PT","og_type":"article","og_title":"Documentos Legais - Eurotrader","og_description":"Documentos Legais Reveja os seguintes documentos legais que regem os nossos servi\u00e7os e a sua rela\u00e7\u00e3o com a Eurotrader enquanto cliente. Entre em contato com nossa equipe de suporte se tiver alguma d\u00favida.","og_url":"https:\/\/eurotrader.eu\/pt-pt\/legal-documents\/","og_site_name":"Eurotrader","article_modified_time":"2024-04-09T08:13:29+00:00","twitter_card":"summary_large_image","schema":{"@context":"https:\/\/schema.org","@graph":[{"@type":"WebPage","@id":"https:\/\/eurotrader.eu\/pt-pt\/legal-documents\/","url":"https:\/\/eurotrader.eu\/pt-pt\/legal-documents\/","name":"Documentos Legais - Eurotrader","isPartOf":{"@id":"https:\/\/sienna-spider-789091.hostingersite.com\/#website"},"datePublished":"2023-10-29T21:05:05+00:00","dateModified":"2024-04-09T08:13:29+00:00","breadcrumb":{"@id":"https:\/\/eurotrader.eu\/pt-pt\/legal-documents\/#breadcrumb"},"inLanguage":"pt-PT","potentialAction":[{"@type":"ReadAction","target":["https:\/\/eurotrader.eu\/pt-pt\/legal-documents\/"]}]},{"@type":"BreadcrumbList","@id":"https:\/\/eurotrader.eu\/pt-pt\/legal-documents\/#breadcrumb","itemListElement":[{"@type":"ListItem","position":1,"name":"Home","item":"https:\/\/eurotrader.eu\/pt-pt\/"},{"@type":"ListItem","position":2,"name":"Documentos Legais"}]},{"@type":"WebSite","@id":"https:\/\/sienna-spider-789091.hostingersite.com\/#website","url":"https:\/\/sienna-spider-789091.hostingersite.com\/","name":"Eurotrader","description":"","publisher":{"@id":"https:\/\/sienna-spider-789091.hostingersite.com\/#organization"},"potentialAction":[{"@type":"SearchAction","target":{"@type":"EntryPoint","urlTemplate":"https:\/\/sienna-spider-789091.hostingersite.com\/?s={search_term_string}"},"query-input":{"@type":"PropertyValueSpecification","valueRequired":true,"valueName":"search_term_string"}}],"inLanguage":"pt-PT"},{"@type":"Organization","@id":"https:\/\/sienna-spider-789091.hostingersite.com\/#organization","name":"Eurotrader","url":"https:\/\/sienna-spider-789091.hostingersite.com\/","logo":{"@type":"ImageObject","inLanguage":"pt-PT","@id":"https:\/\/sienna-spider-789091.hostingersite.com\/#\/schema\/logo\/image\/","url":"https:\/\/eurotrader.eu\/wp-content\/uploads\/header-logo.svg","contentUrl":"https:\/\/eurotrader.eu\/wp-content\/uploads\/header-logo.svg","width":184,"height":28,"caption":"Eurotrader"},"image":{"@id":"https:\/\/sienna-spider-789091.hostingersite.com\/#\/schema\/logo\/image\/"}}]}},"_hostinger_reach_plugin_has_subscription_block":false,"_hostinger_reach_plugin_is_elementor":false,"_links":{"self":[{"href":"https:\/\/eurotrader.eu\/pt-pt\/wp-json\/wp\/v2\/pages\/2178","targetHints":{"allow":["GET"]}}],"collection":[{"href":"https:\/\/eurotrader.eu\/pt-pt\/wp-json\/wp\/v2\/pages"}],"about":[{"href":"https:\/\/eurotrader.eu\/pt-pt\/wp-json\/wp\/v2\/types\/page"}],"author":[{"embeddable":true,"href":"https:\/\/eurotrader.eu\/pt-pt\/wp-json\/wp\/v2\/users\/14"}],"replies":[{"embeddable":true,"href":"https:\/\/eurotrader.eu\/pt-pt\/wp-json\/wp\/v2\/comments?post=2178"}],"version-history":[{"count":4,"href":"https:\/\/eurotrader.eu\/pt-pt\/wp-json\/wp\/v2\/pages\/2178\/revisions"}],"predecessor-version":[{"id":5448,"href":"https:\/\/eurotrader.eu\/pt-pt\/wp-json\/wp\/v2\/pages\/2178\/revisions\/5448"}],"wp:attachment":[{"href":"https:\/\/eurotrader.eu\/pt-pt\/wp-json\/wp\/v2\/media?parent=2178"}],"curies":[{"name":"wp","href":"https:\/\/api.w.org\/{rel}","templated":true}]}}