{"id":2191,"date":"2023-10-24T21:52:34","date_gmt":"2023-10-24T20:52:34","guid":{"rendered":"http:\/\/website-stage.eurotrader.com\/perguntas-frequentes\/"},"modified":"2023-11-22T21:00:57","modified_gmt":"2023-11-22T21:00:57","slug":"faq","status":"publish","type":"page","link":"https:\/\/eurotrader.eu\/pt-pt\/faq\/","title":{"rendered":"Perguntas Frequentes"},"content":{"rendered":"\t\t<div data-elementor-type=\"wp-page\" data-elementor-id=\"2191\" class=\"elementor elementor-2191 elementor-927\" data-elementor-post-type=\"page\">\n\t\t\t\t<div class=\"elementor-element elementor-element-3e4a3fdf e-flex e-con-boxed e-con e-parent\" data-id=\"3e4a3fdf\" data-element_type=\"container\" data-settings=\"{&quot;background_background&quot;:&quot;classic&quot;}\">\n\t\t\t\t\t<div class=\"e-con-inner\">\n\t\t<div class=\"elementor-element elementor-element-c1fc4aa e-flex e-con-boxed e-con e-child\" data-id=\"c1fc4aa\" data-element_type=\"container\">\n\t\t\t\t\t<div class=\"e-con-inner\">\n\t\t\t\t<div class=\"elementor-element elementor-element-c4bd6ab elementor-hidden-desktop elementor-hidden-tablet elementor-widget elementor-widget-spacer\" data-id=\"c4bd6ab\" data-element_type=\"widget\" data-widget_type=\"spacer.default\">\n\t\t\t\t<div class=\"elementor-widget-container\">\n\t\t\t\t\t\t\t<div class=\"elementor-spacer\">\n\t\t\t<div class=\"elementor-spacer-inner\"><\/div>\n\t\t<\/div>\n\t\t\t\t\t\t<\/div>\n\t\t\t\t<\/div>\n\t\t\t\t<div class=\"elementor-element elementor-element-53e23d35 elementor-widget elementor-widget-heading\" data-id=\"53e23d35\" data-element_type=\"widget\" data-widget_type=\"heading.default\">\n\t\t\t\t<div class=\"elementor-widget-container\">\n\t\t\t\t\t<h1 class=\"elementor-heading-title elementor-size-default\">Tem alguma <br>perguntas?<\/h1>\t\t\t\t<\/div>\n\t\t\t\t<\/div>\n\t\t\t\t<div class=\"elementor-element elementor-element-a7b395b faq-img elementor-widget elementor-widget-image\" data-id=\"a7b395b\" data-element_type=\"widget\" data-widget_type=\"image.default\">\n\t\t\t\t<div class=\"elementor-widget-container\">\n\t\t\t\t\t\t\t\t\t\t\t\t\t\t\t<img fetchpriority=\"high\" decoding=\"async\" width=\"377\" height=\"344\" src=\"https:\/\/eurotrader.eu\/wp-content\/uploads\/faq-img.png\" class=\"attachment-large size-large wp-image-931\" alt=\"FAQ\" \/>\t\t\t\t\t\t\t\t\t\t\t\t\t\t\t<\/div>\n\t\t\t\t<\/div>\n\t\t\t\t\t<\/div>\n\t\t\t\t<\/div>\n\t\t\t\t\t<\/div>\n\t\t\t\t<\/div>\n\t\t<div class=\"elementor-element elementor-element-4df49cb1 e-flex e-con-boxed e-con e-parent\" data-id=\"4df49cb1\" data-element_type=\"container\">\n\t\t\t\t\t<div class=\"e-con-inner\">\n\t\t<div class=\"elementor-element elementor-element-770605af e-flex e-con-boxed e-con e-child\" data-id=\"770605af\" data-element_type=\"container\">\n\t\t\t\t\t<div class=\"e-con-inner\">\n\t\t\t\t<div class=\"elementor-element elementor-element-5322139d elementor-widget elementor-widget-shortcode\" data-id=\"5322139d\" data-element_type=\"widget\" data-widget_type=\"shortcode.default\">\n\t\t\t\t<div class=\"elementor-widget-container\">\n\t\t\t\t\t\t\t<div class=\"elementor-shortcode\"><div id=\"faq-tabs\" class=\"tabs\"><ul class=\"nav nav-pills\"><li class=\"active\"><strong><a href=\"#account-opening-pt-pt\" data-toggle=\"tab\">Abertura De Conta<\/a><\/strong><\/li><li><strong><a href=\"#client-funding-pt-pt\" data-toggle=\"tab\">Dep\u00f3sito e Levantamento De Fundos<\/a><\/strong><\/li><li><strong><a href=\"#trading-pt-pt\" data-toggle=\"tab\">Negocia\u00e7\u00e3o<\/a><\/strong><\/li><li><strong><a href=\"#trading-platform-pt-pt\" data-toggle=\"tab\">Plataforma De Negocia\u00e7\u00e3o<\/a><\/strong><\/li><\/ul><div class=\"tab-content clearfix\"><div class=\"tab-pane active\" id=\"account-opening-pt-pt\"><h3 class=\"faq-category center-align\">Abertura De Conta<\/h3><div id=\"accordion-account-opening-pt-pt\" class=\"accordion container tabs-accordion\"><div class=\"accordion-item\"><h4 class=\"accordion-header\" id=\"heading-account-opening-pt-pt-1\"><a class=\"accordion-button collapsed\" data-bs-toggle=\"collapse\" data-bs-target=\"#account-opening-pt-pt-1\" aria-expanded=\"true\" aria-controls=\"account-opening-pt-pt-1\">Posso abrir uma Conta Corporativa?<\/a><\/h4><div id=\"account-opening-pt-pt-1\" class=\"accordion-collapse collapse\" aria-labelledby=\"heading-account-opening-pt-pt-1\">Sim, pode abrir uma conta empresarial com o Euro trader atrav\u00e9s do nosso processo de inscri\u00e7\u00e3o normal. Ao concluir a inscri\u00e7\u00e3o inicial, por favor, entre em contato com nossa equipe de back office em backoffice@eurotrader.eu. eles ir\u00e3o orient\u00e1-lo atrav\u00e9s da documenta\u00e7\u00e3o adicional necess\u00e1ria para facilitar a aprova\u00e7\u00e3o da sua conta corporativa.<\/div><\/div><div class=\"accordion-item\"><h4 class=\"accordion-header\" id=\"heading-account-opening-pt-pt-2\"><a class=\"accordion-button collapsed\" data-bs-toggle=\"collapse\" data-bs-target=\"#account-opening-pt-pt-2\" aria-expanded=\"true\" aria-controls=\"account-opening-pt-pt-2\">Posso ter uma conta swap free?<\/a><\/h4><div id=\"account-opening-pt-pt-2\" class=\"accordion-collapse collapse\" aria-labelledby=\"heading-account-opening-pt-pt-2\">Uma conta sem swap, tamb\u00e9m conhecida como conta isl\u00e2mica, \u00e9 um tipo de conta de negocia\u00e7\u00e3o projetada para cumprir os princ\u00edpios isl\u00e2micos. Nas finan\u00e7as isl\u00e2micas, \u00e9 proibido ganhar ou pagar juros (conhecido como \"riba\"). Por conseguinte, uma conta sem swap \u00e9 uma conta que n\u00e3o cobra ou paga quaisquer juros sobre Posi\u00e7\u00f5es detidas durante a noite.\r\nEm vez de ganhar ou pagar juros, as contas sem swap podem ter outras taxas ou encargos associados a elas. Essas taxas s\u00e3o normalmente estruturadas para cumprir os princ\u00edpios isl\u00e2micos e garantir que o titular da conta n\u00e3o ganhe ou pague juros.\r\nPara abrir uma conta sem swap no Euro trader, tem de fornecer prova da sua f\u00e9 isl\u00e2mica \u00e0 equipa de back office em backoffice@eurotrader.eu 1. Se tiver mais d\u00favidas ou precisar de mais informa\u00e7\u00f5es sobre contas sem swap, pode contactar a equipa de apoio dedicada da Eurotrader em support@eurotrader.eu<\/div><\/div><div class=\"accordion-item\"><h4 class=\"accordion-header\" id=\"heading-account-opening-pt-pt-3\"><a class=\"accordion-button collapsed\" data-bs-toggle=\"collapse\" data-bs-target=\"#account-opening-pt-pt-3\" aria-expanded=\"true\" aria-controls=\"account-opening-pt-pt-3\">Posso ter mais de 1 conta de negocia\u00e7\u00e3o?<\/a><\/h4><div id=\"account-opening-pt-pt-3\" class=\"accordion-collapse collapse\" aria-labelledby=\"heading-account-opening-pt-pt-3\">Sim, O Euro trader permite a abertura de at\u00e9 cinco contas de negocia\u00e7\u00e3o por plataforma. Isso significa que voc\u00ea pode ter at\u00e9 cinco contas de negocia\u00e7\u00e3o MT4 e cinco MT5 simultaneamente sob o mesmo perfil.\r\n\r\nCada cliente s\u00f3 pode ter um perfil.<\/div><\/div><div class=\"accordion-item\"><h4 class=\"accordion-header\" id=\"heading-account-opening-pt-pt-4\"><a class=\"accordion-button collapsed\" data-bs-toggle=\"collapse\" data-bs-target=\"#account-opening-pt-pt-4\" aria-expanded=\"true\" aria-controls=\"account-opening-pt-pt-4\">Como posso me tornar um cliente profissional?<\/a><\/h4><div id=\"account-opening-pt-pt-4\" class=\"accordion-collapse collapse\" aria-labelledby=\"heading-account-opening-pt-pt-4\">Um cliente profissional \u00e9 definido como um indiv\u00edduo ou entidade com experi\u00eancia substancial, conhecimento, experi\u00eancia em negocia\u00e7\u00e3o. Para se qualificar como cliente profissional, voc\u00ea deve atender a pelo menos dois dos tr\u00eas crit\u00e9rios a seguir:\r\n<ol>\r\n \t<li>Efectuou transac\u00e7\u00f5es, de dimens\u00e3o significativa, no mercado relevante, com uma frequ\u00eancia m\u00e9dia de 10 por trimestre nos quatro trimestres anteriores;<\/li>\r\n \t<li>Voc\u00ea trabalha ou trabalhou no setor financeiro por pelo menos um ano em uma posi\u00e7\u00e3o profissional, o que requer conhecimento das transa\u00e7\u00f5es ou servi\u00e7os previstos.<\/li>\r\n \t<li>A dimens\u00e3o da sua carteira de instrumentos financeiros, definida como incluindo dep\u00f3sitos em numer\u00e1rio e instrumentos financeiros,excede 500 000 euros.<\/li>\r\n<\/ol>\r\nEmbora os clientes profissionais possam desfrutar de certos benef\u00edcios, como maior alavancagem e requisitos de margem mais baixos, \u00e9 importante notar que eles est\u00e3o sujeitos a menos prote\u00e7\u00f5es regulat\u00f3rias em compara\u00e7\u00e3o com os clientes de Varejo. Isso significa que eles n\u00e3o podem ser cobertos pelo Fundo de compensa\u00e7\u00e3o ao Investidor (ICF). Para obter detalhes abrangentes, consulte nossa \"Pol\u00edtica de categoriza\u00e7\u00e3o de clientes\" Dispon\u00edvel em nosso site. Se voc\u00ea precisar de mais informa\u00e7\u00f5es, sinta-se \u00e0 vontade para entrar em contato com nossa equipe de suporte em support@eurotrader.eu.<\/div><\/div><\/div><\/div><div class=\"tab-pane\" id=\"client-funding-pt-pt\"><h3 class=\"faq-category center-align\">Dep\u00f3sito e Levantamento De Fundos<\/h3><div id=\"accordion-client-funding-pt-pt\" class=\"accordion container tabs-accordion\"><div class=\"accordion-item\"><h4 class=\"accordion-header\" id=\"heading-client-funding-pt-pt-1\"><a class=\"accordion-button collapsed\" data-bs-toggle=\"collapse\" data-bs-target=\"#client-funding-pt-pt-1\" aria-expanded=\"true\" aria-controls=\"client-funding-pt-pt-1\">Como posso encontrar a minha conta?<\/a><\/h4><div id=\"client-funding-pt-pt-1\" class=\"accordion-collapse collapse\" aria-labelledby=\"heading-client-funding-pt-pt-1\">Pode encontrar a sua conta Euro trader seguindo estes passos:\r\n<ol>\r\n \t<li>Inicie sess\u00e3o utilizando a sua conta Euro trader com o seu e-mail e palavra-passe registados.<\/li>\r\n \t<li>V\u00e1 para a se\u00e7\u00e3o\" Carteira \"e escolha a op\u00e7\u00e3o\" Dep\u00f3sito\".<\/li>\r\n \t<li>Voc\u00ea encontrar\u00e1 uma variedade de m\u00e9todos de pagamento para escolher. Por favor, Note que o Euro trader n\u00e3o imp\u00f5e quaisquer taxas para dep\u00f3sitos ou levantamentos.<\/li>\r\n \t<li>Por favor, escolha o seu m\u00e9todo de pagamento preferido e indique o valor do dep\u00f3sito desejado. Preencha os dados de pagamento necess\u00e1rios e siga as instru\u00e7\u00f5es apresentadas no ecr\u00e3 para confirmar a transa\u00e7\u00e3o.<\/li>\r\n \t<li>Uma vez aprovado, o valor depositado ficar\u00e1 vis\u00edvel na sua carteira Autotrader e ser\u00e1 registado no seu hist\u00f3rico de Transa\u00e7\u00f5es.<\/li>\r\n \t<li>Com seus fundos dispon\u00edveis, agora voc\u00ea pode transferi-los para sua conta de negocia\u00e7\u00e3o e iniciar suas atividades de negocia\u00e7\u00e3o.<\/li>\r\n<\/ol><\/div><\/div><div class=\"accordion-item\"><h4 class=\"accordion-header\" id=\"heading-client-funding-pt-pt-2\"><a class=\"accordion-button collapsed\" data-bs-toggle=\"collapse\" data-bs-target=\"#client-funding-pt-pt-2\" aria-expanded=\"true\" aria-controls=\"client-funding-pt-pt-2\">Em que Moedas posso ter a minha carteira?<\/a><\/h4><div id=\"client-funding-pt-pt-2\" class=\"accordion-collapse collapse\" aria-labelledby=\"heading-client-funding-pt-pt-2\">O euro trader oferece as seguintes moedas de carteira: EUR, USD e GBP. A Eurotrader recomenda que a moeda da sua carteira corresponda \u00e0 moeda que pretende depositar para evitar incorrer em taxas de convers\u00e3o.\r\n\r\nQuaisquer transfer\u00eancias da sua carteira Autotrader para as suas contas de negocia\u00e7\u00e3o numa moeda diferente ser\u00e3o convertidas com base nas nossas Taxas de plataforma.<\/div><\/div><div class=\"accordion-item\"><h4 class=\"accordion-header\" id=\"heading-client-funding-pt-pt-3\"><a class=\"accordion-button collapsed\" data-bs-toggle=\"collapse\" data-bs-target=\"#client-funding-pt-pt-3\" aria-expanded=\"true\" aria-controls=\"client-funding-pt-pt-3\">Como posso levantar para o cart\u00e3o se o meu cart\u00e3o expirou ou foi cancelado?<\/a><\/h4><div id=\"client-funding-pt-pt-3\" class=\"accordion-collapse collapse\" aria-labelledby=\"heading-client-funding-pt-pt-3\">Em caso de cancelamento do cart\u00e3o, os bancos s\u00e3o obrigados a apoiar opera\u00e7\u00f5es espec\u00edficas, como o processamento de Reembolsos, normalmente por um per\u00edodo m\u00ednimo de seis meses. Por conseguinte, solicitamos que facilite a retirada dos seus fundos para o cart\u00e3o originalmente utilizado para o seu dep\u00f3sito, mesmo que esse cart\u00e3o j\u00e1 n\u00e3o esteja ativo. Posteriormente, os seus fundos ser\u00e3o transferidos para o seu novo cart\u00e3o, que est\u00e1 associado \u00e0 mesma conta banc\u00e1ria que o seu cart\u00e3o previamente cancelado.\r\n\r\nSe a conta banc\u00e1ria ligada ao cart\u00e3o tiver sido totalmente encerrada, exigiremos provas do encerramento da conta para podermos processar o seu levantamento diretamente para a sua nova conta.<\/div><\/div><div class=\"accordion-item\"><h4 class=\"accordion-header\" id=\"heading-client-funding-pt-pt-4\"><a class=\"accordion-button collapsed\" data-bs-toggle=\"collapse\" data-bs-target=\"#client-funding-pt-pt-4\" aria-expanded=\"true\" aria-controls=\"client-funding-pt-pt-4\">Quanto tempo demora a processar a minha retirada?<\/a><\/h4><div id=\"client-funding-pt-pt-4\" class=\"accordion-collapse collapse\" aria-labelledby=\"heading-client-funding-pt-pt-4\">O Euro trader esfor\u00e7a-se por processar todos os pedidos de levantamento prontamente durante o hor\u00e1rio de trabalho. Se um pedido for recebido fora do hor\u00e1rio de trabalho, ser\u00e1 endere\u00e7ado no dia \u00fatil seguinte.\r\n\r\nA dura\u00e7\u00e3o da finaliza\u00e7\u00e3o do seu levantamento depende do m\u00e9todo de pagamento escolhido:\r\n\r\n- As transfer\u00eancias SEPA reflectem normalmente no mesmo dia \u00fatil.\r\n- As transfer\u00eancias banc\u00e1rias internacionais podem levar de 3 a 5 dias \u00fateis, sujeitas aos tempos de processamento do seu banco.\r\n- As retiradas do cart\u00e3o podem exigir aproximadamente 5-7 dias \u00fateis.\r\n- As retiradas do Skrill s\u00e3o recebidas instantaneamente.<\/div><\/div><div class=\"accordion-item\"><h4 class=\"accordion-header\" id=\"heading-client-funding-pt-pt-5\"><a class=\"accordion-button collapsed\" data-bs-toggle=\"collapse\" data-bs-target=\"#client-funding-pt-pt-5\" aria-expanded=\"true\" aria-controls=\"client-funding-pt-pt-5\">Cobra alguma taxa por dep\u00f3sitos ou levantamentos?<\/a><\/h4><div id=\"client-funding-pt-pt-5\" class=\"accordion-collapse collapse\" aria-labelledby=\"heading-client-funding-pt-pt-5\">A Eurotrader n\u00e3o imp\u00f5e quaisquer taxas sobre dep\u00f3sitos ou levantamentos, no entanto, poder\u00e1 estar sujeito a taxas do seu banco correspondente, nomeadamente no caso de transfer\u00eancias banc\u00e1rias e taxas de c\u00e2mbio, quando aplic\u00e1vel.<\/div><\/div><\/div><\/div><div class=\"tab-pane\" id=\"trading-pt-pt\"><h3 class=\"faq-category center-align\">Negocia\u00e7\u00e3o<\/h3><div id=\"accordion-trading-pt-pt\" class=\"accordion container tabs-accordion\"><div class=\"accordion-item\"><h4 class=\"accordion-header\" id=\"heading-trading-pt-pt-1\"><a class=\"accordion-button collapsed\" data-bs-toggle=\"collapse\" data-bs-target=\"#trading-pt-pt-1\" aria-expanded=\"true\" aria-controls=\"trading-pt-pt-1\">Qual \u00e9 o requisito de margem para negocia\u00e7\u00e3o?<\/a><\/h4><div id=\"trading-pt-pt-1\" class=\"accordion-collapse collapse\" aria-labelledby=\"heading-trading-pt-pt-1\"><div>Os requisitos de margem podem diferir consoante o instrumento e se \u00e9 classificado como cliente profissional.<\/div>\r\n<div>\r\n<div>\r\n\r\nPara obter os requisitos de margem mais recentes, consulte a tabela clicando <a href=\"http:\/\/eurotrader.eu\/instruments-and-spreads\/\">aqui<\/a>.\r\n\r\n&nbsp;\r\n\r\n<\/div>\r\n<div><\/div>\r\n<\/div><\/div><\/div><\/div><\/div><div class=\"tab-pane\" id=\"trading-platform-pt-pt\"><h3 class=\"faq-category center-align\">Plataforma De Negocia\u00e7\u00e3o<\/h3><div id=\"accordion-trading-platform-pt-pt\" class=\"accordion container tabs-accordion\"><div class=\"accordion-item\"><h4 class=\"accordion-header\" id=\"heading-trading-platform-pt-pt-1\"><a class=\"accordion-button collapsed\" data-bs-toggle=\"collapse\" data-bs-target=\"#trading-platform-pt-pt-1\" aria-expanded=\"true\" aria-controls=\"trading-platform-pt-pt-1\">Que tipo de encomendas est\u00e3o dispon\u00edveis na MT4?<\/a><\/h4><div id=\"trading-platform-pt-pt-1\" class=\"accordion-collapse collapse\" aria-labelledby=\"heading-trading-platform-pt-pt-1\">Existem quatro tipos de ordens pendentes dispon\u00edveis no MetaTrader\r\n\r\nBuy Limit, Sell Limit, Buy Stop e Sell Stop. Estes tipos de ordens permitem-lhe definir condi\u00e7\u00f5es espec\u00edficas para a compra ou venda de um t\u00edtulo com base no pre\u00e7o futuro.\r\n\r\nVoc\u00ea pode usar esses tipos de ordem para entrar no mercado a um n\u00edvel de pre\u00e7o desejado, mesmo que o pre\u00e7o atual seja maior ou menor.<\/div><\/div><div class=\"accordion-item\"><h4 class=\"accordion-header\" id=\"heading-trading-platform-pt-pt-2\"><a class=\"accordion-button collapsed\" data-bs-toggle=\"collapse\" data-bs-target=\"#trading-platform-pt-pt-2\" aria-expanded=\"true\" aria-controls=\"trading-platform-pt-pt-2\">Quais s\u00e3o as diferen\u00e7as entre MT4 e MT5<\/a><\/h4><div id=\"trading-platform-pt-pt-2\" class=\"accordion-collapse collapse\" aria-labelledby=\"heading-trading-platform-pt-pt-2\"><a href=\"https:\/\/www.metatrader5.com\/en\/trading-platform\/comparison-mt5-mt4\" target=\"_blank\" rel=\"noopener\">Clique<\/a> aqui para ver uma compara\u00e7\u00e3o completa das duas plataformas.<\/div><\/div><\/div><\/div><\/div><\/div><\/div>\n\t\t\t\t\t\t<\/div>\n\t\t\t\t<\/div>\n\t\t\t\t\t<\/div>\n\t\t\t\t<\/div>\n\t\t\t\t\t<\/div>\n\t\t\t\t<\/div>\n\t\t\t\t<\/div>\n\t\t","protected":false},"excerpt":{"rendered":"<p>Tem alguma perguntas?<\/p>\n","protected":false},"author":14,"featured_media":0,"parent":0,"menu_order":0,"comment_status":"closed","ping_status":"closed","template":"","meta":{"_acf_changed":false,"footnotes":""},"class_list":["post-2191","page","type-page","status-publish","hentry"],"acf":[],"yoast_head":"<!-- This site is optimized with the Yoast SEO plugin v26.4 - https:\/\/yoast.com\/wordpress\/plugins\/seo\/ -->\n<title>Perguntas Frequentes - Eurotrader<\/title>\n<meta name=\"robots\" content=\"index, follow, max-snippet:-1, max-image-preview:large, max-video-preview:-1\" \/>\n<meta property=\"og:locale\" content=\"pt_PT\" \/>\n<meta property=\"og:type\" content=\"article\" \/>\n<meta property=\"og:title\" content=\"Perguntas Frequentes - Eurotrader\" \/>\n<meta property=\"og:description\" content=\"Tem alguma perguntas?\" \/>\n<meta property=\"og:url\" content=\"https:\/\/eurotrader.eu\/faq\/\" \/>\n<meta property=\"og:site_name\" content=\"Eurotrader\" \/>\n<meta property=\"article:modified_time\" content=\"2023-11-22T21:00:57+00:00\" \/>\n<meta property=\"og:image\" content=\"http:\/\/website-stage.eurotrader.com\/wp-content\/uploads\/faq-img.png\" \/>\n<meta name=\"twitter:card\" content=\"summary_large_image\" \/>\n<script type=\"application\/ld+json\" class=\"yoast-schema-graph\">{\"@context\":\"https:\/\/schema.org\",\"@graph\":[{\"@type\":\"WebPage\",\"@id\":\"https:\/\/eurotrader.eu\/faq\/\",\"url\":\"https:\/\/eurotrader.eu\/faq\/\",\"name\":\"Perguntas Frequentes - Eurotrader\",\"isPartOf\":{\"@id\":\"https:\/\/sienna-spider-789091.hostingersite.com\/#website\"},\"primaryImageOfPage\":{\"@id\":\"https:\/\/eurotrader.eu\/faq\/#primaryimage\"},\"image\":{\"@id\":\"https:\/\/eurotrader.eu\/faq\/#primaryimage\"},\"thumbnailUrl\":\"http:\/\/website-stage.eurotrader.com\/wp-content\/uploads\/faq-img.png\",\"datePublished\":\"2023-10-24T20:52:34+00:00\",\"dateModified\":\"2023-11-22T21:00:57+00:00\",\"breadcrumb\":{\"@id\":\"https:\/\/eurotrader.eu\/faq\/#breadcrumb\"},\"inLanguage\":\"pt-PT\",\"potentialAction\":[{\"@type\":\"ReadAction\",\"target\":[\"https:\/\/eurotrader.eu\/faq\/\"]}]},{\"@type\":\"ImageObject\",\"inLanguage\":\"pt-PT\",\"@id\":\"https:\/\/eurotrader.eu\/faq\/#primaryimage\",\"url\":\"http:\/\/website-stage.eurotrader.com\/wp-content\/uploads\/faq-img.png\",\"contentUrl\":\"http:\/\/website-stage.eurotrader.com\/wp-content\/uploads\/faq-img.png\"},{\"@type\":\"BreadcrumbList\",\"@id\":\"https:\/\/eurotrader.eu\/faq\/#breadcrumb\",\"itemListElement\":[{\"@type\":\"ListItem\",\"position\":1,\"name\":\"Home\",\"item\":\"https:\/\/eurotrader.eu\/pt-pt\/\"},{\"@type\":\"ListItem\",\"position\":2,\"name\":\"Perguntas Frequentes\"}]},{\"@type\":\"WebSite\",\"@id\":\"https:\/\/sienna-spider-789091.hostingersite.com\/#website\",\"url\":\"https:\/\/sienna-spider-789091.hostingersite.com\/\",\"name\":\"Eurotrader\",\"description\":\"\",\"publisher\":{\"@id\":\"https:\/\/sienna-spider-789091.hostingersite.com\/#organization\"},\"potentialAction\":[{\"@type\":\"SearchAction\",\"target\":{\"@type\":\"EntryPoint\",\"urlTemplate\":\"https:\/\/sienna-spider-789091.hostingersite.com\/?s={search_term_string}\"},\"query-input\":{\"@type\":\"PropertyValueSpecification\",\"valueRequired\":true,\"valueName\":\"search_term_string\"}}],\"inLanguage\":\"pt-PT\"},{\"@type\":\"Organization\",\"@id\":\"https:\/\/sienna-spider-789091.hostingersite.com\/#organization\",\"name\":\"Eurotrader\",\"url\":\"https:\/\/sienna-spider-789091.hostingersite.com\/\",\"logo\":{\"@type\":\"ImageObject\",\"inLanguage\":\"pt-PT\",\"@id\":\"https:\/\/sienna-spider-789091.hostingersite.com\/#\/schema\/logo\/image\/\",\"url\":\"https:\/\/eurotrader.eu\/wp-content\/uploads\/header-logo.svg\",\"contentUrl\":\"https:\/\/eurotrader.eu\/wp-content\/uploads\/header-logo.svg\",\"width\":184,\"height\":28,\"caption\":\"Eurotrader\"},\"image\":{\"@id\":\"https:\/\/sienna-spider-789091.hostingersite.com\/#\/schema\/logo\/image\/\"}}]}<\/script>\n<!-- \/ Yoast SEO plugin. -->","yoast_head_json":{"title":"Perguntas Frequentes - Eurotrader","robots":{"index":"index","follow":"follow","max-snippet":"max-snippet:-1","max-image-preview":"max-image-preview:large","max-video-preview":"max-video-preview:-1"},"og_locale":"pt_PT","og_type":"article","og_title":"Perguntas Frequentes - Eurotrader","og_description":"Tem alguma perguntas?","og_url":"https:\/\/eurotrader.eu\/faq\/","og_site_name":"Eurotrader","article_modified_time":"2023-11-22T21:00:57+00:00","og_image":[{"url":"http:\/\/website-stage.eurotrader.com\/wp-content\/uploads\/faq-img.png","type":"","width":"","height":""}],"twitter_card":"summary_large_image","schema":{"@context":"https:\/\/schema.org","@graph":[{"@type":"WebPage","@id":"https:\/\/eurotrader.eu\/faq\/","url":"https:\/\/eurotrader.eu\/faq\/","name":"Perguntas Frequentes - Eurotrader","isPartOf":{"@id":"https:\/\/sienna-spider-789091.hostingersite.com\/#website"},"primaryImageOfPage":{"@id":"https:\/\/eurotrader.eu\/faq\/#primaryimage"},"image":{"@id":"https:\/\/eurotrader.eu\/faq\/#primaryimage"},"thumbnailUrl":"http:\/\/website-stage.eurotrader.com\/wp-content\/uploads\/faq-img.png","datePublished":"2023-10-24T20:52:34+00:00","dateModified":"2023-11-22T21:00:57+00:00","breadcrumb":{"@id":"https:\/\/eurotrader.eu\/faq\/#breadcrumb"},"inLanguage":"pt-PT","potentialAction":[{"@type":"ReadAction","target":["https:\/\/eurotrader.eu\/faq\/"]}]},{"@type":"ImageObject","inLanguage":"pt-PT","@id":"https:\/\/eurotrader.eu\/faq\/#primaryimage","url":"http:\/\/website-stage.eurotrader.com\/wp-content\/uploads\/faq-img.png","contentUrl":"http:\/\/website-stage.eurotrader.com\/wp-content\/uploads\/faq-img.png"},{"@type":"BreadcrumbList","@id":"https:\/\/eurotrader.eu\/faq\/#breadcrumb","itemListElement":[{"@type":"ListItem","position":1,"name":"Home","item":"https:\/\/eurotrader.eu\/pt-pt\/"},{"@type":"ListItem","position":2,"name":"Perguntas Frequentes"}]},{"@type":"WebSite","@id":"https:\/\/sienna-spider-789091.hostingersite.com\/#website","url":"https:\/\/sienna-spider-789091.hostingersite.com\/","name":"Eurotrader","description":"","publisher":{"@id":"https:\/\/sienna-spider-789091.hostingersite.com\/#organization"},"potentialAction":[{"@type":"SearchAction","target":{"@type":"EntryPoint","urlTemplate":"https:\/\/sienna-spider-789091.hostingersite.com\/?s={search_term_string}"},"query-input":{"@type":"PropertyValueSpecification","valueRequired":true,"valueName":"search_term_string"}}],"inLanguage":"pt-PT"},{"@type":"Organization","@id":"https:\/\/sienna-spider-789091.hostingersite.com\/#organization","name":"Eurotrader","url":"https:\/\/sienna-spider-789091.hostingersite.com\/","logo":{"@type":"ImageObject","inLanguage":"pt-PT","@id":"https:\/\/sienna-spider-789091.hostingersite.com\/#\/schema\/logo\/image\/","url":"https:\/\/eurotrader.eu\/wp-content\/uploads\/header-logo.svg","contentUrl":"https:\/\/eurotrader.eu\/wp-content\/uploads\/header-logo.svg","width":184,"height":28,"caption":"Eurotrader"},"image":{"@id":"https:\/\/sienna-spider-789091.hostingersite.com\/#\/schema\/logo\/image\/"}}]}},"_hostinger_reach_plugin_has_subscription_block":false,"_hostinger_reach_plugin_is_elementor":false,"_links":{"self":[{"href":"https:\/\/eurotrader.eu\/pt-pt\/wp-json\/wp\/v2\/pages\/2191","targetHints":{"allow":["GET"]}}],"collection":[{"href":"https:\/\/eurotrader.eu\/pt-pt\/wp-json\/wp\/v2\/pages"}],"about":[{"href":"https:\/\/eurotrader.eu\/pt-pt\/wp-json\/wp\/v2\/types\/page"}],"author":[{"embeddable":true,"href":"https:\/\/eurotrader.eu\/pt-pt\/wp-json\/wp\/v2\/users\/14"}],"replies":[{"embeddable":true,"href":"https:\/\/eurotrader.eu\/pt-pt\/wp-json\/wp\/v2\/comments?post=2191"}],"version-history":[{"count":2,"href":"https:\/\/eurotrader.eu\/pt-pt\/wp-json\/wp\/v2\/pages\/2191\/revisions"}],"predecessor-version":[{"id":3157,"href":"https:\/\/eurotrader.eu\/pt-pt\/wp-json\/wp\/v2\/pages\/2191\/revisions\/3157"}],"wp:attachment":[{"href":"https:\/\/eurotrader.eu\/pt-pt\/wp-json\/wp\/v2\/media?parent=2191"}],"curies":[{"name":"wp","href":"https:\/\/api.w.org\/{rel}","templated":true}]}}