{"id":2205,"date":"2023-11-14T19:36:45","date_gmt":"2023-11-14T19:36:45","guid":{"rendered":"http:\/\/website-stage.eurotrader.com\/alavancagem-e-requisitos-de-margem\/"},"modified":"2024-09-02T10:13:49","modified_gmt":"2024-09-02T09:13:49","slug":"leverage-and-margin-requirements","status":"publish","type":"page","link":"https:\/\/eurotrader.eu\/pt-pt\/leverage-and-margin-requirements\/","title":{"rendered":"Alavancagem e requisitos de margem"},"content":{"rendered":"\t\t<div data-elementor-type=\"wp-page\" data-elementor-id=\"2205\" class=\"elementor elementor-2205 elementor-2085\" data-elementor-post-type=\"page\">\n\t\t\t\t<div class=\"elementor-element elementor-element-20d7e951 e-flex e-con-boxed e-con e-parent\" data-id=\"20d7e951\" data-element_type=\"container\">\n\t\t\t\t\t<div class=\"e-con-inner\">\n\t\t\t\t<div class=\"elementor-element elementor-element-70ba4906 elementor-widget elementor-widget-heading\" data-id=\"70ba4906\" data-element_type=\"widget\" data-widget_type=\"heading.default\">\n\t\t\t\t<div class=\"elementor-widget-container\">\n\t\t\t\t\t<h1 class=\"elementor-heading-title elementor-size-default\">Alavancagem e <br>requisitos de margem<\/h1>\t\t\t\t<\/div>\n\t\t\t\t<\/div>\n\t\t\t\t<div class=\"elementor-element elementor-element-bbf3132 elementor-widget elementor-widget-text-editor\" data-id=\"bbf3132\" data-element_type=\"widget\" data-widget_type=\"text-editor.default\">\n\t\t\t\t<div class=\"elementor-widget-container\">\n\t\t\t\t\t\t\t\t\t<p>Amplie os seus resultados de negocia\u00e7\u00e3o com alavancagem. <\/p>\n\t\t\t\t\t\t\t\t<\/div>\n\t\t\t\t<\/div>\n\t\t\t\t<div class=\"elementor-element elementor-element-17bccaf elementor-widget elementor-widget-shortcode\" data-id=\"17bccaf\" data-element_type=\"widget\" data-widget_type=\"shortcode.default\">\n\t\t\t\t<div class=\"elementor-widget-container\">\n\t\t\t\t\t\t\t<div class=\"elementor-shortcode\">A EuroTrader oferece alavancagem at\u00e9   e requisitos de margem competitivos.<\/div>\n\t\t\t\t\t\t<\/div>\n\t\t\t\t<\/div>\n\t\t\t\t\t<\/div>\n\t\t\t\t<\/div>\n\t\t<div class=\"elementor-element elementor-element-283567dd e-flex e-con-boxed e-con e-parent\" data-id=\"283567dd\" data-element_type=\"container\">\n\t\t\t\t\t<div class=\"e-con-inner\">\n\t\t<div class=\"elementor-element elementor-element-ecf2afa e-flex e-con-boxed e-con e-child\" data-id=\"ecf2afa\" data-element_type=\"container\">\n\t\t\t\t\t<div class=\"e-con-inner\">\n\t\t<div class=\"elementor-element elementor-element-77bbfd69 box-with-shadow-column-1 e-flex e-con-boxed e-con e-child\" data-id=\"77bbfd69\" data-element_type=\"container\" data-settings=\"{&quot;background_background&quot;:&quot;classic&quot;}\">\n\t\t\t\t\t<div class=\"e-con-inner\">\n\t\t<div class=\"elementor-element elementor-element-ae160dd e-con-full e-flex e-con e-child\" data-id=\"ae160dd\" data-element_type=\"container\">\n\t\t\t\t<div class=\"elementor-element elementor-element-6e215622 elementor-widget elementor-widget-heading\" data-id=\"6e215622\" data-element_type=\"widget\" data-widget_type=\"heading.default\">\n\t\t\t\t<div class=\"elementor-widget-container\">\n\t\t\t\t\t<h4 class=\"elementor-heading-title elementor-size-default\">O que \u00e9 a alavancagem?<\/h4>\t\t\t\t<\/div>\n\t\t\t\t<\/div>\n\t\t\t\t<div class=\"elementor-element elementor-element-2653ec21 elementor-widget elementor-widget-text-editor\" data-id=\"2653ec21\" data-element_type=\"widget\" data-widget_type=\"text-editor.default\">\n\t\t\t\t<div class=\"elementor-widget-container\">\n\t\t\t\t\t\t\t\t\t<p>A alavancagem permite-lhe abrir posi\u00e7\u00f5es muito maiores do que o saldo da sua conta normalmente permitiria, pedindo um empr\u00e9stimo ao seu corretor. Por exemplo, uma alavancagem de 1:100 significa que o seu corretor fornece capital at\u00e9 100 vezes o seu dep\u00f3sito de margem.<\/p>\n\t\t\t\t\t\t\t\t<\/div>\n\t\t\t\t<\/div>\n\t\t\t\t<div class=\"elementor-element elementor-element-242a3d20 elementor-widget elementor-widget-text-editor\" data-id=\"242a3d20\" data-element_type=\"widget\" data-widget_type=\"text-editor.default\">\n\t\t\t\t<div class=\"elementor-widget-container\">\n\t\t\t\t\t\t\t\t\t<p>Isto amplifica tanto os ganhos como as perdas nas suas transac\u00e7\u00f5es. Embora a alavancagem aumente os riscos, proporciona flexibilidade para negociar as posi\u00e7\u00f5es que pretende.<\/p>\n\t\t\t\t\t\t\t\t<\/div>\n\t\t\t\t<\/div>\n\t\t\t\t<\/div>\n\t\t<div class=\"elementor-element elementor-element-3a9c030b e-con-full e-flex e-con e-child\" data-id=\"3a9c030b\" data-element_type=\"container\">\n\t\t\t\t<div class=\"elementor-element elementor-element-11b2ef07 elementor-widget elementor-widget-image\" data-id=\"11b2ef07\" data-element_type=\"widget\" data-widget_type=\"image.default\">\n\t\t\t\t<div class=\"elementor-widget-container\">\n\t\t\t\t\t\t\t\t\t\t\t\t\t\t\t<img fetchpriority=\"high\" decoding=\"async\" width=\"632\" height=\"274\" src=\"https:\/\/eurotrader.eu\/wp-content\/uploads\/Leverage-1.png\" class=\"attachment-large size-large wp-image-2089\" alt=\"\" \/>\t\t\t\t\t\t\t\t\t\t\t\t\t\t\t<\/div>\n\t\t\t\t<\/div>\n\t\t\t\t<\/div>\n\t\t\t\t\t<\/div>\n\t\t\t\t<\/div>\n\t\t\t\t\t<\/div>\n\t\t\t\t<\/div>\n\t\t\t\t\t<\/div>\n\t\t\t\t<\/div>\n\t\t<div class=\"elementor-element elementor-element-7ae92be6 e-flex e-con-boxed e-con e-parent\" data-id=\"7ae92be6\" data-element_type=\"container\">\n\t\t\t\t\t<div class=\"e-con-inner\">\n\t\t<div class=\"elementor-element elementor-element-6ff1dd54 e-flex e-con-boxed e-con e-child\" data-id=\"6ff1dd54\" data-element_type=\"container\">\n\t\t\t\t\t<div class=\"e-con-inner\">\n\t\t<div class=\"elementor-element elementor-element-16d708ff box-with-shadow-column-1 e-con-full e-flex e-con e-child\" data-id=\"16d708ff\" data-element_type=\"container\" data-settings=\"{&quot;background_background&quot;:&quot;classic&quot;}\">\n\t\t\t\t<div class=\"elementor-element elementor-element-1b9dc9fc elementor-widget elementor-widget-heading\" data-id=\"1b9dc9fc\" data-element_type=\"widget\" data-widget_type=\"heading.default\">\n\t\t\t\t<div class=\"elementor-widget-container\">\n\t\t\t\t\t<h4 class=\"elementor-heading-title elementor-size-default\">Requisitos de margem:<\/h4>\t\t\t\t<\/div>\n\t\t\t\t<\/div>\n\t\t\t\t<div class=\"elementor-element elementor-element-3c5b3c93 elementor-widget elementor-widget-text-editor\" data-id=\"3c5b3c93\" data-element_type=\"widget\" data-widget_type=\"text-editor.default\">\n\t\t\t\t<div class=\"elementor-widget-container\">\n\t\t\t\t\t\t\t\t\t<p>A margem \u00e9 o montante de capital necess\u00e1rio na sua conta para abrir uma posi\u00e7\u00e3o alavancada. Por exemplo, uma alavancagem de 1:100, o requisito de margem \u00e9 geralmente 1% do tamanho da posi\u00e7\u00e3o.<\/p>\n\t\t\t\t\t\t\t\t<\/div>\n\t\t\t\t<\/div>\n\t\t\t\t<div class=\"elementor-element elementor-element-3189004 elementor-widget elementor-widget-shortcode\" data-id=\"3189004\" data-element_type=\"widget\" data-widget_type=\"shortcode.default\">\n\t\t\t\t<div class=\"elementor-widget-container\">\n\t\t\t\t\t\t\t<div class=\"elementor-shortcode\">Oferecemos alavancagem at\u00e9  com requisitos de margem competitivos. Tire partido das nossas taxas de margem inicial mais baixas para colocar o seu capital a trabalhar de forma mais eficiente.<\/div>\n\t\t\t\t\t\t<\/div>\n\t\t\t\t<\/div>\n\t\t\t\t<div class=\"elementor-element elementor-element-4f8c7945 btn gold-btn elementor-widget elementor-widget-button\" data-id=\"4f8c7945\" data-element_type=\"widget\" data-widget_type=\"button.default\">\n\t\t\t\t<div class=\"elementor-widget-container\">\n\t\t\t\t\t\t\t\t\t<div class=\"elementor-button-wrapper\">\n\t\t\t\t\t<a class=\"elementor-button elementor-button-link elementor-size-sm\" href=\"https:\/\/eurotrader.eu\/pt-pt\/all-in-one-calculator\/\">\n\t\t\t\t\t\t<span class=\"elementor-button-content-wrapper\">\n\t\t\t\t\t\t\t\t\t<span class=\"elementor-button-text\">Calcular<\/span>\n\t\t\t\t\t<\/span>\n\t\t\t\t\t<\/a>\n\t\t\t\t<\/div>\n\t\t\t\t\t\t\t\t<\/div>\n\t\t\t\t<\/div>\n\t\t\t\t<\/div>\n\t\t<div class=\"elementor-element elementor-element-26a1ed12 box-with-shadow-column-1 e-con-full e-flex e-con e-child\" data-id=\"26a1ed12\" data-element_type=\"container\" data-settings=\"{&quot;background_background&quot;:&quot;classic&quot;}\">\n\t\t\t\t<div class=\"elementor-element elementor-element-7d68278b elementor-widget elementor-widget-heading\" data-id=\"7d68278b\" data-element_type=\"widget\" data-widget_type=\"heading.default\">\n\t\t\t\t<div class=\"elementor-widget-container\">\n\t\t\t\t\t<h4 class=\"elementor-heading-title elementor-size-default\">Com\u00e9rcio respons\u00e1vel:<\/h4>\t\t\t\t<\/div>\n\t\t\t\t<\/div>\n\t\t\t\t<div class=\"elementor-element elementor-element-c38d3b3 elementor-widget elementor-widget-text-editor\" data-id=\"c38d3b3\" data-element_type=\"widget\" data-widget_type=\"text-editor.default\">\n\t\t\t\t<div class=\"elementor-widget-container\">\n\t\t\t\t\t\t\t\t\t<p>Embora a alavancagem proporcione mais flexibilidade de negocia\u00e7\u00e3o, os riscos tamb\u00e9m aumentam. Monitore seu patrim\u00f4nio de perto e gerencie ativamente sua negocia\u00e7\u00e3o. Nunca arrisque mais capital do que pode perder.<\/p>\n\t\t\t\t\t\t\t\t<\/div>\n\t\t\t\t<\/div>\n\t\t\t\t<\/div>\n\t\t\t\t\t<\/div>\n\t\t\t\t<\/div>\n\t\t\t\t\t<\/div>\n\t\t\t\t<\/div>\n\t\t<div class=\"elementor-element elementor-element-51d671f1 e-flex e-con-boxed e-con e-parent\" data-id=\"51d671f1\" data-element_type=\"container\">\n\t\t\t\t\t<div class=\"e-con-inner\">\n\t\t<div class=\"elementor-element elementor-element-7bae4179 e-flex e-con-boxed e-con e-child\" data-id=\"7bae4179\" data-element_type=\"container\">\n\t\t\t\t\t<div class=\"e-con-inner\">\n\t\t<div class=\"elementor-element elementor-element-5d0f8496 box-with-shadow-column-1 contact-for-support e-flex e-con-boxed e-con e-child\" data-id=\"5d0f8496\" data-element_type=\"container\" data-settings=\"{&quot;background_background&quot;:&quot;classic&quot;}\">\n\t\t\t\t\t<div class=\"e-con-inner\">\n\t\t<div class=\"elementor-element elementor-element-640c6e9d e-flex e-con-boxed e-con e-child\" data-id=\"640c6e9d\" data-element_type=\"container\">\n\t\t\t\t\t<div class=\"e-con-inner\">\n\t\t\t\t<div class=\"elementor-element elementor-element-4df486df elementor-widget elementor-widget-text-editor\" data-id=\"4df486df\" data-element_type=\"widget\" data-widget_type=\"text-editor.default\">\n\t\t\t\t<div class=\"elementor-widget-container\">\n\t\t\t\t\t\t\t\t\t<p>D\u00favidas? <a href=\"#\"> Contacte a nossa equipa de apoio<\/a> se tiver alguma d\u00favida sobre a execu\u00e7\u00e3o de ordens, derrapagem ou as nossas plataformas de negocia\u00e7\u00e3o em geral.\u2028 Teremos todo o gosto em ajudar.<\/p>\n\t\t\t\t\t\t\t\t<\/div>\n\t\t\t\t<\/div>\n\t\t\t\t\t<\/div>\n\t\t\t\t<\/div>\n\t\t\t\t\t<\/div>\n\t\t\t\t<\/div>\n\t\t\t\t\t<\/div>\n\t\t\t\t<\/div>\n\t\t\t\t\t<\/div>\n\t\t\t\t<\/div>\n\t\t<div class=\"elementor-element elementor-element-8e4b2ec e-flex e-con-boxed e-con e-parent\" data-id=\"8e4b2ec\" data-element_type=\"container\">\n\t\t\t\t\t<div class=\"e-con-inner\">\n\t\t\t\t<div class=\"elementor-element elementor-element-92e555b elementor-widget elementor-widget-shortcode\" data-id=\"92e555b\" data-element_type=\"widget\" data-widget_type=\"shortcode.default\">\n\t\t\t\t<div class=\"elementor-widget-container\">\n\t\t\t\t\t\t\t<div class=\"elementor-shortcode\"><\/div>\n\t\t\t\t\t\t<\/div>\n\t\t\t\t<\/div>\n\t\t\t\t\t<\/div>\n\t\t\t\t<\/div>\n\t\t<div class=\"elementor-element elementor-element-76568bcb e-con-full e-flex e-con e-parent\" data-id=\"76568bcb\" data-element_type=\"container\" data-settings=\"{&quot;background_background&quot;:&quot;classic&quot;}\">\n\t\t\t\t<div class=\"elementor-element elementor-element-6760db67 elementor-widget elementor-widget-shortcode\" data-id=\"6760db67\" data-element_type=\"widget\" data-widget_type=\"shortcode.default\">\n\t\t\t\t<div class=\"elementor-widget-container\">\n\t\t\t\t\t\t\t<div class=\"elementor-shortcode\"><div class=\"trading-in-action flex-d container\"><div><h2 class=\"white-c mobile-text-center\">Pronto para experimentar a negocia\u00e7\u00e3o de baixo custo em a\u00e7\u00e3o?<\/h2><p class=\"white-c mobile-text-center\">Abra uma conta demo sem risco para praticar negocia\u00e7\u00e3o com alavancagem e margem.\nEm seguida, negocie nos mercados vivos com flexibilidade.<\/p><\/div><div class=\"flex-d\"><div class=\"gold-btn btn\"><a href=\"\" target=\"_blank\">Comece a negociar<\/a><\/div><\/div><\/div><\/div>\n\t\t\t\t\t\t<\/div>\n\t\t\t\t<\/div>\n\t\t\t\t<\/div>\n\t\t\t\t<\/div>\n\t\t","protected":false},"excerpt":{"rendered":"<p>Alavancagem e requisitos de margem Amplie os seus resultados de negocia\u00e7\u00e3o com alavancagem. A EuroTrader oferece alavancagem at\u00e9 e requisitos de margem competitivos. O que \u00e9 a alavancagem? A alavancagem permite-lhe abrir posi\u00e7\u00f5es muito maiores do que o saldo da sua conta normalmente permitiria, pedindo um empr\u00e9stimo ao seu corretor. Por exemplo, uma alavancagem de [&hellip;]<\/p>\n","protected":false},"author":14,"featured_media":0,"parent":0,"menu_order":0,"comment_status":"closed","ping_status":"closed","template":"","meta":{"_acf_changed":false,"footnotes":""},"class_list":["post-2205","page","type-page","status-publish","hentry"],"acf":[],"yoast_head":"<!-- This site is optimized with the Yoast SEO plugin v26.4 - https:\/\/yoast.com\/wordpress\/plugins\/seo\/ -->\n<title>Alavancagem e requisitos de margem - Eurotrader<\/title>\n<meta name=\"robots\" content=\"index, follow, max-snippet:-1, max-image-preview:large, max-video-preview:-1\" \/>\n<meta property=\"og:locale\" content=\"pt_PT\" \/>\n<meta property=\"og:type\" content=\"article\" \/>\n<meta property=\"og:title\" content=\"Alavancagem e requisitos de margem - Eurotrader\" \/>\n<meta property=\"og:description\" content=\"Alavancagem e requisitos de margem Amplie os seus resultados de negocia\u00e7\u00e3o com alavancagem. A EuroTrader oferece alavancagem at\u00e9 e requisitos de margem competitivos. O que \u00e9 a alavancagem? A alavancagem permite-lhe abrir posi\u00e7\u00f5es muito maiores do que o saldo da sua conta normalmente permitiria, pedindo um empr\u00e9stimo ao seu corretor. Por exemplo, uma alavancagem de [&hellip;]\" \/>\n<meta property=\"og:url\" content=\"https:\/\/eurotrader.eu\/leverage-and-margin-requirements\/\" \/>\n<meta property=\"og:site_name\" content=\"Eurotrader\" \/>\n<meta property=\"article:modified_time\" content=\"2024-09-02T09:13:49+00:00\" \/>\n<meta property=\"og:image\" content=\"https:\/\/eurotrader.eu\/wp-content\/uploads\/Leverage-1.png\" \/>\n<meta name=\"twitter:card\" content=\"summary_large_image\" \/>\n<meta name=\"twitter:label1\" content=\"Tempo estimado de leitura\" \/>\n\t<meta name=\"twitter:data1\" content=\"1 minuto\" \/>\n<script type=\"application\/ld+json\" class=\"yoast-schema-graph\">{\"@context\":\"https:\/\/schema.org\",\"@graph\":[{\"@type\":\"WebPage\",\"@id\":\"https:\/\/eurotrader.eu\/leverage-and-margin-requirements\/\",\"url\":\"https:\/\/eurotrader.eu\/leverage-and-margin-requirements\/\",\"name\":\"Alavancagem e requisitos de margem - Eurotrader\",\"isPartOf\":{\"@id\":\"https:\/\/sienna-spider-789091.hostingersite.com\/#website\"},\"primaryImageOfPage\":{\"@id\":\"https:\/\/eurotrader.eu\/leverage-and-margin-requirements\/#primaryimage\"},\"image\":{\"@id\":\"https:\/\/eurotrader.eu\/leverage-and-margin-requirements\/#primaryimage\"},\"thumbnailUrl\":\"https:\/\/eurotrader.eu\/wp-content\/uploads\/Leverage-1.png\",\"datePublished\":\"2023-11-14T19:36:45+00:00\",\"dateModified\":\"2024-09-02T09:13:49+00:00\",\"breadcrumb\":{\"@id\":\"https:\/\/eurotrader.eu\/leverage-and-margin-requirements\/#breadcrumb\"},\"inLanguage\":\"pt-PT\",\"potentialAction\":[{\"@type\":\"ReadAction\",\"target\":[\"https:\/\/eurotrader.eu\/leverage-and-margin-requirements\/\"]}]},{\"@type\":\"ImageObject\",\"inLanguage\":\"pt-PT\",\"@id\":\"https:\/\/eurotrader.eu\/leverage-and-margin-requirements\/#primaryimage\",\"url\":\"https:\/\/eurotrader.eu\/wp-content\/uploads\/Leverage-1.png\",\"contentUrl\":\"https:\/\/eurotrader.eu\/wp-content\/uploads\/Leverage-1.png\"},{\"@type\":\"BreadcrumbList\",\"@id\":\"https:\/\/eurotrader.eu\/leverage-and-margin-requirements\/#breadcrumb\",\"itemListElement\":[{\"@type\":\"ListItem\",\"position\":1,\"name\":\"Home\",\"item\":\"https:\/\/eurotrader.eu\/pt-pt\/\"},{\"@type\":\"ListItem\",\"position\":2,\"name\":\"Alavancagem e requisitos de margem\"}]},{\"@type\":\"WebSite\",\"@id\":\"https:\/\/sienna-spider-789091.hostingersite.com\/#website\",\"url\":\"https:\/\/sienna-spider-789091.hostingersite.com\/\",\"name\":\"Eurotrader\",\"description\":\"\",\"publisher\":{\"@id\":\"https:\/\/sienna-spider-789091.hostingersite.com\/#organization\"},\"potentialAction\":[{\"@type\":\"SearchAction\",\"target\":{\"@type\":\"EntryPoint\",\"urlTemplate\":\"https:\/\/sienna-spider-789091.hostingersite.com\/?s={search_term_string}\"},\"query-input\":{\"@type\":\"PropertyValueSpecification\",\"valueRequired\":true,\"valueName\":\"search_term_string\"}}],\"inLanguage\":\"pt-PT\"},{\"@type\":\"Organization\",\"@id\":\"https:\/\/sienna-spider-789091.hostingersite.com\/#organization\",\"name\":\"Eurotrader\",\"url\":\"https:\/\/sienna-spider-789091.hostingersite.com\/\",\"logo\":{\"@type\":\"ImageObject\",\"inLanguage\":\"pt-PT\",\"@id\":\"https:\/\/sienna-spider-789091.hostingersite.com\/#\/schema\/logo\/image\/\",\"url\":\"https:\/\/eurotrader.eu\/wp-content\/uploads\/header-logo.svg\",\"contentUrl\":\"https:\/\/eurotrader.eu\/wp-content\/uploads\/header-logo.svg\",\"width\":184,\"height\":28,\"caption\":\"Eurotrader\"},\"image\":{\"@id\":\"https:\/\/sienna-spider-789091.hostingersite.com\/#\/schema\/logo\/image\/\"}}]}<\/script>\n<!-- \/ Yoast SEO plugin. -->","yoast_head_json":{"title":"Alavancagem e requisitos de margem - Eurotrader","robots":{"index":"index","follow":"follow","max-snippet":"max-snippet:-1","max-image-preview":"max-image-preview:large","max-video-preview":"max-video-preview:-1"},"og_locale":"pt_PT","og_type":"article","og_title":"Alavancagem e requisitos de margem - Eurotrader","og_description":"Alavancagem e requisitos de margem Amplie os seus resultados de negocia\u00e7\u00e3o com alavancagem. A EuroTrader oferece alavancagem at\u00e9 e requisitos de margem competitivos. O que \u00e9 a alavancagem? A alavancagem permite-lhe abrir posi\u00e7\u00f5es muito maiores do que o saldo da sua conta normalmente permitiria, pedindo um empr\u00e9stimo ao seu corretor. Por exemplo, uma alavancagem de [&hellip;]","og_url":"https:\/\/eurotrader.eu\/leverage-and-margin-requirements\/","og_site_name":"Eurotrader","article_modified_time":"2024-09-02T09:13:49+00:00","og_image":[{"url":"https:\/\/eurotrader.eu\/wp-content\/uploads\/Leverage-1.png","type":"","width":"","height":""}],"twitter_card":"summary_large_image","twitter_misc":{"Tempo estimado de leitura":"1 minuto"},"schema":{"@context":"https:\/\/schema.org","@graph":[{"@type":"WebPage","@id":"https:\/\/eurotrader.eu\/leverage-and-margin-requirements\/","url":"https:\/\/eurotrader.eu\/leverage-and-margin-requirements\/","name":"Alavancagem e requisitos de margem - Eurotrader","isPartOf":{"@id":"https:\/\/sienna-spider-789091.hostingersite.com\/#website"},"primaryImageOfPage":{"@id":"https:\/\/eurotrader.eu\/leverage-and-margin-requirements\/#primaryimage"},"image":{"@id":"https:\/\/eurotrader.eu\/leverage-and-margin-requirements\/#primaryimage"},"thumbnailUrl":"https:\/\/eurotrader.eu\/wp-content\/uploads\/Leverage-1.png","datePublished":"2023-11-14T19:36:45+00:00","dateModified":"2024-09-02T09:13:49+00:00","breadcrumb":{"@id":"https:\/\/eurotrader.eu\/leverage-and-margin-requirements\/#breadcrumb"},"inLanguage":"pt-PT","potentialAction":[{"@type":"ReadAction","target":["https:\/\/eurotrader.eu\/leverage-and-margin-requirements\/"]}]},{"@type":"ImageObject","inLanguage":"pt-PT","@id":"https:\/\/eurotrader.eu\/leverage-and-margin-requirements\/#primaryimage","url":"https:\/\/eurotrader.eu\/wp-content\/uploads\/Leverage-1.png","contentUrl":"https:\/\/eurotrader.eu\/wp-content\/uploads\/Leverage-1.png"},{"@type":"BreadcrumbList","@id":"https:\/\/eurotrader.eu\/leverage-and-margin-requirements\/#breadcrumb","itemListElement":[{"@type":"ListItem","position":1,"name":"Home","item":"https:\/\/eurotrader.eu\/pt-pt\/"},{"@type":"ListItem","position":2,"name":"Alavancagem e requisitos de margem"}]},{"@type":"WebSite","@id":"https:\/\/sienna-spider-789091.hostingersite.com\/#website","url":"https:\/\/sienna-spider-789091.hostingersite.com\/","name":"Eurotrader","description":"","publisher":{"@id":"https:\/\/sienna-spider-789091.hostingersite.com\/#organization"},"potentialAction":[{"@type":"SearchAction","target":{"@type":"EntryPoint","urlTemplate":"https:\/\/sienna-spider-789091.hostingersite.com\/?s={search_term_string}"},"query-input":{"@type":"PropertyValueSpecification","valueRequired":true,"valueName":"search_term_string"}}],"inLanguage":"pt-PT"},{"@type":"Organization","@id":"https:\/\/sienna-spider-789091.hostingersite.com\/#organization","name":"Eurotrader","url":"https:\/\/sienna-spider-789091.hostingersite.com\/","logo":{"@type":"ImageObject","inLanguage":"pt-PT","@id":"https:\/\/sienna-spider-789091.hostingersite.com\/#\/schema\/logo\/image\/","url":"https:\/\/eurotrader.eu\/wp-content\/uploads\/header-logo.svg","contentUrl":"https:\/\/eurotrader.eu\/wp-content\/uploads\/header-logo.svg","width":184,"height":28,"caption":"Eurotrader"},"image":{"@id":"https:\/\/sienna-spider-789091.hostingersite.com\/#\/schema\/logo\/image\/"}}]}},"_hostinger_reach_plugin_has_subscription_block":false,"_hostinger_reach_plugin_is_elementor":false,"_links":{"self":[{"href":"https:\/\/eurotrader.eu\/pt-pt\/wp-json\/wp\/v2\/pages\/2205","targetHints":{"allow":["GET"]}}],"collection":[{"href":"https:\/\/eurotrader.eu\/pt-pt\/wp-json\/wp\/v2\/pages"}],"about":[{"href":"https:\/\/eurotrader.eu\/pt-pt\/wp-json\/wp\/v2\/types\/page"}],"author":[{"embeddable":true,"href":"https:\/\/eurotrader.eu\/pt-pt\/wp-json\/wp\/v2\/users\/14"}],"replies":[{"embeddable":true,"href":"https:\/\/eurotrader.eu\/pt-pt\/wp-json\/wp\/v2\/comments?post=2205"}],"version-history":[{"count":7,"href":"https:\/\/eurotrader.eu\/pt-pt\/wp-json\/wp\/v2\/pages\/2205\/revisions"}],"predecessor-version":[{"id":5453,"href":"https:\/\/eurotrader.eu\/pt-pt\/wp-json\/wp\/v2\/pages\/2205\/revisions\/5453"}],"wp:attachment":[{"href":"https:\/\/eurotrader.eu\/pt-pt\/wp-json\/wp\/v2\/media?parent=2205"}],"curies":[{"name":"wp","href":"https:\/\/api.w.org\/{rel}","templated":true}]}}