{"id":5133,"date":"2024-02-09T12:38:51","date_gmt":"2024-02-09T12:38:51","guid":{"rendered":"https:\/\/www.eurotrader.eu\/market-holidays\/"},"modified":"2024-04-05T08:43:06","modified_gmt":"2024-04-05T07:43:06","slug":"market-holidays","status":"publish","type":"page","link":"https:\/\/eurotrader.eu\/pt-pt\/market-holidays\/","title":{"rendered":"F\u00e9rias No Mercado"},"content":{"rendered":"\t\t<div data-elementor-type=\"wp-page\" data-elementor-id=\"5133\" class=\"elementor elementor-5133 elementor-4552\" data-elementor-post-type=\"page\">\n\t\t\t\t<div class=\"elementor-element elementor-element-43e4a42 e-flex e-con-boxed e-con e-parent\" data-id=\"43e4a42\" data-element_type=\"container\">\n\t\t\t\t\t<div class=\"e-con-inner\">\n\t\t\t\t<div class=\"elementor-element elementor-element-63c37c0 elementor-widget elementor-widget-heading\" data-id=\"63c37c0\" data-element_type=\"widget\" data-widget_type=\"heading.default\">\n\t\t\t\t<div class=\"elementor-widget-container\">\n\t\t\t\t\t<h1 class=\"elementor-heading-title elementor-size-default\">F\u00e9rias No Mercado<\/h1>\t\t\t\t<\/div>\n\t\t\t\t<\/div>\n\t\t\t\t<div class=\"elementor-element elementor-element-2319f40 medium-width-content  center-content  elementor-widget elementor-widget-text-editor\" data-id=\"2319f40\" data-element_type=\"widget\" data-widget_type=\"text-editor.default\">\n\t\t\t\t<div class=\"elementor-widget-container\">\n\t\t\t\t\t\t\t\t\tAs f\u00e9rias de mercado desempenham um papel fundamental na influ\u00eancia do calend\u00e1rio de negocia\u00e7\u00e3o e da volatilidade do mercado.\r\n\r\nExplore o nosso calend\u00e1rio abrangente das pr\u00f3ximas f\u00e9rias no mercado de c\u00e2mbio para garantir que se mant\u00e9m bem informado sobre todas as altera\u00e7\u00f5es \u00e0 agenda de negocia\u00e7\u00e3o. Mantenha-se \u00e0 frente com nosso cronograma atualizado e planeje suas atividades de negocia\u00e7\u00e3o com precis\u00e3o.\t\t\t\t\t\t\t\t<\/div>\n\t\t\t\t<\/div>\n\t\t\t\t\t<\/div>\n\t\t\t\t<\/div>\n\t\t\t\t<\/div>\n\t\t","protected":false},"excerpt":{"rendered":"<p>F\u00e9rias No Mercado As f\u00e9rias de mercado desempenham um papel fundamental na influ\u00eancia do calend\u00e1rio de negocia\u00e7\u00e3o e da volatilidade do mercado. Explore o nosso calend\u00e1rio abrangente das pr\u00f3ximas f\u00e9rias no mercado de c\u00e2mbio para garantir que se mant\u00e9m bem informado sobre todas as altera\u00e7\u00f5es \u00e0 agenda de negocia\u00e7\u00e3o. Mantenha-se \u00e0 frente com nosso cronograma [&hellip;]<\/p>\n","protected":false},"author":14,"featured_media":0,"parent":0,"menu_order":0,"comment_status":"closed","ping_status":"closed","template":"market-holidays-page.php","meta":{"_acf_changed":false,"footnotes":""},"class_list":["post-5133","page","type-page","status-publish","hentry"],"acf":[],"yoast_head":"<!-- This site is optimized with the Yoast SEO plugin v26.4 - https:\/\/yoast.com\/wordpress\/plugins\/seo\/ -->\n<title>F\u00e9rias No Mercado - Eurotrader<\/title>\n<meta name=\"robots\" content=\"index, follow, max-snippet:-1, max-image-preview:large, max-video-preview:-1\" \/>\n<meta property=\"og:locale\" content=\"pt_PT\" \/>\n<meta property=\"og:type\" content=\"article\" \/>\n<meta property=\"og:title\" content=\"F\u00e9rias No Mercado - Eurotrader\" \/>\n<meta property=\"og:description\" content=\"F\u00e9rias No Mercado As f\u00e9rias de mercado desempenham um papel fundamental na influ\u00eancia do calend\u00e1rio de negocia\u00e7\u00e3o e da volatilidade do mercado. Explore o nosso calend\u00e1rio abrangente das pr\u00f3ximas f\u00e9rias no mercado de c\u00e2mbio para garantir que se mant\u00e9m bem informado sobre todas as altera\u00e7\u00f5es \u00e0 agenda de negocia\u00e7\u00e3o. Mantenha-se \u00e0 frente com nosso cronograma [&hellip;]\" \/>\n<meta property=\"og:url\" content=\"https:\/\/eurotrader.eu\/market-holidays\/\" \/>\n<meta property=\"og:site_name\" content=\"Eurotrader\" \/>\n<meta property=\"article:modified_time\" content=\"2024-04-05T07:43:06+00:00\" \/>\n<meta name=\"twitter:card\" content=\"summary_large_image\" \/>\n<script type=\"application\/ld+json\" class=\"yoast-schema-graph\">{\"@context\":\"https:\/\/schema.org\",\"@graph\":[{\"@type\":\"WebPage\",\"@id\":\"https:\/\/eurotrader.eu\/market-holidays\/\",\"url\":\"https:\/\/eurotrader.eu\/market-holidays\/\",\"name\":\"F\u00e9rias No Mercado - Eurotrader\",\"isPartOf\":{\"@id\":\"https:\/\/sienna-spider-789091.hostingersite.com\/#website\"},\"datePublished\":\"2024-02-09T12:38:51+00:00\",\"dateModified\":\"2024-04-05T07:43:06+00:00\",\"breadcrumb\":{\"@id\":\"https:\/\/eurotrader.eu\/market-holidays\/#breadcrumb\"},\"inLanguage\":\"pt-PT\",\"potentialAction\":[{\"@type\":\"ReadAction\",\"target\":[\"https:\/\/eurotrader.eu\/market-holidays\/\"]}]},{\"@type\":\"BreadcrumbList\",\"@id\":\"https:\/\/eurotrader.eu\/market-holidays\/#breadcrumb\",\"itemListElement\":[{\"@type\":\"ListItem\",\"position\":1,\"name\":\"Home\",\"item\":\"https:\/\/eurotrader.eu\/pt-pt\/\"},{\"@type\":\"ListItem\",\"position\":2,\"name\":\"F\u00e9rias No Mercado\"}]},{\"@type\":\"WebSite\",\"@id\":\"https:\/\/sienna-spider-789091.hostingersite.com\/#website\",\"url\":\"https:\/\/sienna-spider-789091.hostingersite.com\/\",\"name\":\"Eurotrader\",\"description\":\"\",\"publisher\":{\"@id\":\"https:\/\/sienna-spider-789091.hostingersite.com\/#organization\"},\"potentialAction\":[{\"@type\":\"SearchAction\",\"target\":{\"@type\":\"EntryPoint\",\"urlTemplate\":\"https:\/\/sienna-spider-789091.hostingersite.com\/?s={search_term_string}\"},\"query-input\":{\"@type\":\"PropertyValueSpecification\",\"valueRequired\":true,\"valueName\":\"search_term_string\"}}],\"inLanguage\":\"pt-PT\"},{\"@type\":\"Organization\",\"@id\":\"https:\/\/sienna-spider-789091.hostingersite.com\/#organization\",\"name\":\"Eurotrader\",\"url\":\"https:\/\/sienna-spider-789091.hostingersite.com\/\",\"logo\":{\"@type\":\"ImageObject\",\"inLanguage\":\"pt-PT\",\"@id\":\"https:\/\/sienna-spider-789091.hostingersite.com\/#\/schema\/logo\/image\/\",\"url\":\"https:\/\/eurotrader.eu\/wp-content\/uploads\/header-logo.svg\",\"contentUrl\":\"https:\/\/eurotrader.eu\/wp-content\/uploads\/header-logo.svg\",\"width\":184,\"height\":28,\"caption\":\"Eurotrader\"},\"image\":{\"@id\":\"https:\/\/sienna-spider-789091.hostingersite.com\/#\/schema\/logo\/image\/\"}}]}<\/script>\n<!-- \/ Yoast SEO plugin. -->","yoast_head_json":{"title":"F\u00e9rias No Mercado - Eurotrader","robots":{"index":"index","follow":"follow","max-snippet":"max-snippet:-1","max-image-preview":"max-image-preview:large","max-video-preview":"max-video-preview:-1"},"og_locale":"pt_PT","og_type":"article","og_title":"F\u00e9rias No Mercado - Eurotrader","og_description":"F\u00e9rias No Mercado As f\u00e9rias de mercado desempenham um papel fundamental na influ\u00eancia do calend\u00e1rio de negocia\u00e7\u00e3o e da volatilidade do mercado. Explore o nosso calend\u00e1rio abrangente das pr\u00f3ximas f\u00e9rias no mercado de c\u00e2mbio para garantir que se mant\u00e9m bem informado sobre todas as altera\u00e7\u00f5es \u00e0 agenda de negocia\u00e7\u00e3o. Mantenha-se \u00e0 frente com nosso cronograma [&hellip;]","og_url":"https:\/\/eurotrader.eu\/market-holidays\/","og_site_name":"Eurotrader","article_modified_time":"2024-04-05T07:43:06+00:00","twitter_card":"summary_large_image","schema":{"@context":"https:\/\/schema.org","@graph":[{"@type":"WebPage","@id":"https:\/\/eurotrader.eu\/market-holidays\/","url":"https:\/\/eurotrader.eu\/market-holidays\/","name":"F\u00e9rias No Mercado - Eurotrader","isPartOf":{"@id":"https:\/\/sienna-spider-789091.hostingersite.com\/#website"},"datePublished":"2024-02-09T12:38:51+00:00","dateModified":"2024-04-05T07:43:06+00:00","breadcrumb":{"@id":"https:\/\/eurotrader.eu\/market-holidays\/#breadcrumb"},"inLanguage":"pt-PT","potentialAction":[{"@type":"ReadAction","target":["https:\/\/eurotrader.eu\/market-holidays\/"]}]},{"@type":"BreadcrumbList","@id":"https:\/\/eurotrader.eu\/market-holidays\/#breadcrumb","itemListElement":[{"@type":"ListItem","position":1,"name":"Home","item":"https:\/\/eurotrader.eu\/pt-pt\/"},{"@type":"ListItem","position":2,"name":"F\u00e9rias No Mercado"}]},{"@type":"WebSite","@id":"https:\/\/sienna-spider-789091.hostingersite.com\/#website","url":"https:\/\/sienna-spider-789091.hostingersite.com\/","name":"Eurotrader","description":"","publisher":{"@id":"https:\/\/sienna-spider-789091.hostingersite.com\/#organization"},"potentialAction":[{"@type":"SearchAction","target":{"@type":"EntryPoint","urlTemplate":"https:\/\/sienna-spider-789091.hostingersite.com\/?s={search_term_string}"},"query-input":{"@type":"PropertyValueSpecification","valueRequired":true,"valueName":"search_term_string"}}],"inLanguage":"pt-PT"},{"@type":"Organization","@id":"https:\/\/sienna-spider-789091.hostingersite.com\/#organization","name":"Eurotrader","url":"https:\/\/sienna-spider-789091.hostingersite.com\/","logo":{"@type":"ImageObject","inLanguage":"pt-PT","@id":"https:\/\/sienna-spider-789091.hostingersite.com\/#\/schema\/logo\/image\/","url":"https:\/\/eurotrader.eu\/wp-content\/uploads\/header-logo.svg","contentUrl":"https:\/\/eurotrader.eu\/wp-content\/uploads\/header-logo.svg","width":184,"height":28,"caption":"Eurotrader"},"image":{"@id":"https:\/\/sienna-spider-789091.hostingersite.com\/#\/schema\/logo\/image\/"}}]}},"_hostinger_reach_plugin_has_subscription_block":false,"_hostinger_reach_plugin_is_elementor":false,"_links":{"self":[{"href":"https:\/\/eurotrader.eu\/pt-pt\/wp-json\/wp\/v2\/pages\/5133","targetHints":{"allow":["GET"]}}],"collection":[{"href":"https:\/\/eurotrader.eu\/pt-pt\/wp-json\/wp\/v2\/pages"}],"about":[{"href":"https:\/\/eurotrader.eu\/pt-pt\/wp-json\/wp\/v2\/types\/page"}],"author":[{"embeddable":true,"href":"https:\/\/eurotrader.eu\/pt-pt\/wp-json\/wp\/v2\/users\/14"}],"replies":[{"embeddable":true,"href":"https:\/\/eurotrader.eu\/pt-pt\/wp-json\/wp\/v2\/comments?post=5133"}],"version-history":[{"count":1,"href":"https:\/\/eurotrader.eu\/pt-pt\/wp-json\/wp\/v2\/pages\/5133\/revisions"}],"predecessor-version":[{"id":5134,"href":"https:\/\/eurotrader.eu\/pt-pt\/wp-json\/wp\/v2\/pages\/5133\/revisions\/5134"}],"wp:attachment":[{"href":"https:\/\/eurotrader.eu\/pt-pt\/wp-json\/wp\/v2\/media?parent=5133"}],"curies":[{"name":"wp","href":"https:\/\/api.w.org\/{rel}","templated":true}]}}